{"id":557,"date":"2023-05-10T07:45:39","date_gmt":"2023-05-10T07:45:39","guid":{"rendered":"https:\/\/www.bt-uitzendbureau.nl\/?page_id=557"},"modified":"2023-05-10T07:46:04","modified_gmt":"2023-05-10T07:46:04","slug":"wyslany-formularz","status":"publish","type":"page","link":"https:\/\/www.bt-uitzendbureau.nl\/pl\/formulier-verzonden\/","title":{"rendered":"Formularz wys\u0142any"},"content":{"rendered":"<div id='av_section_1'  class='avia-section av-2dd3m-a6944c91c9e204b05dbf29399fb6d8a4 main_color avia-section-default avia-no-border-styling  avia-builder-el-0  el_before_av_section  avia-builder-el-first  avia-bg-style-scroll container_wrap fullsize'  ><div class='container av-section-cont-open' ><main  role=\"main\" itemprop=\"mainContentOfPage\"  class='template-page content  av-content-full alpha units'><div class='post-entry post-entry-type-page post-entry-557'><div class='entry-content-wrapper clearfix'>\n<div class='flex_column av-14qb6-10917cd4bd81c511b76dd4328b7cf0d9 av_three_fifth  avia-builder-el-1  el_before_av_two_fifth  avia-builder-el-first  first flex_column_div'     ><p>\n<style type=\"text\/css\" data-created_by=\"avia_inline_auto\" id=\"style-css-av-lhhecdno-234cccc0ca9b4352c403d69141a08383\">\n#top .hr.hr-invisible.av-lhhecdno-234cccc0ca9b4352c403d69141a08383{\nheight:40px;\n}\n<\/style>\n<div  class='hr av-lhhecdno-234cccc0ca9b4352c403d69141a08383 hr-invisible  avia-builder-el-2  el_before_av_textblock  avia-builder-el-first'><span class='hr-inner'><span class=\"hr-inner-style\"><\/span><\/span><\/div><br \/>\n<section  class='av_textblock_section av-lg6k681c-886101d60902ace7dcd01c72cff3b093'  itemscope=\"itemscope\" itemtype=\"https:\/\/schema.org\/CreativeWork\" ><div class='avia_textblock'  itemprop=\"text\" ><h2>Formularz zosta\u0142 wys\u0142any<\/h2>\n<p>Otrzymali\u015bmy Twoj\u0105 wiadomo\u015b\u0107 i wkr\u00f3tce si\u0119 z Tob\u0105 skontaktujemy.<\/p>\n<\/div><\/section><\/p><\/div><div class='flex_column av-1dnu6-c6f0ae19caa9323eebaae78ba7e41624 av_two_fifth  avia-builder-el-4  el_after_av_three_fifth  avia-builder-el-last  flex_column_div'     ><section  class='av_textblock_section av-lg6jvglt-88c8577e92e9580f2865c9ae61af0192'  itemscope=\"itemscope\" itemtype=\"https:\/\/schema.org\/CreativeWork\" ><div class='avia_textblock direct-contact'  itemprop=\"text\" ><h3><img loading=\"lazy\" decoding=\"async\" class=\"alignnone wp-image-144\" src=\"https:\/\/www.bt-uitzendbureau.nl\/wp-content\/uploads\/2023\/04\/Team-contact.png\" alt=\"\" width=\"342\" height=\"110\" srcset=\"https:\/\/www.bt-uitzendbureau.nl\/wp-content\/uploads\/2023\/04\/Team-contact.png 708w, https:\/\/www.bt-uitzendbureau.nl\/wp-content\/uploads\/2023\/04\/Team-contact-300x97.png 300w, https:\/\/www.bt-uitzendbureau.nl\/wp-content\/uploads\/2023\/04\/Team-contact-705x227.png 705w\" sizes=\"auto, (max-width: 342px) 100vw, 342px\" \/><\/h3>\n<h3>Chcesz porozmawia\u0107 z kim\u015b bezpo\u015brednio?<\/h3>\n<p>Chcesz dowiedzie\u0107 si\u0119 wi\u0119cej o wakacie lub us\u0142ugach BT? Ch\u0119tnie si\u0119 z Tob\u0105 skontaktujemy!<\/p>\n<p><a class=\"tel\" href=\"tel:045-2031220\">045-2031220<\/a><br \/>\n<a class=\"email\" href=\"mailto:info@www.bt-uitzendbureau.nl\">info@www.bt-uitzendbureau.nl<\/a><\/p>\n<\/div><\/section><\/div><\/div><\/div><\/main><!-- close content main element --><\/div><\/div><div id='av_section_2'  class='avia-section av-2gz6y-06f672de6b1401b07473de57ef9e1dfb main_color avia-section-large avia-no-border-styling  avia-builder-el-6  el_after_av_section  avia-builder-el-last  avia-bg-style-scroll container_wrap fullsize'  ><div class='container av-section-cont-open' ><div class='template-page content  av-content-full alpha units'><div class='post-entry post-entry-type-page post-entry-557'><div class='entry-content-wrapper clearfix'>\n<div class='flex_column av-1yuna-bc65f7feaebdc4b82457eaaf0e251fb2 av_one_full  avia-builder-el-7  avia-builder-el-no-sibling  first flex_column_div'     ><section  class='av_textblock_section av-1o4dq-d17feaaa62eff7026a20ae857052e7d8'  itemscope=\"itemscope\" itemtype=\"https:\/\/schema.org\/CreativeWork\" ><div class='avia_textblock'  itemprop=\"text\" ><h2 style=\"text-align: center;\">Wakaty bez do\u015bwiadczenia<\/h2>\n<\/div><\/section><br \/>\n\n<style type=\"text\/css\" data-created_by=\"avia_inline_auto\" id=\"style-css-av-lgm3epnx-28d0b45324bfa65b004334830811104b\">\n#top .hr.hr-invisible.av-lgm3epnx-28d0b45324bfa65b004334830811104b{\nheight:35px;\n}\n<\/style>\n<div  class='hr av-lgm3epnx-28d0b45324bfa65b004334830811104b hr-invisible  avia-builder-el-9  el_after_av_textblock  el_before_av_codeblock'><span class='hr-inner'><span class=\"hr-inner-style\"><\/span><\/span><\/div><br \/>\n<br \/>\n<div  class='avia-button-wrap av-p346-6be3e74a98db57813dc4553de912e842-wrap avia-button-center  avia-builder-el-11  el_after_av_codeblock  avia-builder-el-last'><a href='\/pl\/wakaty-2\/'  class='avia-button av-p346-6be3e74a98db57813dc4553de912e842 avia-icon_select-no avia-size-small avia-position-center avia-color-theme-color-subtle'  ><span class='avia_iconbox_title' >Zobacz wszystkie oferty pracy<\/span><\/a><\/div><\/p><\/div>\n<\/p>","protected":false},"excerpt":{"rendered":"","protected":false},"author":1,"featured_media":0,"parent":0,"menu_order":0,"comment_status":"closed","ping_status":"closed","template":"","meta":{"_acf_changed":false,"_monsterinsights_skip_tracking":false,"_monsterinsights_sitenote_active":false,"_monsterinsights_sitenote_note":"","_monsterinsights_sitenote_category":0,"footnotes":""},"class_list":["post-557","page","type-page","status-publish","hentry"],"acf":[],"_links":{"self":[{"href":"https:\/\/www.bt-uitzendbureau.nl\/pl\/wp-json\/wp\/v2\/pages\/557","targetHints":{"allow":["GET"]}}],"collection":[{"href":"https:\/\/www.bt-uitzendbureau.nl\/pl\/wp-json\/wp\/v2\/pages"}],"about":[{"href":"https:\/\/www.bt-uitzendbureau.nl\/pl\/wp-json\/wp\/v2\/types\/page"}],"author":[{"embeddable":true,"href":"https:\/\/www.bt-uitzendbureau.nl\/pl\/wp-json\/wp\/v2\/users\/1"}],"replies":[{"embeddable":true,"href":"https:\/\/www.bt-uitzendbureau.nl\/pl\/wp-json\/wp\/v2\/comments?post=557"}],"version-history":[{"count":3,"href":"https:\/\/www.bt-uitzendbureau.nl\/pl\/wp-json\/wp\/v2\/pages\/557\/revisions"}],"predecessor-version":[{"id":559,"href":"https:\/\/www.bt-uitzendbureau.nl\/pl\/wp-json\/wp\/v2\/pages\/557\/revisions\/559"}],"wp:attachment":[{"href":"https:\/\/www.bt-uitzendbureau.nl\/pl\/wp-json\/wp\/v2\/media?parent=557"}],"curies":[{"name":"wp","href":"https:\/\/api.w.org\/{rel}","templated":true}]}}