{"id":36,"date":"2023-04-06T15:00:29","date_gmt":"2023-04-06T15:00:29","guid":{"rendered":"https:\/\/bt-uitzendbureau.nl\/nieuw\/?page_id=36"},"modified":"2024-02-22T13:04:31","modified_gmt":"2024-02-22T13:04:31","slug":"biezacy","status":"publish","type":"page","link":"https:\/\/www.bt-uitzendbureau.nl\/pl\/actueel\/","title":{"rendered":"Aktualne"},"content":{"rendered":"<div id='av_section_1'  class='avia-section av-2q3a0-87b85f87d821bd8e82a2ee11cd0f7f43 main_color avia-section-large avia-no-border-styling  avia-builder-el-0  el_before_av_one_half  avia-builder-el-first  blog avia-bg-style-scroll container_wrap fullsize'  ><div class='container av-section-cont-open' ><main  role=\"main\" itemprop=\"mainContentOfPage\"  class='template-page content  av-content-full alpha units'><div class='post-entry post-entry-type-page post-entry-36'><div class='entry-content-wrapper clearfix'>\n<div class='flex_column av-1xnfo-f0d3539cc9c649427c9132ebfda5ca9d av_one_full  avia-builder-el-1  avia-builder-el-no-sibling  first flex_column_div'     ><section  class='av_textblock_section av-1qqo4-3f2f61cd5094798d80a894a21aa5ee7a'  itemscope=\"itemscope\" itemtype=\"https:\/\/schema.org\/CreativeWork\" ><div class='avia_textblock'  itemprop=\"text\" ><h2 style=\"text-align: center;\">Sprawy bie\u017c\u0105ce<\/h2>\n<\/div><\/section><br \/>\n\n<style type=\"text\/css\" data-created_by=\"avia_inline_auto\" id=\"style-css-av-uejs-6ed1c8726b8716b909186e0f3d125d97\">\n#top .hr.hr-invisible.av-uejs-6ed1c8726b8716b909186e0f3d125d97{\nheight:15px;\n}\n<\/style>\n<div  class='hr av-uejs-6ed1c8726b8716b909186e0f3d125d97 hr-invisible  avia-builder-el-3  el_after_av_textblock  avia-builder-el-last'><span class='hr-inner'><span class=\"hr-inner-style\"><\/span><\/span><\/div><\/p><\/div><\/div><\/div><\/main><!-- close content main element --><\/div><\/div><div id='after_section_1'  class='main_color av_default_container_wrap container_wrap fullsize'  ><div class='container av-section-cont-open' ><div class='template-page content  av-content-full alpha units'><div class='post-entry post-entry-type-page post-entry-36'><div class='entry-content-wrapper clearfix'><div class='flex_column av-av_one_half-7714eba142aeda1f8b5272a3c372b279 av_one_half  avia-builder-el-4  el_after_av_section  el_before_av_one_half  avia-builder-el-first  first flex_column_div'     ><section  class='av_textblock_section av-lsx8hkks-8232baef3edb4495867ecf7efc700657'  itemscope=\"itemscope\" itemtype=\"https:\/\/schema.org\/CreativeWork\" ><div class='avia_textblock'  itemprop=\"text\" ><p>Nazywam si\u0119 Sander Baltus i mam przyjemno\u015b\u0107 przedstawi\u0107 si\u0119 jako dedykowany opiekun klienta w BT Uitzendbureau, gdzie pracuj\u0119 od czterech miesi\u0119cy.<br \/>\nDzi\u0119ki do\u015bwiadczeniu w bran\u017cy instalacyjnej mam bogate do\u015bwiadczenie praktyczne. Moj\u0105 pasj\u0105 jest \u0142\u0105czenie talent\u00f3w i mo\u017cliwo\u015bci, a moim celem jest pomaganie ludziom z bran\u017cy budowlanej i in\u017cynieryjnej w znalezieniu idealnej pracy.<br \/>\nDzi\u0119ki mojej wiedzy bran\u017cowej i osobistemu zaanga\u017cowaniu w sukces naszych klient\u00f3w, jestem tutaj, aby wspiera\u0107 Ci\u0119 na ka\u017cdym etapie procesu rekrutacji.<br \/>\nJe\u015bli szukasz nowego wyzwania w bran\u017cy budowlanej lub in\u017cynieryjnej, skontaktuj si\u0119 ze mn\u0105 pod adresem <a href=\"mailto:s.baltus@bt-uitzendbureau.nl\">s.baltus@bt-uitzendbureau.nl<\/a> \/\/ 06-41753663<\/p>\n<\/div><\/section><\/div><div class='flex_column av-av_one_half-f1c518e9ff58e869f80c8f093487abc9 av_one_half  avia-builder-el-6  el_after_av_one_half  avia-builder-el-last  flex_column_div'     ><style type=\"text\/css\" data-created_by=\"avia_inline_auto\" id=\"style-css-av-lsx8j495-05287a3cb04eadcdfba4b82bca16da29\">\n.avia-image-container.av-lsx8j495-05287a3cb04eadcdfba4b82bca16da29 img.avia_image{\nbox-shadow:none;\n}\n.avia-image-container.av-lsx8j495-05287a3cb04eadcdfba4b82bca16da29 .av-image-caption-overlay-center{\ncolor:#ffffff;\n}\n<\/style>\n<div  class='avia-image-container av-lsx8j495-05287a3cb04eadcdfba4b82bca16da29 av-styling- avia-align-center  avia-builder-el-7  avia-builder-el-no-sibling'   itemprop=\"image\" itemscope=\"itemscope\" itemtype=\"https:\/\/schema.org\/ImageObject\" ><div class=\"avia-image-container-inner\"><div class=\"avia-image-overlay-wrap\"><img decoding=\"async\" class='wp-image-938 avia-img-lazy-loading-not-938 avia_image' src=\"https:\/\/www.bt-uitzendbureau.nl\/wp-content\/uploads\/2024\/02\/01a-300x300.jpg\" alt='' title='01a'  height=\"300\" width=\"300\"  itemprop=\"thumbnailUrl\" srcset=\"https:\/\/www.bt-uitzendbureau.nl\/wp-content\/uploads\/2024\/02\/01a-300x300.jpg 300w, https:\/\/www.bt-uitzendbureau.nl\/wp-content\/uploads\/2024\/02\/01a-1030x1030.jpg 1030w, https:\/\/www.bt-uitzendbureau.nl\/wp-content\/uploads\/2024\/02\/01a-80x80.jpg 80w, https:\/\/www.bt-uitzendbureau.nl\/wp-content\/uploads\/2024\/02\/01a-768x768.jpg 768w, https:\/\/www.bt-uitzendbureau.nl\/wp-content\/uploads\/2024\/02\/01a-1536x1536.jpg 1536w, https:\/\/www.bt-uitzendbureau.nl\/wp-content\/uploads\/2024\/02\/01a-2048x2048.jpg 2048w, https:\/\/www.bt-uitzendbureau.nl\/wp-content\/uploads\/2024\/02\/01a-12x12.jpg 12w, https:\/\/www.bt-uitzendbureau.nl\/wp-content\/uploads\/2024\/02\/01a-36x36.jpg 36w, https:\/\/www.bt-uitzendbureau.nl\/wp-content\/uploads\/2024\/02\/01a-180x180.jpg 180w, https:\/\/www.bt-uitzendbureau.nl\/wp-content\/uploads\/2024\/02\/01a-1500x1500.jpg 1500w, https:\/\/www.bt-uitzendbureau.nl\/wp-content\/uploads\/2024\/02\/01a-705x705.jpg 705w, https:\/\/www.bt-uitzendbureau.nl\/wp-content\/uploads\/2024\/02\/01a-1320x1321.jpg 1320w\" sizes=\"(max-width: 300px) 100vw, 300px\" \/><\/div><\/div><\/div><\/div><\/p>","protected":false},"excerpt":{"rendered":"","protected":false},"author":1,"featured_media":0,"parent":0,"menu_order":0,"comment_status":"closed","ping_status":"closed","template":"","meta":{"_acf_changed":false,"_monsterinsights_skip_tracking":false,"_monsterinsights_sitenote_active":false,"_monsterinsights_sitenote_note":"","_monsterinsights_sitenote_category":0,"footnotes":""},"class_list":["post-36","page","type-page","status-publish","hentry"],"acf":[],"_links":{"self":[{"href":"https:\/\/www.bt-uitzendbureau.nl\/pl\/wp-json\/wp\/v2\/pages\/36","targetHints":{"allow":["GET"]}}],"collection":[{"href":"https:\/\/www.bt-uitzendbureau.nl\/pl\/wp-json\/wp\/v2\/pages"}],"about":[{"href":"https:\/\/www.bt-uitzendbureau.nl\/pl\/wp-json\/wp\/v2\/types\/page"}],"author":[{"embeddable":true,"href":"https:\/\/www.bt-uitzendbureau.nl\/pl\/wp-json\/wp\/v2\/users\/1"}],"replies":[{"embeddable":true,"href":"https:\/\/www.bt-uitzendbureau.nl\/pl\/wp-json\/wp\/v2\/comments?post=36"}],"version-history":[{"count":7,"href":"https:\/\/www.bt-uitzendbureau.nl\/pl\/wp-json\/wp\/v2\/pages\/36\/revisions"}],"predecessor-version":[{"id":943,"href":"https:\/\/www.bt-uitzendbureau.nl\/pl\/wp-json\/wp\/v2\/pages\/36\/revisions\/943"}],"wp:attachment":[{"href":"https:\/\/www.bt-uitzendbureau.nl\/pl\/wp-json\/wp\/v2\/media?parent=36"}],"curies":[{"name":"wp","href":"https:\/\/api.w.org\/{rel}","templated":true}]}}