{"id":207,"date":"2023-04-12T11:08:08","date_gmt":"2023-04-12T11:08:08","guid":{"rendered":"https:\/\/bt-uitzendbureau.nl\/?page_id=207"},"modified":"2023-10-31T09:20:18","modified_gmt":"2023-10-31T09:20:18","slug":"agencja-pracy-z-zakwaterowaniem","status":"publish","type":"page","link":"https:\/\/www.bt-uitzendbureau.nl\/pl\/werknemers\/uitzendbureau-met-huisvesting\/","title":{"rendered":"Mieszkanie"},"content":{"rendered":"<div id='av_section_1'  class='avia-section av-5l983b-3aa28cd386228215d31d84ac9e0e72cf main_color avia-section-default avia-no-border-styling  avia-builder-el-0  el_before_av_section  avia-builder-el-first  avia-bg-style-scroll container_wrap fullsize'  ><div class='container av-section-cont-open' ><main  role=\"main\" itemprop=\"mainContentOfPage\"  class='template-page content  av-content-full alpha units'><div class='post-entry post-entry-type-page post-entry-207'><div class='entry-content-wrapper clearfix'>\n<div class='flex_column av-5dgzcv-594af7a17b9a0db118f7f678f7cbe627 av_two_third  avia-builder-el-1  el_before_av_one_third  avia-builder-el-first  first flex_column_div'     ><p>\n<style type=\"text\/css\" data-created_by=\"avia_inline_auto\" id=\"style-css-av-57ato7-4e0276d6f5f3cb561cb880e6f5665062\">\n#top .hr.hr-invisible.av-57ato7-4e0276d6f5f3cb561cb880e6f5665062{\nheight:10px;\n}\n<\/style>\n<div  class='hr av-57ato7-4e0276d6f5f3cb561cb880e6f5665062 hr-invisible  avia-builder-el-2  el_before_av_textblock  avia-builder-el-first'><span class='hr-inner'><span class=\"hr-inner-style\"><\/span><\/span><\/div><br \/>\n\n<style type=\"text\/css\" data-created_by=\"avia_inline_auto\" id=\"style-css-av-lgdl879y-a68793099836810eca231688a2faf882\">\n#top .av_textblock_section.av-lgdl879y-a68793099836810eca231688a2faf882 .avia_textblock{\nfont-size:22px;\n}\n<\/style>\n<section  class='av_textblock_section av-lgdl879y-a68793099836810eca231688a2faf882'  itemscope=\"itemscope\" itemtype=\"https:\/\/schema.org\/CreativeWork\" ><div class='avia_textblock'  itemprop=\"text\" ><h2>Agencja pracy tymczasowej z zakwaterowaniem<\/h2>\n<p>Pracownicy przyje\u017cd\u017caj\u0105cy do pracy za granic\u0105 potrzebuj\u0105 r\u00f3wnie\u017c miejsca do zamieszkania. Agencja pracy BT odci\u0105\u017ca swoich pracownik\u00f3w zapewniaj\u0105c im odpowiednie zakwaterowanie.<\/p>\n<\/div><\/section><br \/>\n<section  class='av_textblock_section av-lgdl8ds3-a292bd96f45f01fe56b2bf56058f24c9'  itemscope=\"itemscope\" itemtype=\"https:\/\/schema.org\/CreativeWork\" ><div class='avia_textblock'  itemprop=\"text\" ><p>Zapewniamy, \u017ce pracownicy zawsze maj\u0105 do dyspozycji niezale\u017cny pok\u00f3j o powierzchni co najmniej 16 metr\u00f3w kwadratowych. Uwzgl\u0119dniamy r\u00f3wnie\u017c czas przejazdu mi\u0119dzy miejscem zakwaterowania a adresem pracy. BT Uitzendbureau posiada trzy kwatery pod w\u0142asnym zarz\u0105dem, a kilka kwater wynajmujemy od znanych partner\u00f3w. Dzi\u0119ki temu mo\u017cemy zaoferowa\u0107 pewn\u0105 jako\u015b\u0107 zakwaterowania. Koszty zakwaterowania s\u0105 pokrywane przez BT Uitzendbureau, pracownik NIE musi uczestniczy\u0107 w kosztach zakwaterowania. Je\u015bli pracownik opu\u015bci tymczasowo kwater\u0119 z powodu urlopu lub choroby, utrzymujemy j\u0105 w stanie pustym. Dzi\u0119ki temu pracownik zawsze mo\u017ce wr\u00f3ci\u0107 do swojego miejsca zamieszkania i pokoju.<\/p>\n<\/div><\/section><\/p><\/div><div class='flex_column av-4zi4qf-5122a6d45967051dd3a7b45f2102e5ec av_one_third  avia-builder-el-5  el_after_av_two_third  avia-builder-el-last  flex_column_div'     ><style type=\"text\/css\" data-created_by=\"avia_inline_auto\" id=\"style-css-av-4xrug7-f9cb49d6f34327cfb7ba79e9eabfb9ec\">\n.avia-image-container.av-4xrug7-f9cb49d6f34327cfb7ba79e9eabfb9ec img.avia_image{\nbox-shadow:none;\n}\n.avia-image-container.av-4xrug7-f9cb49d6f34327cfb7ba79e9eabfb9ec .av-image-caption-overlay-center{\ncolor:#ffffff;\n}\n<\/style>\n<div  class='avia-image-container av-4xrug7-f9cb49d6f34327cfb7ba79e9eabfb9ec av-styling- avia-align-center  avia-builder-el-6  avia-builder-el-no-sibling'   itemprop=\"image\" itemscope=\"itemscope\" itemtype=\"https:\/\/schema.org\/ImageObject\" ><div class=\"avia-image-container-inner\"><div class=\"avia-image-overlay-wrap\"><img decoding=\"async\" class='wp-image-126 avia-img-lazy-loading-not-126 avia_image' src=\"https:\/\/www.bt-uitzendbureau.nl\/wp-content\/uploads\/2023\/04\/Onze-diensten.png\" alt='' title='Nasze us\u0142ugi'  height=\"746\" width=\"746\"  itemprop=\"thumbnailUrl\" srcset=\"https:\/\/www.bt-uitzendbureau.nl\/wp-content\/uploads\/2023\/04\/Onze-diensten.png 746w, https:\/\/www.bt-uitzendbureau.nl\/wp-content\/uploads\/2023\/04\/Onze-diensten-300x300.png 300w, https:\/\/www.bt-uitzendbureau.nl\/wp-content\/uploads\/2023\/04\/Onze-diensten-80x80.png 80w, https:\/\/www.bt-uitzendbureau.nl\/wp-content\/uploads\/2023\/04\/Onze-diensten-36x36.png 36w, https:\/\/www.bt-uitzendbureau.nl\/wp-content\/uploads\/2023\/04\/Onze-diensten-180x180.png 180w, https:\/\/www.bt-uitzendbureau.nl\/wp-content\/uploads\/2023\/04\/Onze-diensten-705x705.png 705w\" sizes=\"(max-width: 746px) 100vw, 746px\" \/><\/div><\/div><\/div><\/div><\/div><\/div><\/main><!-- close content main element --><\/div><\/div><div id='av_section_2'  class='avia-section av-qj1bz-95cd936ab8ad32e0fe8782baafe32415 main_color avia-section-large avia-no-border-styling  avia-builder-el-7  el_after_av_section  avia-builder-el-last  avia-bg-style-scroll container_wrap fullsize'  ><div class='container av-section-cont-open' ><div class='template-page content  av-content-full alpha units'><div class='post-entry post-entry-type-page post-entry-207'><div class='entry-content-wrapper clearfix'>\n<div class='flex_column av-n2cwn-4e9596947ef53da0ddd5b8691f1ba008 av_one_full  avia-builder-el-8  avia-builder-el-no-sibling  first flex_column_div'     ><section  class='av_textblock_section av-hq55j-c481bff62758239bb8888a49a6631d72'  itemscope=\"itemscope\" itemtype=\"https:\/\/schema.org\/CreativeWork\" ><div class='avia_textblock'  itemprop=\"text\" ><h2 style=\"text-align: center;\">Wakaty bez do\u015bwiadczenia<\/h2>\n<\/div><\/section><br \/>\n\n<style type=\"text\/css\" data-created_by=\"avia_inline_auto\" id=\"style-css-av-lgdl91wl-92340cda4e92f372551faedc637edf3b\">\n#top .hr.hr-invisible.av-lgdl91wl-92340cda4e92f372551faedc637edf3b{\nheight:35px;\n}\n<\/style>\n<div  class='hr av-lgdl91wl-92340cda4e92f372551faedc637edf3b hr-invisible  avia-builder-el-10  el_after_av_textblock  el_before_av_codeblock'><span class='hr-inner'><span class=\"hr-inner-style\"><\/span><\/span><\/div><br \/>\n<br \/>\n<div  class='avia-button-wrap av-12zpj-808d13079ab191cbff86afbb1b6e819d-wrap avia-button-center  avia-builder-el-12  el_after_av_codeblock  avia-builder-el-last'><a href='\/pl\/wakaty-2\/'  class='avia-button av-12zpj-808d13079ab191cbff86afbb1b6e819d avia-icon_select-no avia-size-small avia-position-center avia-color-theme-color-subtle'  ><span class='avia_iconbox_title' >Zobacz wszystkie oferty pracy<\/span><\/a><\/div><\/p><\/div>\n<\/p>","protected":false},"excerpt":{"rendered":"","protected":false},"author":1,"featured_media":0,"parent":30,"menu_order":0,"comment_status":"closed","ping_status":"closed","template":"","meta":{"_acf_changed":false,"_monsterinsights_skip_tracking":false,"_monsterinsights_sitenote_active":false,"_monsterinsights_sitenote_note":"","_monsterinsights_sitenote_category":0,"footnotes":""},"class_list":["post-207","page","type-page","status-publish","hentry"],"acf":[],"_links":{"self":[{"href":"https:\/\/www.bt-uitzendbureau.nl\/pl\/wp-json\/wp\/v2\/pages\/207","targetHints":{"allow":["GET"]}}],"collection":[{"href":"https:\/\/www.bt-uitzendbureau.nl\/pl\/wp-json\/wp\/v2\/pages"}],"about":[{"href":"https:\/\/www.bt-uitzendbureau.nl\/pl\/wp-json\/wp\/v2\/types\/page"}],"author":[{"embeddable":true,"href":"https:\/\/www.bt-uitzendbureau.nl\/pl\/wp-json\/wp\/v2\/users\/1"}],"replies":[{"embeddable":true,"href":"https:\/\/www.bt-uitzendbureau.nl\/pl\/wp-json\/wp\/v2\/comments?post=207"}],"version-history":[{"count":6,"href":"https:\/\/www.bt-uitzendbureau.nl\/pl\/wp-json\/wp\/v2\/pages\/207\/revisions"}],"predecessor-version":[{"id":832,"href":"https:\/\/www.bt-uitzendbureau.nl\/pl\/wp-json\/wp\/v2\/pages\/207\/revisions\/832"}],"up":[{"embeddable":true,"href":"https:\/\/www.bt-uitzendbureau.nl\/pl\/wp-json\/wp\/v2\/pages\/30"}],"wp:attachment":[{"href":"https:\/\/www.bt-uitzendbureau.nl\/pl\/wp-json\/wp\/v2\/media?parent=207"}],"curies":[{"name":"wp","href":"https:\/\/api.w.org\/{rel}","templated":true}]}}