{"id":163,"date":"2023-04-07T14:23:47","date_gmt":"2023-04-07T14:23:47","guid":{"rendered":"https:\/\/bt-uitzendbureau.nl\/nieuw\/?page_id=163"},"modified":"2023-04-26T09:41:10","modified_gmt":"2023-04-26T09:41:10","slug":"nasze-certyfikaty","status":"publish","type":"page","link":"https:\/\/www.bt-uitzendbureau.nl\/pl\/werkgevers\/onze-certificeringen\/","title":{"rendered":"Nasze certyfikaty"},"content":{"rendered":"<div id='av_section_1'  class='avia-section av-1u94bn-d64f155bb4ab2c5e01be1ea7d4de7b32 main_color avia-section-default avia-no-border-styling  avia-builder-el-0  el_before_av_section  avia-builder-el-first  avia-bg-style-scroll container_wrap fullsize'  ><div class='container av-section-cont-open' ><main  role=\"main\" itemprop=\"mainContentOfPage\"  class='template-page content  av-content-full alpha units'><div class='post-entry post-entry-type-page post-entry-163'><div class='entry-content-wrapper clearfix'>\n<div class='flex_column av-1rhth7-8165d4ad30093c7670ac44055db8aad2 av_two_third  avia-builder-el-1  el_before_av_one_third  avia-builder-el-first  first flex_column_div'     ><p>\n<style type=\"text\/css\" data-created_by=\"avia_inline_auto\" id=\"style-css-av-av_hr-3cdc9664f29087702913853352eac422\">\n#top .hr.hr-invisible.av-av_hr-3cdc9664f29087702913853352eac422{\nheight:10px;\n}\n<\/style>\n<div  class='hr av-av_hr-3cdc9664f29087702913853352eac422 hr-invisible  avia-builder-el-2  el_before_av_textblock  avia-builder-el-first'><span class='hr-inner'><span class=\"hr-inner-style\"><\/span><\/span><\/div><br \/>\n\n<style type=\"text\/css\" data-created_by=\"avia_inline_auto\" id=\"style-css-av-av_textblock-48d11a9c53109d8dbd0f7dc6794a974b\">\n#top .av_textblock_section.av-av_textblock-48d11a9c53109d8dbd0f7dc6794a974b .avia_textblock{\nfont-size:22px;\n}\n<\/style>\n<section  class='av_textblock_section av-av_textblock-48d11a9c53109d8dbd0f7dc6794a974b'  itemscope=\"itemscope\" itemtype=\"https:\/\/schema.org\/CreativeWork\" ><div class='avia_textblock'  itemprop=\"text\" ><h2>Znak rozpoznawczy SNA<\/h2>\n<p>Znak jako\u015bci SNA jest znakiem jako\u015bci dla sektora pracy tymczasowej i zleceniodawc\u00f3w pracy i zosta\u0142 opracowany w celu zmniejszenia ryzyka dla zleceniodawc\u00f3w pracy i pracodawc\u00f3w. Firmy zajmuj\u0105ce si\u0119 oddelegowaniem i wynagradzaniem r\u00f3wnie\u017c wchodz\u0105 w zakres znaku jako\u015bci, poniewa\u017c one r\u00f3wnie\u017c dostarczaj\u0105 si\u0142\u0119 robocz\u0105.<\/p>\n<\/div><\/section><br \/>\n<section  class='av_textblock_section av-av_textblock-7a1af7d8f9790576b1769c0a9f0449ed'  itemscope=\"itemscope\" itemtype=\"https:\/\/schema.org\/CreativeWork\" ><div class='avia_textblock'  itemprop=\"text\" ><p>W oparciu o obowi\u0105zuj\u0105ce przepisy, strony te ponosz\u0105 ryzyko odpowiedzialno\u015bci za zobowi\u0105zania z tytu\u0142u pracy, kt\u00f3re nie zosta\u0142y wype\u0142nione przez najemc\u0119 lub (pod)wykonawc\u0119. Przedsi\u0119biorstwa posiadaj\u0105ce znak jako\u015bci SNA s\u0105 okresowo kontrolowane pod k\u0105tem wype\u0142niania obowi\u0105zk\u00f3w pracowniczych, co zmniejsza ryzyko dla zleceniodawcy i podwykonawcy pracy.<\/p>\n<p>Od 1 lipca 2012 r. obowi\u0105zuje zwolnienie z odpowiedzialno\u015bci podatkowej w zakresie odpowiedzialno\u015bci zleceniodawcy. Oznacza to, \u017ce zleceniodawcy, kt\u00f3rzy zatrudniaj\u0105 pracownik\u00f3w z agencji pracy tymczasowej ze znakiem jako\u015bci SNA, mog\u0105 zosta\u0107 zwolnieni z ewentualnej odpowiedzialno\u015bci przez urz\u0119dy skarbowe za niezap\u0142acone przez zleceniodawc\u0119 podatki od wynagrodze\u0144 i podatek obrotowy. Warunki zwolnienia z odpowiedzialno\u015bci znajduj\u0105 si\u0119 w dokumencie<a href=\"https:\/\/www.bt-uitzendbureau.nl\/wp-content\/uploads\/2023\/04\/wijzigingsleidraad.pdf\" target=\"_blank\" rel=\"noopener\">zmiana wytycznych w sprawie odzyskiwania \u015brodk\u00f3w 2008<\/a>' z dnia 27 czerwca 2012 r.<\/p>\n<p>Przedsi\u0119biorstwa ze znakiem SNA s\u0105 oceniane pod k\u0105tem ich obowi\u0105zk\u00f3w pracowniczych, a mianowicie:<\/p>\n<ul>\n<li>Identyfikacja firmy;<\/li>\n<li>Deklaracja i przekazanie nale\u017cnych podatk\u00f3w od wynagrodze\u0144 i podatku obrotowego (w Holandii);<\/li>\n<li>Wyp\u0142ata wynagrodzenia nie narusza ustawy o minimalnym wynagrodzeniu za prac\u0119 i minimalnym dodatku urlopowym;<\/li>\n<li>Przeprowadzenie weryfikacji to\u017csamo\u015bci oraz sprawdzenie posiadania uprawnie\u0144 do pracy w Holandii;<\/li>\n<li>Zapobieganie ryzyku odpowiedzialno\u015bci i karom wynikaj\u0105cym z wynajmowania, wypo\u017cyczania lub outsourcowania prac.<\/li>\n<\/ul>\n<p>Wszystko to obejmuje administrowanie i przechowywanie wymaganych dokument\u00f3w.<\/p>\n<p>W celu oceny zgodno\u015bci przedsi\u0119biorstwa z powy\u017cszymi obowi\u0105zkami, przedsi\u0119biorstwo jest zazwyczaj kontrolowane dwa razy w roku przez akredytowanego\u00a0<a href=\"https:\/\/www.normeringarbeid.nl\/snakeurmerk\/inspectie-instellingen\" target=\"_blank\" rel=\"noopener\">organ kontrolny<\/a>. Je\u017celi istnieje pow\u00f3d do cz\u0119stszego przeprowadzania kontroli, mo\u017cna j\u0105 rozszerzy\u0107 do czterech razy w roku. W uzasadnionych przypadkach istnieje r\u00f3wnie\u017c mo\u017cliwo\u015b\u0107 przeprowadzenia kontroli celowych.<\/p>\n<p>Tutaj mo\u017cna obejrze\u0107 nasz\u0105 ulotk\u0119 wyja\u015bniaj\u0105c\u0105 zasady dzia\u0142ania znaku SNA.<br \/>\n<a href=\"https:\/\/www.bt-uitzendbureau.nl\/wp-content\/uploads\/2023\/04\/sna-a5-folder-web-2018.pdf\" target=\"_blank\" rel=\"noopener\">Ulotka \"Znak rozpoznawczy SNA<\/a><\/p>\n<\/div><\/section><br \/>\n\n<style type=\"text\/css\" data-created_by=\"avia_inline_auto\" id=\"style-css-av-av_hr-3cdc9664f29087702913853352eac422\">\n#top .hr.hr-invisible.av-av_hr-3cdc9664f29087702913853352eac422{\nheight:10px;\n}\n<\/style>\n<div  class='hr av-av_hr-3cdc9664f29087702913853352eac422 hr-invisible  avia-builder-el-5  el_after_av_textblock  el_before_av_textblock'><span class='hr-inner'><span class=\"hr-inner-style\"><\/span><\/span><\/div><br \/>\n\n<style type=\"text\/css\" data-created_by=\"avia_inline_auto\" id=\"style-css-av-lgxiagc3-e70fd57d44244bad1c42c34e129a9902\">\n#top .av_textblock_section.av-lgxiagc3-e70fd57d44244bad1c42c34e129a9902 .avia_textblock{\nfont-size:22px;\n}\n<\/style>\n<section  class='av_textblock_section av-lgxiagc3-e70fd57d44244bad1c42c34e129a9902'  itemscope=\"itemscope\" itemtype=\"https:\/\/schema.org\/CreativeWork\" ><div class='avia_textblock'  itemprop=\"text\" ><h2>G-Account<\/h2>\n<p>Je\u015bli firma wynajmuje, wypo\u017cycza lub oddelegowuje pracownik\u00f3w na rynku holenderskim, najemca mo\u017ce wp\u0142aci\u0107 cz\u0119\u015b\u0107 faktury na konto g.<\/p>\n<\/div><\/section><br \/>\n<section  class='av_textblock_section av-av_textblock-7a1af7d8f9790576b1769c0a9f0449ed'  itemscope=\"itemscope\" itemtype=\"https:\/\/schema.org\/CreativeWork\" ><div class='avia_textblock'  itemprop=\"text\" ><p>Konto g to zablokowane konto bankowe, kt\u00f3re umo\u017cliwia agencji pracy tymczasowej odprowadzanie do urz\u0119du skarbowego jedynie podatku od wynagrodze\u0144 i\/lub podatku VAT.<\/p>\n<p>Na konto g zleceniodawca wp\u0142aca kwot\u0119 25% z faktury, kt\u00f3ra stanowi szacunkow\u0105 cz\u0119\u015b\u0107 podatku od wynagrodze\u0144 i podatku VAT. Je\u015bli agencja pracy tymczasowej nie wywi\u0105\u017ce si\u0119 ze swoich obowi\u0105zk\u00f3w w zakresie podatku VAT lub podatku od wynagrodze\u0144, w\u0142adze podatkowe nie mog\u0105 poci\u0105gn\u0105\u0107 zleceniodawcy do odpowiedzialno\u015bci za kwot\u0119 wp\u0142acon\u0105 przez niego na konto g.<\/p>\n<\/div><\/section><br \/>\n\n<style type=\"text\/css\" data-created_by=\"avia_inline_auto\" id=\"style-css-av-1jmxu3-33d3c1d8f583ec8660576b343182e4f2\">\n#top .hr.hr-invisible.av-1jmxu3-33d3c1d8f583ec8660576b343182e4f2{\nheight:10px;\n}\n<\/style>\n<div  class='hr av-1jmxu3-33d3c1d8f583ec8660576b343182e4f2 hr-invisible  avia-builder-el-8  el_after_av_textblock  el_before_av_textblock'><span class='hr-inner'><span class=\"hr-inner-style\"><\/span><\/span><\/div><br \/>\n\n<style type=\"text\/css\" data-created_by=\"avia_inline_auto\" id=\"style-css-av-lgdohu2n-7cc69b14d26993e0884ab581229eddaa\">\n#top .av_textblock_section.av-lgdohu2n-7cc69b14d26993e0884ab581229eddaa .avia_textblock{\nfont-size:22px;\n}\n<\/style>\n<section  class='av_textblock_section av-lgdohu2n-7cc69b14d26993e0884ab581229eddaa'  itemscope=\"itemscope\" itemtype=\"https:\/\/schema.org\/CreativeWork\" ><div class='avia_textblock'  itemprop=\"text\" ><h2>Deklaracja wykonania p\u0142atno\u015bci (WKA)<\/h2>\n<\/div><\/section><br \/>\n<section  class='av_textblock_section av-lgdoj4eu-392dea7c91b3b937009806dbeafce066'  itemscope=\"itemscope\" itemtype=\"https:\/\/schema.org\/CreativeWork\" ><div class='avia_textblock'  itemprop=\"text\" ><p>BT Agencja pracy tymczasowej zawsze posiada O\u015bwiadczenie o historii p\u0142atno\u015bci (WKA). W o\u015bwiadczeniu o zachowaniu p\u0142atno\u015bci w\u0142adze podatkowe o\u015bwiadczaj\u0105 na pi\u015bmie, \u017ce agencja pracy tymczasowej w danym czasie zap\u0142aci\u0142a podatki od wynagrodze\u0144 oraz podatek VAT.<\/p>\n<\/div><\/section><\/p><\/div><div class='flex_column av-1d93wz-44429d39e33fb80bcc738c720b72d6e2 av_one_third  avia-builder-el-11  el_after_av_two_third  avia-builder-el-last  flex_column_div'     ><style type=\"text\/css\" data-created_by=\"avia_inline_auto\" id=\"style-css-av-4fzdv-faa0b16a5dde8d196c8abbdba4f9c9b2\">\n.avia-image-container.av-4fzdv-faa0b16a5dde8d196c8abbdba4f9c9b2 img.avia_image{\nbox-shadow:none;\n}\n.avia-image-container.av-4fzdv-faa0b16a5dde8d196c8abbdba4f9c9b2 .av-image-caption-overlay-center{\ncolor:#ffffff;\n}\n<\/style>\n<div  class='avia-image-container av-4fzdv-faa0b16a5dde8d196c8abbdba4f9c9b2 av-styling- avia-align-center  avia-builder-el-12  avia-builder-el-no-sibling'   itemprop=\"image\" itemscope=\"itemscope\" itemtype=\"https:\/\/schema.org\/ImageObject\" ><div class=\"avia-image-container-inner\"><div class=\"avia-image-overlay-wrap\"><img decoding=\"async\" class='wp-image-126 avia-img-lazy-loading-not-126 avia_image' src=\"https:\/\/www.bt-uitzendbureau.nl\/wp-content\/uploads\/2023\/04\/Onze-diensten.png\" alt='' title='Nasze us\u0142ugi'  height=\"746\" width=\"746\"  itemprop=\"thumbnailUrl\" srcset=\"https:\/\/www.bt-uitzendbureau.nl\/wp-content\/uploads\/2023\/04\/Onze-diensten.png 746w, https:\/\/www.bt-uitzendbureau.nl\/wp-content\/uploads\/2023\/04\/Onze-diensten-300x300.png 300w, https:\/\/www.bt-uitzendbureau.nl\/wp-content\/uploads\/2023\/04\/Onze-diensten-80x80.png 80w, https:\/\/www.bt-uitzendbureau.nl\/wp-content\/uploads\/2023\/04\/Onze-diensten-36x36.png 36w, https:\/\/www.bt-uitzendbureau.nl\/wp-content\/uploads\/2023\/04\/Onze-diensten-180x180.png 180w, https:\/\/www.bt-uitzendbureau.nl\/wp-content\/uploads\/2023\/04\/Onze-diensten-705x705.png 705w\" sizes=\"(max-width: 746px) 100vw, 746px\" \/><\/div><\/div><\/div><\/div><\/div><\/div><\/main><!-- close content main element --><\/div><\/div><div id='av_section_2'  class='avia-section av-12hct7-9cba564ef806cb5e78e9e32d62b7680b main_color avia-section-large avia-no-border-styling  avia-builder-el-13  el_after_av_section  avia-builder-el-last  avia-bg-style-scroll container_wrap fullsize'  ><div class='container av-section-cont-open' ><div class='template-page content  av-content-full alpha units'><div class='post-entry post-entry-type-page post-entry-163'><div class='entry-content-wrapper clearfix'>\n<div class='flex_column av-yrpur-842bdc44e49b2c77733f5e46d7127a8e av_one_full  avia-builder-el-14  avia-builder-el-no-sibling  first flex_column_div'     ><section  class='av_textblock_section av-tdnqr-275f2ce903a6c50198b2140d23e2ff44'  itemscope=\"itemscope\" itemtype=\"https:\/\/schema.org\/CreativeWork\" ><div class='avia_textblock'  itemprop=\"text\" ><h2 style=\"text-align: center;\">Wakaty bez do\u015bwiadczenia<\/h2>\n<\/div><\/section><br \/>\n\n<style type=\"text\/css\" data-created_by=\"avia_inline_auto\" id=\"style-css-av-nk5az-50d182db5a8c722e0314c7a320f4c610\">\n#top .hr.hr-invisible.av-nk5az-50d182db5a8c722e0314c7a320f4c610{\nheight:35px;\n}\n<\/style>\n<div  class='hr av-nk5az-50d182db5a8c722e0314c7a320f4c610 hr-invisible  avia-builder-el-16  el_after_av_textblock  el_before_av_codeblock'><span class='hr-inner'><span class=\"hr-inner-style\"><\/span><\/span><\/div><br \/>\n<br \/>\n<div  class='avia-button-wrap av-b2lnv-169da34e4f303b3c0896a23ca0ee33e5-wrap avia-button-center  avia-builder-el-18  el_after_av_codeblock  avia-builder-el-last'><a href='\/pl\/wakaty-2\/'  class='avia-button av-b2lnv-169da34e4f303b3c0896a23ca0ee33e5 avia-icon_select-no avia-size-small avia-position-center avia-color-theme-color-subtle'  ><span class='avia_iconbox_title' >Zobacz wszystkie oferty pracy<\/span><\/a><\/div><\/p><\/div>\n<\/p>","protected":false},"excerpt":{"rendered":"","protected":false},"author":1,"featured_media":0,"parent":32,"menu_order":0,"comment_status":"closed","ping_status":"closed","template":"","meta":{"_acf_changed":false,"_monsterinsights_skip_tracking":false,"_monsterinsights_sitenote_active":false,"_monsterinsights_sitenote_note":"","_monsterinsights_sitenote_category":0,"footnotes":""},"class_list":["post-163","page","type-page","status-publish","hentry"],"acf":[],"_links":{"self":[{"href":"https:\/\/www.bt-uitzendbureau.nl\/pl\/wp-json\/wp\/v2\/pages\/163","targetHints":{"allow":["GET"]}}],"collection":[{"href":"https:\/\/www.bt-uitzendbureau.nl\/pl\/wp-json\/wp\/v2\/pages"}],"about":[{"href":"https:\/\/www.bt-uitzendbureau.nl\/pl\/wp-json\/wp\/v2\/types\/page"}],"author":[{"embeddable":true,"href":"https:\/\/www.bt-uitzendbureau.nl\/pl\/wp-json\/wp\/v2\/users\/1"}],"replies":[{"embeddable":true,"href":"https:\/\/www.bt-uitzendbureau.nl\/pl\/wp-json\/wp\/v2\/comments?post=163"}],"version-history":[{"count":4,"href":"https:\/\/www.bt-uitzendbureau.nl\/pl\/wp-json\/wp\/v2\/pages\/163\/revisions"}],"predecessor-version":[{"id":229,"href":"https:\/\/www.bt-uitzendbureau.nl\/pl\/wp-json\/wp\/v2\/pages\/163\/revisions\/229"}],"up":[{"embeddable":true,"href":"https:\/\/www.bt-uitzendbureau.nl\/pl\/wp-json\/wp\/v2\/pages\/32"}],"wp:attachment":[{"href":"https:\/\/www.bt-uitzendbureau.nl\/pl\/wp-json\/wp\/v2\/media?parent=163"}],"curies":[{"name":"wp","href":"https:\/\/api.w.org\/{rel}","templated":true}]}}