{"id":161,"date":"2023-04-07T14:23:37","date_gmt":"2023-04-07T14:23:37","guid":{"rendered":"https:\/\/bt-uitzendbureau.nl\/nieuw\/?page_id=161"},"modified":"2023-04-26T09:51:32","modified_gmt":"2023-04-26T09:51:32","slug":"nasze-uslugi","status":"publish","type":"page","link":"https:\/\/www.bt-uitzendbureau.nl\/pl\/werkgevers\/onze-diensten\/","title":{"rendered":"Nasze us\u0142ugi"},"content":{"rendered":"<div id='av_section_1'  class='avia-section av-69jorl-a2f323fa3ec159677ae85f48a00e0a1b main_color avia-section-default avia-no-border-styling  avia-builder-el-0  el_before_av_section  avia-builder-el-first  avia-bg-style-scroll container_wrap fullsize'  ><div class='container av-section-cont-open' ><main  role=\"main\" itemprop=\"mainContentOfPage\"  class='template-page content  av-content-full alpha units'><div class='post-entry post-entry-type-page post-entry-161'><div class='entry-content-wrapper clearfix'>\n<div class='flex_column av-60kooh-2328a36f9e62e7687d1abc0bfb126612 av_two_third  avia-builder-el-1  el_before_av_one_third  avia-builder-el-first  first flex_column_div'     ><p>\n<style type=\"text\/css\" data-created_by=\"avia_inline_auto\" id=\"style-css-av-kyzwp-90a3f2f1f4519422e5434236705fa17f\">\n#top .hr.hr-invisible.av-kyzwp-90a3f2f1f4519422e5434236705fa17f{\nheight:10px;\n}\n<\/style>\n<div  class='hr av-kyzwp-90a3f2f1f4519422e5434236705fa17f hr-invisible  avia-builder-el-2  el_before_av_textblock  avia-builder-el-first'><span class='hr-inner'><span class=\"hr-inner-style\"><\/span><\/span><\/div><br \/>\n\n<style type=\"text\/css\" data-created_by=\"avia_inline_auto\" id=\"style-css-av-5q1pxl-d14b22c4136f1ee15486c3fee92eaf49\">\n#top .av_textblock_section.av-5q1pxl-d14b22c4136f1ee15486c3fee92eaf49 .avia_textblock{\nfont-size:22px;\n}\n<\/style>\n<section  class='av_textblock_section av-5q1pxl-d14b22c4136f1ee15486c3fee92eaf49'  itemscope=\"itemscope\" itemtype=\"https:\/\/schema.org\/CreativeWork\" ><div class='avia_textblock'  itemprop=\"text\" ><h2>Transmisja<\/h2>\n<p>Zatrudnianie pracownik\u00f3w jest nasz\u0105 najwi\u0119ksz\u0105 us\u0142ug\u0105, ale co obejmuje zatrudnianie pracownik\u00f3w? Dzi\u0119ki tempingowi otrzymujesz umow\u0119 z agencji pracy BT i rozpoczynasz prac\u0119 dla jednego z naszych klient\u00f3w.<\/p>\n<\/div><\/section><br \/>\n<section  class='av_textblock_section av-5me6ld-223763012963520b68041dd7dac4f2c8'  itemscope=\"itemscope\" itemtype=\"https:\/\/schema.org\/CreativeWork\" ><div class='avia_textblock'  itemprop=\"text\" ><p>Zawsze zapewniamy Ci d\u0142ugoterminowe zatrudnienie. Obejmuje to d\u0142ugoterminowy projekt lub sta\u0142e miejsce w firmie. W przypadku zako\u0144czenia projektu lub wyst\u0105pienia innych okoliczno\u015bci powoduj\u0105cych przerwanie pracy, jak najszybciej zapewnimy nowe, odpowiednie miejsce pracy. Naszym celem w tempingu jest wi\u0119c zadowolenie pracownika. Rozumujemy zawsze z perspektywy pracownika, a nie klienta. Nie jeste\u015b zadowolony? To my to rozwi\u0105\u017cemy! Je\u015bli nie z obecnym klientem, to z innym. Naszym ostatecznym celem jest pomoc naszym pracownikom w znalezieniu sta\u0142ej pracy u klienta. Dlatego oferujemy opcj\u0119: \u017ce klient mo\u017ce zaoferowa\u0107 pracownikowi umow\u0119 bezp\u0142atnie po przepracowaniu 2080 godzin.<\/p>\n<\/div><\/section><\/p><\/div><div class='flex_column av-5bw5sp-ab4bdc24f90ab7a48d4c8b6f4b1baf00 av_one_third  avia-builder-el-5  el_after_av_two_third  el_before_av_two_third  flex_column_div'     ><style type=\"text\/css\" data-created_by=\"avia_inline_auto\" id=\"style-css-av-588zkp-9f50debc16466bcb0384c0ec4b20b54e\">\n.avia-image-container.av-588zkp-9f50debc16466bcb0384c0ec4b20b54e img.avia_image{\nbox-shadow:none;\n}\n.avia-image-container.av-588zkp-9f50debc16466bcb0384c0ec4b20b54e .av-image-caption-overlay-center{\ncolor:#ffffff;\n}\n<\/style>\n<div  class='avia-image-container av-588zkp-9f50debc16466bcb0384c0ec4b20b54e av-styling- avia-align-center  avia-builder-el-6  avia-builder-el-no-sibling'   itemprop=\"image\" itemscope=\"itemscope\" itemtype=\"https:\/\/schema.org\/ImageObject\" ><div class=\"avia-image-container-inner\"><div class=\"avia-image-overlay-wrap\"><img decoding=\"async\" class='wp-image-259 avia-img-lazy-loading-not-259 avia_image' src=\"https:\/\/www.bt-uitzendbureau.nl\/wp-content\/uploads\/2023\/04\/Uitzenden.png\" alt='' title='Transmisja'  height=\"746\" width=\"746\"  itemprop=\"thumbnailUrl\" srcset=\"https:\/\/www.bt-uitzendbureau.nl\/wp-content\/uploads\/2023\/04\/Uitzenden.png 746w, https:\/\/www.bt-uitzendbureau.nl\/wp-content\/uploads\/2023\/04\/Uitzenden-300x300.png 300w, https:\/\/www.bt-uitzendbureau.nl\/wp-content\/uploads\/2023\/04\/Uitzenden-80x80.png 80w, https:\/\/www.bt-uitzendbureau.nl\/wp-content\/uploads\/2023\/04\/Uitzenden-12x12.png 12w, https:\/\/www.bt-uitzendbureau.nl\/wp-content\/uploads\/2023\/04\/Uitzenden-36x36.png 36w, https:\/\/www.bt-uitzendbureau.nl\/wp-content\/uploads\/2023\/04\/Uitzenden-180x180.png 180w, https:\/\/www.bt-uitzendbureau.nl\/wp-content\/uploads\/2023\/04\/Uitzenden-705x705.png 705w\" sizes=\"(max-width: 746px) 100vw, 746px\" \/><\/div><\/div><\/div><\/div><div class='flex_column av-54hc35-dbd8f894786dc6d34aa4f15ccb4fc158 av_two_third  avia-builder-el-7  el_after_av_one_third  el_before_av_one_third  first flex_column_div column-top-margin'     ><p>\n<style type=\"text\/css\" data-created_by=\"avia_inline_auto\" id=\"style-css-av-4xxz3d-237d0d4e9f59796cf1d6e5a45983b3be\">\n#top .hr.hr-invisible.av-4xxz3d-237d0d4e9f59796cf1d6e5a45983b3be{\nheight:10px;\n}\n<\/style>\n<div  class='hr av-4xxz3d-237d0d4e9f59796cf1d6e5a45983b3be hr-invisible  avia-builder-el-8  el_before_av_textblock  avia-builder-el-first'><span class='hr-inner'><span class=\"hr-inner-style\"><\/span><\/span><\/div><br \/>\n\n<style type=\"text\/css\" data-created_by=\"avia_inline_auto\" id=\"style-css-av-4ndzb5-30bbaf77e46fa231d5d1ec80109b166f\">\n#top .av_textblock_section.av-4ndzb5-30bbaf77e46fa231d5d1ec80109b166f .avia_textblock{\nfont-size:22px;\n}\n<\/style>\n<section  class='av_textblock_section av-4ndzb5-30bbaf77e46fa231d5d1ec80109b166f'  itemscope=\"itemscope\" itemtype=\"https:\/\/schema.org\/CreativeWork\" ><div class='avia_textblock'  itemprop=\"text\" ><h2>Rekrutacja i selekcja<\/h2>\n<p>Dla niekt\u00f3rych klient\u00f3w pracujemy r\u00f3wnie\u017c w oparciu o Recruitment &amp; Selection, ale z czym wi\u0105\u017ce si\u0119 Recruitment &amp; Selection?<\/p>\n<\/div><\/section><br \/>\n<section  class='av_textblock_section av-4jneeh-2645091e1ee17f574b44814426f09ae7'  itemscope=\"itemscope\" itemtype=\"https:\/\/schema.org\/CreativeWork\" ><div class='avia_textblock'  itemprop=\"text\" ><p>W rekrutacji i selekcji nasz klient chce natychmiast zaoferowa\u0107 kandydatowi umow\u0119, ale nie mo\u017ce sam znale\u017a\u0107 odpowiedniego kandydata. Dlatego my wyszukujemy kandydat\u00f3w i wybieramy ich dla naszego klienta. Je\u015bli po rozmowach kwalifikacyjnych zar\u00f3wno kandydat, jak i klient s\u0105 zadowoleni ze wsp\u00f3\u0142pracy, kandydatowi natychmiast oferowana jest umowa z klientem.<\/p>\n<\/div><\/section><\/p><\/div><div class='flex_column av-4gfgsh-8e25ded7ab97b24696813525030f41de av_one_third  avia-builder-el-11  el_after_av_two_third  el_before_av_two_third  flex_column_div column-top-margin'     ><style type=\"text\/css\" data-created_by=\"avia_inline_auto\" id=\"style-css-av-4a2lld-2b16f1fd2e5dbc7a0a18f62c00c82583\">\n.avia-image-container.av-4a2lld-2b16f1fd2e5dbc7a0a18f62c00c82583 img.avia_image{\nbox-shadow:none;\n}\n.avia-image-container.av-4a2lld-2b16f1fd2e5dbc7a0a18f62c00c82583 .av-image-caption-overlay-center{\ncolor:#ffffff;\n}\n<\/style>\n<div  class='avia-image-container av-4a2lld-2b16f1fd2e5dbc7a0a18f62c00c82583 av-styling- avia-align-center  avia-builder-el-12  avia-builder-el-no-sibling'   itemprop=\"image\" itemscope=\"itemscope\" itemtype=\"https:\/\/schema.org\/ImageObject\" ><div class=\"avia-image-container-inner\"><div class=\"avia-image-overlay-wrap\"><img decoding=\"async\" class='wp-image-260 avia-img-lazy-loading-not-260 avia_image' src=\"https:\/\/www.bt-uitzendbureau.nl\/wp-content\/uploads\/2023\/04\/Werving-en-selectie.png\" alt='' title='Rekrutacja i selekcja'  height=\"746\" width=\"746\"  itemprop=\"thumbnailUrl\" srcset=\"https:\/\/www.bt-uitzendbureau.nl\/wp-content\/uploads\/2023\/04\/Werving-en-selectie.png 746w, https:\/\/www.bt-uitzendbureau.nl\/wp-content\/uploads\/2023\/04\/Werving-en-selectie-300x300.png 300w, https:\/\/www.bt-uitzendbureau.nl\/wp-content\/uploads\/2023\/04\/Werving-en-selectie-80x80.png 80w, https:\/\/www.bt-uitzendbureau.nl\/wp-content\/uploads\/2023\/04\/Werving-en-selectie-12x12.png 12w, https:\/\/www.bt-uitzendbureau.nl\/wp-content\/uploads\/2023\/04\/Werving-en-selectie-36x36.png 36w, https:\/\/www.bt-uitzendbureau.nl\/wp-content\/uploads\/2023\/04\/Werving-en-selectie-180x180.png 180w, https:\/\/www.bt-uitzendbureau.nl\/wp-content\/uploads\/2023\/04\/Werving-en-selectie-705x705.png 705w\" sizes=\"(max-width: 746px) 100vw, 746px\" \/><\/div><\/div><\/div><\/div><div class='flex_column av-1hac1-8c8fb645195e113ad847b402bfcb7d6e av_two_third  avia-builder-el-13  el_after_av_one_third  el_before_av_one_third  first flex_column_div column-top-margin'     ><p>\n<style type=\"text\/css\" data-created_by=\"avia_inline_auto\" id=\"style-css-av-dsko1-b7704eda2628b60da6778a5999123657\">\n#top .hr.hr-invisible.av-dsko1-b7704eda2628b60da6778a5999123657{\nheight:10px;\n}\n<\/style>\n<div  class='hr av-dsko1-b7704eda2628b60da6778a5999123657 hr-invisible  avia-builder-el-14  el_before_av_textblock  avia-builder-el-first'><span class='hr-inner'><span class=\"hr-inner-style\"><\/span><\/span><\/div><br \/>\n\n<style type=\"text\/css\" data-created_by=\"avia_inline_auto\" id=\"style-css-av-3re59d-33af8d081cc5c391621c442d7d4ed6f7\">\n#top .av_textblock_section.av-3re59d-33af8d081cc5c391621c442d7d4ed6f7 .avia_textblock{\nfont-size:22px;\n}\n<\/style>\n<section  class='av_textblock_section av-3re59d-33af8d081cc5c391621c442d7d4ed6f7'  itemscope=\"itemscope\" itemtype=\"https:\/\/schema.org\/CreativeWork\" ><div class='avia_textblock'  itemprop=\"text\" ><h2>Mediacja ZZP<\/h2>\n<p>Dla os\u00f3b, kt\u00f3re maj\u0105 dzia\u0142alno\u015b\u0107 gospodarcz\u0105 lub wol\u0105 nie by\u0107 zatrudnione, oferujemy mediacje ZZP, ale czy mediacje ZZP wi\u0105\u017c\u0105 si\u0119 z tym?<\/p>\n<\/div><\/section><br \/>\n<section  class='av_textblock_section av-3jmftd-22e4a343b692d8c71120558354ce141d'  itemscope=\"itemscope\" itemtype=\"https:\/\/schema.org\/CreativeWork\" ><div class='avia_textblock'  itemprop=\"text\" ><p>Dzi\u0119ki po\u015brednictwu ZZP nadal pracujesz na w\u0142asny rachunek, ale zapewniamy bezpiecze\u0144stwo sta\u0142ej liczby godzin pracy w tygodniu powi\u0105zanej z okre\u015blon\u0105 cen\u0105. Zapewniamy klientowi prac\u0119 zgodn\u0105 z Twoj\u0105 wiedz\u0105 i umiej\u0119tno\u015bciami. Wystarczy, \u017ce wy\u015blesz faktur\u0119 na koniec tygodnia. Stawka jest uzgadniana za przepracowan\u0105 godzin\u0119, a nie za projekt czy metr. Nie jest mo\u017cliwa bezpo\u015brednia praca z naszym klientem po up\u0142ywie okre\u015blonego czasu. Aby pracowa\u0107 za po\u015brednictwem agencji BT, musisz by\u0107 zarejestrowany w Izbie Handlowej i posiada\u0107 ubezpieczenie od odpowiedzialno\u015bci cywilnej. Dla freelancer\u00f3w mamy osobn\u0105 firm\u0119 o nazwie BT Diensten B.V.<\/p>\n<\/div><\/section><\/p><\/div><div class='flex_column av-3by521-47006dca9de33ebe4da66c7115cfe71f av_one_third  avia-builder-el-17  el_after_av_two_third  el_before_av_two_third  flex_column_div column-top-margin'     ><style type=\"text\/css\" data-created_by=\"avia_inline_auto\" id=\"style-css-av-bsopd-17deef97f22bde535642f7989af6e856\">\n.avia-image-container.av-bsopd-17deef97f22bde535642f7989af6e856 img.avia_image{\nbox-shadow:none;\n}\n.avia-image-container.av-bsopd-17deef97f22bde535642f7989af6e856 .av-image-caption-overlay-center{\ncolor:#ffffff;\n}\n<\/style>\n<div  class='avia-image-container av-bsopd-17deef97f22bde535642f7989af6e856 av-styling- avia-align-center  avia-builder-el-18  avia-builder-el-no-sibling'   itemprop=\"image\" itemscope=\"itemscope\" itemtype=\"https:\/\/schema.org\/ImageObject\" ><div class=\"avia-image-container-inner\"><div class=\"avia-image-overlay-wrap\"><img decoding=\"async\" class='wp-image-261 avia-img-lazy-loading-not-261 avia_image' src=\"https:\/\/www.bt-uitzendbureau.nl\/wp-content\/uploads\/2023\/04\/ZZP-bemiddeling.png\" alt='' title='Mediacja ZZP'  height=\"746\" width=\"746\"  itemprop=\"thumbnailUrl\" srcset=\"https:\/\/www.bt-uitzendbureau.nl\/wp-content\/uploads\/2023\/04\/ZZP-bemiddeling.png 746w, https:\/\/www.bt-uitzendbureau.nl\/wp-content\/uploads\/2023\/04\/ZZP-bemiddeling-300x300.png 300w, https:\/\/www.bt-uitzendbureau.nl\/wp-content\/uploads\/2023\/04\/ZZP-bemiddeling-80x80.png 80w, https:\/\/www.bt-uitzendbureau.nl\/wp-content\/uploads\/2023\/04\/ZZP-bemiddeling-12x12.png 12w, https:\/\/www.bt-uitzendbureau.nl\/wp-content\/uploads\/2023\/04\/ZZP-bemiddeling-36x36.png 36w, https:\/\/www.bt-uitzendbureau.nl\/wp-content\/uploads\/2023\/04\/ZZP-bemiddeling-180x180.png 180w, https:\/\/www.bt-uitzendbureau.nl\/wp-content\/uploads\/2023\/04\/ZZP-bemiddeling-705x705.png 705w\" sizes=\"(max-width: 746px) 100vw, 746px\" \/><\/div><\/div><\/div><\/div><div class='flex_column av-31rdcp-f334c69b38dca1c0fd693e136e90dd68 av_two_third  avia-builder-el-19  el_after_av_one_third  el_before_av_one_third  first flex_column_div column-top-margin'     ><p>\n<style type=\"text\/css\" data-created_by=\"avia_inline_auto\" id=\"style-css-av-2xu9vl-7aa8797a7c4546798bea6bc164c13879\">\n#top .hr.hr-invisible.av-2xu9vl-7aa8797a7c4546798bea6bc164c13879{\nheight:10px;\n}\n<\/style>\n<div  class='hr av-2xu9vl-7aa8797a7c4546798bea6bc164c13879 hr-invisible  avia-builder-el-20  el_before_av_textblock  avia-builder-el-first'><span class='hr-inner'><span class=\"hr-inner-style\"><\/span><\/span><\/div><br \/>\n\n<style type=\"text\/css\" data-created_by=\"avia_inline_auto\" id=\"style-css-av-2sr621-9824ec85aa4e87012433e349714d6781\">\n#top .av_textblock_section.av-2sr621-9824ec85aa4e87012433e349714d6781 .avia_textblock{\nfont-size:22px;\n}\n<\/style>\n<section  class='av_textblock_section av-2sr621-9824ec85aa4e87012433e349714d6781'  itemscope=\"itemscope\" itemtype=\"https:\/\/schema.org\/CreativeWork\" ><div class='avia_textblock'  itemprop=\"text\" ><h2>Personel zagraniczny<\/h2>\n<p>Mo\u017cliwa jest r\u00f3wnie\u017c wsp\u00f3\u0142praca z agencj\u0105 pracy BT, je\u015bli jeste\u015b mieszka\u0144cem innego kraju UE.<\/p>\n<\/div><\/section><br \/>\n<section  class='av_textblock_section av-93ttl-dadb62bb9d3e7eef009508b0e0506a3b'  itemscope=\"itemscope\" itemtype=\"https:\/\/schema.org\/CreativeWork\" ><div class='avia_textblock'  itemprop=\"text\" ><p>Dla os\u00f3b, kt\u00f3re nie maj\u0105 domu w Holandii, mo\u017cemy zorganizowa\u0107 zakwaterowanie. Zakwaterowanie to mo\u017ce by\u0107 wykorzystane zar\u00f3wno na pobyty tygodniowe jak i weekendowe. Mamy kilka miejsc noclegowych pod w\u0142asnym zarz\u0105dem. Dbamy o to, aby by\u0142 tam pok\u00f3j i nigdy nie musia\u0142 by\u0107 dzielony z innymi pracownikami. Zakwaterowanie znajduje si\u0119 w odleg\u0142o\u015bci nie wi\u0119kszej ni\u017c 30 minut jazdy samochodem od adresu pracy.<\/p>\n<\/div><\/section><\/p><\/div><div class='flex_column av-2emrl5-ca4fa5a5ebedc40d5dd1963c0b166275 av_one_third  avia-builder-el-23  el_after_av_two_third  avia-builder-el-last  flex_column_div column-top-margin'     ><style type=\"text\/css\" data-created_by=\"avia_inline_auto\" id=\"style-css-av-28uayh-005b522945b6f79cbdd44b02ec4775b8\">\n.avia-image-container.av-28uayh-005b522945b6f79cbdd44b02ec4775b8 img.avia_image{\nbox-shadow:none;\n}\n.avia-image-container.av-28uayh-005b522945b6f79cbdd44b02ec4775b8 .av-image-caption-overlay-center{\ncolor:#ffffff;\n}\n<\/style>\n<div  class='avia-image-container av-28uayh-005b522945b6f79cbdd44b02ec4775b8 av-styling- avia-align-center  avia-builder-el-24  avia-builder-el-no-sibling'   itemprop=\"image\" itemscope=\"itemscope\" itemtype=\"https:\/\/schema.org\/ImageObject\" ><div class=\"avia-image-container-inner\"><div class=\"avia-image-overlay-wrap\"><img decoding=\"async\" class='wp-image-257 avia-img-lazy-loading-not-257 avia_image' src=\"https:\/\/www.bt-uitzendbureau.nl\/wp-content\/uploads\/2023\/04\/Buitelands-personeel.png\" alt='' title='Personel zagraniczny'  height=\"746\" width=\"746\"  itemprop=\"thumbnailUrl\" srcset=\"https:\/\/www.bt-uitzendbureau.nl\/wp-content\/uploads\/2023\/04\/Buitelands-personeel.png 746w, https:\/\/www.bt-uitzendbureau.nl\/wp-content\/uploads\/2023\/04\/Buitelands-personeel-300x300.png 300w, https:\/\/www.bt-uitzendbureau.nl\/wp-content\/uploads\/2023\/04\/Buitelands-personeel-80x80.png 80w, https:\/\/www.bt-uitzendbureau.nl\/wp-content\/uploads\/2023\/04\/Buitelands-personeel-12x12.png 12w, https:\/\/www.bt-uitzendbureau.nl\/wp-content\/uploads\/2023\/04\/Buitelands-personeel-36x36.png 36w, https:\/\/www.bt-uitzendbureau.nl\/wp-content\/uploads\/2023\/04\/Buitelands-personeel-180x180.png 180w, https:\/\/www.bt-uitzendbureau.nl\/wp-content\/uploads\/2023\/04\/Buitelands-personeel-705x705.png 705w\" sizes=\"(max-width: 746px) 100vw, 746px\" \/><\/div><\/div><\/div><\/div><\/div><\/div><\/main><!-- close content main element --><\/div><\/div><div id='av_section_2'  class='avia-section av-11sg7d-3d30a8b176cc2f3bfa881c7f56feee46 main_color avia-section-large avia-no-border-styling  avia-builder-el-25  el_after_av_section  avia-builder-el-last  avia-bg-style-scroll container_wrap fullsize'  ><div class='container av-section-cont-open' ><div class='template-page content  av-content-full alpha units'><div class='post-entry post-entry-type-page post-entry-161'><div class='entry-content-wrapper clearfix'>\n<div class='flex_column av-w6ych-13f691cd6e355193428e610cfef69f54 av_one_full  avia-builder-el-26  avia-builder-el-no-sibling  first flex_column_div'     ><section  class='av_textblock_section av-s17wx-d35cf2c95b2cff5f7a7ff0f0dbae4a6c'  itemscope=\"itemscope\" itemtype=\"https:\/\/schema.org\/CreativeWork\" ><div class='avia_textblock'  itemprop=\"text\" ><h2 style=\"text-align: center;\">Wakaty bez do\u015bwiadczenia<\/h2>\n<\/div><\/section><br \/>\n\n<style type=\"text\/css\" data-created_by=\"avia_inline_auto\" id=\"style-css-av-iu78x-63780bc2cfa23a3aef018bb18ee1c998\">\n#top .hr.hr-invisible.av-iu78x-63780bc2cfa23a3aef018bb18ee1c998{\nheight:35px;\n}\n<\/style>\n<div  class='hr av-iu78x-63780bc2cfa23a3aef018bb18ee1c998 hr-invisible  avia-builder-el-28  el_after_av_textblock  el_before_av_codeblock'><span class='hr-inner'><span class=\"hr-inner-style\"><\/span><\/span><\/div><br \/>\n<br \/>\n<div  class='avia-button-wrap av-augg9-6f5f2741d1bebb46621becf193f096cb-wrap avia-button-center  avia-builder-el-30  el_after_av_codeblock  avia-builder-el-last'><a href='\/pl\/wakaty-2\/'  class='avia-button av-augg9-6f5f2741d1bebb46621becf193f096cb avia-icon_select-no avia-size-small avia-position-center avia-color-theme-color-subtle'  ><span class='avia_iconbox_title' >Zobacz wszystkie oferty pracy<\/span><\/a><\/div><\/p><\/div>\n<\/p>","protected":false},"excerpt":{"rendered":"","protected":false},"author":1,"featured_media":0,"parent":32,"menu_order":0,"comment_status":"closed","ping_status":"closed","template":"","meta":{"_acf_changed":false,"_monsterinsights_skip_tracking":false,"_monsterinsights_sitenote_active":false,"_monsterinsights_sitenote_note":"","_monsterinsights_sitenote_category":0,"footnotes":""},"class_list":["post-161","page","type-page","status-publish","hentry"],"acf":[],"_links":{"self":[{"href":"https:\/\/www.bt-uitzendbureau.nl\/pl\/wp-json\/wp\/v2\/pages\/161","targetHints":{"allow":["GET"]}}],"collection":[{"href":"https:\/\/www.bt-uitzendbureau.nl\/pl\/wp-json\/wp\/v2\/pages"}],"about":[{"href":"https:\/\/www.bt-uitzendbureau.nl\/pl\/wp-json\/wp\/v2\/types\/page"}],"author":[{"embeddable":true,"href":"https:\/\/www.bt-uitzendbureau.nl\/pl\/wp-json\/wp\/v2\/users\/1"}],"replies":[{"embeddable":true,"href":"https:\/\/www.bt-uitzendbureau.nl\/pl\/wp-json\/wp\/v2\/comments?post=161"}],"version-history":[{"count":5,"href":"https:\/\/www.bt-uitzendbureau.nl\/pl\/wp-json\/wp\/v2\/pages\/161\/revisions"}],"predecessor-version":[{"id":414,"href":"https:\/\/www.bt-uitzendbureau.nl\/pl\/wp-json\/wp\/v2\/pages\/161\/revisions\/414"}],"up":[{"embeddable":true,"href":"https:\/\/www.bt-uitzendbureau.nl\/pl\/wp-json\/wp\/v2\/pages\/32"}],"wp:attachment":[{"href":"https:\/\/www.bt-uitzendbureau.nl\/pl\/wp-json\/wp\/v2\/media?parent=161"}],"curies":[{"name":"wp","href":"https:\/\/api.w.org\/{rel}","templated":true}]}}