{"id":117,"date":"2023-04-07T12:23:22","date_gmt":"2023-04-07T12:23:22","guid":{"rendered":"https:\/\/bt-uitzendbureau.nl\/nieuw\/?page_id=117"},"modified":"2023-04-26T09:35:28","modified_gmt":"2023-04-26T09:35:28","slug":"czesto-zadawane-pytania","status":"publish","type":"page","link":"https:\/\/www.bt-uitzendbureau.nl\/pl\/werknemers\/veelgestelde-vragen\/","title":{"rendered":"Najcz\u0119\u015bciej zadawane pytania"},"content":{"rendered":"<div id='av_section_1'  class='avia-section av-646551-a322fa596457572d321734b035cba18e main_color avia-section-default avia-no-border-styling  avia-builder-el-0  el_before_av_section  avia-builder-el-first  avia-bg-style-scroll container_wrap fullsize'  ><div class='container av-section-cont-open' ><main  role=\"main\" itemprop=\"mainContentOfPage\"  class='template-page content  av-content-full alpha units'><div class='post-entry post-entry-type-page post-entry-117'><div class='entry-content-wrapper clearfix'>\n<div class='flex_column av-24mkt-42eaeef54392a000bd16c26258eeac6f av_two_third  avia-builder-el-1  el_before_av_one_third  avia-builder-el-first  first flex_column_div'     ><p>\n<style type=\"text\/css\" data-created_by=\"avia_inline_auto\" id=\"style-css-av-5qa8zx-51634ae88bf23680f866b8a1615cc146\">\n#top .hr.hr-invisible.av-5qa8zx-51634ae88bf23680f866b8a1615cc146{\nheight:10px;\n}\n<\/style>\n<div  class='hr av-5qa8zx-51634ae88bf23680f866b8a1615cc146 hr-invisible  avia-builder-el-2  el_before_av_textblock  avia-builder-el-first'><span class='hr-inner'><span class=\"hr-inner-style\"><\/span><\/span><\/div><br \/>\n\n<style type=\"text\/css\" data-created_by=\"avia_inline_auto\" id=\"style-css-av-5hpvx1-a742bb83fef41eda80c928593b62f967\">\n#top .av_textblock_section.av-5hpvx1-a742bb83fef41eda80c928593b62f967 .avia_textblock{\nfont-size:22px;\n}\n<\/style>\n<section  class='av_textblock_section av-5hpvx1-a742bb83fef41eda80c928593b62f967'  itemscope=\"itemscope\" itemtype=\"https:\/\/schema.org\/CreativeWork\" ><div class='avia_textblock'  itemprop=\"text\" ><h2>Najcz\u0119\u015bciej zadawane pytania<\/h2>\n<p>Poni\u017cej znajduj\u0105 si\u0119 odpowiedzi na pytania, kt\u00f3re cz\u0119sto otrzymujemy. Je\u015bli Twojego pytania nie ma w\u015br\u00f3d nich lub nie mo\u017cesz go rozpracowa\u0107, skontaktuj si\u0119 z nami!<\/p>\n<\/div><\/section><br \/>\n<div  class='togglecontainer av-lgdmrbu3-45cb56a6392c09e19bda902710697393  avia-builder-el-4  el_after_av_textblock  avia-builder-el-last  toggle_close_all' >\n<section class='av_toggle_section av-lgdmldg6-cb1271a22b636f74fb8c7f6e1ae8dd6f'  itemscope=\"itemscope\" itemtype=\"https:\/\/schema.org\/CreativeWork\" ><div role=\"tablist\" class=\"single_toggle\" data-tags=\"{Wszystko} \"  ><p data-fake-id='#toggle-id-1' class='toggler'  itemprop=\"headline\"  role='tab' tabindex='0' aria-controls='toggle-id-1'>Czy p\u0142acisz za tydzie\u0144 czy za 4 tygodnie? <span class=\"toggle_icon\"><span class=\"vert_icon\"><\/span><span class=\"hor_icon\"><\/span><\/span><\/p><div id='toggle-id-1' class='toggle_wrap'  ><div class='toggle_content invers-color'  itemprop=\"text\" ><p>Mo\u017cliwe jest otrzymywanie wynagrodzenia zar\u00f3wno co tydzie\u0144, jak i co 4 tygodnie.<\/p>\n<\/div><\/div><\/div><\/section>\n<section class='av_toggle_section av-lgdmlmaq-f0c5cb34e97899baf6cc7dae730b6c9b'  itemscope=\"itemscope\" itemtype=\"https:\/\/schema.org\/CreativeWork\" ><div role=\"tablist\" class=\"single_toggle\" data-tags=\"{Wszystko} \"  ><p data-fake-id='#toggle-id-2' class='toggler'  itemprop=\"headline\"  role='tab' tabindex='0' aria-controls='toggle-id-2'>Kiedy otrzymam wynagrodzenie? <span class=\"toggle_icon\"><span class=\"vert_icon\"><\/span><span class=\"hor_icon\"><\/span><\/span><\/p><div id='toggle-id-2' class='toggle_wrap'  ><div class='toggle_content invers-color'  itemprop=\"text\" ><p>Po zako\u0144czeniu tygodnia pracy otrzymujesz wynagrodzenie w czwartek w nast\u0119pnym tygodniu. Ze wzgl\u0119du na usterki lub zagraniczne banki, czasami wyp\u0142ata mo\u017ce pojawi\u0107 si\u0119 dopiero w pi\u0105tek.<\/p>\n<\/div><\/div><\/div><\/section>\n<section class='av_toggle_section av-lgdmlmaq-60-32ad48f437752a825df1793779ebedaa'  itemscope=\"itemscope\" itemtype=\"https:\/\/schema.org\/CreativeWork\" ><div role=\"tablist\" class=\"single_toggle\" data-tags=\"{Wszystko} \"  ><p data-fake-id='#toggle-id-3' class='toggler'  itemprop=\"headline\"  role='tab' tabindex='0' aria-controls='toggle-id-3'>Jak\u0105 emerytur\u0119 otrzymam? <span class=\"toggle_icon\"><span class=\"vert_icon\"><\/span><span class=\"hor_icon\"><\/span><\/span><\/p><div id='toggle-id-3' class='toggle_wrap'  ><div class='toggle_content invers-color'  itemprop=\"text\" ><p>Emerytura BPF bouw dla pracownik\u00f3w wykwalifikowanych w CAO bouw en Infra. Emerytura Stipp dla wszystkich pozosta\u0142ych CLA.<\/p>\n<\/div><\/div><\/div><\/section>\n<section class='av_toggle_section av-lgdmlmaq-59-cfe4a0124c9dee4fa1c9307b00dad62c'  itemscope=\"itemscope\" itemtype=\"https:\/\/schema.org\/CreativeWork\" ><div role=\"tablist\" class=\"single_toggle\" data-tags=\"{Wszystko} \"  ><p data-fake-id='#toggle-id-4' class='toggler'  itemprop=\"headline\"  role='tab' tabindex='0' aria-controls='toggle-id-4'>Czy naliczam dni ADV? <span class=\"toggle_icon\"><span class=\"vert_icon\"><\/span><span class=\"hor_icon\"><\/span><\/span><\/p><div id='toggle-id-4' class='toggle_wrap'  ><div class='toggle_content invers-color'  itemprop=\"text\" ><p>Dni ADV s\u0105 tworzone zgodnie z Twoim uk\u0142adem zbiorowym pracy. Istnieje mo\u017cliwo\u015b\u0107 oszcz\u0119dzania ADV lub wyp\u0142acania go co tydzie\u0144 razem z wynagrodzeniem.<\/p>\n<\/div><\/div><\/div><\/section>\n<section class='av_toggle_section av-lgdmlmaq-58-2405b789572ec199cff9a1ade347de13'  itemscope=\"itemscope\" itemtype=\"https:\/\/schema.org\/CreativeWork\" ><div role=\"tablist\" class=\"single_toggle\" data-tags=\"{Wszystko} \"  ><p data-fake-id='#toggle-id-5' class='toggler'  itemprop=\"headline\"  role='tab' tabindex='0' aria-controls='toggle-id-5'>Czy ja si\u0119 starzej\u0119? <span class=\"toggle_icon\"><span class=\"vert_icon\"><\/span><span class=\"hor_icon\"><\/span><\/span><\/p><div id='toggle-id-5' class='toggle_wrap'  ><div class='toggle_content invers-color'  itemprop=\"text\" ><p>Je\u015bli jeste\u015b obj\u0119ty CAO dla Budownictwa i Infra i osi\u0105gn\u0105\u0142e\u015b okre\u015blony wiek, masz prawo do dodatkowych dni ADV.<\/p>\n<\/div><\/div><\/div><\/section>\n<section class='av_toggle_section av-lgdmlmaq-57-09ed5bf1fabb24db2d2edf101bc2b730'  itemscope=\"itemscope\" itemtype=\"https:\/\/schema.org\/CreativeWork\" ><div role=\"tablist\" class=\"single_toggle\" data-tags=\"{Wszystko} \"  ><p data-fake-id='#toggle-id-6' class='toggler'  itemprop=\"headline\"  role='tab' tabindex='0' aria-controls='toggle-id-6'>Kiedy wyp\u0142aca si\u0119 wynagrodzenie osobom prowadz\u0105cym dzia\u0142alno\u015b\u0107 gospodarcz\u0105? <span class=\"toggle_icon\"><span class=\"vert_icon\"><\/span><span class=\"hor_icon\"><\/span><\/span><\/p><div id='toggle-id-6' class='toggle_wrap'  ><div class='toggle_content invers-color'  itemprop=\"text\" ><p>ZZP'ersom p\u0142acimy 14 dni po wys\u0142aniu faktury. ZZP'owcom p\u0142acimy w pi\u0105tki.<\/p>\n<\/div><\/div><\/div><\/section>\n<section class='av_toggle_section av-lgdmlmaq-56-34261e2c4b1665736f92bb6aa772e866'  itemscope=\"itemscope\" itemtype=\"https:\/\/schema.org\/CreativeWork\" ><div role=\"tablist\" class=\"single_toggle\" data-tags=\"{Wszystko} \"  ><p data-fake-id='#toggle-id-7' class='toggler'  itemprop=\"headline\"  role='tab' tabindex='0' aria-controls='toggle-id-7'>Czy po godzinie 17.00 mog\u0119 jeszcze skontaktowa\u0107 si\u0119 z kim\u015b z Pa\u0144stwa agencji pracy? <span class=\"toggle_icon\"><span class=\"vert_icon\"><\/span><span class=\"hor_icon\"><\/span><\/span><\/p><div id='toggle-id-7' class='toggle_wrap'  ><div class='toggle_content invers-color'  itemprop=\"text\" ><p>W pilnych sprawach zawsze mo\u017cna si\u0119 z nami skontaktowa\u0107 przez telefon lub WhatsApp. Nale\u017cy pami\u0119ta\u0107, \u017ce odpowiedzi mog\u0105 by\u0107 nieco wolniejsze ni\u017c zwykle.<\/p>\n<\/div><\/div><\/div><\/section>\n<section class='av_toggle_section av-lgdmlmaq-55-e48bbd4ddff584131d752965384a44a8'  itemscope=\"itemscope\" itemtype=\"https:\/\/schema.org\/CreativeWork\" ><div role=\"tablist\" class=\"single_toggle\" data-tags=\"{Wszystko} \"  ><p data-fake-id='#toggle-id-8' class='toggler'  itemprop=\"headline\"  role='tab' tabindex='0' aria-controls='toggle-id-8'>Jak powinienem wys\u0142a\u0107 sw\u00f3j timesheet?<span class=\"toggle_icon\"><span class=\"vert_icon\"><\/span><span class=\"hor_icon\"><\/span><\/span><\/p><div id='toggle-id-8' class='toggle_wrap'  ><div class='toggle_content invers-color'  itemprop=\"text\" ><p>Mo\u017cna to zrobi\u0107 za pomoc\u0105 zdj\u0119cia poprzez WhatsApp do swojego po\u015brednika lub poprzez e-mail do <a href=\"mailto:info@www.bt-uitzendbureau.nl\">info@www.bt-uitzendbureau.nl<\/a>.<\/p>\n<\/div><\/div><\/div><\/section>\n<section class='av_toggle_section av-lgdmlmaq-54-d5e48e8907ed87509dfd6d19ceee0e4a'  itemscope=\"itemscope\" itemtype=\"https:\/\/schema.org\/CreativeWork\" ><div role=\"tablist\" class=\"single_toggle\" data-tags=\"{Wszystko} \"  ><p data-fake-id='#toggle-id-9' class='toggler'  itemprop=\"headline\"  role='tab' tabindex='0' aria-controls='toggle-id-9'>Kiedy mog\u0119 zawrze\u0107 umow\u0119 z klientem? <span class=\"toggle_icon\"><span class=\"vert_icon\"><\/span><span class=\"hor_icon\"><\/span><\/span><\/p><div id='toggle-id-9' class='toggle_wrap'  ><div class='toggle_content invers-color'  itemprop=\"text\" ><p>Po przepracowaniu 2080 godzin klient mo\u017ce Ci\u0119 przej\u0105\u0107 bezp\u0142atnie. Czasami zdarzaj\u0105 si\u0119 ustalenia, kt\u00f3re pozwalaj\u0105 na to, aby sta\u0142o si\u0119 to wcze\u015bniej.<\/p>\n<\/div><\/div><\/div><\/section>\n<section class='av_toggle_section av-lgdmlmaq-53-755cdd66ccc0ff77c270352b217f7ebb'  itemscope=\"itemscope\" itemtype=\"https:\/\/schema.org\/CreativeWork\" ><div role=\"tablist\" class=\"single_toggle\" data-tags=\"{Wszystko} \"  ><p data-fake-id='#toggle-id-10' class='toggler'  itemprop=\"headline\"  role='tab' tabindex='0' aria-controls='toggle-id-10'>Jestem chory, do kogo mam zg\u0142osi\u0107 chorob\u0119? <span class=\"toggle_icon\"><span class=\"vert_icon\"><\/span><span class=\"hor_icon\"><\/span><\/span><\/p><div id='toggle-id-10' class='toggle_wrap'  ><div class='toggle_content invers-color'  itemprop=\"text\" ><p>Zawsze zg\u0142aszaj chorob\u0119 swojemu Intercendentowi i klientowi. Je\u015bli raporty chorobowe nie s\u0105 przekazywane do intercendenta, nie mog\u0105 by\u0107 przetwarzane. Zawsze zg\u0142aszaj chorob\u0119 tego samego dnia.<\/p>\n<\/div><\/div><\/div><\/section>\n<section class='av_toggle_section av-lgdmlmaq-52-c4a3d2496b721c26297a4aa728d74fdb'  itemscope=\"itemscope\" itemtype=\"https:\/\/schema.org\/CreativeWork\" ><div role=\"tablist\" class=\"single_toggle\" data-tags=\"{Wszystko} \"  ><p data-fake-id='#toggle-id-11' class='toggler'  itemprop=\"headline\"  role='tab' tabindex='0' aria-controls='toggle-id-11'>Kiedy otrzymam swoje wynagrodzenie za urlop? <span class=\"toggle_icon\"><span class=\"vert_icon\"><\/span><span class=\"hor_icon\"><\/span><\/span><\/p><div id='toggle-id-11' class='toggle_wrap'  ><div class='toggle_content invers-color'  itemprop=\"text\" ><p>W miesi\u0105cu czerwcu.<\/p>\n<\/div><\/div><\/div><\/section>\n<section class='av_toggle_section av-lgdmlmaq-51-f93c78eb7f31332ae5a3c8b32ec49742'  itemscope=\"itemscope\" itemtype=\"https:\/\/schema.org\/CreativeWork\" ><div role=\"tablist\" class=\"single_toggle\" data-tags=\"{Wszystko} \"  ><p data-fake-id='#toggle-id-12' class='toggler'  itemprop=\"headline\"  role='tab' tabindex='0' aria-controls='toggle-id-12'>Gdzie mog\u0119 znale\u017a\u0107 moje odcinki wyp\u0142aty i zestawienia roczne? <span class=\"toggle_icon\"><span class=\"vert_icon\"><\/span><span class=\"hor_icon\"><\/span><\/span><\/p><div id='toggle-id-12' class='toggle_wrap'  ><div class='toggle_content invers-color'  itemprop=\"text\" ><p>BT Uitzendbureau pracuje z portalem godzinowym E UUR. W tym systemie oprogramowania ka\u017cdy pracownik otrzymuje sw\u00f3j w\u0142asny portal wyposa\u017cony w has\u0142o. Znajduj\u0105 si\u0119 tam wszystkie potrzebne dokumenty, takie jak umowa, odcinki wyp\u0142aty, zeznanie roczne itp. E-godziny s\u0105 dost\u0119pne na naszej stronie internetowej poprzez klikni\u0119cie na \"e-godziny\" w prawym g\u00f3rnym rogu.<\/p>\n<\/div><\/div><\/div><\/section>\n<section class='av_toggle_section av-lgdmlmaq-50-e340ea114d4261c04a5c5c86badddf5f'  itemscope=\"itemscope\" itemtype=\"https:\/\/schema.org\/CreativeWork\" ><div role=\"tablist\" class=\"single_toggle\" data-tags=\"{Wszystko} \"  ><p data-fake-id='#toggle-id-13' class='toggler'  itemprop=\"headline\"  role='tab' tabindex='0' aria-controls='toggle-id-13'>Czy otrzymam wynagrodzenie za dni wolne od pracy? <span class=\"toggle_icon\"><span class=\"vert_icon\"><\/span><span class=\"hor_icon\"><\/span><\/span><\/p><div id='toggle-id-13' class='toggle_wrap'  ><div class='toggle_content invers-color'  itemprop=\"text\" ><p>Tak! Patrzymy na Twoj\u0105 \u015bredni\u0105 liczb\u0119 godzin przepracowanych w poprzednich tygodniach. Na przyk\u0142ad, je\u015bli \u015bwi\u0119to pa\u0144stwowe przypada w \u015brod\u0119, patrzymy na to, ile godzin \u015brednio przepracowa\u0142e\u015b w \u015brod\u0119.<\/p>\n<\/div><\/div><\/div><\/section>\n<section class='av_toggle_section av-lgdmlmaq-49-30e4991ed5f66b7d553d3c8bad938fdb'  itemscope=\"itemscope\" itemtype=\"https:\/\/schema.org\/CreativeWork\" ><div role=\"tablist\" class=\"single_toggle\" data-tags=\"{Wszystko} \"  ><p data-fake-id='#toggle-id-14' class='toggler'  itemprop=\"headline\"  role='tab' tabindex='0' aria-controls='toggle-id-14'>Mog\u0119 si\u0119 ustatkowa\u0107? <span class=\"toggle_icon\"><span class=\"vert_icon\"><\/span><span class=\"hor_icon\"><\/span><\/span><\/p><div id='toggle-id-14' class='toggle_wrap'  ><div class='toggle_content invers-color'  itemprop=\"text\" ><p>Pewnie!!! 81% naszych pracownik\u00f3w po 1,5 roku dostaje umow\u0119 z naszym klientem.<\/p>\n<\/div><\/div><\/div><\/section>\n<section class='av_toggle_section av-lgdmlmaq-48-b20bb3eb737f55a154965a323a824783'  itemscope=\"itemscope\" itemtype=\"https:\/\/schema.org\/CreativeWork\" ><div role=\"tablist\" class=\"single_toggle\" data-tags=\"{Wszystko} \"  ><p data-fake-id='#toggle-id-15' class='toggler'  itemprop=\"headline\"  role='tab' tabindex='0' aria-controls='toggle-id-15'>Czy mog\u0119 wzi\u0105\u0107 udzia\u0142 w szkoleniu lub kursie za po\u015brednictwem agencji pracy BT? <span class=\"toggle_icon\"><span class=\"vert_icon\"><\/span><span class=\"hor_icon\"><\/span><\/span><\/p><div id='toggle-id-15' class='toggle_wrap'  ><div class='toggle_content invers-color'  itemprop=\"text\" ><p>Tak mo\u017cna! Skontaktuj si\u0119 ze swoim po\u015brednikiem w sprawie wszystkich mo\u017cliwo\u015bci.<\/p>\n<\/div><\/div><\/div><\/section>\n<section class='av_toggle_section av-lgdmlmaq-47-707d3ea7f2622e7f0c07a445b508a692'  itemscope=\"itemscope\" itemtype=\"https:\/\/schema.org\/CreativeWork\" ><div role=\"tablist\" class=\"single_toggle\" data-tags=\"{Wszystko} \"  ><p data-fake-id='#toggle-id-16' class='toggler'  itemprop=\"headline\"  role='tab' tabindex='0' aria-controls='toggle-id-16'>Mam skarg\u0119 na wsp\u00f3\u0142pracownika, najemc\u0119 lub agencj\u0119 pracy BT. Gdzie mog\u0119 to zg\u0142osi\u0107? <span class=\"toggle_icon\"><span class=\"vert_icon\"><\/span><span class=\"hor_icon\"><\/span><\/span><\/p><div id='toggle-id-16' class='toggle_wrap'  ><div class='toggle_content invers-color'  itemprop=\"text\" ><p>Nast\u0119pnie wy\u015blij nam wiadomo\u015b\u0107 e-mail na adres <a href=\"mailto:info@www.bt-uitzendbureau.nl\">info@www.bt-uitzendbureau.nl<\/a> i odpowiemy na ni\u0105 w ci\u0105gu 1 dnia roboczego.<\/p>\n<\/div><\/div><\/div><\/section>\n<\/div><\/p><\/div><div class='flex_column av-5dvx3h-54ae9f9c66cbc1df25670cf0fc892fe7 av_one_third  avia-builder-el-5  el_after_av_two_third  avia-builder-el-last  flex_column_div'     ><style type=\"text\/css\" data-created_by=\"avia_inline_auto\" id=\"style-css-av-591h05-b471cdd5e8eb866eef3cee05f116eb95\">\n.avia-image-container.av-591h05-b471cdd5e8eb866eef3cee05f116eb95 img.avia_image{\nbox-shadow:none;\n}\n.avia-image-container.av-591h05-b471cdd5e8eb866eef3cee05f116eb95 .av-image-caption-overlay-center{\ncolor:#ffffff;\n}\n<\/style>\n<div  class='avia-image-container av-591h05-b471cdd5e8eb866eef3cee05f116eb95 av-styling- avia-align-center  avia-builder-el-6  avia-builder-el-no-sibling'   itemprop=\"image\" itemscope=\"itemscope\" itemtype=\"https:\/\/schema.org\/ImageObject\" ><div class=\"avia-image-container-inner\"><div class=\"avia-image-overlay-wrap\"><img decoding=\"async\" class='wp-image-126 avia-img-lazy-loading-not-126 avia_image' src=\"https:\/\/www.bt-uitzendbureau.nl\/wp-content\/uploads\/2023\/04\/Onze-diensten.png\" alt='' title='Nasze us\u0142ugi'  height=\"746\" width=\"746\"  itemprop=\"thumbnailUrl\" srcset=\"https:\/\/www.bt-uitzendbureau.nl\/wp-content\/uploads\/2023\/04\/Onze-diensten.png 746w, https:\/\/www.bt-uitzendbureau.nl\/wp-content\/uploads\/2023\/04\/Onze-diensten-300x300.png 300w, https:\/\/www.bt-uitzendbureau.nl\/wp-content\/uploads\/2023\/04\/Onze-diensten-80x80.png 80w, https:\/\/www.bt-uitzendbureau.nl\/wp-content\/uploads\/2023\/04\/Onze-diensten-36x36.png 36w, https:\/\/www.bt-uitzendbureau.nl\/wp-content\/uploads\/2023\/04\/Onze-diensten-180x180.png 180w, https:\/\/www.bt-uitzendbureau.nl\/wp-content\/uploads\/2023\/04\/Onze-diensten-705x705.png 705w\" sizes=\"(max-width: 746px) 100vw, 746px\" \/><\/div><\/div><\/div><\/div><\/div><\/div><\/main><!-- close content main element --><\/div><\/div><div id='av_section_2'  class='avia-section av-111jt1-d07feb32323c2fcf1f2237b76419d37d main_color avia-section-large avia-no-border-styling  avia-builder-el-7  el_after_av_section  avia-builder-el-last  avia-bg-style-scroll container_wrap fullsize'  ><div class='container av-section-cont-open' ><div class='template-page content  av-content-full alpha units'><div class='post-entry post-entry-type-page post-entry-117'><div class='entry-content-wrapper clearfix'>\n<div class='flex_column av-x3j5h-97d36f3ab1feb5315f1a32d08dff5cc8 av_one_full  avia-builder-el-8  avia-builder-el-no-sibling  first flex_column_div'     ><section  class='av_textblock_section av-2jsvh-a83e7c1542f79670695e48f78bcb7ef4'  itemscope=\"itemscope\" itemtype=\"https:\/\/schema.org\/CreativeWork\" ><div class='avia_textblock'  itemprop=\"text\" ><h2 style=\"text-align: center;\">Wakaty bez do\u015bwiadczenia<\/h2>\n<\/div><\/section><br \/>\n\n<style type=\"text\/css\" data-created_by=\"avia_inline_auto\" id=\"style-css-av-nlbph-0530467c37138363104b8adc1a231a3d\">\n#top .hr.hr-invisible.av-nlbph-0530467c37138363104b8adc1a231a3d{\nheight:35px;\n}\n<\/style>\n<div  class='hr av-nlbph-0530467c37138363104b8adc1a231a3d hr-invisible  avia-builder-el-10  el_after_av_textblock  el_before_av_codeblock'><span class='hr-inner'><span class=\"hr-inner-style\"><\/span><\/span><\/div><br \/>\n<br \/>\n<div  class='avia-button-wrap av-7n1bp-1c5428e272329a77a97ab5a0277fe770-wrap avia-button-center  avia-builder-el-12  el_after_av_codeblock  avia-builder-el-last'><a href='\/pl\/wakaty-2\/'  class='avia-button av-7n1bp-1c5428e272329a77a97ab5a0277fe770 avia-icon_select-no avia-size-small avia-position-center avia-color-theme-color-subtle'  ><span class='avia_iconbox_title' >Zobacz wszystkie oferty pracy<\/span><\/a><\/div><\/p><\/div>\n<\/p>","protected":false},"excerpt":{"rendered":"","protected":false},"author":1,"featured_media":0,"parent":30,"menu_order":0,"comment_status":"closed","ping_status":"closed","template":"","meta":{"_acf_changed":false,"_monsterinsights_skip_tracking":false,"_monsterinsights_sitenote_active":false,"_monsterinsights_sitenote_note":"","_monsterinsights_sitenote_category":0,"footnotes":""},"class_list":["post-117","page","type-page","status-publish","hentry"],"acf":[],"_links":{"self":[{"href":"https:\/\/www.bt-uitzendbureau.nl\/pl\/wp-json\/wp\/v2\/pages\/117","targetHints":{"allow":["GET"]}}],"collection":[{"href":"https:\/\/www.bt-uitzendbureau.nl\/pl\/wp-json\/wp\/v2\/pages"}],"about":[{"href":"https:\/\/www.bt-uitzendbureau.nl\/pl\/wp-json\/wp\/v2\/types\/page"}],"author":[{"embeddable":true,"href":"https:\/\/www.bt-uitzendbureau.nl\/pl\/wp-json\/wp\/v2\/users\/1"}],"replies":[{"embeddable":true,"href":"https:\/\/www.bt-uitzendbureau.nl\/pl\/wp-json\/wp\/v2\/comments?post=117"}],"version-history":[{"count":5,"href":"https:\/\/www.bt-uitzendbureau.nl\/pl\/wp-json\/wp\/v2\/pages\/117\/revisions"}],"predecessor-version":[{"id":382,"href":"https:\/\/www.bt-uitzendbureau.nl\/pl\/wp-json\/wp\/v2\/pages\/117\/revisions\/382"}],"up":[{"embeddable":true,"href":"https:\/\/www.bt-uitzendbureau.nl\/pl\/wp-json\/wp\/v2\/pages\/30"}],"wp:attachment":[{"href":"https:\/\/www.bt-uitzendbureau.nl\/pl\/wp-json\/wp\/v2\/media?parent=117"}],"curies":[{"name":"wp","href":"https:\/\/api.w.org\/{rel}","templated":true}]}}