{"id":233,"date":"2023-04-12T12:43:15","date_gmt":"2023-04-12T12:43:15","guid":{"rendered":"https:\/\/bt-uitzendbureau.nl\/?page_id=233"},"modified":"2023-04-30T21:08:58","modified_gmt":"2023-04-30T21:08:58","slug":"letoltesek","status":"publish","type":"page","link":"https:\/\/www.bt-uitzendbureau.nl\/hu\/werkgevers\/downloads\/","title":{"rendered":"Let\u00f6lt\u00e9sek"},"content":{"rendered":"<div id='av_section_1'  class='avia-section av-3aql7l-7a36d7fae4e92ed10bfe8401f2402ec8 main_color avia-section-default avia-no-border-styling  avia-builder-el-0  el_before_av_section  avia-builder-el-first  avia-bg-style-scroll container_wrap fullsize'  ><div class='container av-section-cont-open' ><main  role=\"main\" itemprop=\"mainContentOfPage\"  class='template-page content  av-content-full alpha units'><div class='post-entry post-entry-type-page post-entry-233'><div class='entry-content-wrapper clearfix'>\n<div class='flex_column av-30e2pt-41dde1df4063668dab881cdea43911b2 av_one_full  avia-builder-el-1  el_before_av_one_third  avia-builder-el-first  first flex_column_div'     ><p>\n<style type=\"text\/css\" data-created_by=\"avia_inline_auto\" id=\"style-css-av-2ufjq1-b676f564b1b9c578ff73f9ea400e260a\">\n#top .hr.hr-invisible.av-2ufjq1-b676f564b1b9c578ff73f9ea400e260a{\nheight:10px;\n}\n<\/style>\n<div  class='hr av-2ufjq1-b676f564b1b9c578ff73f9ea400e260a hr-invisible  avia-builder-el-2  el_before_av_textblock  avia-builder-el-first'><span class='hr-inner'><span class=\"hr-inner-style\"><\/span><\/span><\/div><br \/>\n\n<style type=\"text\/css\" data-created_by=\"avia_inline_auto\" id=\"style-css-av-2qixzt-722d84f7c89a7e26a3d3d61389d757cc\">\n#top .av_textblock_section.av-2qixzt-722d84f7c89a7e26a3d3d61389d757cc .avia_textblock{\nfont-size:22px;\n}\n<\/style>\n<section  class='av_textblock_section av-2qixzt-722d84f7c89a7e26a3d3d61389d757cc'  itemscope=\"itemscope\" itemtype=\"https:\/\/schema.org\/CreativeWork\" ><div class='avia_textblock'  itemprop=\"text\" ><h2>Let\u00f6lt\u00e9sek<\/h2>\n<p>Itt olyan fontos f\u00e1jlokat \u00e9s nyomtatv\u00e1nyokat tal\u00e1l, amelyek munkav\u00e1llal\u00f3k\u00e9nt \u00e9rdekelhetik \u00d6nt.<\/p>\n<\/div><\/section><\/p><\/div><div class='flex_column_table av-98ufl-ce50a75770e1a29da62f7a6222227996 sc-av_one_third av-equal-height-column-flextable'>\n<style type=\"text\/css\" data-created_by=\"avia_inline_auto\" id=\"style-css-av-98ufl-ce50a75770e1a29da62f7a6222227996\">\n.flex_column.av-98ufl-ce50a75770e1a29da62f7a6222227996{\nwidth:31.333333333333%;\nmargin-left:0;\n-webkit-border-radius:8px 8px 8px 8px;\n-moz-border-radius:8px 8px 8px 8px;\nborder-radius:8px 8px 8px 8px;\npadding:30px 30px 30px 30px;\nbackground-color:#ffffff;\n}\n#top .flex_column_table.av-equal-height-column-flextable.av-98ufl-ce50a75770e1a29da62f7a6222227996 .av-flex-placeholder{\nwidth:3%;\n}\n<\/style>\n<div class='flex_column av-98ufl-ce50a75770e1a29da62f7a6222227996 av_one_third  avia-builder-el-4  el_after_av_one_full  el_before_av_one_third  first flex_column_table_cell av-equal-height-column av-align-top column-top-margin'     ><section  class='av_textblock_section av-lgdooe7y-c1f11a9336a10c40264336db03037d6c'  itemscope=\"itemscope\" itemtype=\"https:\/\/schema.org\/CreativeWork\" ><div class='avia_textblock'  itemprop=\"text\" ><h3>KVK bt uitzendbureau B.V.<\/h3>\n<\/div><\/section><br \/>\n\n<style type=\"text\/css\" data-created_by=\"avia_inline_auto\" id=\"style-css-av-2bygtl-984ea1807bfd107fec53c8200274a97a\">\n#top .hr.hr-invisible.av-2bygtl-984ea1807bfd107fec53c8200274a97a{\nheight:15px;\n}\n<\/style>\n<div  class='hr av-2bygtl-984ea1807bfd107fec53c8200274a97a hr-invisible  avia-builder-el-6  el_after_av_textblock  el_before_av_button'><span class='hr-inner'><span class=\"hr-inner-style\"><\/span><\/span><\/div><br \/>\n<div  class='avia-button-wrap av-2ac8dd-eea47b0ecad03df5f20540f05ea51d7f-wrap avia-button-left  avia-builder-el-7  el_after_av_hr  avia-builder-el-last'><a href='https:\/\/www.bt-uitzendbureau.nl\/wp-content\/uploads\/2023\/04\/KVK-2023-nieuw.pdf' class='avia-button av-2ac8dd-eea47b0ecad03df5f20540f05ea51d7f avia-icon_select-no avia-size-small avia-position-left avia-color-theme-color' target=\"_blank\" rel=\"noopener noreferrer\"><span class='avia_iconbox_title' >Let\u00f6lt\u00e9s <\/span><\/a><\/div><\/p><\/div><div class='av-flex-placeholder'><\/div>\n<style type=\"text\/css\" data-created_by=\"avia_inline_auto\" id=\"style-css-av-22rx4p-ac725994d4412c83f7d4314a061f237e\">\n.flex_column.av-22rx4p-ac725994d4412c83f7d4314a061f237e{\nwidth:31.333333333333%;\nmargin-left:0;\n-webkit-border-radius:8px 8px 8px 8px;\n-moz-border-radius:8px 8px 8px 8px;\nborder-radius:8px 8px 8px 8px;\npadding:30px 30px 30px 30px;\nbackground-color:#ffffff;\n}\n#top .flex_column_table.av-equal-height-column-flextable.av-22rx4p-ac725994d4412c83f7d4314a061f237e .av-flex-placeholder{\nwidth:3%;\n}\n<\/style>\n<div class='flex_column av-22rx4p-ac725994d4412c83f7d4314a061f237e av_one_third  avia-builder-el-8  el_after_av_one_third  el_before_av_one_third  flex_column_table_cell av-equal-height-column av-align-top column-top-margin'     ><section  class='av_textblock_section av-lgdoom1t-3f341a5d368664953ec9d2da5f23bb16'  itemscope=\"itemscope\" itemtype=\"https:\/\/schema.org\/CreativeWork\" ><div class='avia_textblock'  itemprop=\"text\" ><h3>CoC BT-szolg\u00e1ltat\u00e1sok<\/h3>\n<\/div><\/section><br \/>\n\n<style type=\"text\/css\" data-created_by=\"avia_inline_auto\" id=\"style-css-av-1ykdvt-a9c6c2d6f1b712efde0724a6ae38a0f2\">\n#top .hr.hr-invisible.av-1ykdvt-a9c6c2d6f1b712efde0724a6ae38a0f2{\nheight:15px;\n}\n<\/style>\n<div  class='hr av-1ykdvt-a9c6c2d6f1b712efde0724a6ae38a0f2 hr-invisible  avia-builder-el-10  el_after_av_textblock  el_before_av_button'><span class='hr-inner'><span class=\"hr-inner-style\"><\/span><\/span><\/div><br \/>\n<div  class='avia-button-wrap av-1s2p2p-f7861630b2f06f632846759a5d559c36-wrap avia-button-left  avia-builder-el-11  el_after_av_hr  avia-builder-el-last'><a href='https:\/\/www.bt-uitzendbureau.nl\/wp-content\/uploads\/2023\/04\/KvK-Diensten-BV-2023-nieuw-.pdf' class='avia-button av-1s2p2p-f7861630b2f06f632846759a5d559c36 avia-icon_select-no avia-size-small avia-position-left avia-color-theme-color' target=\"_blank\" rel=\"noopener noreferrer\"><span class='avia_iconbox_title' >Let\u00f6lt\u00e9s <\/span><\/a><\/div><\/p><\/div><div class='av-flex-placeholder'><\/div>\n<style type=\"text\/css\" data-created_by=\"avia_inline_auto\" id=\"style-css-av-1lgp69-99ab6330f2fbf4223bac7c8113467cdc\">\n.flex_column.av-1lgp69-99ab6330f2fbf4223bac7c8113467cdc{\nwidth:31.333333333333%;\nmargin-left:0;\n-webkit-border-radius:8px 8px 8px 8px;\n-moz-border-radius:8px 8px 8px 8px;\nborder-radius:8px 8px 8px 8px;\npadding:30px 30px 30px 30px;\nbackground-color:#ffffff;\n}\n#top .flex_column_table.av-equal-height-column-flextable.av-1lgp69-99ab6330f2fbf4223bac7c8113467cdc .av-flex-placeholder{\nwidth:3%;\n}\n<\/style>\n<div class='flex_column av-1lgp69-99ab6330f2fbf4223bac7c8113467cdc av_one_third  avia-builder-el-12  el_after_av_one_third  el_before_av_one_third  flex_column_table_cell av-equal-height-column av-align-top column-top-margin'     ><section  class='av_textblock_section av-lgdoowsg-8abda0bef4d0882e42740541505521ed'  itemscope=\"itemscope\" itemtype=\"https:\/\/schema.org\/CreativeWork\" ><div class='avia_textblock'  itemprop=\"text\" ><h3>G sz\u00e1mla<\/h3>\n<\/div><\/section><br \/>\n\n<style type=\"text\/css\" data-created_by=\"avia_inline_auto\" id=\"style-css-av-1dp54p-429a584ebfa26e97fcdceb4b61ddc205\">\n#top .hr.hr-invisible.av-1dp54p-429a584ebfa26e97fcdceb4b61ddc205{\nheight:15px;\n}\n<\/style>\n<div  class='hr av-1dp54p-429a584ebfa26e97fcdceb4b61ddc205 hr-invisible  avia-builder-el-14  el_after_av_textblock  el_before_av_button'><span class='hr-inner'><span class=\"hr-inner-style\"><\/span><\/span><\/div><br \/>\n<div  class='avia-button-wrap av-17lmcp-7d5eb2342575b126cf9358b0f0ced879-wrap avia-button-left  avia-builder-el-15  el_after_av_hr  avia-builder-el-last'><a href='https:\/\/www.bt-uitzendbureau.nl\/wp-content\/uploads\/2023\/04\/G-rekening-BT-uitzendbureau.pdf' class='avia-button av-17lmcp-7d5eb2342575b126cf9358b0f0ced879 avia-icon_select-no avia-size-small avia-position-left avia-color-theme-color' target=\"_blank\" rel=\"noopener noreferrer\"><span class='avia_iconbox_title' >Let\u00f6lt\u00e9s <\/span><\/a><\/div><\/p><\/div><\/div><!--close column table wrapper. Autoclose: 1 --><div class='flex_column_table av-1om26x-bb6215e708099f70e072e2f8a540bd07 sc-av_one_third av-equal-height-column-flextable'>\n<style type=\"text\/css\" data-created_by=\"avia_inline_auto\" id=\"style-css-av-1om26x-bb6215e708099f70e072e2f8a540bd07\">\n.flex_column.av-1om26x-bb6215e708099f70e072e2f8a540bd07{\nwidth:31.333333333333%;\nmargin-left:0;\n-webkit-border-radius:8px 8px 8px 8px;\n-moz-border-radius:8px 8px 8px 8px;\nborder-radius:8px 8px 8px 8px;\npadding:30px 30px 30px 30px;\nbackground-color:#ffffff;\n}\n#top .flex_column_table.av-equal-height-column-flextable.av-1om26x-bb6215e708099f70e072e2f8a540bd07 .av-flex-placeholder{\nwidth:3%;\n}\n<\/style>\n<div class='flex_column av-1om26x-bb6215e708099f70e072e2f8a540bd07 av_one_third  avia-builder-el-16  el_after_av_one_third  el_before_av_one_third  first flex_column_table_cell av-equal-height-column av-align-top column-top-margin'     ><section  class='av_textblock_section av-lgdoream-0c861901344c52e5dfd6136d4a416256'  itemscope=\"itemscope\" itemtype=\"https:\/\/schema.org\/CreativeWork\" ><div class='avia_textblock'  itemprop=\"text\" ><h3>NBBU tags\u00e1g<\/h3>\n<\/div><\/section><br \/>\n\n<style type=\"text\/css\" data-created_by=\"avia_inline_auto\" id=\"style-css-av-1jo4bt-1ab8ccac8a6779f02d5140b6d43e9be6\">\n#top .hr.hr-invisible.av-1jo4bt-1ab8ccac8a6779f02d5140b6d43e9be6{\nheight:15px;\n}\n<\/style>\n<div  class='hr av-1jo4bt-1ab8ccac8a6779f02d5140b6d43e9be6 hr-invisible  avia-builder-el-18  el_after_av_textblock  el_before_av_button'><span class='hr-inner'><span class=\"hr-inner-style\"><\/span><\/span><\/div><br \/>\n<div  class='avia-button-wrap av-lgdow2si-e27fe3420bee72af676d169b3ce8c2d2-wrap avia-button-left  avia-builder-el-19  el_after_av_hr  avia-builder-el-last'><a href='https:\/\/www.bt-uitzendbureau.nl\/wp-content\/uploads\/2023\/04\/NBBU-Lidmaatschap-_1_-min-scaled.jpg' class='avia-button av-lgdow2si-e27fe3420bee72af676d169b3ce8c2d2 avia-icon_select-no avia-size-small avia-position-left avia-color-theme-color' target=\"_blank\" rel=\"noopener noreferrer\"><span class='avia_iconbox_title' >Let\u00f6lt\u00e9s <\/span><\/a><\/div><\/p><\/div><div class='av-flex-placeholder'><\/div>\n<style type=\"text\/css\" data-created_by=\"avia_inline_auto\" id=\"style-css-av-1duo7d-8bdd36cf5e3a24961642b6a1f6a09a2a\">\n.flex_column.av-1duo7d-8bdd36cf5e3a24961642b6a1f6a09a2a{\nwidth:31.333333333333%;\nmargin-left:0;\n-webkit-border-radius:8px 8px 8px 8px;\n-moz-border-radius:8px 8px 8px 8px;\nborder-radius:8px 8px 8px 8px;\npadding:30px 30px 30px 30px;\nbackground-color:#ffffff;\n}\n#top .flex_column_table.av-equal-height-column-flextable.av-1duo7d-8bdd36cf5e3a24961642b6a1f6a09a2a .av-flex-placeholder{\nwidth:3%;\n}\n<\/style>\n<div class='flex_column av-1duo7d-8bdd36cf5e3a24961642b6a1f6a09a2a av_one_third  avia-builder-el-20  el_after_av_one_third  el_before_av_one_third  flex_column_table_cell av-equal-height-column av-align-top column-top-margin'     ><section  class='av_textblock_section av-lgdorkwh-c641b5ccd90b8bcd3d131c562793dcb5'  itemscope=\"itemscope\" itemtype=\"https:\/\/schema.org\/CreativeWork\" ><div class='avia_textblock'  itemprop=\"text\" ><h3>SNA<\/h3>\n<\/div><\/section><br \/>\n\n<style type=\"text\/css\" data-created_by=\"avia_inline_auto\" id=\"style-css-av-19y5k9-ad6a09510a6fc9fcf7ed79f3fd9a4fd9\">\n#top .hr.hr-invisible.av-19y5k9-ad6a09510a6fc9fcf7ed79f3fd9a4fd9{\nheight:15px;\n}\n<\/style>\n<div  class='hr av-19y5k9-ad6a09510a6fc9fcf7ed79f3fd9a4fd9 hr-invisible  avia-builder-el-22  el_after_av_textblock  el_before_av_button'><span class='hr-inner'><span class=\"hr-inner-style\"><\/span><\/span><\/div><br \/>\n<div  class='avia-button-wrap av-lgdovscj-8f67dc67429983495783b2761c82b3fc-wrap avia-button-left  avia-builder-el-23  el_after_av_hr  avia-builder-el-last'><a href='https:\/\/www.bt-uitzendbureau.nl\/wp-content\/uploads\/2023\/04\/SNA-Certificering-9-3-23.pdf' class='avia-button av-lgdovscj-8f67dc67429983495783b2761c82b3fc avia-icon_select-no avia-size-small avia-position-left avia-color-theme-color' target=\"_blank\" rel=\"noopener noreferrer\"><span class='avia_iconbox_title' >Let\u00f6lt\u00e9s <\/span><\/a><\/div><\/p><\/div><div class='av-flex-placeholder'><\/div>\n<style type=\"text\/css\" data-created_by=\"avia_inline_auto\" id=\"style-css-av-15dvzd-6c47b547d20f56561ce61dce3eff534c\">\n.flex_column.av-15dvzd-6c47b547d20f56561ce61dce3eff534c{\nwidth:31.333333333333%;\nmargin-left:0;\n-webkit-border-radius:8px 8px 8px 8px;\n-moz-border-radius:8px 8px 8px 8px;\nborder-radius:8px 8px 8px 8px;\npadding:30px 30px 30px 30px;\nbackground-color:#ffffff;\n}\n#top .flex_column_table.av-equal-height-column-flextable.av-15dvzd-6c47b547d20f56561ce61dce3eff534c .av-flex-placeholder{\nwidth:3%;\n}\n<\/style>\n<div class='flex_column av-15dvzd-6c47b547d20f56561ce61dce3eff534c av_one_third  avia-builder-el-24  el_after_av_one_third  el_before_av_one_third  flex_column_table_cell av-equal-height-column av-align-top column-top-margin'     ><section  class='av_textblock_section av-lgdorsif-14a04c6e5982cca8de927a6e1f8a6f83'  itemscope=\"itemscope\" itemtype=\"https:\/\/schema.org\/CreativeWork\" ><div class='avia_textblock'  itemprop=\"text\" ><h3>WKA<\/h3>\n<\/div><\/section><br \/>\n\n<style type=\"text\/css\" data-created_by=\"avia_inline_auto\" id=\"style-css-av-3avi1-b40b99fb7ff8f62a1ed76ec00b40c5d2\">\n#top .hr.hr-invisible.av-3avi1-b40b99fb7ff8f62a1ed76ec00b40c5d2{\nheight:15px;\n}\n<\/style>\n<div  class='hr av-3avi1-b40b99fb7ff8f62a1ed76ec00b40c5d2 hr-invisible  avia-builder-el-26  el_after_av_textblock  el_before_av_button'><span class='hr-inner'><span class=\"hr-inner-style\"><\/span><\/span><\/div><br \/>\n<div  class='avia-button-wrap av-lgdowyvm-63e1ce21454537cee59c42c6bfe70130-wrap avia-button-left  avia-builder-el-27  el_after_av_hr  avia-builder-el-last'><a href='https:\/\/www.bt-uitzendbureau.nl\/wp-content\/uploads\/2023\/04\/WKA-BT-uitzendbureau-22-maart-2023.pdf' class='avia-button av-lgdowyvm-63e1ce21454537cee59c42c6bfe70130 avia-icon_select-no avia-size-small avia-position-left avia-color-theme-color' target=\"_blank\" rel=\"noopener noreferrer\"><span class='avia_iconbox_title' >Let\u00f6lt\u00e9s <\/span><\/a><\/div><\/p><\/div><\/div><!--close column table wrapper. Autoclose: 1 --><div class='flex_column_table av-tot15-a0bf6d7fff93f95eca00472e0525ab1b sc-av_one_third av-equal-height-column-flextable'>\n<style type=\"text\/css\" data-created_by=\"avia_inline_auto\" id=\"style-css-av-tot15-a0bf6d7fff93f95eca00472e0525ab1b\">\n.flex_column.av-tot15-a0bf6d7fff93f95eca00472e0525ab1b{\nwidth:31.333333333333%;\nmargin-left:0;\n-webkit-border-radius:8px 8px 8px 8px;\n-moz-border-radius:8px 8px 8px 8px;\nborder-radius:8px 8px 8px 8px;\npadding:30px 30px 30px 30px;\nbackground-color:#ffffff;\n}\n#top .flex_column_table.av-equal-height-column-flextable.av-tot15-a0bf6d7fff93f95eca00472e0525ab1b .av-flex-placeholder{\nwidth:3%;\n}\n<\/style>\n<div class='flex_column av-tot15-a0bf6d7fff93f95eca00472e0525ab1b av_one_third  avia-builder-el-28  el_after_av_one_third  el_before_av_one_third  first flex_column_table_cell av-equal-height-column av-align-top column-top-margin'     ><section  class='av_textblock_section av-lgdos37m-84dbfa538353138ba9435d68fc39aa19'  itemscope=\"itemscope\" itemtype=\"https:\/\/schema.org\/CreativeWork\" ><div class='avia_textblock'  itemprop=\"text\" ><h3>\u00c1ltal\u00e1nos szerz\u0151d\u00e9si felt\u00e9telek NBBU<\/h3>\n<\/div><\/section><br \/>\n\n<style type=\"text\/css\" data-created_by=\"avia_inline_auto\" id=\"style-css-av-mk1z5-f6371acaf8fd86ba1c09b4460f8b246f\">\n#top .hr.hr-invisible.av-mk1z5-f6371acaf8fd86ba1c09b4460f8b246f{\nheight:15px;\n}\n<\/style>\n<div  class='hr av-mk1z5-f6371acaf8fd86ba1c09b4460f8b246f hr-invisible  avia-builder-el-30  el_after_av_textblock  el_before_av_button'><span class='hr-inner'><span class=\"hr-inner-style\"><\/span><\/span><\/div><br \/>\n<div  class='avia-button-wrap av-lgdowchk-7481281a5955e156a72ff6dcaa4bb30b-wrap avia-button-left  avia-builder-el-31  el_after_av_hr  avia-builder-el-last'><a href='https:\/\/www.bt-uitzendbureau.nl\/wp-content\/uploads\/2023\/04\/Algemene-Voorwaarden-BT-.pdf' class='avia-button av-lgdowchk-7481281a5955e156a72ff6dcaa4bb30b avia-icon_select-no avia-size-small avia-position-left avia-color-theme-color' target=\"_blank\" rel=\"noopener noreferrer\"><span class='avia_iconbox_title' >Let\u00f6lt\u00e9s <\/span><\/a><\/div><\/p><\/div><div class='av-flex-placeholder'><\/div>\n<style type=\"text\/css\" data-created_by=\"avia_inline_auto\" id=\"style-css-av-coloh-dba4b2c31dc732cc24638b70759f4526\">\n.flex_column.av-coloh-dba4b2c31dc732cc24638b70759f4526{\nwidth:31.333333333333%;\nmargin-left:0;\n-webkit-border-radius:8px 8px 8px 8px;\n-moz-border-radius:8px 8px 8px 8px;\nborder-radius:8px 8px 8px 8px;\npadding:30px 30px 30px 30px;\nbackground-color:#ffffff;\n}\n#top .flex_column_table.av-equal-height-column-flextable.av-coloh-dba4b2c31dc732cc24638b70759f4526 .av-flex-placeholder{\nwidth:3%;\n}\n<\/style>\n<div class='flex_column av-coloh-dba4b2c31dc732cc24638b70759f4526 av_one_third  avia-builder-el-32  el_after_av_one_third  el_before_av_one_third  flex_column_table_cell av-equal-height-column av-align-top column-top-margin'     ><section  class='av_textblock_section av-lgdosapj-77403784805fcfa701906acacd3aef62'  itemscope=\"itemscope\" itemtype=\"https:\/\/schema.org\/CreativeWork\" ><div class='avia_textblock'  itemprop=\"text\" ><h3>Regisztr\u00e1ci\u00f3s \u0171rlap b\u00e9rl\u0151je<\/h3>\n<\/div><\/section><br \/>\n\n<style type=\"text\/css\" data-created_by=\"avia_inline_auto\" id=\"style-css-av-88jc1-afa3f604a3284a02d2d6f1de6979fe5f\">\n#top .hr.hr-invisible.av-88jc1-afa3f604a3284a02d2d6f1de6979fe5f{\nheight:15px;\n}\n<\/style>\n<div  class='hr av-88jc1-afa3f604a3284a02d2d6f1de6979fe5f hr-invisible  avia-builder-el-34  el_after_av_textblock  el_before_av_button'><span class='hr-inner'><span class=\"hr-inner-style\"><\/span><\/span><\/div><br \/>\n<div  class='avia-button-wrap av-lgdowppj-cf516f20dd342d90f30281d7a9f5ff7b-wrap avia-button-left  avia-builder-el-35  el_after_av_hr  avia-builder-el-last'><a href='https:\/\/www.bt-uitzendbureau.nl\/wp-content\/uploads\/2023\/04\/Inschrijfformulier-inlener.docx' class='avia-button av-lgdowppj-cf516f20dd342d90f30281d7a9f5ff7b avia-icon_select-no avia-size-small avia-position-left avia-color-theme-color' target=\"_blank\" rel=\"noopener noreferrer\"><span class='avia_iconbox_title' >Let\u00f6lt\u00e9s <\/span><\/a><\/div><\/p><\/div><div class='av-flex-placeholder'><\/div>\n<style type=\"text\/css\" data-created_by=\"avia_inline_auto\" id=\"style-css-av-bhbt5-8ea0d195a6f3063246ea6656c044e91b\">\n.flex_column.av-bhbt5-8ea0d195a6f3063246ea6656c044e91b{\nwidth:31.333333333333%;\nmargin-left:0;\n}\n#top .flex_column_table.av-equal-height-column-flextable.av-bhbt5-8ea0d195a6f3063246ea6656c044e91b .av-flex-placeholder{\nwidth:3%;\n}\n<\/style>\n<div class='flex_column av-bhbt5-8ea0d195a6f3063246ea6656c044e91b av_one_third  avia-builder-el-36  el_after_av_one_third  avia-builder-el-last  flex_column_table_cell av-equal-height-column av-align-top column-top-margin'     ><\/div><\/div><!--close column table wrapper. Autoclose: 1 --><\/div><\/div><\/main><!-- close content main element --><\/div><\/div><div id='av_section_2'  class='avia-section av-12gqhl-140fa603e6c8ac09a5276d7ab7c4dc2c main_color avia-section-large avia-no-border-styling  avia-builder-el-37  el_after_av_section  avia-builder-el-last  avia-bg-style-scroll container_wrap fullsize'  ><div class='container av-section-cont-open' ><div class='template-page content  av-content-full alpha units'><div class='post-entry post-entry-type-page post-entry-233'><div class='entry-content-wrapper clearfix'>\n<div class='flex_column av-w9lb5-30f948eb57161158c8303306d9684f2a av_one_full  avia-builder-el-38  avia-builder-el-no-sibling  first flex_column_div'     ><section  class='av_textblock_section av-2ov29-edfce224b2e09dd2e0dbee74ea328c4b'  itemscope=\"itemscope\" itemtype=\"https:\/\/schema.org\/CreativeWork\" ><div class='avia_textblock'  itemprop=\"text\" ><h2 style=\"text-align: center;\">Tapasztalat n\u00e9lk\u00fcli \u00e1ll\u00e1saj\u00e1nlatok<\/h2>\n<\/div><\/section><br \/>\n\n<style type=\"text\/css\" data-created_by=\"avia_inline_auto\" id=\"style-css-av-2b93d-3f8cc6af85f98ba62c7c392b4b6fe26c\">\n#top .hr.hr-invisible.av-2b93d-3f8cc6af85f98ba62c7c392b4b6fe26c{\nheight:35px;\n}\n<\/style>\n<div  class='hr av-2b93d-3f8cc6af85f98ba62c7c392b4b6fe26c hr-invisible  avia-builder-el-40  el_after_av_textblock  el_before_av_codeblock'><span class='hr-inner'><span class=\"hr-inner-style\"><\/span><\/span><\/div><br \/>\n<br \/>\n<div  class='avia-button-wrap av-aa8vt-f9f302e4368c1ce0f5a2e9286bcd2bce-wrap avia-button-center  avia-builder-el-42  el_after_av_codeblock  avia-builder-el-last'><a href='\/hu\/allasajanlatok-2\/'  class='avia-button av-aa8vt-f9f302e4368c1ce0f5a2e9286bcd2bce avia-icon_select-no avia-size-small avia-position-center avia-color-theme-color-subtle'  ><span class='avia_iconbox_title' >L\u00e1sd az \u00f6sszes \u00e1ll\u00e1slehet\u0151s\u00e9get<\/span><\/a><\/div><\/p><\/div>\n<\/p>","protected":false},"excerpt":{"rendered":"","protected":false},"author":1,"featured_media":0,"parent":32,"menu_order":0,"comment_status":"closed","ping_status":"closed","template":"","meta":{"_acf_changed":false,"_monsterinsights_skip_tracking":false,"_monsterinsights_sitenote_active":false,"_monsterinsights_sitenote_note":"","_monsterinsights_sitenote_category":0,"footnotes":""},"class_list":["post-233","page","type-page","status-publish","hentry"],"acf":[],"_links":{"self":[{"href":"https:\/\/www.bt-uitzendbureau.nl\/hu\/wp-json\/wp\/v2\/pages\/233","targetHints":{"allow":["GET"]}}],"collection":[{"href":"https:\/\/www.bt-uitzendbureau.nl\/hu\/wp-json\/wp\/v2\/pages"}],"about":[{"href":"https:\/\/www.bt-uitzendbureau.nl\/hu\/wp-json\/wp\/v2\/types\/page"}],"author":[{"embeddable":true,"href":"https:\/\/www.bt-uitzendbureau.nl\/hu\/wp-json\/wp\/v2\/users\/1"}],"replies":[{"embeddable":true,"href":"https:\/\/www.bt-uitzendbureau.nl\/hu\/wp-json\/wp\/v2\/comments?post=233"}],"version-history":[{"count":10,"href":"https:\/\/www.bt-uitzendbureau.nl\/hu\/wp-json\/wp\/v2\/pages\/233\/revisions"}],"predecessor-version":[{"id":453,"href":"https:\/\/www.bt-uitzendbureau.nl\/hu\/wp-json\/wp\/v2\/pages\/233\/revisions\/453"}],"up":[{"embeddable":true,"href":"https:\/\/www.bt-uitzendbureau.nl\/hu\/wp-json\/wp\/v2\/pages\/32"}],"wp:attachment":[{"href":"https:\/\/www.bt-uitzendbureau.nl\/hu\/wp-json\/wp\/v2\/media?parent=233"}],"curies":[{"name":"wp","href":"https:\/\/api.w.org\/{rel}","templated":true}]}}