{"id":163,"date":"2023-04-07T14:23:47","date_gmt":"2023-04-07T14:23:47","guid":{"rendered":"https:\/\/bt-uitzendbureau.nl\/nieuw\/?page_id=163"},"modified":"2023-04-26T09:41:10","modified_gmt":"2023-04-26T09:41:10","slug":"tanusitvanyaink","status":"publish","type":"page","link":"https:\/\/www.bt-uitzendbureau.nl\/hu\/werkgevers\/onze-certificeringen\/","title":{"rendered":"Tan\u00fas\u00edtv\u00e1nyaink"},"content":{"rendered":"<div id='av_section_1'  class='avia-section av-1u94bn-d64f155bb4ab2c5e01be1ea7d4de7b32 main_color avia-section-default avia-no-border-styling  avia-builder-el-0  el_before_av_section  avia-builder-el-first  avia-bg-style-scroll container_wrap fullsize'  ><div class='container av-section-cont-open' ><main  role=\"main\" itemprop=\"mainContentOfPage\"  class='template-page content  av-content-full alpha units'><div class='post-entry post-entry-type-page post-entry-163'><div class='entry-content-wrapper clearfix'>\n<div class='flex_column av-1rhth7-8165d4ad30093c7670ac44055db8aad2 av_two_third  avia-builder-el-1  el_before_av_one_third  avia-builder-el-first  first flex_column_div'     ><p>\n<style type=\"text\/css\" data-created_by=\"avia_inline_auto\" id=\"style-css-av-av_hr-3cdc9664f29087702913853352eac422\">\n#top .hr.hr-invisible.av-av_hr-3cdc9664f29087702913853352eac422{\nheight:10px;\n}\n<\/style>\n<div  class='hr av-av_hr-3cdc9664f29087702913853352eac422 hr-invisible  avia-builder-el-2  el_before_av_textblock  avia-builder-el-first'><span class='hr-inner'><span class=\"hr-inner-style\"><\/span><\/span><\/div><br \/>\n\n<style type=\"text\/css\" data-created_by=\"avia_inline_auto\" id=\"style-css-av-av_textblock-48d11a9c53109d8dbd0f7dc6794a974b\">\n#top .av_textblock_section.av-av_textblock-48d11a9c53109d8dbd0f7dc6794a974b .avia_textblock{\nfont-size:22px;\n}\n<\/style>\n<section  class='av_textblock_section av-av_textblock-48d11a9c53109d8dbd0f7dc6794a974b'  itemscope=\"itemscope\" itemtype=\"https:\/\/schema.org\/CreativeWork\" ><div class='avia_textblock'  itemprop=\"text\" ><h2>Az SNA v\u00e9djegye<\/h2>\n<p>Az SNA min\u0151s\u00e9gjelz\u00e9s a munkaer\u0151-k\u00f6lcs\u00f6nz\u00e9si \u00e1gazat \u00e9s a munkaszerz\u0151d\u00e9ses v\u00e1llalkoz\u00f3k min\u0151s\u00e9gjelz\u00e9se, amelyet a munkaer\u0151-k\u00f6lcs\u00f6nz\u0151k \u00e9s a munka megrendel\u0151i kock\u00e1zatainak cs\u00f6kkent\u00e9se \u00e9rdek\u00e9ben fejlesztettek ki. A min\u0151s\u00e9gjelz\u00e9s hat\u00e1lya al\u00e1 tartoznak a munkaer\u0151-k\u00f6lcs\u00f6nz\u00e9ssel \u00e9s b\u00e9rsz\u00e1mfejt\u00e9ssel foglalkoz\u00f3 c\u00e9gek is, mivel \u0151k is munkaer\u0151-k\u00f6lcs\u00f6nz\u00e9ssel foglalkoznak.<\/p>\n<\/div><\/section><br \/>\n<section  class='av_textblock_section av-av_textblock-7a1af7d8f9790576b1769c0a9f0449ed'  itemscope=\"itemscope\" itemtype=\"https:\/\/schema.org\/CreativeWork\" ><div class='avia_textblock'  itemprop=\"text\" ><p>A hat\u00e1lyos jogszab\u00e1lyok alapj\u00e1n ezek a felek azt kock\u00e1ztatj\u00e1k, hogy felel\u0151ss\u00e9gre vonj\u00e1k \u0151ket a b\u00e9rbead\u00f3 vagy (al)v\u00e1llalkoz\u00f3 \u00e1ltal nem teljes\u00edtett munka\u00fcgyi k\u00f6telezetts\u00e9gek\u00e9rt. Az SNA min\u0151s\u00e9gjelz\u00e9ssel rendelkez\u0151 v\u00e1llalatokat rendszeresen ellen\u0151rzik a munkav\u00e9gz\u00e9sb\u0151l ered\u0151 k\u00f6telezetts\u00e9geik tekintet\u00e9ben, cs\u00f6kkentve ezzel a munk\u00e1t b\u00e9rbead\u00f3 \u00e9s alv\u00e1llalkoz\u00f3 kock\u00e1zat\u00e1t.<\/p>\n<p>2012. j\u00falius 1-j\u00e9t\u0151l a b\u00e9rbead\u00f3i felel\u0151ss\u00e9gre ad\u00f3mentess\u00e9g vonatkozik. Ez azt jelenti, hogy azok a k\u00f6lcs\u00f6nbead\u00f3k, akik SNA min\u0151s\u00e9gjelz\u00e9ssel ell\u00e1tott munkaer\u0151-k\u00f6lcs\u00f6nz\u0151 c\u00e9gt\u0151l vesznek fel munkav\u00e1llal\u00f3kat, mentes\u00fclhetnek az ad\u00f3hat\u00f3s\u00e1gok esetleges felel\u0151ss\u00e9g\u00e9nek al\u00f3l a b\u00e9rbead\u00f3 \u00e1ltal meg nem fizetett b\u00e9r- \u00e9s forgalmi ad\u00f3 tekintet\u00e9ben. A k\u00e1rtalan\u00edt\u00e1s felt\u00e9telei a<a href=\"https:\/\/www.bt-uitzendbureau.nl\/wp-content\/uploads\/2023\/04\/wijzigingsleidraad.pdf\" target=\"_blank\" rel=\"noopener\">a 2008. \u00e9vi visszafizettet\u00e9si ir\u00e1nymutat\u00e1s m\u00f3dos\u00edt\u00e1sa<\/a>' 2012. j\u00fanius 27-i d\u00e1tummal.<\/p>\n<p>Az SNA-c\u00edmk\u00e9vel rendelkez\u0151 v\u00e1llalatokat a munka\u00fcgyi k\u00f6telezetts\u00e9geik alapj\u00e1n \u00e9rt\u00e9kelik, nevezetesen:<\/p>\n<ul>\n<li>C\u00e9gazonos\u00edt\u00e1s;<\/li>\n<li>A fizetend\u0151 b\u00e9r- \u00e9s forgalmi ad\u00f3 bevall\u00e1sa \u00e9s \u00e1tutal\u00e1sa (Hollandi\u00e1ban);<\/li>\n<li>A b\u00e9rfizet\u00e9s nem s\u00e9rti a minim\u00e1lb\u00e9rr\u0151l \u00e9s a minim\u00e1lis szabads\u00e1gp\u00e9nzr\u0151l sz\u00f3l\u00f3 t\u00f6rv\u00e9nyt;<\/li>\n<li>A szem\u00e9lyazonoss\u00e1g \u00e9s a hollandiai munkav\u00e1llal\u00e1si jogosults\u00e1g ellen\u0151rz\u00e9se;<\/li>\n<li>A munk\u00e1k b\u00e9rbead\u00e1s\u00e1b\u00f3l, tov\u00e1bbk\u00f6lcs\u00f6nz\u00e9s\u00e9b\u0151l vagy kiszervez\u00e9s\u00e9b\u0151l ered\u0151 felel\u0151ss\u00e9gi \u00e9s b\u00edrs\u00e1gkock\u00e1zatok megel\u0151z\u00e9se.<\/li>\n<\/ul>\n<p>Mindez mag\u00e1ban foglalja a sz\u00fcks\u00e9ges dokumentumok kezel\u00e9s\u00e9t \u00e9s meg\u0151rz\u00e9s\u00e9t.<\/p>\n<p>Annak felm\u00e9r\u00e9se \u00e9rdek\u00e9ben, hogy a v\u00e1llalat megfelel-e a fenti k\u00f6telezetts\u00e9geknek, a v\u00e1llalatot \u00e1ltal\u00e1ban \u00e9vente k\u00e9tszer ellen\u0151rzi egy akkredit\u00e1lt\u00a0<a href=\"https:\/\/www.normeringarbeid.nl\/snakeurmerk\/inspectie-instellingen\" target=\"_blank\" rel=\"noopener\">ellen\u0151rz\u0151 szerv<\/a>. Ha indokolt a gyakoribb ellen\u0151rz\u00e9s, akkor ez az id\u0151szak kiterjeszthet\u0151 \u00e9vi n\u00e9gy alkalomra. Indokolt esetben lehet\u0151s\u00e9g van c\u00e9lzott ellen\u0151rz\u00e9sekre is.<\/p>\n<p>Tekintse meg az SNA v\u00e9djegyet ismertet\u0151 sz\u00f3r\u00f3lapunkat itt.<br \/>\n<a href=\"https:\/\/www.bt-uitzendbureau.nl\/wp-content\/uploads\/2023\/04\/sna-a5-folder-web-2018.pdf\" target=\"_blank\" rel=\"noopener\">\"Az SNA v\u00e9djegy\" c\u00edm\u0171 sz\u00f3r\u00f3lap<\/a><\/p>\n<\/div><\/section><br \/>\n\n<style type=\"text\/css\" data-created_by=\"avia_inline_auto\" id=\"style-css-av-av_hr-3cdc9664f29087702913853352eac422\">\n#top .hr.hr-invisible.av-av_hr-3cdc9664f29087702913853352eac422{\nheight:10px;\n}\n<\/style>\n<div  class='hr av-av_hr-3cdc9664f29087702913853352eac422 hr-invisible  avia-builder-el-5  el_after_av_textblock  el_before_av_textblock'><span class='hr-inner'><span class=\"hr-inner-style\"><\/span><\/span><\/div><br \/>\n\n<style type=\"text\/css\" data-created_by=\"avia_inline_auto\" id=\"style-css-av-lgxiagc3-e70fd57d44244bad1c42c34e129a9902\">\n#top .av_textblock_section.av-lgxiagc3-e70fd57d44244bad1c42c34e129a9902 .avia_textblock{\nfont-size:22px;\n}\n<\/style>\n<section  class='av_textblock_section av-lgxiagc3-e70fd57d44244bad1c42c34e129a9902'  itemscope=\"itemscope\" itemtype=\"https:\/\/schema.org\/CreativeWork\" ><div class='avia_textblock'  itemprop=\"text\" ><h2>G-sz\u00e1mla<\/h2>\n<p>Ha egy v\u00e1llalat a holland piacon b\u00e9rbe ad, k\u00f6lcs\u00f6nad vagy kik\u00fcld munkat\u00e1rsakat, a b\u00e9rbead\u00f3 a sz\u00e1mla egy r\u00e9sz\u00e9t egy g-sz\u00e1ml\u00e1ra fizetheti be.<\/p>\n<\/div><\/section><br \/>\n<section  class='av_textblock_section av-av_textblock-7a1af7d8f9790576b1769c0a9f0449ed'  itemscope=\"itemscope\" itemtype=\"https:\/\/schema.org\/CreativeWork\" ><div class='avia_textblock'  itemprop=\"text\" ><p>A g-sz\u00e1mla egy z\u00e1rolt banksz\u00e1mla, amely lehet\u0151v\u00e9 teszi a munkaer\u0151-k\u00f6lcs\u00f6nz\u0151 c\u00e9gek sz\u00e1m\u00e1ra, hogy csak a b\u00e9rsz\u00e1mfejt\u00e9si ad\u00f3kat \u00e9s\/vagy a h\u00e9\u00e1t fizess\u00e9k be az ad\u00f3hat\u00f3s\u00e1goknak.<\/p>\n<p>A b\u00e9rbead\u00f3 a sz\u00e1mla 25%-j\u00e1t fizeti be a g sz\u00e1ml\u00e1ra, ami a b\u00e9rad\u00f3 \u00e9s az \u00e1fa becs\u00fclt r\u00e9sze. Amennyiben a munkaer\u0151-k\u00f6lcs\u00f6nz\u0151 c\u00e9g nem teljes\u00edti H\u00c9A- vagy b\u00e9rad\u00f3k\u00f6telezetts\u00e9g\u00e9t, az ad\u00f3hat\u00f3s\u00e1g nem vonhatja felel\u0151ss\u00e9gre a k\u00f6lcs\u00f6nbead\u00f3t a k\u00f6lcs\u00f6nvev\u0151 \u00e1ltal a g-sz\u00e1ml\u00e1ra befizetett \u00f6sszeg\u00e9rt.<\/p>\n<\/div><\/section><br \/>\n\n<style type=\"text\/css\" data-created_by=\"avia_inline_auto\" id=\"style-css-av-1jmxu3-33d3c1d8f583ec8660576b343182e4f2\">\n#top .hr.hr-invisible.av-1jmxu3-33d3c1d8f583ec8660576b343182e4f2{\nheight:10px;\n}\n<\/style>\n<div  class='hr av-1jmxu3-33d3c1d8f583ec8660576b343182e4f2 hr-invisible  avia-builder-el-8  el_after_av_textblock  el_before_av_textblock'><span class='hr-inner'><span class=\"hr-inner-style\"><\/span><\/span><\/div><br \/>\n\n<style type=\"text\/css\" data-created_by=\"avia_inline_auto\" id=\"style-css-av-lgdohu2n-7cc69b14d26993e0884ab581229eddaa\">\n#top .av_textblock_section.av-lgdohu2n-7cc69b14d26993e0884ab581229eddaa .avia_textblock{\nfont-size:22px;\n}\n<\/style>\n<section  class='av_textblock_section av-lgdohu2n-7cc69b14d26993e0884ab581229eddaa'  itemscope=\"itemscope\" itemtype=\"https:\/\/schema.org\/CreativeWork\" ><div class='avia_textblock'  itemprop=\"text\" ><h2>Nyilatkozat a fizet\u00e9si teljes\u00edt\u00e9sr\u0151l (WKA)<\/h2>\n<\/div><\/section><br \/>\n<section  class='av_textblock_section av-lgdoj4eu-392dea7c91b3b937009806dbeafce066'  itemscope=\"itemscope\" itemtype=\"https:\/\/schema.org\/CreativeWork\" ><div class='avia_textblock'  itemprop=\"text\" ><p>A BT munkaer\u0151-k\u00f6lcs\u00f6nz\u0151 c\u00e9g mindig rendelkezik Fizet\u00e9si el\u0151zm\u00e9nyekr\u0151l sz\u00f3l\u00f3 kimutat\u00e1ssal (WKA). A fizet\u00e9si magatart\u00e1si nyilatkozatban az ad\u00f3hat\u00f3s\u00e1g \u00edr\u00e1sban nyilatkozik arr\u00f3l, hogy a munkaer\u0151-k\u00f6lcs\u00f6nz\u0151 c\u00e9g az adott id\u0151pontban megfizette a b\u00e9rad\u00f3t \u00e9s az \u00e1f\u00e1t.<\/p>\n<\/div><\/section><\/p><\/div><div class='flex_column av-1d93wz-44429d39e33fb80bcc738c720b72d6e2 av_one_third  avia-builder-el-11  el_after_av_two_third  avia-builder-el-last  flex_column_div'     ><style type=\"text\/css\" data-created_by=\"avia_inline_auto\" id=\"style-css-av-4fzdv-faa0b16a5dde8d196c8abbdba4f9c9b2\">\n.avia-image-container.av-4fzdv-faa0b16a5dde8d196c8abbdba4f9c9b2 img.avia_image{\nbox-shadow:none;\n}\n.avia-image-container.av-4fzdv-faa0b16a5dde8d196c8abbdba4f9c9b2 .av-image-caption-overlay-center{\ncolor:#ffffff;\n}\n<\/style>\n<div  class='avia-image-container av-4fzdv-faa0b16a5dde8d196c8abbdba4f9c9b2 av-styling- avia-align-center  avia-builder-el-12  avia-builder-el-no-sibling'   itemprop=\"image\" itemscope=\"itemscope\" itemtype=\"https:\/\/schema.org\/ImageObject\" ><div class=\"avia-image-container-inner\"><div class=\"avia-image-overlay-wrap\"><img decoding=\"async\" class='wp-image-126 avia-img-lazy-loading-not-126 avia_image' src=\"https:\/\/www.bt-uitzendbureau.nl\/wp-content\/uploads\/2023\/04\/Onze-diensten.png\" alt='' title='Szolg\u00e1ltat\u00e1saink'  height=\"746\" width=\"746\"  itemprop=\"thumbnailUrl\" srcset=\"https:\/\/www.bt-uitzendbureau.nl\/wp-content\/uploads\/2023\/04\/Onze-diensten.png 746w, https:\/\/www.bt-uitzendbureau.nl\/wp-content\/uploads\/2023\/04\/Onze-diensten-300x300.png 300w, https:\/\/www.bt-uitzendbureau.nl\/wp-content\/uploads\/2023\/04\/Onze-diensten-80x80.png 80w, https:\/\/www.bt-uitzendbureau.nl\/wp-content\/uploads\/2023\/04\/Onze-diensten-36x36.png 36w, https:\/\/www.bt-uitzendbureau.nl\/wp-content\/uploads\/2023\/04\/Onze-diensten-180x180.png 180w, https:\/\/www.bt-uitzendbureau.nl\/wp-content\/uploads\/2023\/04\/Onze-diensten-705x705.png 705w\" sizes=\"(max-width: 746px) 100vw, 746px\" \/><\/div><\/div><\/div><\/div><\/div><\/div><\/main><!-- close content main element --><\/div><\/div><div id='av_section_2'  class='avia-section av-12hct7-9cba564ef806cb5e78e9e32d62b7680b main_color avia-section-large avia-no-border-styling  avia-builder-el-13  el_after_av_section  avia-builder-el-last  avia-bg-style-scroll container_wrap fullsize'  ><div class='container av-section-cont-open' ><div class='template-page content  av-content-full alpha units'><div class='post-entry post-entry-type-page post-entry-163'><div class='entry-content-wrapper clearfix'>\n<div class='flex_column av-yrpur-842bdc44e49b2c77733f5e46d7127a8e av_one_full  avia-builder-el-14  avia-builder-el-no-sibling  first flex_column_div'     ><section  class='av_textblock_section av-tdnqr-275f2ce903a6c50198b2140d23e2ff44'  itemscope=\"itemscope\" itemtype=\"https:\/\/schema.org\/CreativeWork\" ><div class='avia_textblock'  itemprop=\"text\" ><h2 style=\"text-align: center;\">Tapasztalat n\u00e9lk\u00fcli \u00e1ll\u00e1saj\u00e1nlatok<\/h2>\n<\/div><\/section><br \/>\n\n<style type=\"text\/css\" data-created_by=\"avia_inline_auto\" id=\"style-css-av-nk5az-50d182db5a8c722e0314c7a320f4c610\">\n#top .hr.hr-invisible.av-nk5az-50d182db5a8c722e0314c7a320f4c610{\nheight:35px;\n}\n<\/style>\n<div  class='hr av-nk5az-50d182db5a8c722e0314c7a320f4c610 hr-invisible  avia-builder-el-16  el_after_av_textblock  el_before_av_codeblock'><span class='hr-inner'><span class=\"hr-inner-style\"><\/span><\/span><\/div><br \/>\n<br \/>\n<div  class='avia-button-wrap av-b2lnv-169da34e4f303b3c0896a23ca0ee33e5-wrap avia-button-center  avia-builder-el-18  el_after_av_codeblock  avia-builder-el-last'><a href='\/hu\/allasajanlatok-2\/'  class='avia-button av-b2lnv-169da34e4f303b3c0896a23ca0ee33e5 avia-icon_select-no avia-size-small avia-position-center avia-color-theme-color-subtle'  ><span class='avia_iconbox_title' >L\u00e1sd az \u00f6sszes \u00e1ll\u00e1slehet\u0151s\u00e9get<\/span><\/a><\/div><\/p><\/div>\n<\/p>","protected":false},"excerpt":{"rendered":"","protected":false},"author":1,"featured_media":0,"parent":32,"menu_order":0,"comment_status":"closed","ping_status":"closed","template":"","meta":{"_acf_changed":false,"_monsterinsights_skip_tracking":false,"_monsterinsights_sitenote_active":false,"_monsterinsights_sitenote_note":"","_monsterinsights_sitenote_category":0,"footnotes":""},"class_list":["post-163","page","type-page","status-publish","hentry"],"acf":[],"_links":{"self":[{"href":"https:\/\/www.bt-uitzendbureau.nl\/hu\/wp-json\/wp\/v2\/pages\/163","targetHints":{"allow":["GET"]}}],"collection":[{"href":"https:\/\/www.bt-uitzendbureau.nl\/hu\/wp-json\/wp\/v2\/pages"}],"about":[{"href":"https:\/\/www.bt-uitzendbureau.nl\/hu\/wp-json\/wp\/v2\/types\/page"}],"author":[{"embeddable":true,"href":"https:\/\/www.bt-uitzendbureau.nl\/hu\/wp-json\/wp\/v2\/users\/1"}],"replies":[{"embeddable":true,"href":"https:\/\/www.bt-uitzendbureau.nl\/hu\/wp-json\/wp\/v2\/comments?post=163"}],"version-history":[{"count":4,"href":"https:\/\/www.bt-uitzendbureau.nl\/hu\/wp-json\/wp\/v2\/pages\/163\/revisions"}],"predecessor-version":[{"id":229,"href":"https:\/\/www.bt-uitzendbureau.nl\/hu\/wp-json\/wp\/v2\/pages\/163\/revisions\/229"}],"up":[{"embeddable":true,"href":"https:\/\/www.bt-uitzendbureau.nl\/hu\/wp-json\/wp\/v2\/pages\/32"}],"wp:attachment":[{"href":"https:\/\/www.bt-uitzendbureau.nl\/hu\/wp-json\/wp\/v2\/media?parent=163"}],"curies":[{"name":"wp","href":"https:\/\/api.w.org\/{rel}","templated":true}]}}