{"id":161,"date":"2023-04-07T14:23:37","date_gmt":"2023-04-07T14:23:37","guid":{"rendered":"https:\/\/bt-uitzendbureau.nl\/nieuw\/?page_id=161"},"modified":"2023-04-26T09:51:32","modified_gmt":"2023-04-26T09:51:32","slug":"szolgaltatasaink","status":"publish","type":"page","link":"https:\/\/www.bt-uitzendbureau.nl\/hu\/werkgevers\/onze-diensten\/","title":{"rendered":"Szolg\u00e1ltat\u00e1saink"},"content":{"rendered":"<div id='av_section_1'  class='avia-section av-69jorl-a2f323fa3ec159677ae85f48a00e0a1b main_color avia-section-default avia-no-border-styling  avia-builder-el-0  el_before_av_section  avia-builder-el-first  avia-bg-style-scroll container_wrap fullsize'  ><div class='container av-section-cont-open' ><main  role=\"main\" itemprop=\"mainContentOfPage\"  class='template-page content  av-content-full alpha units'><div class='post-entry post-entry-type-page post-entry-161'><div class='entry-content-wrapper clearfix'>\n<div class='flex_column av-60kooh-2328a36f9e62e7687d1abc0bfb126612 av_two_third  avia-builder-el-1  el_before_av_one_third  avia-builder-el-first  first flex_column_div'     ><p>\n<style type=\"text\/css\" data-created_by=\"avia_inline_auto\" id=\"style-css-av-kyzwp-90a3f2f1f4519422e5434236705fa17f\">\n#top .hr.hr-invisible.av-kyzwp-90a3f2f1f4519422e5434236705fa17f{\nheight:10px;\n}\n<\/style>\n<div  class='hr av-kyzwp-90a3f2f1f4519422e5434236705fa17f hr-invisible  avia-builder-el-2  el_before_av_textblock  avia-builder-el-first'><span class='hr-inner'><span class=\"hr-inner-style\"><\/span><\/span><\/div><br \/>\n\n<style type=\"text\/css\" data-created_by=\"avia_inline_auto\" id=\"style-css-av-5q1pxl-d14b22c4136f1ee15486c3fee92eaf49\">\n#top .av_textblock_section.av-5q1pxl-d14b22c4136f1ee15486c3fee92eaf49 .avia_textblock{\nfont-size:22px;\n}\n<\/style>\n<section  class='av_textblock_section av-5q1pxl-d14b22c4136f1ee15486c3fee92eaf49'  itemscope=\"itemscope\" itemtype=\"https:\/\/schema.org\/CreativeWork\" ><div class='avia_textblock'  itemprop=\"text\" ><h2>M\u0171sorszolg\u00e1ltat\u00e1s<\/h2>\n<p>A szem\u00e9lyzeti szolg\u00e1ltat\u00e1s a legnagyobb szolg\u00e1ltat\u00e1sunk, de mit is jelent a szem\u00e9lyzeti szolg\u00e1ltat\u00e1s? A munkaer\u0151-k\u00f6lcs\u00f6nz\u00e9s sor\u00e1n \u00d6n szerz\u0151d\u00e9st kap a BT munkaer\u0151-k\u00f6lcs\u00f6nz\u0151t\u0151l, \u00e9s elkezd dolgozni valamelyik \u00fcgyfel\u00fcnkn\u00e9l.<\/p>\n<\/div><\/section><br \/>\n<section  class='av_textblock_section av-5me6ld-223763012963520b68041dd7dac4f2c8'  itemscope=\"itemscope\" itemtype=\"https:\/\/schema.org\/CreativeWork\" ><div class='avia_textblock'  itemprop=\"text\" ><p>Mi mindig hossz\u00fa t\u00e1v\u00fa foglalkoztat\u00e1st biztos\u00edtunk \u00d6nnek. Ez mag\u00e1ban foglal egy hossz\u00fa t\u00e1v\u00fa projektet vagy egy \u00e1lland\u00f3 helyet egy v\u00e1llalatn\u00e1l. Ha egy projekt v\u00e9get \u00e9r, vagy egy\u00e9b k\u00f6r\u00fclm\u00e9nyek miatt a munka megsz\u0171nik, a lehet\u0151 leghamarabb \u00faj, megfelel\u0151 munkahelyet biztos\u00edtunk. C\u00e9lunk teh\u00e1t a munkaer\u0151-k\u00f6lcs\u00f6nz\u00e9sben az, hogy a munkav\u00e1llal\u00f3 el\u00e9gedett legyen. Mindig a munkav\u00e1llal\u00f3 \u00e9s nem az \u00fcgyf\u00e9l szemsz\u00f6g\u00e9b\u0151l gondolkodunk. Nem el\u00e9gedett? Akkor megoldjuk! Ha nem a jelenlegi \u00fcgyfel\u00e9vel, akkor egy m\u00e1sikkal. A v\u00e9gs\u0151 c\u00e9lunk az, hogy seg\u00edts\u00fcnk munkav\u00e1llal\u00f3inknak \u00e1lland\u00f3 \u00e1ll\u00e1st tal\u00e1lni egy \u00fcgyf\u00e9ln\u00e9l. Ez\u00e9rt felaj\u00e1nljuk a lehet\u0151s\u00e9get: az \u00fcgyf\u00e9l 2080 ledolgozott \u00f3ra ut\u00e1n ingyenesen felaj\u00e1nlhatja a munkav\u00e1llal\u00f3nak a szerz\u0151d\u00e9st.<\/p>\n<\/div><\/section><\/p><\/div><div class='flex_column av-5bw5sp-ab4bdc24f90ab7a48d4c8b6f4b1baf00 av_one_third  avia-builder-el-5  el_after_av_two_third  el_before_av_two_third  flex_column_div'     ><style type=\"text\/css\" data-created_by=\"avia_inline_auto\" id=\"style-css-av-588zkp-9f50debc16466bcb0384c0ec4b20b54e\">\n.avia-image-container.av-588zkp-9f50debc16466bcb0384c0ec4b20b54e img.avia_image{\nbox-shadow:none;\n}\n.avia-image-container.av-588zkp-9f50debc16466bcb0384c0ec4b20b54e .av-image-caption-overlay-center{\ncolor:#ffffff;\n}\n<\/style>\n<div  class='avia-image-container av-588zkp-9f50debc16466bcb0384c0ec4b20b54e av-styling- avia-align-center  avia-builder-el-6  avia-builder-el-no-sibling'   itemprop=\"image\" itemscope=\"itemscope\" itemtype=\"https:\/\/schema.org\/ImageObject\" ><div class=\"avia-image-container-inner\"><div class=\"avia-image-overlay-wrap\"><img decoding=\"async\" class='wp-image-259 avia-img-lazy-loading-not-259 avia_image' src=\"https:\/\/www.bt-uitzendbureau.nl\/wp-content\/uploads\/2023\/04\/Uitzenden.png\" alt='' title='M\u0171sorszolg\u00e1ltat\u00e1s'  height=\"746\" width=\"746\"  itemprop=\"thumbnailUrl\" srcset=\"https:\/\/www.bt-uitzendbureau.nl\/wp-content\/uploads\/2023\/04\/Uitzenden.png 746w, https:\/\/www.bt-uitzendbureau.nl\/wp-content\/uploads\/2023\/04\/Uitzenden-300x300.png 300w, https:\/\/www.bt-uitzendbureau.nl\/wp-content\/uploads\/2023\/04\/Uitzenden-80x80.png 80w, https:\/\/www.bt-uitzendbureau.nl\/wp-content\/uploads\/2023\/04\/Uitzenden-12x12.png 12w, https:\/\/www.bt-uitzendbureau.nl\/wp-content\/uploads\/2023\/04\/Uitzenden-36x36.png 36w, https:\/\/www.bt-uitzendbureau.nl\/wp-content\/uploads\/2023\/04\/Uitzenden-180x180.png 180w, https:\/\/www.bt-uitzendbureau.nl\/wp-content\/uploads\/2023\/04\/Uitzenden-705x705.png 705w\" sizes=\"(max-width: 746px) 100vw, 746px\" \/><\/div><\/div><\/div><\/div><div class='flex_column av-54hc35-dbd8f894786dc6d34aa4f15ccb4fc158 av_two_third  avia-builder-el-7  el_after_av_one_third  el_before_av_one_third  first flex_column_div column-top-margin'     ><p>\n<style type=\"text\/css\" data-created_by=\"avia_inline_auto\" id=\"style-css-av-4xxz3d-237d0d4e9f59796cf1d6e5a45983b3be\">\n#top .hr.hr-invisible.av-4xxz3d-237d0d4e9f59796cf1d6e5a45983b3be{\nheight:10px;\n}\n<\/style>\n<div  class='hr av-4xxz3d-237d0d4e9f59796cf1d6e5a45983b3be hr-invisible  avia-builder-el-8  el_before_av_textblock  avia-builder-el-first'><span class='hr-inner'><span class=\"hr-inner-style\"><\/span><\/span><\/div><br \/>\n\n<style type=\"text\/css\" data-created_by=\"avia_inline_auto\" id=\"style-css-av-4ndzb5-30bbaf77e46fa231d5d1ec80109b166f\">\n#top .av_textblock_section.av-4ndzb5-30bbaf77e46fa231d5d1ec80109b166f .avia_textblock{\nfont-size:22px;\n}\n<\/style>\n<section  class='av_textblock_section av-4ndzb5-30bbaf77e46fa231d5d1ec80109b166f'  itemscope=\"itemscope\" itemtype=\"https:\/\/schema.org\/CreativeWork\" ><div class='avia_textblock'  itemprop=\"text\" ><h2>Toborz\u00e1s \u00e9s kiv\u00e1laszt\u00e1s<\/h2>\n<p>Bizonyos \u00fcgyfeleink sz\u00e1m\u00e1ra a Recruitment &amp; Selection alapj\u00e1n is dolgozunk, de mit is jelent a Recruitment &amp; Selection?<\/p>\n<\/div><\/section><br \/>\n<section  class='av_textblock_section av-4jneeh-2645091e1ee17f574b44814426f09ae7'  itemscope=\"itemscope\" itemtype=\"https:\/\/schema.org\/CreativeWork\" ><div class='avia_textblock'  itemprop=\"text\" ><p>A toborz\u00e1s \u00e9s kiv\u00e1laszt\u00e1s ter\u00fclet\u00e9n \u00fcgyfel\u00fcnk azonnal szerz\u0151d\u00e9st szeretne aj\u00e1nlani a jel\u00f6ltnek, de nem tudja maga megtal\u00e1lni a megfelel\u0151 jel\u00f6ltet. Ez\u00e9rt mi keress\u00fck meg a jel\u00f6lteket, \u00e9s v\u00e1lasztjuk ki \u0151ket \u00fcgyfel\u00fcnk sz\u00e1m\u00e1ra. Ha az \u00e1ll\u00e1sinterj\u00fak ut\u00e1n mind a jel\u00f6lt, mind az \u00fcgyf\u00e9l \u00f6r\u00f6mmel dolgozik egy\u00fctt, a jel\u00f6ltnek azonnal szerz\u0151d\u00e9st aj\u00e1nlunk az \u00fcgyf\u00e9ln\u00e9l.<\/p>\n<\/div><\/section><\/p><\/div><div class='flex_column av-4gfgsh-8e25ded7ab97b24696813525030f41de av_one_third  avia-builder-el-11  el_after_av_two_third  el_before_av_two_third  flex_column_div column-top-margin'     ><style type=\"text\/css\" data-created_by=\"avia_inline_auto\" id=\"style-css-av-4a2lld-2b16f1fd2e5dbc7a0a18f62c00c82583\">\n.avia-image-container.av-4a2lld-2b16f1fd2e5dbc7a0a18f62c00c82583 img.avia_image{\nbox-shadow:none;\n}\n.avia-image-container.av-4a2lld-2b16f1fd2e5dbc7a0a18f62c00c82583 .av-image-caption-overlay-center{\ncolor:#ffffff;\n}\n<\/style>\n<div  class='avia-image-container av-4a2lld-2b16f1fd2e5dbc7a0a18f62c00c82583 av-styling- avia-align-center  avia-builder-el-12  avia-builder-el-no-sibling'   itemprop=\"image\" itemscope=\"itemscope\" itemtype=\"https:\/\/schema.org\/ImageObject\" ><div class=\"avia-image-container-inner\"><div class=\"avia-image-overlay-wrap\"><img decoding=\"async\" class='wp-image-260 avia-img-lazy-loading-not-260 avia_image' src=\"https:\/\/www.bt-uitzendbureau.nl\/wp-content\/uploads\/2023\/04\/Werving-en-selectie.png\" alt='' title='Toborz\u00e1s \u00e9s kiv\u00e1laszt\u00e1s'  height=\"746\" width=\"746\"  itemprop=\"thumbnailUrl\" srcset=\"https:\/\/www.bt-uitzendbureau.nl\/wp-content\/uploads\/2023\/04\/Werving-en-selectie.png 746w, https:\/\/www.bt-uitzendbureau.nl\/wp-content\/uploads\/2023\/04\/Werving-en-selectie-300x300.png 300w, https:\/\/www.bt-uitzendbureau.nl\/wp-content\/uploads\/2023\/04\/Werving-en-selectie-80x80.png 80w, https:\/\/www.bt-uitzendbureau.nl\/wp-content\/uploads\/2023\/04\/Werving-en-selectie-12x12.png 12w, https:\/\/www.bt-uitzendbureau.nl\/wp-content\/uploads\/2023\/04\/Werving-en-selectie-36x36.png 36w, https:\/\/www.bt-uitzendbureau.nl\/wp-content\/uploads\/2023\/04\/Werving-en-selectie-180x180.png 180w, https:\/\/www.bt-uitzendbureau.nl\/wp-content\/uploads\/2023\/04\/Werving-en-selectie-705x705.png 705w\" sizes=\"(max-width: 746px) 100vw, 746px\" \/><\/div><\/div><\/div><\/div><div class='flex_column av-1hac1-8c8fb645195e113ad847b402bfcb7d6e av_two_third  avia-builder-el-13  el_after_av_one_third  el_before_av_one_third  first flex_column_div column-top-margin'     ><p>\n<style type=\"text\/css\" data-created_by=\"avia_inline_auto\" id=\"style-css-av-dsko1-b7704eda2628b60da6778a5999123657\">\n#top .hr.hr-invisible.av-dsko1-b7704eda2628b60da6778a5999123657{\nheight:10px;\n}\n<\/style>\n<div  class='hr av-dsko1-b7704eda2628b60da6778a5999123657 hr-invisible  avia-builder-el-14  el_before_av_textblock  avia-builder-el-first'><span class='hr-inner'><span class=\"hr-inner-style\"><\/span><\/span><\/div><br \/>\n\n<style type=\"text\/css\" data-created_by=\"avia_inline_auto\" id=\"style-css-av-3re59d-33af8d081cc5c391621c442d7d4ed6f7\">\n#top .av_textblock_section.av-3re59d-33af8d081cc5c391621c442d7d4ed6f7 .avia_textblock{\nfont-size:22px;\n}\n<\/style>\n<section  class='av_textblock_section av-3re59d-33af8d081cc5c391621c442d7d4ed6f7'  itemscope=\"itemscope\" itemtype=\"https:\/\/schema.org\/CreativeWork\" ><div class='avia_textblock'  itemprop=\"text\" ><h2>ZZP k\u00f6zvet\u00edt\u00e9s<\/h2>\n<p>Azoknak, akiknek v\u00e1llalkoz\u00e1suk van, vagy ink\u00e1bb nem szeretn\u00e9nek munkaviszonyban \u00e1llni, ZZP k\u00f6zvet\u00edt\u00e9st k\u00edn\u00e1lunk, de mivel j\u00e1r a ZZP k\u00f6zvet\u00edt\u00e9s?<\/p>\n<\/div><\/section><br \/>\n<section  class='av_textblock_section av-3jmftd-22e4a343b692d8c71120558354ce141d'  itemscope=\"itemscope\" itemtype=\"https:\/\/schema.org\/CreativeWork\" ><div class='avia_textblock'  itemprop=\"text\" ><p>A ZZP k\u00f6zvet\u00edt\u00e9ssel \u00d6n tov\u00e1bbra is \u00f6n\u00e1ll\u00f3 v\u00e1llalkoz\u00f3k\u00e9nt dolgozik, de mi biztos\u00edtjuk, hogy egy bizonyos \u00e1rhoz k\u00f6t\u00f6tt, meghat\u00e1rozott heti \u00f3rasz\u00e1m\u00fa munka biztons\u00e1g\u00e1t. Olyan munk\u00e1t biztos\u00edtunk az \u00fcgyf\u00e9lnek, amely megfelel az \u00d6n tud\u00e1s\u00e1nak \u00e9s k\u00e9pess\u00e9geinek. \u00d6nnek csak a h\u00e9t v\u00e9g\u00e9n kell elk\u00fcldenie a sz\u00e1ml\u00e1t. Az \u00e1rat munka\u00f3r\u00e1nk\u00e9nt \u00e1llap\u00edtjuk meg, nem pedig projektenk\u00e9nt vagy m\u00e9terenk\u00e9nt. Bizonyos id\u0151 ut\u00e1n nem lehets\u00e9ges k\u00f6zvetlen\u00fcl az \u00fcgyfel\u00fcnknek dolgozni. Ahhoz, hogy a BT \u00fcgyn\u00f6ks\u00e9gen kereszt\u00fcl dolgozhasson, be kell jelentkeznie a kereskedelmi kamar\u00e1n\u00e1l, \u00e9s felel\u0151ss\u00e9gbiztos\u00edt\u00e1ssal kell rendelkeznie. A szabad\u00fasz\u00f3k sz\u00e1m\u00e1ra k\u00fcl\u00f6n c\u00e9g\u00fcnk van, a BT Diensten B.V.<\/p>\n<\/div><\/section><\/p><\/div><div class='flex_column av-3by521-47006dca9de33ebe4da66c7115cfe71f av_one_third  avia-builder-el-17  el_after_av_two_third  el_before_av_two_third  flex_column_div column-top-margin'     ><style type=\"text\/css\" data-created_by=\"avia_inline_auto\" id=\"style-css-av-bsopd-17deef97f22bde535642f7989af6e856\">\n.avia-image-container.av-bsopd-17deef97f22bde535642f7989af6e856 img.avia_image{\nbox-shadow:none;\n}\n.avia-image-container.av-bsopd-17deef97f22bde535642f7989af6e856 .av-image-caption-overlay-center{\ncolor:#ffffff;\n}\n<\/style>\n<div  class='avia-image-container av-bsopd-17deef97f22bde535642f7989af6e856 av-styling- avia-align-center  avia-builder-el-18  avia-builder-el-no-sibling'   itemprop=\"image\" itemscope=\"itemscope\" itemtype=\"https:\/\/schema.org\/ImageObject\" ><div class=\"avia-image-container-inner\"><div class=\"avia-image-overlay-wrap\"><img decoding=\"async\" class='wp-image-261 avia-img-lazy-loading-not-261 avia_image' src=\"https:\/\/www.bt-uitzendbureau.nl\/wp-content\/uploads\/2023\/04\/ZZP-bemiddeling.png\" alt='' title='ZZP k\u00f6zvet\u00edt\u00e9s'  height=\"746\" width=\"746\"  itemprop=\"thumbnailUrl\" srcset=\"https:\/\/www.bt-uitzendbureau.nl\/wp-content\/uploads\/2023\/04\/ZZP-bemiddeling.png 746w, https:\/\/www.bt-uitzendbureau.nl\/wp-content\/uploads\/2023\/04\/ZZP-bemiddeling-300x300.png 300w, https:\/\/www.bt-uitzendbureau.nl\/wp-content\/uploads\/2023\/04\/ZZP-bemiddeling-80x80.png 80w, https:\/\/www.bt-uitzendbureau.nl\/wp-content\/uploads\/2023\/04\/ZZP-bemiddeling-12x12.png 12w, https:\/\/www.bt-uitzendbureau.nl\/wp-content\/uploads\/2023\/04\/ZZP-bemiddeling-36x36.png 36w, https:\/\/www.bt-uitzendbureau.nl\/wp-content\/uploads\/2023\/04\/ZZP-bemiddeling-180x180.png 180w, https:\/\/www.bt-uitzendbureau.nl\/wp-content\/uploads\/2023\/04\/ZZP-bemiddeling-705x705.png 705w\" sizes=\"(max-width: 746px) 100vw, 746px\" \/><\/div><\/div><\/div><\/div><div class='flex_column av-31rdcp-f334c69b38dca1c0fd693e136e90dd68 av_two_third  avia-builder-el-19  el_after_av_one_third  el_before_av_one_third  first flex_column_div column-top-margin'     ><p>\n<style type=\"text\/css\" data-created_by=\"avia_inline_auto\" id=\"style-css-av-2xu9vl-7aa8797a7c4546798bea6bc164c13879\">\n#top .hr.hr-invisible.av-2xu9vl-7aa8797a7c4546798bea6bc164c13879{\nheight:10px;\n}\n<\/style>\n<div  class='hr av-2xu9vl-7aa8797a7c4546798bea6bc164c13879 hr-invisible  avia-builder-el-20  el_before_av_textblock  avia-builder-el-first'><span class='hr-inner'><span class=\"hr-inner-style\"><\/span><\/span><\/div><br \/>\n\n<style type=\"text\/css\" data-created_by=\"avia_inline_auto\" id=\"style-css-av-2sr621-9824ec85aa4e87012433e349714d6781\">\n#top .av_textblock_section.av-2sr621-9824ec85aa4e87012433e349714d6781 .avia_textblock{\nfont-size:22px;\n}\n<\/style>\n<section  class='av_textblock_section av-2sr621-9824ec85aa4e87012433e349714d6781'  itemscope=\"itemscope\" itemtype=\"https:\/\/schema.org\/CreativeWork\" ><div class='avia_textblock'  itemprop=\"text\" ><h2>K\u00fclf\u00f6ldi szem\u00e9lyzet<\/h2>\n<p>A BT munkak\u00f6zvet\u00edt\u0151 \u00fcgyn\u00f6ks\u00e9ggel akkor is lehet dolgozni, ha \u00d6n egy m\u00e1sik uni\u00f3s orsz\u00e1g lakosa.<\/p>\n<\/div><\/section><br \/>\n<section  class='av_textblock_section av-93ttl-dadb62bb9d3e7eef009508b0e0506a3b'  itemscope=\"itemscope\" itemtype=\"https:\/\/schema.org\/CreativeWork\" ><div class='avia_textblock'  itemprop=\"text\" ><p>Azok sz\u00e1m\u00e1ra, akiknek nincs otthonuk Hollandi\u00e1ban, tudunk sz\u00e1ll\u00e1st szervezni. Ez a sz\u00e1ll\u00e1s h\u00e9tk\u00f6znapi \u00e9s h\u00e9tv\u00e9gi tart\u00f3zkod\u00e1sra egyar\u00e1nt ig\u00e9nybe vehet\u0151. T\u00f6bb sz\u00e1ll\u00e1ssal is rendelkez\u00fcnk saj\u00e1t kezel\u00e9s\u00fcnkben. Mi biztos\u00edtunk egy szob\u00e1t, \u00e9s azt soha nem kell megosztani m\u00e1s munkav\u00e1llal\u00f3kkal. A sz\u00e1ll\u00e1s legfeljebb 30 perces aut\u00f3\u00fatra lesz a munkahelyi c\u00edmt\u0151l.<\/p>\n<\/div><\/section><\/p><\/div><div class='flex_column av-2emrl5-ca4fa5a5ebedc40d5dd1963c0b166275 av_one_third  avia-builder-el-23  el_after_av_two_third  avia-builder-el-last  flex_column_div column-top-margin'     ><style type=\"text\/css\" data-created_by=\"avia_inline_auto\" id=\"style-css-av-28uayh-005b522945b6f79cbdd44b02ec4775b8\">\n.avia-image-container.av-28uayh-005b522945b6f79cbdd44b02ec4775b8 img.avia_image{\nbox-shadow:none;\n}\n.avia-image-container.av-28uayh-005b522945b6f79cbdd44b02ec4775b8 .av-image-caption-overlay-center{\ncolor:#ffffff;\n}\n<\/style>\n<div  class='avia-image-container av-28uayh-005b522945b6f79cbdd44b02ec4775b8 av-styling- avia-align-center  avia-builder-el-24  avia-builder-el-no-sibling'   itemprop=\"image\" itemscope=\"itemscope\" itemtype=\"https:\/\/schema.org\/ImageObject\" ><div class=\"avia-image-container-inner\"><div class=\"avia-image-overlay-wrap\"><img decoding=\"async\" class='wp-image-257 avia-img-lazy-loading-not-257 avia_image' src=\"https:\/\/www.bt-uitzendbureau.nl\/wp-content\/uploads\/2023\/04\/Buitelands-personeel.png\" alt='' title='K\u00fclf\u00f6ldi szem\u00e9lyzet'  height=\"746\" width=\"746\"  itemprop=\"thumbnailUrl\" srcset=\"https:\/\/www.bt-uitzendbureau.nl\/wp-content\/uploads\/2023\/04\/Buitelands-personeel.png 746w, https:\/\/www.bt-uitzendbureau.nl\/wp-content\/uploads\/2023\/04\/Buitelands-personeel-300x300.png 300w, https:\/\/www.bt-uitzendbureau.nl\/wp-content\/uploads\/2023\/04\/Buitelands-personeel-80x80.png 80w, https:\/\/www.bt-uitzendbureau.nl\/wp-content\/uploads\/2023\/04\/Buitelands-personeel-12x12.png 12w, https:\/\/www.bt-uitzendbureau.nl\/wp-content\/uploads\/2023\/04\/Buitelands-personeel-36x36.png 36w, https:\/\/www.bt-uitzendbureau.nl\/wp-content\/uploads\/2023\/04\/Buitelands-personeel-180x180.png 180w, https:\/\/www.bt-uitzendbureau.nl\/wp-content\/uploads\/2023\/04\/Buitelands-personeel-705x705.png 705w\" sizes=\"(max-width: 746px) 100vw, 746px\" \/><\/div><\/div><\/div><\/div><\/div><\/div><\/main><!-- close content main element --><\/div><\/div><div id='av_section_2'  class='avia-section av-11sg7d-3d30a8b176cc2f3bfa881c7f56feee46 main_color avia-section-large avia-no-border-styling  avia-builder-el-25  el_after_av_section  avia-builder-el-last  avia-bg-style-scroll container_wrap fullsize'  ><div class='container av-section-cont-open' ><div class='template-page content  av-content-full alpha units'><div class='post-entry post-entry-type-page post-entry-161'><div class='entry-content-wrapper clearfix'>\n<div class='flex_column av-w6ych-13f691cd6e355193428e610cfef69f54 av_one_full  avia-builder-el-26  avia-builder-el-no-sibling  first flex_column_div'     ><section  class='av_textblock_section av-s17wx-d35cf2c95b2cff5f7a7ff0f0dbae4a6c'  itemscope=\"itemscope\" itemtype=\"https:\/\/schema.org\/CreativeWork\" ><div class='avia_textblock'  itemprop=\"text\" ><h2 style=\"text-align: center;\">Tapasztalat n\u00e9lk\u00fcli \u00e1ll\u00e1saj\u00e1nlatok<\/h2>\n<\/div><\/section><br \/>\n\n<style type=\"text\/css\" data-created_by=\"avia_inline_auto\" id=\"style-css-av-iu78x-63780bc2cfa23a3aef018bb18ee1c998\">\n#top .hr.hr-invisible.av-iu78x-63780bc2cfa23a3aef018bb18ee1c998{\nheight:35px;\n}\n<\/style>\n<div  class='hr av-iu78x-63780bc2cfa23a3aef018bb18ee1c998 hr-invisible  avia-builder-el-28  el_after_av_textblock  el_before_av_codeblock'><span class='hr-inner'><span class=\"hr-inner-style\"><\/span><\/span><\/div><br \/>\n<br \/>\n<div  class='avia-button-wrap av-augg9-6f5f2741d1bebb46621becf193f096cb-wrap avia-button-center  avia-builder-el-30  el_after_av_codeblock  avia-builder-el-last'><a href='\/hu\/allasajanlatok-2\/'  class='avia-button av-augg9-6f5f2741d1bebb46621becf193f096cb avia-icon_select-no avia-size-small avia-position-center avia-color-theme-color-subtle'  ><span class='avia_iconbox_title' >L\u00e1sd az \u00f6sszes \u00e1ll\u00e1slehet\u0151s\u00e9get<\/span><\/a><\/div><\/p><\/div>\n<\/p>","protected":false},"excerpt":{"rendered":"","protected":false},"author":1,"featured_media":0,"parent":32,"menu_order":0,"comment_status":"closed","ping_status":"closed","template":"","meta":{"_acf_changed":false,"_monsterinsights_skip_tracking":false,"_monsterinsights_sitenote_active":false,"_monsterinsights_sitenote_note":"","_monsterinsights_sitenote_category":0,"footnotes":""},"class_list":["post-161","page","type-page","status-publish","hentry"],"acf":[],"_links":{"self":[{"href":"https:\/\/www.bt-uitzendbureau.nl\/hu\/wp-json\/wp\/v2\/pages\/161","targetHints":{"allow":["GET"]}}],"collection":[{"href":"https:\/\/www.bt-uitzendbureau.nl\/hu\/wp-json\/wp\/v2\/pages"}],"about":[{"href":"https:\/\/www.bt-uitzendbureau.nl\/hu\/wp-json\/wp\/v2\/types\/page"}],"author":[{"embeddable":true,"href":"https:\/\/www.bt-uitzendbureau.nl\/hu\/wp-json\/wp\/v2\/users\/1"}],"replies":[{"embeddable":true,"href":"https:\/\/www.bt-uitzendbureau.nl\/hu\/wp-json\/wp\/v2\/comments?post=161"}],"version-history":[{"count":5,"href":"https:\/\/www.bt-uitzendbureau.nl\/hu\/wp-json\/wp\/v2\/pages\/161\/revisions"}],"predecessor-version":[{"id":414,"href":"https:\/\/www.bt-uitzendbureau.nl\/hu\/wp-json\/wp\/v2\/pages\/161\/revisions\/414"}],"up":[{"embeddable":true,"href":"https:\/\/www.bt-uitzendbureau.nl\/hu\/wp-json\/wp\/v2\/pages\/32"}],"wp:attachment":[{"href":"https:\/\/www.bt-uitzendbureau.nl\/hu\/wp-json\/wp\/v2\/media?parent=161"}],"curies":[{"name":"wp","href":"https:\/\/api.w.org\/{rel}","templated":true}]}}