{"id":159,"date":"2023-04-07T14:23:27","date_gmt":"2023-04-07T14:23:27","guid":{"rendered":"https:\/\/bt-uitzendbureau.nl\/nieuw\/?page_id=159"},"modified":"2023-04-26T09:45:11","modified_gmt":"2023-04-26T09:45:11","slug":"allaspalyazat","status":"publish","type":"page","link":"https:\/\/www.bt-uitzendbureau.nl\/hu\/werkgevers\/vacature-aanmelden\/","title":{"rendered":"\u00c1ll\u00e1saj\u00e1nlat regisztr\u00e1l\u00e1sa"},"content":{"rendered":"<div id='av_section_1'  class='avia-section av-23w1in-53949bb28c80fe53109e5a6995f0efe7 main_color avia-section-default avia-no-border-styling  avia-builder-el-0  el_before_av_section  avia-builder-el-first  avia-bg-style-scroll container_wrap fullsize'  ><div class='container av-section-cont-open' ><main  role=\"main\" itemprop=\"mainContentOfPage\"  class='template-page content  av-content-full alpha units'><div class='post-entry post-entry-type-page post-entry-159'><div class='entry-content-wrapper clearfix'>\n<div class='flex_column av-1uh6fz-e80c2c11575d5494d7b64bd2105b56bc av_two_third  avia-builder-el-1  el_before_av_one_third  avia-builder-el-first  first flex_column_div'     ><p>\n<style type=\"text\/css\" data-created_by=\"avia_inline_auto\" id=\"style-css-av-1t5g2v-13712fb432740c7455ac22fa05a5729e\">\n#top .hr.hr-invisible.av-1t5g2v-13712fb432740c7455ac22fa05a5729e{\nheight:10px;\n}\n<\/style>\n<div  class='hr av-1t5g2v-13712fb432740c7455ac22fa05a5729e hr-invisible  avia-builder-el-2  el_before_av_textblock  avia-builder-el-first'><span class='hr-inner'><span class=\"hr-inner-style\"><\/span><\/span><\/div><br \/>\n\n<style type=\"text\/css\" data-created_by=\"avia_inline_auto\" id=\"style-css-av-lgdnpwmc-e6865a14b184636a2c62fcee0d67da46\">\n#top .av_textblock_section.av-lgdnpwmc-e6865a14b184636a2c62fcee0d67da46 .avia_textblock{\nfont-size:22px;\n}\n<\/style>\n<section  class='av_textblock_section av-lgdnpwmc-e6865a14b184636a2c62fcee0d67da46'  itemscope=\"itemscope\" itemtype=\"https:\/\/schema.org\/CreativeWork\" ><div class='avia_textblock'  itemprop=\"text\" ><h2>Regisztr\u00e1ljon \u00fcres \u00e1ll\u00e1shelyet<\/h2>\n<p>Szeretn\u00e9 regisztr\u00e1lni az \u00fcres \u00e1ll\u00e1shely\u00e9t n\u00e1lunk? Az al\u00e1bbi \u0171rlap kit\u00f6lt\u00e9s\u00e9vel megteheti.<\/p>\n<\/div><\/section><br \/>\n\n<style type=\"text\/css\" data-created_by=\"avia_inline_auto\" id=\"style-css-av-lgdnrkrz-dbf079f08b5d97a3389a65e3f05d5f59\">\n#top .hr.hr-invisible.av-lgdnrkrz-dbf079f08b5d97a3389a65e3f05d5f59{\nheight:10px;\n}\n<\/style>\n<div  class='hr av-lgdnrkrz-dbf079f08b5d97a3389a65e3f05d5f59 hr-invisible  avia-builder-el-4  el_after_av_textblock  el_before_av_codeblock'><span class='hr-inner'><span class=\"hr-inner-style\"><\/span><\/span><\/div><br \/>\n<\/p><\/div><div class='flex_column av-1gwu73-d9a349dc88ced808748ad73e96bdbd17 av_one_third  avia-builder-el-6  el_after_av_two_third  avia-builder-el-last  flex_column_div'     ><style type=\"text\/css\" data-created_by=\"avia_inline_auto\" id=\"style-css-av-19g97r-0febb1e85b97bb5557e272b9bfe7bc6c\">\n.avia-image-container.av-19g97r-0febb1e85b97bb5557e272b9bfe7bc6c img.avia_image{\nbox-shadow:none;\n}\n.avia-image-container.av-19g97r-0febb1e85b97bb5557e272b9bfe7bc6c .av-image-caption-overlay-center{\ncolor:#ffffff;\n}\n<\/style>\n<div  class='avia-image-container av-19g97r-0febb1e85b97bb5557e272b9bfe7bc6c av-styling- avia-align-center  avia-builder-el-7  avia-builder-el-no-sibling'   itemprop=\"image\" itemscope=\"itemscope\" itemtype=\"https:\/\/schema.org\/ImageObject\" ><div class=\"avia-image-container-inner\"><div class=\"avia-image-overlay-wrap\"><img decoding=\"async\" class='wp-image-126 avia-img-lazy-loading-not-126 avia_image' src=\"https:\/\/www.bt-uitzendbureau.nl\/wp-content\/uploads\/2023\/04\/Onze-diensten.png\" alt='' title='Szolg\u00e1ltat\u00e1saink'  height=\"746\" width=\"746\"  itemprop=\"thumbnailUrl\" srcset=\"https:\/\/www.bt-uitzendbureau.nl\/wp-content\/uploads\/2023\/04\/Onze-diensten.png 746w, https:\/\/www.bt-uitzendbureau.nl\/wp-content\/uploads\/2023\/04\/Onze-diensten-300x300.png 300w, https:\/\/www.bt-uitzendbureau.nl\/wp-content\/uploads\/2023\/04\/Onze-diensten-80x80.png 80w, https:\/\/www.bt-uitzendbureau.nl\/wp-content\/uploads\/2023\/04\/Onze-diensten-36x36.png 36w, https:\/\/www.bt-uitzendbureau.nl\/wp-content\/uploads\/2023\/04\/Onze-diensten-180x180.png 180w, https:\/\/www.bt-uitzendbureau.nl\/wp-content\/uploads\/2023\/04\/Onze-diensten-705x705.png 705w\" sizes=\"(max-width: 746px) 100vw, 746px\" \/><\/div><\/div><\/div><\/div><\/div><\/div><\/main><!-- close content main element --><\/div><\/div><div id='av_section_2'  class='avia-section av-11681r-9f9d9eac35129bbd4ed6b7e9c76af493 main_color avia-section-large avia-no-border-styling  avia-builder-el-8  el_after_av_section  avia-builder-el-last  avia-bg-style-scroll container_wrap fullsize'  ><div class='container av-section-cont-open' ><div class='template-page content  av-content-full alpha units'><div class='post-entry post-entry-type-page post-entry-159'><div class='entry-content-wrapper clearfix'>\n<div class='flex_column av-vq0rz-d2eccc5e7faa6ae5bbcc9f10d5ad8d72 av_one_full  avia-builder-el-9  avia-builder-el-no-sibling  first flex_column_div'     ><section  class='av_textblock_section av-oqirj-95e3a664b01a52f4fa1238a1c59028e3'  itemscope=\"itemscope\" itemtype=\"https:\/\/schema.org\/CreativeWork\" ><div class='avia_textblock'  itemprop=\"text\" ><h2 style=\"text-align: center;\">Tapasztalat n\u00e9lk\u00fcli \u00e1ll\u00e1saj\u00e1nlatok<\/h2>\n<\/div><\/section><br \/>\n\n<style type=\"text\/css\" data-created_by=\"avia_inline_auto\" id=\"style-css-av-n1oy7-46bb6b4456b7c4bca18af76022bcb72c\">\n#top .hr.hr-invisible.av-n1oy7-46bb6b4456b7c4bca18af76022bcb72c{\nheight:35px;\n}\n<\/style>\n<div  class='hr av-n1oy7-46bb6b4456b7c4bca18af76022bcb72c hr-invisible  avia-builder-el-11  el_after_av_textblock  el_before_av_codeblock'><span class='hr-inner'><span class=\"hr-inner-style\"><\/span><\/span><\/div><br \/>\n<br \/>\n<div  class='avia-button-wrap av-adz33-3c5506e0219160f8dd92ee0626047c97-wrap avia-button-center  avia-builder-el-13  el_after_av_codeblock  avia-builder-el-last'><a href='\/hu\/allasajanlatok-2\/'  class='avia-button av-adz33-3c5506e0219160f8dd92ee0626047c97 avia-icon_select-no avia-size-small avia-position-center avia-color-theme-color-subtle'  ><span class='avia_iconbox_title' >L\u00e1sd az \u00f6sszes \u00e1ll\u00e1slehet\u0151s\u00e9get<\/span><\/a><\/div><\/p><\/div>\n<\/p>","protected":false},"excerpt":{"rendered":"","protected":false},"author":1,"featured_media":0,"parent":32,"menu_order":0,"comment_status":"closed","ping_status":"closed","template":"","meta":{"_acf_changed":false,"_monsterinsights_skip_tracking":false,"_monsterinsights_sitenote_active":false,"_monsterinsights_sitenote_note":"","_monsterinsights_sitenote_category":0,"footnotes":""},"class_list":["post-159","page","type-page","status-publish","hentry"],"acf":[],"_links":{"self":[{"href":"https:\/\/www.bt-uitzendbureau.nl\/hu\/wp-json\/wp\/v2\/pages\/159","targetHints":{"allow":["GET"]}}],"collection":[{"href":"https:\/\/www.bt-uitzendbureau.nl\/hu\/wp-json\/wp\/v2\/pages"}],"about":[{"href":"https:\/\/www.bt-uitzendbureau.nl\/hu\/wp-json\/wp\/v2\/types\/page"}],"author":[{"embeddable":true,"href":"https:\/\/www.bt-uitzendbureau.nl\/hu\/wp-json\/wp\/v2\/users\/1"}],"replies":[{"embeddable":true,"href":"https:\/\/www.bt-uitzendbureau.nl\/hu\/wp-json\/wp\/v2\/comments?post=159"}],"version-history":[{"count":6,"href":"https:\/\/www.bt-uitzendbureau.nl\/hu\/wp-json\/wp\/v2\/pages\/159\/revisions"}],"predecessor-version":[{"id":223,"href":"https:\/\/www.bt-uitzendbureau.nl\/hu\/wp-json\/wp\/v2\/pages\/159\/revisions\/223"}],"up":[{"embeddable":true,"href":"https:\/\/www.bt-uitzendbureau.nl\/hu\/wp-json\/wp\/v2\/pages\/32"}],"wp:attachment":[{"href":"https:\/\/www.bt-uitzendbureau.nl\/hu\/wp-json\/wp\/v2\/media?parent=159"}],"curies":[{"name":"wp","href":"https:\/\/api.w.org\/{rel}","templated":true}]}}