{"id":117,"date":"2023-04-07T12:23:22","date_gmt":"2023-04-07T12:23:22","guid":{"rendered":"https:\/\/bt-uitzendbureau.nl\/nieuw\/?page_id=117"},"modified":"2023-04-26T09:35:28","modified_gmt":"2023-04-26T09:35:28","slug":"gyakran-ismetelt-kerdesek","status":"publish","type":"page","link":"https:\/\/www.bt-uitzendbureau.nl\/hu\/werknemers\/veelgestelde-vragen\/","title":{"rendered":"Gyakran ism\u00e9telt k\u00e9rd\u00e9sek"},"content":{"rendered":"<div id='av_section_1'  class='avia-section av-646551-a322fa596457572d321734b035cba18e main_color avia-section-default avia-no-border-styling  avia-builder-el-0  el_before_av_section  avia-builder-el-first  avia-bg-style-scroll container_wrap fullsize'  ><div class='container av-section-cont-open' ><main  role=\"main\" itemprop=\"mainContentOfPage\"  class='template-page content  av-content-full alpha units'><div class='post-entry post-entry-type-page post-entry-117'><div class='entry-content-wrapper clearfix'>\n<div class='flex_column av-24mkt-42eaeef54392a000bd16c26258eeac6f av_two_third  avia-builder-el-1  el_before_av_one_third  avia-builder-el-first  first flex_column_div'     ><p>\n<style type=\"text\/css\" data-created_by=\"avia_inline_auto\" id=\"style-css-av-5qa8zx-51634ae88bf23680f866b8a1615cc146\">\n#top .hr.hr-invisible.av-5qa8zx-51634ae88bf23680f866b8a1615cc146{\nheight:10px;\n}\n<\/style>\n<div  class='hr av-5qa8zx-51634ae88bf23680f866b8a1615cc146 hr-invisible  avia-builder-el-2  el_before_av_textblock  avia-builder-el-first'><span class='hr-inner'><span class=\"hr-inner-style\"><\/span><\/span><\/div><br \/>\n\n<style type=\"text\/css\" data-created_by=\"avia_inline_auto\" id=\"style-css-av-5hpvx1-a742bb83fef41eda80c928593b62f967\">\n#top .av_textblock_section.av-5hpvx1-a742bb83fef41eda80c928593b62f967 .avia_textblock{\nfont-size:22px;\n}\n<\/style>\n<section  class='av_textblock_section av-5hpvx1-a742bb83fef41eda80c928593b62f967'  itemscope=\"itemscope\" itemtype=\"https:\/\/schema.org\/CreativeWork\" ><div class='avia_textblock'  itemprop=\"text\" ><h2>Gyakran ism\u00e9telt k\u00e9rd\u00e9sek<\/h2>\n<p>Az al\u00e1bbiakban a gyakran feltett k\u00e9rd\u00e9sekre adunk v\u00e1laszokat. Ha az \u00d6n k\u00e9rd\u00e9se nincs k\u00f6zt\u00fck, vagy ha nem tudja megfejteni, k\u00e9rj\u00fck, vegye fel vel\u00fcnk a kapcsolatot!<\/p>\n<\/div><\/section><br \/>\n<div  class='togglecontainer av-lgdmrbu3-45cb56a6392c09e19bda902710697393  avia-builder-el-4  el_after_av_textblock  avia-builder-el-last  toggle_close_all' >\n<section class='av_toggle_section av-lgdmldg6-cb1271a22b636f74fb8c7f6e1ae8dd6f'  itemscope=\"itemscope\" itemtype=\"https:\/\/schema.org\/CreativeWork\" ><div role=\"tablist\" class=\"single_toggle\" data-tags=\"{Mind} \"  ><p data-fake-id='#toggle-id-1' class='toggler'  itemprop=\"headline\"  role='tab' tabindex='0' aria-controls='toggle-id-1'>Hetente vagy 4 hetente fizet? <span class=\"toggle_icon\"><span class=\"vert_icon\"><\/span><span class=\"hor_icon\"><\/span><\/span><\/p><div id='toggle-id-1' class='toggle_wrap'  ><div class='toggle_content invers-color'  itemprop=\"text\" ><p>Lehet\u0151s\u00e9g van heti \u00e9s n\u00e9gyhetenk\u00e9nti kifizet\u00e9sre is.<\/p>\n<\/div><\/div><\/div><\/section>\n<section class='av_toggle_section av-lgdmlmaq-f0c5cb34e97899baf6cc7dae730b6c9b'  itemscope=\"itemscope\" itemtype=\"https:\/\/schema.org\/CreativeWork\" ><div role=\"tablist\" class=\"single_toggle\" data-tags=\"{Mind} \"  ><p data-fake-id='#toggle-id-2' class='toggler'  itemprop=\"headline\"  role='tab' tabindex='0' aria-controls='toggle-id-2'>Mikor kapok fizet\u00e9st? <span class=\"toggle_icon\"><span class=\"vert_icon\"><\/span><span class=\"hor_icon\"><\/span><\/span><\/p><div id='toggle-id-2' class='toggle_wrap'  ><div class='toggle_content invers-color'  itemprop=\"text\" ><p>A munkah\u00e9t v\u00e9gezt\u00e9vel a k\u00f6vetkez\u0151 h\u00e9t cs\u00fct\u00f6rt\u00f6k\u00e9n kapja meg a fizet\u00e9s\u00e9t. A hib\u00e1k vagy a k\u00fclf\u00f6ldi bankok miatt el\u0151fordulhat, hogy a kifizet\u00e9s csak p\u00e9nteken jelenik meg.<\/p>\n<\/div><\/div><\/div><\/section>\n<section class='av_toggle_section av-lgdmlmaq-60-32ad48f437752a825df1793779ebedaa'  itemscope=\"itemscope\" itemtype=\"https:\/\/schema.org\/CreativeWork\" ><div role=\"tablist\" class=\"single_toggle\" data-tags=\"{Mind} \"  ><p data-fake-id='#toggle-id-3' class='toggler'  itemprop=\"headline\"  role='tab' tabindex='0' aria-controls='toggle-id-3'>Milyen nyugd\u00edjat kapok? <span class=\"toggle_icon\"><span class=\"vert_icon\"><\/span><span class=\"hor_icon\"><\/span><\/span><\/p><div id='toggle-id-3' class='toggle_wrap'  ><div class='toggle_content invers-color'  itemprop=\"text\" ><p>BPF bouw nyugd\u00edj a CAO bouw en Infra szakk\u00e9pzett dolgoz\u00f3i sz\u00e1m\u00e1ra. Stipp nyugd\u00edj minden m\u00e1s CLA sz\u00e1m\u00e1ra.<\/p>\n<\/div><\/div><\/div><\/section>\n<section class='av_toggle_section av-lgdmlmaq-59-cfe4a0124c9dee4fa1c9307b00dad62c'  itemscope=\"itemscope\" itemtype=\"https:\/\/schema.org\/CreativeWork\" ><div role=\"tablist\" class=\"single_toggle\" data-tags=\"{Mind} \"  ><p data-fake-id='#toggle-id-4' class='toggler'  itemprop=\"headline\"  role='tab' tabindex='0' aria-controls='toggle-id-4'>Gy\u0171lnek ADV napok? <span class=\"toggle_icon\"><span class=\"vert_icon\"><\/span><span class=\"hor_icon\"><\/span><\/span><\/p><div id='toggle-id-4' class='toggle_wrap'  ><div class='toggle_content invers-color'  itemprop=\"text\" ><p>Az ADV-napok az \u00d6n kollekt\u00edv munkaszerz\u0151d\u00e9s\u00e9nek megfelel\u0151en ker\u00fclnek felhalmoz\u00e1sra. Lehet\u0151s\u00e9g van az ADV-t megtakar\u00edtani, vagy minden h\u00e9ten a fizet\u00e9s\u00e9vel egy\u00fctt kifizetni.<\/p>\n<\/div><\/div><\/div><\/section>\n<section class='av_toggle_section av-lgdmlmaq-58-2405b789572ec199cff9a1ade347de13'  itemscope=\"itemscope\" itemtype=\"https:\/\/schema.org\/CreativeWork\" ><div role=\"tablist\" class=\"single_toggle\" data-tags=\"{Mind} \"  ><p data-fake-id='#toggle-id-5' class='toggler'  itemprop=\"headline\"  role='tab' tabindex='0' aria-controls='toggle-id-5'>Kezdek ki\u00f6regedni? <span class=\"toggle_icon\"><span class=\"vert_icon\"><\/span><span class=\"hor_icon\"><\/span><\/span><\/p><div id='toggle-id-5' class='toggle_wrap'  ><div class='toggle_content invers-color'  itemprop=\"text\" ><p>Ha \u00d6n az \u00c9p\u00edt\u0151ipari \u00e9s Infraipari Kollekt\u00edv Szerz\u0151d\u00e9s hat\u00e1lya al\u00e1 tartozik, \u00e9s el\u00e9rt egy bizonyos \u00e9letkort, akkor jogosult extra ADV napokra.<\/p>\n<\/div><\/div><\/div><\/section>\n<section class='av_toggle_section av-lgdmlmaq-57-09ed5bf1fabb24db2d2edf101bc2b730'  itemscope=\"itemscope\" itemtype=\"https:\/\/schema.org\/CreativeWork\" ><div role=\"tablist\" class=\"single_toggle\" data-tags=\"{Mind} \"  ><p data-fake-id='#toggle-id-6' class='toggler'  itemprop=\"headline\"  role='tab' tabindex='0' aria-controls='toggle-id-6'>Mikor kapnak fizet\u00e9st az \u00f6n\u00e1ll\u00f3 v\u00e1llalkoz\u00f3k? <span class=\"toggle_icon\"><span class=\"vert_icon\"><\/span><span class=\"hor_icon\"><\/span><\/span><\/p><div id='toggle-id-6' class='toggle_wrap'  ><div class='toggle_content invers-color'  itemprop=\"text\" ><p>A ZZP'ers a sz\u00e1mla elk\u00fcld\u00e9se ut\u00e1n 14 nappal fizet. A ZZP'ers p\u00e9ntekenk\u00e9nt fizet.<\/p>\n<\/div><\/div><\/div><\/section>\n<section class='av_toggle_section av-lgdmlmaq-56-34261e2c4b1665736f92bb6aa772e866'  itemscope=\"itemscope\" itemtype=\"https:\/\/schema.org\/CreativeWork\" ><div role=\"tablist\" class=\"single_toggle\" data-tags=\"{Mind} \"  ><p data-fake-id='#toggle-id-7' class='toggler'  itemprop=\"headline\"  role='tab' tabindex='0' aria-controls='toggle-id-7'>D\u00e9lut\u00e1n 5 \u00f3ra ut\u00e1n is el\u00e9rhetek valakit a munkak\u00f6zvet\u00edt\u0151 irod\u00e1b\u00f3l? <span class=\"toggle_icon\"><span class=\"vert_icon\"><\/span><span class=\"hor_icon\"><\/span><\/span><\/p><div id='toggle-id-7' class='toggle_wrap'  ><div class='toggle_content invers-color'  itemprop=\"text\" ><p>S\u00fcrg\u0151s \u00fcgyekben mindig el\u00e9rhet\u0151ek vagyunk telefonon vagy WhatsAppon. K\u00e9rj\u00fck, vegye figyelembe, hogy a v\u00e1laszad\u00e1s a szok\u00e1sosn\u00e1l kicsit lassabb lehet.<\/p>\n<\/div><\/div><\/div><\/section>\n<section class='av_toggle_section av-lgdmlmaq-55-e48bbd4ddff584131d752965384a44a8'  itemscope=\"itemscope\" itemtype=\"https:\/\/schema.org\/CreativeWork\" ><div role=\"tablist\" class=\"single_toggle\" data-tags=\"{Mind} \"  ><p data-fake-id='#toggle-id-8' class='toggler'  itemprop=\"headline\"  role='tab' tabindex='0' aria-controls='toggle-id-8'>Hogyan k\u00fcldjem el a munkaid\u0151-nyilv\u00e1ntart\u00e1st?<span class=\"toggle_icon\"><span class=\"vert_icon\"><\/span><span class=\"hor_icon\"><\/span><\/span><\/p><div id='toggle-id-8' class='toggle_wrap'  ><div class='toggle_content invers-color'  itemprop=\"text\" ><p>Ezt megteheti egy k\u00e9pen kereszt\u00fcl whatsApp-on kereszt\u00fcl a k\u00f6zvet\u00edt\u0151j\u00e9nek vagy e-mailben az al\u00e1bbi c\u00edmre. <a href=\"mailto:info@www.bt-uitzendbureau.nl\">info@www.bt-uitzendbureau.nl<\/a>.<\/p>\n<\/div><\/div><\/div><\/section>\n<section class='av_toggle_section av-lgdmlmaq-54-d5e48e8907ed87509dfd6d19ceee0e4a'  itemscope=\"itemscope\" itemtype=\"https:\/\/schema.org\/CreativeWork\" ><div role=\"tablist\" class=\"single_toggle\" data-tags=\"{Mind} \"  ><p data-fake-id='#toggle-id-9' class='toggler'  itemprop=\"headline\"  role='tab' tabindex='0' aria-controls='toggle-id-9'>Mikor k\u00f6thetek szerz\u0151d\u00e9st az \u00fcgyfelemmel? <span class=\"toggle_icon\"><span class=\"vert_icon\"><\/span><span class=\"hor_icon\"><\/span><\/span><\/p><div id='toggle-id-9' class='toggle_wrap'  ><div class='toggle_content invers-color'  itemprop=\"text\" ><p>2080 ledolgozott \u00f3ra ut\u00e1n egy \u00fcgyf\u00e9l ingyenesen \u00e1tveheti \u00d6nt. N\u00e9ha olyan meg\u00e1llapod\u00e1sok sz\u00fcletnek, amelyek lehet\u0151v\u00e9 teszik, hogy ez kor\u00e1bban megt\u00f6rt\u00e9njen.<\/p>\n<\/div><\/div><\/div><\/section>\n<section class='av_toggle_section av-lgdmlmaq-53-755cdd66ccc0ff77c270352b217f7ebb'  itemscope=\"itemscope\" itemtype=\"https:\/\/schema.org\/CreativeWork\" ><div role=\"tablist\" class=\"single_toggle\" data-tags=\"{Mind} \"  ><p data-fake-id='#toggle-id-10' class='toggler'  itemprop=\"headline\"  role='tab' tabindex='0' aria-controls='toggle-id-10'>Beteg vagyok, kinek jelentsem a betegs\u00e9gemet? <span class=\"toggle_icon\"><span class=\"vert_icon\"><\/span><span class=\"hor_icon\"><\/span><\/span><\/p><div id='toggle-id-10' class='toggle_wrap'  ><div class='toggle_content invers-color'  itemprop=\"text\" ><p>Mindig jelentse a betegs\u00e9get az Intercendentnek \u00e9s az \u00fcgyf\u00e9lnek. Ha a betegjelent\u00e9sek nem jutnak el az intercendenshez, nem lehet feldolgozni \u0151ket. Mindig ugyanazon a napon jelentsen beteget.<\/p>\n<\/div><\/div><\/div><\/section>\n<section class='av_toggle_section av-lgdmlmaq-52-c4a3d2496b721c26297a4aa728d74fdb'  itemscope=\"itemscope\" itemtype=\"https:\/\/schema.org\/CreativeWork\" ><div role=\"tablist\" class=\"single_toggle\" data-tags=\"{Mind} \"  ><p data-fake-id='#toggle-id-11' class='toggler'  itemprop=\"headline\"  role='tab' tabindex='0' aria-controls='toggle-id-11'>Mikor kapom meg a szabads\u00e1gp\u00e9nzemet? <span class=\"toggle_icon\"><span class=\"vert_icon\"><\/span><span class=\"hor_icon\"><\/span><\/span><\/p><div id='toggle-id-11' class='toggle_wrap'  ><div class='toggle_content invers-color'  itemprop=\"text\" ><p>J\u00fanius h\u00f3napban.<\/p>\n<\/div><\/div><\/div><\/section>\n<section class='av_toggle_section av-lgdmlmaq-51-f93c78eb7f31332ae5a3c8b32ec49742'  itemscope=\"itemscope\" itemtype=\"https:\/\/schema.org\/CreativeWork\" ><div role=\"tablist\" class=\"single_toggle\" data-tags=\"{Mind} \"  ><p data-fake-id='#toggle-id-12' class='toggler'  itemprop=\"headline\"  role='tab' tabindex='0' aria-controls='toggle-id-12'>Hol tal\u00e1lom meg a b\u00e9relsz\u00e1mol\u00e1saimat \u00e9s az \u00e9ves kimutat\u00e1sokat? <span class=\"toggle_icon\"><span class=\"vert_icon\"><\/span><span class=\"hor_icon\"><\/span><\/span><\/p><div id='toggle-id-12' class='toggle_wrap'  ><div class='toggle_content invers-color'  itemprop=\"text\" ><p>A BT Uitzendbureau az E UUR \u00f3r\u00e1k port\u00e1lj\u00e1val m\u0171k\u00f6dik. Ebben a szoftverrendszerben minden alkalmazott saj\u00e1t, jelsz\u00f3val ell\u00e1tott port\u00e1lt kap. Ez tartalmazza az \u00f6sszes sz\u00fcks\u00e9ges dokumentumot, p\u00e9ld\u00e1ul a szerz\u0151d\u00e9st, a b\u00e9relsz\u00e1mol\u00e1st, az \u00e9ves kimutat\u00e1st stb. Az E-hours a weboldalunkon kereszt\u00fcl \u00e9rhet\u0151 el, ha a jobb fels\u0151 sarokban az \"e-hours\" gombra kattint.<\/p>\n<\/div><\/div><\/div><\/section>\n<section class='av_toggle_section av-lgdmlmaq-50-e340ea114d4261c04a5c5c86badddf5f'  itemscope=\"itemscope\" itemtype=\"https:\/\/schema.org\/CreativeWork\" ><div role=\"tablist\" class=\"single_toggle\" data-tags=\"{Mind} \"  ><p data-fake-id='#toggle-id-13' class='toggler'  itemprop=\"headline\"  role='tab' tabindex='0' aria-controls='toggle-id-13'>Kapok fizet\u00e9st a munkasz\u00fcneti napokra? <span class=\"toggle_icon\"><span class=\"vert_icon\"><\/span><span class=\"hor_icon\"><\/span><\/span><\/p><div id='toggle-id-13' class='toggle_wrap'  ><div class='toggle_content invers-color'  itemprop=\"text\" ><p>Igen! Az el\u0151z\u0151 hetekben ledolgozott \u00e1tlagos munka\u00f3r\u00e1kat n\u00e9zz\u00fck. Ha p\u00e9ld\u00e1ul a munkasz\u00fcneti nap szerd\u00e1ra esik, akkor azt n\u00e9zz\u00fck, hogy h\u00e1ny \u00f3r\u00e1t dolgozott \u00e1tlagosan azon a szerd\u00e1n.<\/p>\n<\/div><\/div><\/div><\/section>\n<section class='av_toggle_section av-lgdmlmaq-49-30e4991ed5f66b7d553d3c8bad938fdb'  itemscope=\"itemscope\" itemtype=\"https:\/\/schema.org\/CreativeWork\" ><div role=\"tablist\" class=\"single_toggle\" data-tags=\"{Mind} \"  ><p data-fake-id='#toggle-id-14' class='toggler'  itemprop=\"headline\"  role='tab' tabindex='0' aria-controls='toggle-id-14'>Meg tudok \u00e1lland\u00f3sulni? <span class=\"toggle_icon\"><span class=\"vert_icon\"><\/span><span class=\"hor_icon\"><\/span><\/span><\/p><div id='toggle-id-14' class='toggle_wrap'  ><div class='toggle_content invers-color'  itemprop=\"text\" ><p>Persze! 81% munkav\u00e1llal\u00f3nk 1,5 \u00e9v ut\u00e1n kap szerz\u0151d\u00e9st \u00fcgyfel\u00fcnkkel.<\/p>\n<\/div><\/div><\/div><\/section>\n<section class='av_toggle_section av-lgdmlmaq-48-b20bb3eb737f55a154965a323a824783'  itemscope=\"itemscope\" itemtype=\"https:\/\/schema.org\/CreativeWork\" ><div role=\"tablist\" class=\"single_toggle\" data-tags=\"{Mind} \"  ><p data-fake-id='#toggle-id-15' class='toggler'  itemprop=\"headline\"  role='tab' tabindex='0' aria-controls='toggle-id-15'>Elv\u00e9gezhetek-e k\u00e9pz\u00e9st vagy tanfolyamot a BT munkak\u00f6zvet\u00edt\u0151 \u00fcgyn\u00f6ks\u00e9gen kereszt\u00fcl? <span class=\"toggle_icon\"><span class=\"vert_icon\"><\/span><span class=\"hor_icon\"><\/span><\/span><\/p><div id='toggle-id-15' class='toggle_wrap'  ><div class='toggle_content invers-color'  itemprop=\"text\" ><p>De igen, megteheted! Minden lehet\u0151s\u00e9gr\u0151l \u00e9rdekl\u0151dj\u00f6n a k\u00f6zvet\u00edt\u0151j\u00e9n\u00e9l.<\/p>\n<\/div><\/div><\/div><\/section>\n<section class='av_toggle_section av-lgdmlmaq-47-707d3ea7f2622e7f0c07a445b508a692'  itemscope=\"itemscope\" itemtype=\"https:\/\/schema.org\/CreativeWork\" ><div role=\"tablist\" class=\"single_toggle\" data-tags=\"{Mind} \"  ><p data-fake-id='#toggle-id-16' class='toggler'  itemprop=\"headline\"  role='tab' tabindex='0' aria-controls='toggle-id-16'>Panaszom van a koll\u00e9g\u00e1mmal, a b\u00e9rbead\u00f3val vagy a BT munkak\u00f6zvet\u00edt\u0151 \u00fcgyn\u00f6ks\u00e9ggel kapcsolatban. Hol jelenthetem ezt be? <span class=\"toggle_icon\"><span class=\"vert_icon\"><\/span><span class=\"hor_icon\"><\/span><\/span><\/p><div id='toggle-id-16' class='toggle_wrap'  ><div class='toggle_content invers-color'  itemprop=\"text\" ><p>Akkor k\u00fcldj\u00f6n nek\u00fcnk egy e-mailt a <a href=\"mailto:info@www.bt-uitzendbureau.nl\">info@www.bt-uitzendbureau.nl<\/a> \u00e9s mi 1 munkanapon bel\u00fcl v\u00e1laszolunk r\u00e1.<\/p>\n<\/div><\/div><\/div><\/section>\n<\/div><\/p><\/div><div class='flex_column av-5dvx3h-54ae9f9c66cbc1df25670cf0fc892fe7 av_one_third  avia-builder-el-5  el_after_av_two_third  avia-builder-el-last  flex_column_div'     ><style type=\"text\/css\" data-created_by=\"avia_inline_auto\" id=\"style-css-av-591h05-b471cdd5e8eb866eef3cee05f116eb95\">\n.avia-image-container.av-591h05-b471cdd5e8eb866eef3cee05f116eb95 img.avia_image{\nbox-shadow:none;\n}\n.avia-image-container.av-591h05-b471cdd5e8eb866eef3cee05f116eb95 .av-image-caption-overlay-center{\ncolor:#ffffff;\n}\n<\/style>\n<div  class='avia-image-container av-591h05-b471cdd5e8eb866eef3cee05f116eb95 av-styling- avia-align-center  avia-builder-el-6  avia-builder-el-no-sibling'   itemprop=\"image\" itemscope=\"itemscope\" itemtype=\"https:\/\/schema.org\/ImageObject\" ><div class=\"avia-image-container-inner\"><div class=\"avia-image-overlay-wrap\"><img decoding=\"async\" class='wp-image-126 avia-img-lazy-loading-not-126 avia_image' src=\"https:\/\/www.bt-uitzendbureau.nl\/wp-content\/uploads\/2023\/04\/Onze-diensten.png\" alt='' title='Szolg\u00e1ltat\u00e1saink'  height=\"746\" width=\"746\"  itemprop=\"thumbnailUrl\" srcset=\"https:\/\/www.bt-uitzendbureau.nl\/wp-content\/uploads\/2023\/04\/Onze-diensten.png 746w, https:\/\/www.bt-uitzendbureau.nl\/wp-content\/uploads\/2023\/04\/Onze-diensten-300x300.png 300w, https:\/\/www.bt-uitzendbureau.nl\/wp-content\/uploads\/2023\/04\/Onze-diensten-80x80.png 80w, https:\/\/www.bt-uitzendbureau.nl\/wp-content\/uploads\/2023\/04\/Onze-diensten-36x36.png 36w, https:\/\/www.bt-uitzendbureau.nl\/wp-content\/uploads\/2023\/04\/Onze-diensten-180x180.png 180w, https:\/\/www.bt-uitzendbureau.nl\/wp-content\/uploads\/2023\/04\/Onze-diensten-705x705.png 705w\" sizes=\"(max-width: 746px) 100vw, 746px\" \/><\/div><\/div><\/div><\/div><\/div><\/div><\/main><!-- close content main element --><\/div><\/div><div id='av_section_2'  class='avia-section av-111jt1-d07feb32323c2fcf1f2237b76419d37d main_color avia-section-large avia-no-border-styling  avia-builder-el-7  el_after_av_section  avia-builder-el-last  avia-bg-style-scroll container_wrap fullsize'  ><div class='container av-section-cont-open' ><div class='template-page content  av-content-full alpha units'><div class='post-entry post-entry-type-page post-entry-117'><div class='entry-content-wrapper clearfix'>\n<div class='flex_column av-x3j5h-97d36f3ab1feb5315f1a32d08dff5cc8 av_one_full  avia-builder-el-8  avia-builder-el-no-sibling  first flex_column_div'     ><section  class='av_textblock_section av-2jsvh-a83e7c1542f79670695e48f78bcb7ef4'  itemscope=\"itemscope\" itemtype=\"https:\/\/schema.org\/CreativeWork\" ><div class='avia_textblock'  itemprop=\"text\" ><h2 style=\"text-align: center;\">Tapasztalat n\u00e9lk\u00fcli \u00e1ll\u00e1saj\u00e1nlatok<\/h2>\n<\/div><\/section><br \/>\n\n<style type=\"text\/css\" data-created_by=\"avia_inline_auto\" id=\"style-css-av-nlbph-0530467c37138363104b8adc1a231a3d\">\n#top .hr.hr-invisible.av-nlbph-0530467c37138363104b8adc1a231a3d{\nheight:35px;\n}\n<\/style>\n<div  class='hr av-nlbph-0530467c37138363104b8adc1a231a3d hr-invisible  avia-builder-el-10  el_after_av_textblock  el_before_av_codeblock'><span class='hr-inner'><span class=\"hr-inner-style\"><\/span><\/span><\/div><br \/>\n<br \/>\n<div  class='avia-button-wrap av-7n1bp-1c5428e272329a77a97ab5a0277fe770-wrap avia-button-center  avia-builder-el-12  el_after_av_codeblock  avia-builder-el-last'><a href='\/hu\/allasajanlatok-2\/'  class='avia-button av-7n1bp-1c5428e272329a77a97ab5a0277fe770 avia-icon_select-no avia-size-small avia-position-center avia-color-theme-color-subtle'  ><span class='avia_iconbox_title' >L\u00e1sd az \u00f6sszes \u00e1ll\u00e1slehet\u0151s\u00e9get<\/span><\/a><\/div><\/p><\/div>\n<\/p>","protected":false},"excerpt":{"rendered":"","protected":false},"author":1,"featured_media":0,"parent":30,"menu_order":0,"comment_status":"closed","ping_status":"closed","template":"","meta":{"_acf_changed":false,"_monsterinsights_skip_tracking":false,"_monsterinsights_sitenote_active":false,"_monsterinsights_sitenote_note":"","_monsterinsights_sitenote_category":0,"footnotes":""},"class_list":["post-117","page","type-page","status-publish","hentry"],"acf":[],"_links":{"self":[{"href":"https:\/\/www.bt-uitzendbureau.nl\/hu\/wp-json\/wp\/v2\/pages\/117","targetHints":{"allow":["GET"]}}],"collection":[{"href":"https:\/\/www.bt-uitzendbureau.nl\/hu\/wp-json\/wp\/v2\/pages"}],"about":[{"href":"https:\/\/www.bt-uitzendbureau.nl\/hu\/wp-json\/wp\/v2\/types\/page"}],"author":[{"embeddable":true,"href":"https:\/\/www.bt-uitzendbureau.nl\/hu\/wp-json\/wp\/v2\/users\/1"}],"replies":[{"embeddable":true,"href":"https:\/\/www.bt-uitzendbureau.nl\/hu\/wp-json\/wp\/v2\/comments?post=117"}],"version-history":[{"count":5,"href":"https:\/\/www.bt-uitzendbureau.nl\/hu\/wp-json\/wp\/v2\/pages\/117\/revisions"}],"predecessor-version":[{"id":382,"href":"https:\/\/www.bt-uitzendbureau.nl\/hu\/wp-json\/wp\/v2\/pages\/117\/revisions\/382"}],"up":[{"embeddable":true,"href":"https:\/\/www.bt-uitzendbureau.nl\/hu\/wp-json\/wp\/v2\/pages\/30"}],"wp:attachment":[{"href":"https:\/\/www.bt-uitzendbureau.nl\/hu\/wp-json\/wp\/v2\/media?parent=117"}],"curies":[{"name":"wp","href":"https:\/\/api.w.org\/{rel}","templated":true}]}}