{"id":115,"date":"2023-04-07T12:23:12","date_gmt":"2023-04-07T12:23:12","guid":{"rendered":"https:\/\/bt-uitzendbureau.nl\/nieuw\/?page_id=115"},"modified":"2023-04-26T09:31:12","modified_gmt":"2023-04-26T09:31:12","slug":"letoltesek","status":"publish","type":"page","link":"https:\/\/www.bt-uitzendbureau.nl\/hu\/werknemers\/downloads\/","title":{"rendered":"Let\u00f6lt\u00e9sek"},"content":{"rendered":"<div id='av_section_1'  class='avia-section av-22rykz-e9fef8aa3c4914350468c4c3762ee33d main_color avia-section-default avia-no-border-styling  avia-builder-el-0  el_before_av_section  avia-builder-el-first  avia-bg-style-scroll container_wrap fullsize'  ><div class='container av-section-cont-open' ><main  role=\"main\" itemprop=\"mainContentOfPage\"  class='template-page content  av-content-full alpha units'><div class='post-entry post-entry-type-page post-entry-115'><div class='entry-content-wrapper clearfix'>\n<div class='flex_column av-1u9jpv-180c755efe752858bf1979d77d7dc861 av_one_full  avia-builder-el-1  el_before_av_one_third  avia-builder-el-first  first flex_column_div'     ><p>\n<style type=\"text\/css\" data-created_by=\"avia_inline_auto\" id=\"style-css-av-1p6kiz-7adda897a29e68e8d24207f9b6b6bf09\">\n#top .hr.hr-invisible.av-1p6kiz-7adda897a29e68e8d24207f9b6b6bf09{\nheight:10px;\n}\n<\/style>\n<div  class='hr av-1p6kiz-7adda897a29e68e8d24207f9b6b6bf09 hr-invisible  avia-builder-el-2  el_before_av_textblock  avia-builder-el-first'><span class='hr-inner'><span class=\"hr-inner-style\"><\/span><\/span><\/div><br \/>\n\n<style type=\"text\/css\" data-created_by=\"avia_inline_auto\" id=\"style-css-av-lgdlcxjt-06eed678381fba87f3db8ab955e9b3f6\">\n#top .av_textblock_section.av-lgdlcxjt-06eed678381fba87f3db8ab955e9b3f6 .avia_textblock{\nfont-size:22px;\n}\n<\/style>\n<section  class='av_textblock_section av-lgdlcxjt-06eed678381fba87f3db8ab955e9b3f6'  itemscope=\"itemscope\" itemtype=\"https:\/\/schema.org\/CreativeWork\" ><div class='avia_textblock'  itemprop=\"text\" ><h2>Let\u00f6lt\u00e9sek<\/h2>\n<p>Itt olyan fontos f\u00e1jlokat \u00e9s nyomtatv\u00e1nyokat tal\u00e1l, amelyek munkav\u00e1llal\u00f3k\u00e9nt \u00e9rdekelhetik \u00d6nt.<\/p>\n<\/div><\/section><\/p><\/div><div class='flex_column_table av-1jc3d7-d3659bef6baab83761f3c1e14199997b sc-av_one_third av-equal-height-column-flextable'>\n<style type=\"text\/css\" data-created_by=\"avia_inline_auto\" id=\"style-css-av-1jc3d7-d3659bef6baab83761f3c1e14199997b\">\n.flex_column.av-1jc3d7-d3659bef6baab83761f3c1e14199997b{\nwidth:31.333333333333%;\nmargin-left:0;\n-webkit-border-radius:8px 8px 8px 8px;\n-moz-border-radius:8px 8px 8px 8px;\nborder-radius:8px 8px 8px 8px;\npadding:30px 30px 30px 30px;\nbackground-color:#ffffff;\n}\n#top .flex_column_table.av-equal-height-column-flextable.av-1jc3d7-d3659bef6baab83761f3c1e14199997b .av-flex-placeholder{\nwidth:3%;\n}\n<\/style>\n<div class='flex_column av-1jc3d7-d3659bef6baab83761f3c1e14199997b av_one_third  avia-builder-el-4  el_after_av_one_full  el_before_av_one_third  first flex_column_table_cell av-equal-height-column av-align-top column-top-margin'     ><section  class='av_textblock_section av-lgdldvix-3bda8ef81e8632511d7f86e01b0738d4'  itemscope=\"itemscope\" itemtype=\"https:\/\/schema.org\/CreativeWork\" ><div class='avia_textblock'  itemprop=\"text\" ><h3>\u00d3ralap<\/h3>\n<\/div><\/section><br \/>\n\n<style type=\"text\/css\" data-created_by=\"avia_inline_auto\" id=\"style-css-av-fhj2r-9ea70a573847f73eab45c7439394cf4c\">\n#top .hr.hr-invisible.av-fhj2r-9ea70a573847f73eab45c7439394cf4c{\nheight:15px;\n}\n<\/style>\n<div  class='hr av-fhj2r-9ea70a573847f73eab45c7439394cf4c hr-invisible  avia-builder-el-6  el_after_av_textblock  el_before_av_button'><span class='hr-inner'><span class=\"hr-inner-style\"><\/span><\/span><\/div><br \/>\n<div  class='avia-button-wrap av-lgdlee9h-f13d0ce02b46c62ab0dd339c3a37e0b1-wrap avia-button-left  avia-builder-el-7  el_after_av_hr  avia-builder-el-last'><a href='https:\/\/www.bt-uitzendbureau.nl\/wp-content\/uploads\/2023\/04\/Urenbriefje-BT-uitzendbureau.pdf' class='avia-button av-lgdlee9h-f13d0ce02b46c62ab0dd339c3a37e0b1 avia-icon_select-no avia-size-small avia-position-left avia-color-theme-color' target=\"_blank\" rel=\"noopener noreferrer\"><span class='avia_iconbox_title' >Let\u00f6lt\u00e9s <\/span><\/a><\/div><\/p><\/div><div class='av-flex-placeholder'><\/div>\n<style type=\"text\/css\" data-created_by=\"avia_inline_auto\" id=\"style-css-av-57mpv-d3b2fa1e602724a00a1f7707879fe7e2\">\n.flex_column.av-57mpv-d3b2fa1e602724a00a1f7707879fe7e2{\nwidth:31.333333333333%;\nmargin-left:0;\n-webkit-border-radius:8px 8px 8px 8px;\n-moz-border-radius:8px 8px 8px 8px;\nborder-radius:8px 8px 8px 8px;\npadding:30px 30px 30px 30px;\nbackground-color:#ffffff;\n}\n#top .flex_column_table.av-equal-height-column-flextable.av-57mpv-d3b2fa1e602724a00a1f7707879fe7e2 .av-flex-placeholder{\nwidth:3%;\n}\n<\/style>\n<div class='flex_column av-57mpv-d3b2fa1e602724a00a1f7707879fe7e2 av_one_third  avia-builder-el-8  el_after_av_one_third  el_before_av_one_third  flex_column_table_cell av-equal-height-column av-align-top column-top-margin'     ><section  class='av_textblock_section av-lgdleqfh-c579d731d998900948525152f22aaea4'  itemscope=\"itemscope\" itemtype=\"https:\/\/schema.org\/CreativeWork\" ><div class='avia_textblock'  itemprop=\"text\" ><h3>NBBU kollekt\u00edv munkaszerz\u0151d\u00e9s<\/h3>\n<\/div><\/section><br \/>\n\n<style type=\"text\/css\" data-created_by=\"avia_inline_auto\" id=\"style-css-av-a5f6j-a82c570c18b5b985b5ca819aad8c2c4c\">\n#top .hr.hr-invisible.av-a5f6j-a82c570c18b5b985b5ca819aad8c2c4c{\nheight:15px;\n}\n<\/style>\n<div  class='hr av-a5f6j-a82c570c18b5b985b5ca819aad8c2c4c hr-invisible  avia-builder-el-10  el_after_av_textblock  el_before_av_button'><span class='hr-inner'><span class=\"hr-inner-style\"><\/span><\/span><\/div><br \/>\n<div  class='avia-button-wrap av-fzpf-1e681cf11610d72d3014623acaf0a220-wrap avia-button-left  avia-builder-el-11  el_after_av_hr  avia-builder-el-last'><a href='https:\/\/www.bt-uitzendbureau.nl\/wp-content\/uploads\/2023\/04\/NBBU-Lidmaatschap-_1_-min-scaled.jpg' class='avia-button av-fzpf-1e681cf11610d72d3014623acaf0a220 avia-icon_select-no avia-size-small avia-position-left avia-color-theme-color' target=\"_blank\" rel=\"noopener noreferrer\"><span class='avia_iconbox_title' >Let\u00f6lt\u00e9s <\/span><\/a><\/div><\/p><\/div><div class='av-flex-placeholder'><\/div>\n<style type=\"text\/css\" data-created_by=\"avia_inline_auto\" id=\"style-css-av-10k26b-bc501efb3aec3fe13d004af7716877fe\">\n.flex_column.av-10k26b-bc501efb3aec3fe13d004af7716877fe{\nwidth:31.333333333333%;\nmargin-left:0;\n-webkit-border-radius:8px 8px 8px 8px;\n-moz-border-radius:8px 8px 8px 8px;\nborder-radius:8px 8px 8px 8px;\npadding:30px 30px 30px 30px;\nbackground-color:#ffffff;\n}\n#top .flex_column_table.av-equal-height-column-flextable.av-10k26b-bc501efb3aec3fe13d004af7716877fe .av-flex-placeholder{\nwidth:3%;\n}\n<\/style>\n<div class='flex_column av-10k26b-bc501efb3aec3fe13d004af7716877fe av_one_third  avia-builder-el-12  el_after_av_one_third  avia-builder-el-last  flex_column_table_cell av-equal-height-column av-align-top column-top-margin'     ><section  class='av_textblock_section av-lgdleycj-eb1a6e01a62a63b2ecc3576a2d52b253'  itemscope=\"itemscope\" itemtype=\"https:\/\/schema.org\/CreativeWork\" ><div class='avia_textblock'  itemprop=\"text\" ><h3>P\u00e1ly\u00e1zati \u0171rlap P\u00e1ly\u00e1z\u00f3<\/h3>\n<\/div><\/section><br \/>\n\n<style type=\"text\/css\" data-created_by=\"avia_inline_auto\" id=\"style-css-av-805jn-037769a19a9246351aafe5a2906e78d3\">\n#top .hr.hr-invisible.av-805jn-037769a19a9246351aafe5a2906e78d3{\nheight:15px;\n}\n<\/style>\n<div  class='hr av-805jn-037769a19a9246351aafe5a2906e78d3 hr-invisible  avia-builder-el-14  el_after_av_textblock  el_before_av_button'><span class='hr-inner'><span class=\"hr-inner-style\"><\/span><\/span><\/div><br \/>\n<div  class='avia-button-wrap av-z7duz-93e78d462d3bb0f05e507e7b8d65a024-wrap avia-button-left  avia-builder-el-15  el_after_av_hr  avia-builder-el-last'><a href='https:\/\/www.bt-uitzendbureau.nl\/wp-content\/uploads\/2023\/04\/Inschrijfformulier-inlener.docx' class='avia-button av-z7duz-93e78d462d3bb0f05e507e7b8d65a024 avia-icon_select-no avia-size-small avia-position-left avia-color-theme-color' target=\"_blank\" rel=\"noopener noreferrer\"><span class='avia_iconbox_title' >Let\u00f6lt\u00e9s <\/span><\/a><\/div><\/p><\/div><\/div><!--close column table wrapper. Autoclose: 1 --><\/div><\/div><\/main><!-- close content main element --><\/div><\/div><div id='av_section_2'  class='avia-section av-rvwir-6408497b315d9ebb0d96a769c9b3b180 main_color avia-section-large avia-no-border-styling  avia-builder-el-16  el_after_av_section  avia-builder-el-last  avia-bg-style-scroll container_wrap fullsize'  ><div class='container av-section-cont-open' ><div class='template-page content  av-content-full alpha units'><div class='post-entry post-entry-type-page post-entry-115'><div class='entry-content-wrapper clearfix'>\n<div class='flex_column av-mg2d7-0060e55da49683694da2b690c37c5cd5 av_one_full  avia-builder-el-17  avia-builder-el-no-sibling  first flex_column_div'     ><section  class='av_textblock_section av-dls17-28ffbd5aa543e36699a98287abfc873c'  itemscope=\"itemscope\" itemtype=\"https:\/\/schema.org\/CreativeWork\" ><div class='avia_textblock'  itemprop=\"text\" ><h2 style=\"text-align: center;\">Tapasztalat n\u00e9lk\u00fcli \u00e1ll\u00e1saj\u00e1nlatok<\/h2>\n<\/div><\/section><br \/>\n\n<style type=\"text\/css\" data-created_by=\"avia_inline_auto\" id=\"style-css-av-lgdlirqn-74078e4ae56a69ee2303f51f9c3dcfb8\">\n#top .hr.hr-invisible.av-lgdlirqn-74078e4ae56a69ee2303f51f9c3dcfb8{\nheight:35px;\n}\n<\/style>\n<div  class='hr av-lgdlirqn-74078e4ae56a69ee2303f51f9c3dcfb8 hr-invisible  avia-builder-el-19  el_after_av_textblock  el_before_av_codeblock'><span class='hr-inner'><span class=\"hr-inner-style\"><\/span><\/span><\/div><br \/>\n<br \/>\n<div  class='avia-button-wrap av-aqrp7-3125a9d52182313af583d2b5f7b449e0-wrap avia-button-center  avia-builder-el-21  el_after_av_codeblock  avia-builder-el-last'><a href='\/hu\/allasajanlatok-2\/'  class='avia-button av-aqrp7-3125a9d52182313af583d2b5f7b449e0 avia-icon_select-no avia-size-small avia-position-center avia-color-theme-color-subtle'  ><span class='avia_iconbox_title' >L\u00e1sd az \u00f6sszes \u00e1ll\u00e1slehet\u0151s\u00e9get<\/span><\/a><\/div><\/p><\/div>\n<\/p>","protected":false},"excerpt":{"rendered":"","protected":false},"author":1,"featured_media":0,"parent":30,"menu_order":0,"comment_status":"closed","ping_status":"closed","template":"","meta":{"_acf_changed":false,"_monsterinsights_skip_tracking":false,"_monsterinsights_sitenote_active":false,"_monsterinsights_sitenote_note":"","_monsterinsights_sitenote_category":0,"footnotes":""},"class_list":["post-115","page","type-page","status-publish","hentry"],"acf":[],"_links":{"self":[{"href":"https:\/\/www.bt-uitzendbureau.nl\/hu\/wp-json\/wp\/v2\/pages\/115","targetHints":{"allow":["GET"]}}],"collection":[{"href":"https:\/\/www.bt-uitzendbureau.nl\/hu\/wp-json\/wp\/v2\/pages"}],"about":[{"href":"https:\/\/www.bt-uitzendbureau.nl\/hu\/wp-json\/wp\/v2\/types\/page"}],"author":[{"embeddable":true,"href":"https:\/\/www.bt-uitzendbureau.nl\/hu\/wp-json\/wp\/v2\/users\/1"}],"replies":[{"embeddable":true,"href":"https:\/\/www.bt-uitzendbureau.nl\/hu\/wp-json\/wp\/v2\/comments?post=115"}],"version-history":[{"count":8,"href":"https:\/\/www.bt-uitzendbureau.nl\/hu\/wp-json\/wp\/v2\/pages\/115\/revisions"}],"predecessor-version":[{"id":211,"href":"https:\/\/www.bt-uitzendbureau.nl\/hu\/wp-json\/wp\/v2\/pages\/115\/revisions\/211"}],"up":[{"embeddable":true,"href":"https:\/\/www.bt-uitzendbureau.nl\/hu\/wp-json\/wp\/v2\/pages\/30"}],"wp:attachment":[{"href":"https:\/\/www.bt-uitzendbureau.nl\/hu\/wp-json\/wp\/v2\/media?parent=115"}],"curies":[{"name":"wp","href":"https:\/\/api.w.org\/{rel}","templated":true}]}}