{"id":111,"date":"2023-04-07T12:22:52","date_gmt":"2023-04-07T12:22:52","guid":{"rendered":"https:\/\/bt-uitzendbureau.nl\/nieuw\/?page_id=111"},"modified":"2023-04-19T10:38:37","modified_gmt":"2023-04-19T10:38:37","slug":"szolgaltatasaink","status":"publish","type":"page","link":"https:\/\/www.bt-uitzendbureau.nl\/hu\/werknemers\/onze-diensten\/","title":{"rendered":"Szolg\u00e1ltat\u00e1saink"},"content":{"rendered":"<div id='av_section_1'  class='avia-section av-3gtcvz-241ac80be7aaf2ee063d12330bb080c4 main_color avia-section-default avia-no-border-styling  avia-builder-el-0  el_before_av_section  avia-builder-el-first  avia-bg-style-scroll container_wrap fullsize'  ><div class='container av-section-cont-open' ><main  role=\"main\" itemprop=\"mainContentOfPage\"  class='template-page content  av-content-full alpha units'><div class='post-entry post-entry-type-page post-entry-111'><div class='entry-content-wrapper clearfix'>\n<div class='flex_column_table av-3b1jen-fb7d073a48f5436c3e3d2a55f87c6eec sc-av_two_third av-equal-height-column-flextable'><div class='flex_column av-3b1jen-fb7d073a48f5436c3e3d2a55f87c6eec av_two_third  avia-builder-el-1  el_before_av_one_third  avia-builder-el-first  first flex_column_table_cell av-equal-height-column av-align-middle'     id=\"uitzenden\"  ><style type=\"text\/css\" data-created_by=\"avia_inline_auto\" id=\"style-css-av-lg6ivqd7-e007d59ab0a7afbcf8cea9148ce06ebe\">\n#top .av_textblock_section.av-lg6ivqd7-e007d59ab0a7afbcf8cea9148ce06ebe .avia_textblock{\nfont-size:22px;\n}\n<\/style>\n<section  class='av_textblock_section av-lg6ivqd7-e007d59ab0a7afbcf8cea9148ce06ebe'  itemscope=\"itemscope\" itemtype=\"https:\/\/schema.org\/CreativeWork\" ><div class='avia_textblock'  itemprop=\"text\" ><h2>M\u0171sorszolg\u00e1ltat\u00e1s<\/h2>\n<p>A szem\u00e9lyzeti szolg\u00e1ltat\u00e1s a legnagyobb szolg\u00e1ltat\u00e1sunk, de mit is jelent a szem\u00e9lyzeti szolg\u00e1ltat\u00e1s? A munkaer\u0151-k\u00f6lcs\u00f6nz\u00e9s sor\u00e1n \u00d6n szerz\u0151d\u00e9st kap a BT munkaer\u0151-k\u00f6lcs\u00f6nz\u0151t\u0151l, \u00e9s elkezd dolgozni valamelyik \u00fcgyfel\u00fcnkn\u00e9l.<\/p>\n<\/div><\/section><br \/>\n<section  class='av_textblock_section av-lg6ivzjx-7d2ad343de9c87d1e6a0c9213f59667c'  itemscope=\"itemscope\" itemtype=\"https:\/\/schema.org\/CreativeWork\" ><div class='avia_textblock'  itemprop=\"text\" ><p>Mi mindig hossz\u00fa t\u00e1v\u00fa foglalkoztat\u00e1st biztos\u00edtunk \u00d6nnek. Ez mag\u00e1ban foglal egy hossz\u00fa t\u00e1v\u00fa projektet vagy egy \u00e1lland\u00f3 helyet egy v\u00e1llalatn\u00e1l. Ha egy projekt v\u00e9get \u00e9r, vagy egy\u00e9b k\u00f6r\u00fclm\u00e9nyek miatt a munka megsz\u0171nik, a lehet\u0151 leghamarabb \u00faj, megfelel\u0151 munkahelyet biztos\u00edtunk. C\u00e9lunk teh\u00e1t a munkaer\u0151-k\u00f6lcs\u00f6nz\u00e9sben az, hogy a munkav\u00e1llal\u00f3 el\u00e9gedett legyen. Mindig a munkav\u00e1llal\u00f3 \u00e9s nem az \u00fcgyf\u00e9l szemsz\u00f6g\u00e9b\u0151l gondolkodunk. Nem el\u00e9gedett? Akkor megoldjuk! Ha nem a jelenlegi \u00fcgyfel\u00e9vel, akkor egy m\u00e1sikkal. A v\u00e9gs\u0151 c\u00e9lunk az, hogy seg\u00edts\u00fcnk munkav\u00e1llal\u00f3inknak \u00e1lland\u00f3 \u00e1ll\u00e1st tal\u00e1lni egy \u00fcgyf\u00e9ln\u00e9l. Ez\u00e9rt felaj\u00e1nljuk a lehet\u0151s\u00e9get: az \u00fcgyf\u00e9l 2080 ledolgozott \u00f3ra ut\u00e1n ingyenesen felaj\u00e1nlhatja a munkav\u00e1llal\u00f3nak a szerz\u0151d\u00e9st.<\/p>\n<\/div><\/section><\/p><\/div><div class='av-flex-placeholder'><\/div><div class='flex_column av-34i7yf-89288d564c88713fa23926b7e90ac0ce av_one_third  avia-builder-el-4  el_after_av_two_third  el_before_av_two_third  flex_column_table_cell av-equal-height-column av-align-middle'     ><style type=\"text\/css\" data-created_by=\"avia_inline_auto\" id=\"style-css-av-lg6iwh2n-0866af2cc7ef0f06fc02826f7ff7dd82\">\n.avia-image-container.av-lg6iwh2n-0866af2cc7ef0f06fc02826f7ff7dd82 img.avia_image{\nbox-shadow:none;\n}\n.avia-image-container.av-lg6iwh2n-0866af2cc7ef0f06fc02826f7ff7dd82 .av-image-caption-overlay-center{\ncolor:#ffffff;\n}\n<\/style>\n<div  class='avia-image-container av-lg6iwh2n-0866af2cc7ef0f06fc02826f7ff7dd82 av-styling- avia-align-center  avia-builder-el-5  avia-builder-el-no-sibling'   itemprop=\"image\" itemscope=\"itemscope\" itemtype=\"https:\/\/schema.org\/ImageObject\" ><div class=\"avia-image-container-inner\"><div class=\"avia-image-overlay-wrap\"><img decoding=\"async\" class='wp-image-259 avia-img-lazy-loading-not-259 avia_image' src=\"https:\/\/www.bt-uitzendbureau.nl\/wp-content\/uploads\/2023\/04\/Uitzenden.png\" alt='' title='M\u0171sorszolg\u00e1ltat\u00e1s'  height=\"746\" width=\"746\"  itemprop=\"thumbnailUrl\" srcset=\"https:\/\/www.bt-uitzendbureau.nl\/wp-content\/uploads\/2023\/04\/Uitzenden.png 746w, https:\/\/www.bt-uitzendbureau.nl\/wp-content\/uploads\/2023\/04\/Uitzenden-300x300.png 300w, https:\/\/www.bt-uitzendbureau.nl\/wp-content\/uploads\/2023\/04\/Uitzenden-80x80.png 80w, https:\/\/www.bt-uitzendbureau.nl\/wp-content\/uploads\/2023\/04\/Uitzenden-12x12.png 12w, https:\/\/www.bt-uitzendbureau.nl\/wp-content\/uploads\/2023\/04\/Uitzenden-36x36.png 36w, https:\/\/www.bt-uitzendbureau.nl\/wp-content\/uploads\/2023\/04\/Uitzenden-180x180.png 180w, https:\/\/www.bt-uitzendbureau.nl\/wp-content\/uploads\/2023\/04\/Uitzenden-705x705.png 705w\" sizes=\"(max-width: 746px) 100vw, 746px\" \/><\/div><\/div><\/div><\/div><\/div><!--close column table wrapper. Autoclose: 1 --><div class='flex_column_table av-2wx3e7-5b2748f911588c8cfb6333cb95a6de75 sc-av_two_third av-equal-height-column-flextable'><div class='flex_column av-2wx3e7-5b2748f911588c8cfb6333cb95a6de75 av_two_third  avia-builder-el-6  el_after_av_one_third  el_before_av_one_third  first flex_column_table_cell av-equal-height-column av-align-middle column-top-margin'     id=\"werving-selectie\"  ><style type=\"text\/css\" data-created_by=\"avia_inline_auto\" id=\"style-css-av-lg6iydb0-dbb62224615d448f342359eb7e1c74f4\">\n#top .av_textblock_section.av-lg6iydb0-dbb62224615d448f342359eb7e1c74f4 .avia_textblock{\nfont-size:22px;\n}\n<\/style>\n<section  class='av_textblock_section av-lg6iydb0-dbb62224615d448f342359eb7e1c74f4'  itemscope=\"itemscope\" itemtype=\"https:\/\/schema.org\/CreativeWork\" ><div class='avia_textblock'  itemprop=\"text\" ><h2>Toborz\u00e1s \u00e9s kiv\u00e1laszt\u00e1s<\/h2>\n<p>Bizonyos \u00fcgyfeleink sz\u00e1m\u00e1ra a Recruitment &amp; Selection alapj\u00e1n is dolgozunk, de mit is jelent a Recruitment &amp; Selection?<\/p>\n<\/div><\/section><br \/>\n<section  class='av_textblock_section av-lg6iyjv8-728a5dea376f5df9e5e9602722733f29'  itemscope=\"itemscope\" itemtype=\"https:\/\/schema.org\/CreativeWork\" ><div class='avia_textblock'  itemprop=\"text\" ><p>A toborz\u00e1s \u00e9s kiv\u00e1laszt\u00e1s ter\u00fclet\u00e9n \u00fcgyfel\u00fcnk azonnal szerz\u0151d\u00e9st szeretne aj\u00e1nlani a jel\u00f6ltnek, de nem tudja maga megtal\u00e1lni a megfelel\u0151 jel\u00f6ltet. Ez\u00e9rt mi keress\u00fck meg a jel\u00f6lteket, \u00e9s v\u00e1lasztjuk ki \u0151ket \u00fcgyfel\u00fcnk sz\u00e1m\u00e1ra. Ha az \u00e1ll\u00e1sinterj\u00fak ut\u00e1n mind a jel\u00f6lt, mind az \u00fcgyf\u00e9l \u00f6r\u00f6mmel dolgozik egy\u00fctt, a jel\u00f6ltnek azonnal szerz\u0151d\u00e9st aj\u00e1nlunk az \u00fcgyf\u00e9ln\u00e9l.<\/p>\n<\/div><\/section><\/p><\/div><div class='av-flex-placeholder'><\/div><div class='flex_column av-2pcniv-300769e9a630ab33cfb2b6abbaff0708 av_one_third  avia-builder-el-9  el_after_av_two_third  el_before_av_two_third  flex_column_table_cell av-equal-height-column av-align-middle column-top-margin'     ><style type=\"text\/css\" data-created_by=\"avia_inline_auto\" id=\"style-css-av-2kqe6n-a2143a6be95df129fdea226d3c2beb43\">\n.avia-image-container.av-2kqe6n-a2143a6be95df129fdea226d3c2beb43 img.avia_image{\nbox-shadow:none;\n}\n.avia-image-container.av-2kqe6n-a2143a6be95df129fdea226d3c2beb43 .av-image-caption-overlay-center{\ncolor:#ffffff;\n}\n<\/style>\n<div  class='avia-image-container av-2kqe6n-a2143a6be95df129fdea226d3c2beb43 av-styling- avia-align-center  avia-builder-el-10  avia-builder-el-no-sibling'   itemprop=\"image\" itemscope=\"itemscope\" itemtype=\"https:\/\/schema.org\/ImageObject\" ><div class=\"avia-image-container-inner\"><div class=\"avia-image-overlay-wrap\"><img decoding=\"async\" class='wp-image-260 avia-img-lazy-loading-not-260 avia_image' src=\"https:\/\/www.bt-uitzendbureau.nl\/wp-content\/uploads\/2023\/04\/Werving-en-selectie.png\" alt='' title='Toborz\u00e1s \u00e9s kiv\u00e1laszt\u00e1s'  height=\"746\" width=\"746\"  itemprop=\"thumbnailUrl\" srcset=\"https:\/\/www.bt-uitzendbureau.nl\/wp-content\/uploads\/2023\/04\/Werving-en-selectie.png 746w, https:\/\/www.bt-uitzendbureau.nl\/wp-content\/uploads\/2023\/04\/Werving-en-selectie-300x300.png 300w, https:\/\/www.bt-uitzendbureau.nl\/wp-content\/uploads\/2023\/04\/Werving-en-selectie-80x80.png 80w, https:\/\/www.bt-uitzendbureau.nl\/wp-content\/uploads\/2023\/04\/Werving-en-selectie-12x12.png 12w, https:\/\/www.bt-uitzendbureau.nl\/wp-content\/uploads\/2023\/04\/Werving-en-selectie-36x36.png 36w, https:\/\/www.bt-uitzendbureau.nl\/wp-content\/uploads\/2023\/04\/Werving-en-selectie-180x180.png 180w, https:\/\/www.bt-uitzendbureau.nl\/wp-content\/uploads\/2023\/04\/Werving-en-selectie-705x705.png 705w\" sizes=\"(max-width: 746px) 100vw, 746px\" \/><\/div><\/div><\/div><\/div><\/div><!--close column table wrapper. Autoclose: 1 --><div class='flex_column_table av-2edxnb-d343beea83021d347fe38f11d58b3157 sc-av_two_third av-equal-height-column-flextable'><div class='flex_column av-2edxnb-d343beea83021d347fe38f11d58b3157 av_two_third  avia-builder-el-11  el_after_av_one_third  el_before_av_one_third  first flex_column_table_cell av-equal-height-column av-align-middle column-top-margin'     ><style type=\"text\/css\" data-created_by=\"avia_inline_auto\" id=\"style-css-av-lg6iz0x1-a39c935d893780daf7f445305ba81e8b\">\n#top .av_textblock_section.av-lg6iz0x1-a39c935d893780daf7f445305ba81e8b .avia_textblock{\nfont-size:22px;\n}\n<\/style>\n<section  class='av_textblock_section av-lg6iz0x1-a39c935d893780daf7f445305ba81e8b'  itemscope=\"itemscope\" itemtype=\"https:\/\/schema.org\/CreativeWork\" ><div class='avia_textblock'  itemprop=\"text\" ><h2>ZZP k\u00f6zvet\u00edt\u00e9s<\/h2>\n<p>Azoknak, akiknek v\u00e1llalkoz\u00e1suk van, vagy ink\u00e1bb nem szeretn\u00e9nek munkaviszonyban \u00e1llni, ZZP k\u00f6zvet\u00edt\u00e9st k\u00edn\u00e1lunk, de mivel j\u00e1r a ZZP k\u00f6zvet\u00edt\u00e9s?<\/p>\n<\/div><\/section><br \/>\n<section  class='av_textblock_section av-26z35z-bfc9ba79de30711a6a52813ac44b5051'  itemscope=\"itemscope\" itemtype=\"https:\/\/schema.org\/CreativeWork\" ><div class='avia_textblock'  itemprop=\"text\" ><p>A ZZP k\u00f6zvet\u00edt\u00e9ssel \u00d6n tov\u00e1bbra is \u00f6n\u00e1ll\u00f3 v\u00e1llalkoz\u00f3k\u00e9nt dolgozik, de mi biztos\u00edtjuk, hogy egy bizonyos \u00e1rhoz k\u00f6t\u00f6tt, meghat\u00e1rozott heti \u00f3rasz\u00e1m\u00fa munka biztons\u00e1g\u00e1t. Olyan munk\u00e1t biztos\u00edtunk az \u00fcgyf\u00e9lnek, amely megfelel az \u00d6n tud\u00e1s\u00e1nak \u00e9s k\u00e9pess\u00e9geinek. \u00d6nnek csak a h\u00e9t v\u00e9g\u00e9n kell elk\u00fcldenie a sz\u00e1ml\u00e1t. Az \u00e1rat munka\u00f3r\u00e1nk\u00e9nt \u00e1llap\u00edtjuk meg, nem pedig projektenk\u00e9nt vagy m\u00e9terenk\u00e9nt. Bizonyos id\u0151 ut\u00e1n nem lehets\u00e9ges k\u00f6zvetlen\u00fcl az \u00fcgyfel\u00fcnknek dolgozni. Ahhoz, hogy a BT \u00fcgyn\u00f6ks\u00e9gen kereszt\u00fcl dolgozhasson, be kell jelentkeznie a kereskedelmi kamar\u00e1n\u00e1l, \u00e9s felel\u0151ss\u00e9gbiztos\u00edt\u00e1ssal kell rendelkeznie. A szabad\u00fasz\u00f3k sz\u00e1m\u00e1ra k\u00fcl\u00f6n c\u00e9g\u00fcnk van, a BT Diensten B.V.<\/p>\n<\/div><\/section><\/p><\/div><div class='av-flex-placeholder'><\/div><div class='flex_column av-23qnt3-16f77b7784c4427b16b691fed65d4eeb av_one_third  avia-builder-el-14  el_after_av_two_third  el_before_av_two_third  flex_column_table_cell av-equal-height-column av-align-middle column-top-margin'     ><style type=\"text\/css\" data-created_by=\"avia_inline_auto\" id=\"style-css-av-1x7ph3-f82549396b7829b62133854c5f917624\">\n.avia-image-container.av-1x7ph3-f82549396b7829b62133854c5f917624 img.avia_image{\nbox-shadow:none;\n}\n.avia-image-container.av-1x7ph3-f82549396b7829b62133854c5f917624 .av-image-caption-overlay-center{\ncolor:#ffffff;\n}\n<\/style>\n<div  class='avia-image-container av-1x7ph3-f82549396b7829b62133854c5f917624 av-styling- avia-align-center  avia-builder-el-15  avia-builder-el-no-sibling'   itemprop=\"image\" itemscope=\"itemscope\" itemtype=\"https:\/\/schema.org\/ImageObject\" ><div class=\"avia-image-container-inner\"><div class=\"avia-image-overlay-wrap\"><img decoding=\"async\" class='wp-image-261 avia-img-lazy-loading-not-261 avia_image' src=\"https:\/\/www.bt-uitzendbureau.nl\/wp-content\/uploads\/2023\/04\/ZZP-bemiddeling.png\" alt='' title='ZZP k\u00f6zvet\u00edt\u00e9s'  height=\"746\" width=\"746\"  itemprop=\"thumbnailUrl\" srcset=\"https:\/\/www.bt-uitzendbureau.nl\/wp-content\/uploads\/2023\/04\/ZZP-bemiddeling.png 746w, https:\/\/www.bt-uitzendbureau.nl\/wp-content\/uploads\/2023\/04\/ZZP-bemiddeling-300x300.png 300w, https:\/\/www.bt-uitzendbureau.nl\/wp-content\/uploads\/2023\/04\/ZZP-bemiddeling-80x80.png 80w, https:\/\/www.bt-uitzendbureau.nl\/wp-content\/uploads\/2023\/04\/ZZP-bemiddeling-12x12.png 12w, https:\/\/www.bt-uitzendbureau.nl\/wp-content\/uploads\/2023\/04\/ZZP-bemiddeling-36x36.png 36w, https:\/\/www.bt-uitzendbureau.nl\/wp-content\/uploads\/2023\/04\/ZZP-bemiddeling-180x180.png 180w, https:\/\/www.bt-uitzendbureau.nl\/wp-content\/uploads\/2023\/04\/ZZP-bemiddeling-705x705.png 705w\" sizes=\"(max-width: 746px) 100vw, 746px\" \/><\/div><\/div><\/div><\/div><\/div><!--close column table wrapper. Autoclose: 1 --><div class='flex_column_table av-1p3b8n-82bece8693886b79a5c9a8b873f82d50 sc-av_two_third av-equal-height-column-flextable'><div class='flex_column av-1p3b8n-82bece8693886b79a5c9a8b873f82d50 av_two_third  avia-builder-el-16  el_after_av_one_third  el_before_av_one_third  first flex_column_table_cell av-equal-height-column av-align-middle column-top-margin'     ><style type=\"text\/css\" data-created_by=\"avia_inline_auto\" id=\"style-css-av-1lw3v3-484d3975791c2ca3c728781d54bc3d30\">\n#top .av_textblock_section.av-1lw3v3-484d3975791c2ca3c728781d54bc3d30 .avia_textblock{\nfont-size:22px;\n}\n<\/style>\n<section  class='av_textblock_section av-1lw3v3-484d3975791c2ca3c728781d54bc3d30'  itemscope=\"itemscope\" itemtype=\"https:\/\/schema.org\/CreativeWork\" ><div class='avia_textblock'  itemprop=\"text\" ><h2>K\u00fclf\u00f6ldi szem\u00e9lyzet<\/h2>\n<p>A BT munkak\u00f6zvet\u00edt\u0151 \u00fcgyn\u00f6ks\u00e9ggel akkor is lehet dolgozni, ha \u00d6n egy m\u00e1sik uni\u00f3s orsz\u00e1g lakosa.<\/p>\n<\/div><\/section><br \/>\n<section  class='av_textblock_section av-1frenb-e85ee97d0d73b19d8faa38537030985c'  itemscope=\"itemscope\" itemtype=\"https:\/\/schema.org\/CreativeWork\" ><div class='avia_textblock'  itemprop=\"text\" ><p>Azok sz\u00e1m\u00e1ra, akiknek nincs otthonuk Hollandi\u00e1ban, tudunk sz\u00e1ll\u00e1st szervezni. Ez a sz\u00e1ll\u00e1s h\u00e9tk\u00f6znapi \u00e9s h\u00e9tv\u00e9gi tart\u00f3zkod\u00e1sra egyar\u00e1nt ig\u00e9nybe vehet\u0151. T\u00f6bb sz\u00e1ll\u00e1ssal is rendelkez\u00fcnk saj\u00e1t kezel\u00e9s\u00fcnkben. Mi biztos\u00edtunk egy szob\u00e1t, \u00e9s azt soha nem kell megosztani m\u00e1s munkav\u00e1llal\u00f3kkal. A sz\u00e1ll\u00e1s legfeljebb 30 perces aut\u00f3\u00fatra lesz a munkahelyi c\u00edmt\u0151l.<\/p>\n<\/div><\/section><\/p><\/div><div class='av-flex-placeholder'><\/div><div class='flex_column av-18av7j-01b6a8731efdc580a1b6dff368f1dacd av_one_third  avia-builder-el-19  el_after_av_two_third  el_before_av_two_third  flex_column_table_cell av-equal-height-column av-align-middle column-top-margin'     ><style type=\"text\/css\" data-created_by=\"avia_inline_auto\" id=\"style-css-av-13yehr-ae2c94492b7fe6adadb657b2e23f1769\">\n.avia-image-container.av-13yehr-ae2c94492b7fe6adadb657b2e23f1769 img.avia_image{\nbox-shadow:none;\n}\n.avia-image-container.av-13yehr-ae2c94492b7fe6adadb657b2e23f1769 .av-image-caption-overlay-center{\ncolor:#ffffff;\n}\n<\/style>\n<div  class='avia-image-container av-13yehr-ae2c94492b7fe6adadb657b2e23f1769 av-styling- avia-align-center  avia-builder-el-20  avia-builder-el-no-sibling'   itemprop=\"image\" itemscope=\"itemscope\" itemtype=\"https:\/\/schema.org\/ImageObject\" ><div class=\"avia-image-container-inner\"><div class=\"avia-image-overlay-wrap\"><img decoding=\"async\" class='wp-image-257 avia-img-lazy-loading-not-257 avia_image' src=\"https:\/\/www.bt-uitzendbureau.nl\/wp-content\/uploads\/2023\/04\/Buitelands-personeel.png\" alt='' title='K\u00fclf\u00f6ldi szem\u00e9lyzet'  height=\"746\" width=\"746\"  itemprop=\"thumbnailUrl\" srcset=\"https:\/\/www.bt-uitzendbureau.nl\/wp-content\/uploads\/2023\/04\/Buitelands-personeel.png 746w, https:\/\/www.bt-uitzendbureau.nl\/wp-content\/uploads\/2023\/04\/Buitelands-personeel-300x300.png 300w, https:\/\/www.bt-uitzendbureau.nl\/wp-content\/uploads\/2023\/04\/Buitelands-personeel-80x80.png 80w, https:\/\/www.bt-uitzendbureau.nl\/wp-content\/uploads\/2023\/04\/Buitelands-personeel-12x12.png 12w, https:\/\/www.bt-uitzendbureau.nl\/wp-content\/uploads\/2023\/04\/Buitelands-personeel-36x36.png 36w, https:\/\/www.bt-uitzendbureau.nl\/wp-content\/uploads\/2023\/04\/Buitelands-personeel-180x180.png 180w, https:\/\/www.bt-uitzendbureau.nl\/wp-content\/uploads\/2023\/04\/Buitelands-personeel-705x705.png 705w\" sizes=\"(max-width: 746px) 100vw, 746px\" \/><\/div><\/div><\/div><\/div><\/div><!--close column table wrapper. Autoclose: 1 --><div class='flex_column_table av-z84v3-3c99534639ab3ed1b54a2832b4276acd sc-av_two_third av-equal-height-column-flextable'><div class='flex_column av-z84v3-3c99534639ab3ed1b54a2832b4276acd av_two_third  avia-builder-el-21  el_after_av_one_third  el_before_av_one_third  first flex_column_table_cell av-equal-height-column av-align-middle column-top-margin'     ><style type=\"text\/css\" data-created_by=\"avia_inline_auto\" id=\"style-css-av-q6zm7-bba325ab8a05d42cc5fdcabd6ec81e10\">\n#top .av_textblock_section.av-q6zm7-bba325ab8a05d42cc5fdcabd6ec81e10 .avia_textblock{\nfont-size:22px;\n}\n<\/style>\n<section  class='av_textblock_section av-q6zm7-bba325ab8a05d42cc5fdcabd6ec81e10'  itemscope=\"itemscope\" itemtype=\"https:\/\/schema.org\/CreativeWork\" ><div class='avia_textblock'  itemprop=\"text\" ><h2>Tapasztalat n\u00e9lk\u00fcli tanul\u00f3szerz\u0151d\u00e9ses gyakorlati k\u00e9pz\u00e9s<\/h2>\n<p>Azok sz\u00e1m\u00e1ra, akik m\u00e9g nem rendelkeznek munkatapasztalattal, de szeretn\u00e9nek megtanulni egy szakm\u00e1t, tanul\u00f3szerz\u0151d\u00e9ses gyakorlati k\u00e9pz\u00e9st k\u00edn\u00e1lunk.<\/p>\n<\/div><\/section><br \/>\n<section  class='av_textblock_section av-meran-ba206c6209d487564e8a35afdeb63a21'  itemscope=\"itemscope\" itemtype=\"https:\/\/schema.org\/CreativeWork\" ><div class='avia_textblock'  itemprop=\"text\" ><p>Ez akkor lehets\u00e9ges, ha \u00d6n iskol\u00e1t v\u00e9gzett, de akkor is, ha munkahelyet szeretne v\u00e1ltani, mert p\u00e9ld\u00e1ul m\u00e1r nem tetszik a jelenlegi munk\u00e1ja. A tapasztalat n\u00e9lk\u00fcli tanul\u00f3szerz\u0151d\u00e9s fiataloknak \u00e9s id\u0151sebbeknek egyar\u00e1nt megfelel, csak egy j\u00f3 adag elk\u00f6telezetts\u00e9gre van sz\u00fcks\u00e9g.<\/p>\n<\/div><\/section><\/p><\/div><div class='av-flex-placeholder'><\/div><div class='flex_column av-flk4v-294ba2da25d92548bd0f835edbd00eba av_one_third  avia-builder-el-24  el_after_av_two_third  avia-builder-el-last  flex_column_table_cell av-equal-height-column av-align-middle column-top-margin'     ><style type=\"text\/css\" data-created_by=\"avia_inline_auto\" id=\"style-css-av-agxj3-0af9d3d9de441b4b21078146b2fceac3\">\n.avia-image-container.av-agxj3-0af9d3d9de441b4b21078146b2fceac3 img.avia_image{\nbox-shadow:none;\n}\n.avia-image-container.av-agxj3-0af9d3d9de441b4b21078146b2fceac3 .av-image-caption-overlay-center{\ncolor:#ffffff;\n}\n<\/style>\n<div  class='avia-image-container av-agxj3-0af9d3d9de441b4b21078146b2fceac3 av-styling- avia-align-center  avia-builder-el-25  avia-builder-el-no-sibling'   itemprop=\"image\" itemscope=\"itemscope\" itemtype=\"https:\/\/schema.org\/ImageObject\" ><div class=\"avia-image-container-inner\"><div class=\"avia-image-overlay-wrap\"><img decoding=\"async\" class='wp-image-258 avia-img-lazy-loading-not-258 avia_image' src=\"https:\/\/www.bt-uitzendbureau.nl\/wp-content\/uploads\/2023\/04\/Leerbaan-zonder-ervaring.png\" alt='' title='Tapasztalat n\u00e9lk\u00fcli tanul\u00f3szerz\u0151d\u00e9ses gyakorlati k\u00e9pz\u00e9s'  height=\"746\" width=\"746\"  itemprop=\"thumbnailUrl\" srcset=\"https:\/\/www.bt-uitzendbureau.nl\/wp-content\/uploads\/2023\/04\/Leerbaan-zonder-ervaring.png 746w, https:\/\/www.bt-uitzendbureau.nl\/wp-content\/uploads\/2023\/04\/Leerbaan-zonder-ervaring-300x300.png 300w, https:\/\/www.bt-uitzendbureau.nl\/wp-content\/uploads\/2023\/04\/Leerbaan-zonder-ervaring-80x80.png 80w, https:\/\/www.bt-uitzendbureau.nl\/wp-content\/uploads\/2023\/04\/Leerbaan-zonder-ervaring-12x12.png 12w, https:\/\/www.bt-uitzendbureau.nl\/wp-content\/uploads\/2023\/04\/Leerbaan-zonder-ervaring-36x36.png 36w, https:\/\/www.bt-uitzendbureau.nl\/wp-content\/uploads\/2023\/04\/Leerbaan-zonder-ervaring-180x180.png 180w, https:\/\/www.bt-uitzendbureau.nl\/wp-content\/uploads\/2023\/04\/Leerbaan-zonder-ervaring-705x705.png 705w\" sizes=\"(max-width: 746px) 100vw, 746px\" \/><\/div><\/div><\/div><\/div><\/div><!--close column table wrapper. Autoclose: 1 --><\/div><\/div><\/main><!-- close content main element --><\/div><\/div><div id='av_section_2'  class='avia-section av-t7j0v-83c16381ff0f84f0078c93c160c2fd53 main_color avia-section-large avia-no-border-styling  avia-builder-el-26  el_after_av_section  avia-builder-el-last  avia-bg-style-scroll container_wrap fullsize'  ><div class='container av-section-cont-open' ><div class='template-page content  av-content-full alpha units'><div class='post-entry post-entry-type-page post-entry-111'><div class='entry-content-wrapper clearfix'>\n<div class='flex_column av-27ka7-4be89e27e1d48a61b0eb792fd87c6919 av_one_full  avia-builder-el-27  avia-builder-el-no-sibling  first flex_column_div'     ><section  class='av_textblock_section av-h9p9b-1fa2dafae1ffaf4a6fd7071643705ca4'  itemscope=\"itemscope\" itemtype=\"https:\/\/schema.org\/CreativeWork\" ><div class='avia_textblock'  itemprop=\"text\" ><h2 style=\"text-align: center;\">Tapasztalat n\u00e9lk\u00fcli \u00e1ll\u00e1saj\u00e1nlatok<\/h2>\n<\/div><\/section><br \/>\n\n<style type=\"text\/css\" data-created_by=\"avia_inline_auto\" id=\"style-css-av-lgdl6l47-99cb2a918c629a094264fa3e68a77441\">\n#top .hr.hr-invisible.av-lgdl6l47-99cb2a918c629a094264fa3e68a77441{\nheight:35px;\n}\n<\/style>\n<div  class='hr av-lgdl6l47-99cb2a918c629a094264fa3e68a77441 hr-invisible  avia-builder-el-29  el_after_av_textblock  el_before_av_codeblock'><span class='hr-inner'><span class=\"hr-inner-style\"><\/span><\/span><\/div><br \/>\n<br \/>\n<div  class='avia-button-wrap av-9sspb-6c37bf6f54e54a2bfe96110e838fd99d-wrap avia-button-center  avia-builder-el-31  el_after_av_codeblock  avia-builder-el-last'><a href='\/hu\/allasajanlatok-2\/'  class='avia-button av-9sspb-6c37bf6f54e54a2bfe96110e838fd99d avia-icon_select-no avia-size-small avia-position-center avia-color-theme-color-subtle'  ><span class='avia_iconbox_title' >L\u00e1sd az \u00f6sszes \u00e1ll\u00e1slehet\u0151s\u00e9get<\/span><\/a><\/div><\/p><\/div>\n<\/p>","protected":false},"excerpt":{"rendered":"","protected":false},"author":1,"featured_media":0,"parent":30,"menu_order":0,"comment_status":"closed","ping_status":"closed","template":"","meta":{"_acf_changed":false,"_monsterinsights_skip_tracking":false,"_monsterinsights_sitenote_active":false,"_monsterinsights_sitenote_note":"","_monsterinsights_sitenote_category":0,"footnotes":""},"class_list":["post-111","page","type-page","status-publish","hentry"],"acf":[],"_links":{"self":[{"href":"https:\/\/www.bt-uitzendbureau.nl\/hu\/wp-json\/wp\/v2\/pages\/111","targetHints":{"allow":["GET"]}}],"collection":[{"href":"https:\/\/www.bt-uitzendbureau.nl\/hu\/wp-json\/wp\/v2\/pages"}],"about":[{"href":"https:\/\/www.bt-uitzendbureau.nl\/hu\/wp-json\/wp\/v2\/types\/page"}],"author":[{"embeddable":true,"href":"https:\/\/www.bt-uitzendbureau.nl\/hu\/wp-json\/wp\/v2\/users\/1"}],"replies":[{"embeddable":true,"href":"https:\/\/www.bt-uitzendbureau.nl\/hu\/wp-json\/wp\/v2\/comments?post=111"}],"version-history":[{"count":12,"href":"https:\/\/www.bt-uitzendbureau.nl\/hu\/wp-json\/wp\/v2\/pages\/111\/revisions"}],"predecessor-version":[{"id":332,"href":"https:\/\/www.bt-uitzendbureau.nl\/hu\/wp-json\/wp\/v2\/pages\/111\/revisions\/332"}],"up":[{"embeddable":true,"href":"https:\/\/www.bt-uitzendbureau.nl\/hu\/wp-json\/wp\/v2\/pages\/30"}],"wp:attachment":[{"href":"https:\/\/www.bt-uitzendbureau.nl\/hu\/wp-json\/wp\/v2\/media?parent=111"}],"curies":[{"name":"wp","href":"https:\/\/api.w.org\/{rel}","templated":true}]}}