{"id":34,"date":"2023-04-06T15:00:15","date_gmt":"2023-04-06T15:00:15","guid":{"rendered":"https:\/\/bt-uitzendbureau.nl\/nieuw\/?page_id=34"},"modified":"2024-08-15T12:46:34","modified_gmt":"2024-08-15T12:46:34","slug":"uber-uns","status":"publish","type":"page","link":"https:\/\/www.bt-uitzendbureau.nl\/de\/over-ons\/","title":{"rendered":"\u00dcber uns"},"content":{"rendered":"<div id='av_section_1'  class='avia-section av-23tci-69a7eab0ccc42e95ff1982625024527f main_color avia-section-default avia-no-border-styling  avia-builder-el-0  el_before_av_section  avia-builder-el-first  avia-bg-style-scroll container_wrap fullsize'  ><div class='container av-section-cont-open' ><main  role=\"main\" itemprop=\"mainContentOfPage\"  class='template-page content  av-content-full alpha units'><div class='post-entry post-entry-type-page post-entry-34'><div class='entry-content-wrapper clearfix'>\n\n<style type=\"text\/css\" data-created_by=\"avia_inline_auto\" id=\"style-css-av-1enhe-c41bc658bba156cb9d013f8f5f4098dd\">\n.flex_column.av-1enhe-c41bc658bba156cb9d013f8f5f4098dd{\npadding:0 80px 0 0;\n}\n<\/style>\n<div class='flex_column av-1enhe-c41bc658bba156cb9d013f8f5f4098dd av_three_fourth  avia-builder-el-1  el_before_av_one_fourth  avia-builder-el-first  padding-blok first no_margin flex_column_div'     ><style type=\"text\/css\" data-created_by=\"avia_inline_auto\" id=\"style-css-av-lg6hd0wd-3c6c7a3b9a1686fb832d41789b09aed7\">\n#top .av_textblock_section.av-lg6hd0wd-3c6c7a3b9a1686fb832d41789b09aed7 .avia_textblock{\nfont-size:22px;\n}\n<\/style>\n<section  class='av_textblock_section av-lg6hd0wd-3c6c7a3b9a1686fb832d41789b09aed7'  itemscope=\"itemscope\" itemtype=\"https:\/\/schema.org\/CreativeWork\" ><div class='avia_textblock'  itemprop=\"text\" ><h2>BT-Arbeitsvermittlung<\/h2>\n<p>Das Zeitarbeitsunternehmen BT wurde 2017 von Ben Seijben und Tim Maassen gegr\u00fcndet. BT steht f\u00fcr Construction &amp; Engineering - das sind die Branchen, in denen wir haupts\u00e4chlich arbeiten.<\/p>\n<\/div><\/section><br \/>\n<section  class='av_textblock_section av-lg6hdum0-37898b86b0c74ea48d0ec40d707f32d5'  itemscope=\"itemscope\" itemtype=\"https:\/\/schema.org\/CreativeWork\" ><div class='avia_textblock'  itemprop=\"text\" ><p>Seit der Gr\u00fcndung des Zeitarbeitsunternehmens BT ist der pers\u00f6nliche Ansatz eine unserer wichtigsten S\u00e4ulen. Wir sind 7 Tage die Woche f\u00fcr Kunden und Kandidaten erreichbar. Das bedeutet, dass wir immer schnell wechseln k\u00f6nnen. Weil wir uns pers\u00f6nlich um unsere Mitarbeiter k\u00fcmmern und auf ihre W\u00fcnsche eingehen, haben wir einen festen Stamm an guten Mitarbeitern aufgebaut. So k\u00f6nnen wir unseren Kunden gute und zuverl\u00e4ssige Arbeit bieten. <a href=\"#\">Mitarbeiter anbieten<\/a>.<\/p>\n<p>Das Zeitarbeitsunternehmen BT m\u00f6chte seine Kunden und Mitarbeiter so weit wie m\u00f6glich entlasten, damit sie sich auf das konzentrieren k\u00f6nnen, was sie am besten k\u00f6nnen: ihre eigene Arbeit! Im Gegensatz zu vielen anderen Zeitarbeitsfirmen haben wir unser eigenes Verg\u00fctungssystem. Wir sind daher bei der Verg\u00fctung, Rechnungsstellung und Finanzierung nicht von anderen Parteien abh\u00e4ngig. So k\u00f6nnen wir bei Bedarf schneller und einfacher Anpassungen vornehmen.<\/p>\n<\/div><\/section><\/p><\/div>\n<style type=\"text\/css\" data-created_by=\"avia_inline_auto\" id=\"style-css-av-u4o6-74b9f1b3358d1a7c7443c0d3b4b76898\">\n.flex_column.av-u4o6-74b9f1b3358d1a7c7443c0d3b4b76898{\n-webkit-border-radius:8px 8px 8px 8px;\n-moz-border-radius:8px 8px 8px 8px;\nborder-radius:8px 8px 8px 8px;\npadding:30px 30px 30px 30px;\nbackground-color:#00ae99;\n}\n<\/style>\n<div class='flex_column av-u4o6-74b9f1b3358d1a7c7443c0d3b4b76898 av_one_fourth  avia-builder-el-4  el_after_av_three_fourth  el_before_av_one_full  no_margin flex_column_div'     ><section  class='av_textblock_section av-lg6j67nm-2f9f4aaca321cbed46ed0918456280a9'  itemscope=\"itemscope\" itemtype=\"https:\/\/schema.org\/CreativeWork\" ><div class='avia_textblock'  itemprop=\"text\" ><h3>Unsere Dienstleistungen<\/h3>\n<ul>\n<li>Sendung<\/li>\n<li>Anwerbung und Auswahl<\/li>\n<li>ZZP-Vermittlung<\/li>\n<li>Ausl\u00e4ndisches Personal<\/li>\n<li>Ausbildung ohne Erfahrung<\/li>\n<li>Geh\u00e4use<\/li>\n<\/ul>\n<\/div><\/section><\/div>\n<style type=\"text\/css\" data-created_by=\"avia_inline_auto\" id=\"style-css-av-37prm-efc64aae861f553e4a7df23faeeb5662\">\n#top .flex_column.av-37prm-efc64aae861f553e4a7df23faeeb5662{\nmargin-top:50px;\nmargin-bottom:-30px;\n}\n.responsive #top #wrap_all .flex_column.av-37prm-efc64aae861f553e4a7df23faeeb5662{\nmargin-top:50px;\nmargin-bottom:-30px;\n}\n<\/style>\n<div class='flex_column av-37prm-efc64aae861f553e4a7df23faeeb5662 av_one_full  avia-builder-el-6  el_after_av_one_fourth  el_before_av_one_fourth  first flex_column_div column-top-margin'     ><section  class='av_textblock_section av-lg6hxf0a-c1c24a300b1cd19d406041683d7bcc30'  itemscope=\"itemscope\" itemtype=\"https:\/\/schema.org\/CreativeWork\" ><div class='avia_textblock'  itemprop=\"text\" ><h2>Das ist unser Team<\/h2>\n<\/div><\/section><\/div><div class='flex_column_table av-2oiby-ffa542f8cd5d3f7f713dc40683680426 sc-av_one_fourth av-equal-height-column-flextable'>\n<style type=\"text\/css\" data-created_by=\"avia_inline_auto\" id=\"style-css-av-2oiby-ffa542f8cd5d3f7f713dc40683680426\">\n.flex_column.av-2oiby-ffa542f8cd5d3f7f713dc40683680426{\nwidth:22.75%;\nmargin-left:0;\n-webkit-border-radius:8px 8px 8px 8px;\n-moz-border-radius:8px 8px 8px 8px;\nborder-radius:8px 8px 8px 8px;\nbackground-color:#ffffff;\n}\n#top .flex_column_table.av-equal-height-column-flextable.av-2oiby-ffa542f8cd5d3f7f713dc40683680426 .av-flex-placeholder{\nwidth:3%;\n}\n<\/style>\n<div class='flex_column av-2oiby-ffa542f8cd5d3f7f713dc40683680426 av_one_fourth  avia-builder-el-8  el_after_av_one_full  el_before_av_one_fourth  first flex_column_table_cell av-equal-height-column av-align-top column-top-margin'     ><p>\n<style type=\"text\/css\" data-created_by=\"avia_inline_auto\" id=\"style-css-av-lg6hxqwn-7f5f1f423c70c7ec5be4e4cda12e581a\">\n.avia-image-container.av-lg6hxqwn-7f5f1f423c70c7ec5be4e4cda12e581a img.avia_image{\nbox-shadow:none;\n}\n.avia-image-container.av-lg6hxqwn-7f5f1f423c70c7ec5be4e4cda12e581a .av-image-caption-overlay-center{\ncolor:#ffffff;\n}\n<\/style>\n<div  class='avia-image-container av-lg6hxqwn-7f5f1f423c70c7ec5be4e4cda12e581a av-styling-no-styling avia-align-center  avia-builder-el-9  el_before_av_textblock  avia-builder-el-first  team-img'   itemprop=\"image\" itemscope=\"itemscope\" itemtype=\"https:\/\/schema.org\/ImageObject\" ><div class=\"avia-image-container-inner\"><div class=\"avia-image-overlay-wrap\"><img decoding=\"async\" class='wp-image-945 avia-img-lazy-loading-not-945 avia_image' src=\"https:\/\/www.bt-uitzendbureau.nl\/wp-content\/uploads\/2024\/02\/04c.jpg\" alt='' title='04c'  height=\"600\" width=\"680\"  itemprop=\"thumbnailUrl\" srcset=\"https:\/\/www.bt-uitzendbureau.nl\/wp-content\/uploads\/2024\/02\/04c.jpg 680w, https:\/\/www.bt-uitzendbureau.nl\/wp-content\/uploads\/2024\/02\/04c-300x265.jpg 300w, https:\/\/www.bt-uitzendbureau.nl\/wp-content\/uploads\/2024\/02\/04c-14x12.jpg 14w\" sizes=\"(max-width: 680px) 100vw, 680px\" \/><\/div><\/div><\/div><br \/>\n\n<style type=\"text\/css\" data-created_by=\"avia_inline_auto\" id=\"style-css-av-lg6i0jr3-34a22ed5a59f9fc7c21781c361f7b1d9\">\n#top .av_textblock_section.av-lg6i0jr3-34a22ed5a59f9fc7c21781c361f7b1d9 .avia_textblock{\nfont-size:18px;\n}\n<\/style>\n<section  class='av_textblock_section av-lg6i0jr3-34a22ed5a59f9fc7c21781c361f7b1d9'  itemscope=\"itemscope\" itemtype=\"https:\/\/schema.org\/CreativeWork\" ><div class='avia_textblock team-info'  itemprop=\"text\" ><h4>Ben Seijben<\/h4>\n<p><a class=\"tel\" href=\"tel:06-15511127\">06-15511127 <\/a><br \/>\n<a class=\"email\" href=\"mailto:b.seijben@bt-uitzendbureau.nl\">Senden Sie eine E-Mail<\/a><br \/>\n<a class=\"linkedin\" href=\"https:\/\/www.linkedin.com\/in\/ben-seijben-5a4078134\/\" target=\"_blank\" rel=\"noopener\">LinkedIn-Profil<\/a><\/p>\n<\/div><\/section><\/p><\/div><div class='av-flex-placeholder'><\/div>\n<style type=\"text\/css\" data-created_by=\"avia_inline_auto\" id=\"style-css-av-5j0ua-0c5a6ac3bc74b7bf89e0f618ee489b60\">\n.flex_column.av-5j0ua-0c5a6ac3bc74b7bf89e0f618ee489b60{\nwidth:22.75%;\nmargin-left:0;\n-webkit-border-radius:8px 8px 8px 8px;\n-moz-border-radius:8px 8px 8px 8px;\nborder-radius:8px 8px 8px 8px;\nbackground-color:#ffffff;\n}\n#top .flex_column_table.av-equal-height-column-flextable.av-5j0ua-0c5a6ac3bc74b7bf89e0f618ee489b60 .av-flex-placeholder{\nwidth:3%;\n}\n<\/style>\n<div class='flex_column av-5j0ua-0c5a6ac3bc74b7bf89e0f618ee489b60 av_one_fourth  avia-builder-el-11  el_after_av_one_fourth  el_before_av_one_fourth  flex_column_table_cell av-equal-height-column av-align-top column-top-margin'     ><p>\n<style type=\"text\/css\" data-created_by=\"avia_inline_auto\" id=\"style-css-av-4uoga-0597d734905e3fb0c220baf2cb87a2ad\">\n.avia-image-container.av-4uoga-0597d734905e3fb0c220baf2cb87a2ad img.avia_image{\nbox-shadow:none;\n}\n.avia-image-container.av-4uoga-0597d734905e3fb0c220baf2cb87a2ad .av-image-caption-overlay-center{\ncolor:#ffffff;\n}\n<\/style>\n<div  class='avia-image-container av-4uoga-0597d734905e3fb0c220baf2cb87a2ad av-styling-no-styling avia-align-center  avia-builder-el-12  el_before_av_textblock  avia-builder-el-first  team-img'   itemprop=\"image\" itemscope=\"itemscope\" itemtype=\"https:\/\/schema.org\/ImageObject\" ><div class=\"avia-image-container-inner\"><div class=\"avia-image-overlay-wrap\"><img decoding=\"async\" class='wp-image-946 avia-img-lazy-loading-not-946 avia_image' src=\"https:\/\/www.bt-uitzendbureau.nl\/wp-content\/uploads\/2024\/02\/05f.jpg\" alt='' title='05f'  height=\"600\" width=\"680\"  itemprop=\"thumbnailUrl\" srcset=\"https:\/\/www.bt-uitzendbureau.nl\/wp-content\/uploads\/2024\/02\/05f.jpg 680w, https:\/\/www.bt-uitzendbureau.nl\/wp-content\/uploads\/2024\/02\/05f-300x265.jpg 300w, https:\/\/www.bt-uitzendbureau.nl\/wp-content\/uploads\/2024\/02\/05f-14x12.jpg 14w\" sizes=\"(max-width: 680px) 100vw, 680px\" \/><\/div><\/div><\/div><br \/>\n\n<style type=\"text\/css\" data-created_by=\"avia_inline_auto\" id=\"style-css-av-4jbt6-e34f587a0734dfb1155d5b69b2df0366\">\n#top .av_textblock_section.av-4jbt6-e34f587a0734dfb1155d5b69b2df0366 .avia_textblock{\nfont-size:18px;\n}\n<\/style>\n<section  class='av_textblock_section av-4jbt6-e34f587a0734dfb1155d5b69b2df0366'  itemscope=\"itemscope\" itemtype=\"https:\/\/schema.org\/CreativeWork\" ><div class='avia_textblock team-info'  itemprop=\"text\" ><h4>Tim Maa\u00dfen<\/h4>\n<p><a class=\"tel\" href=\"tel:06-27862270\">06-27862270<\/a><br \/>\n<a class=\"email\" href=\"mailto:t.maassen@bt-uitzendbureau.nl\">Senden Sie eine E-Mail<\/a><br \/>\n<a class=\"linkedin\" href=\"https:\/\/www.linkedin.com\/in\/tim-maassen-75445a44\/\" target=\"_blank\" rel=\"noopener\">LinkedIn-Profil<\/a><\/p>\n<\/div><\/section><\/p><\/div><div class='av-flex-placeholder'><\/div>\n<style type=\"text\/css\" data-created_by=\"avia_inline_auto\" id=\"style-css-av-3se4u-bd03255eef87cc122dd07b3fa51e73de\">\n.flex_column.av-3se4u-bd03255eef87cc122dd07b3fa51e73de{\nwidth:22.75%;\nmargin-left:0;\n-webkit-border-radius:8px 8px 8px 8px;\n-moz-border-radius:8px 8px 8px 8px;\nborder-radius:8px 8px 8px 8px;\nbackground-color:#ffffff;\n}\n#top .flex_column_table.av-equal-height-column-flextable.av-3se4u-bd03255eef87cc122dd07b3fa51e73de .av-flex-placeholder{\nwidth:3%;\n}\n<\/style>\n<div class='flex_column av-3se4u-bd03255eef87cc122dd07b3fa51e73de av_one_fourth  avia-builder-el-14  el_after_av_one_fourth  el_before_av_one_fourth  flex_column_table_cell av-equal-height-column av-align-top column-top-margin'     ><p>\n<style type=\"text\/css\" data-created_by=\"avia_inline_auto\" id=\"style-css-av-3eq5q-8a0b0a71641647c2196d9522c240e12a\">\n.avia-image-container.av-3eq5q-8a0b0a71641647c2196d9522c240e12a img.avia_image{\nbox-shadow:none;\n}\n.avia-image-container.av-3eq5q-8a0b0a71641647c2196d9522c240e12a .av-image-caption-overlay-center{\ncolor:#ffffff;\n}\n<\/style>\n<div  class='avia-image-container av-3eq5q-8a0b0a71641647c2196d9522c240e12a av-styling-no-styling avia-align-center  avia-builder-el-15  el_before_av_textblock  avia-builder-el-first  team-img'   itemprop=\"image\" itemscope=\"itemscope\" itemtype=\"https:\/\/schema.org\/ImageObject\" ><div class=\"avia-image-container-inner\"><div class=\"avia-image-overlay-wrap\"><img decoding=\"async\" class='wp-image-948 avia-img-lazy-loading-not-948 avia_image' src=\"https:\/\/www.bt-uitzendbureau.nl\/wp-content\/uploads\/2024\/02\/06e.jpg\" alt='' title='06e'  height=\"600\" width=\"680\"  itemprop=\"thumbnailUrl\" srcset=\"https:\/\/www.bt-uitzendbureau.nl\/wp-content\/uploads\/2024\/02\/06e.jpg 680w, https:\/\/www.bt-uitzendbureau.nl\/wp-content\/uploads\/2024\/02\/06e-300x265.jpg 300w, https:\/\/www.bt-uitzendbureau.nl\/wp-content\/uploads\/2024\/02\/06e-14x12.jpg 14w\" sizes=\"(max-width: 680px) 100vw, 680px\" \/><\/div><\/div><\/div><br \/>\n\n<style type=\"text\/css\" data-created_by=\"avia_inline_auto\" id=\"style-css-av-2hkn2-4f083582937aba497efc8937f11fad22\">\n#top .av_textblock_section.av-2hkn2-4f083582937aba497efc8937f11fad22 .avia_textblock{\nfont-size:18px;\n}\n<\/style>\n<section  class='av_textblock_section av-2hkn2-4f083582937aba497efc8937f11fad22'  itemscope=\"itemscope\" itemtype=\"https:\/\/schema.org\/CreativeWork\" ><div class='avia_textblock team-info'  itemprop=\"text\" ><h4>Rob Weidner<\/h4>\n<p><a class=\"tel\" href=\"tel:06-18915364\">06-18915364 <\/a><br \/>\n<a class=\"email\" href=\"mailto:r.weidner@bt-uitzendbureau.nl\">Senden Sie eine E-Mail<\/a><br \/>\n<a class=\"linkedin\" href=\"https:\/\/www.linkedin.com\/in\/rob-weidner-1705835a\/\" target=\"_blank\" rel=\"noopener\">LinkedIn-Profil<\/a><\/p>\n<\/div><\/section><\/p><\/div><div class='av-flex-placeholder'><\/div>\n<style type=\"text\/css\" data-created_by=\"avia_inline_auto\" id=\"style-css-av-21osy-c37d8a7615abf6bf9b30ae363591ebfe\">\n.flex_column.av-21osy-c37d8a7615abf6bf9b30ae363591ebfe{\nwidth:22.75%;\nmargin-left:0;\n-webkit-border-radius:8px 8px 8px 8px;\n-moz-border-radius:8px 8px 8px 8px;\nborder-radius:8px 8px 8px 8px;\nbackground-color:#ffffff;\n}\n#top .flex_column_table.av-equal-height-column-flextable.av-21osy-c37d8a7615abf6bf9b30ae363591ebfe .av-flex-placeholder{\nwidth:3%;\n}\n<\/style>\n<div class='flex_column av-21osy-c37d8a7615abf6bf9b30ae363591ebfe av_one_fourth  avia-builder-el-17  el_after_av_one_fourth  el_before_av_one_fourth  flex_column_table_cell av-equal-height-column av-align-top column-top-margin'     ><p>\n<style type=\"text\/css\" data-created_by=\"avia_inline_auto\" id=\"style-css-av-1amf6-3e3a481af5e5ce6f90d0090de7874662\">\n.avia-image-container.av-1amf6-3e3a481af5e5ce6f90d0090de7874662 img.avia_image{\nbox-shadow:none;\n}\n.avia-image-container.av-1amf6-3e3a481af5e5ce6f90d0090de7874662 .av-image-caption-overlay-center{\ncolor:#ffffff;\n}\n<\/style>\n<div  class='avia-image-container av-1amf6-3e3a481af5e5ce6f90d0090de7874662 av-styling-no-styling avia-align-center  avia-builder-el-18  el_before_av_textblock  avia-builder-el-first  team-img'   itemprop=\"image\" itemscope=\"itemscope\" itemtype=\"https:\/\/schema.org\/ImageObject\" ><div class=\"avia-image-container-inner\"><div class=\"avia-image-overlay-wrap\"><img decoding=\"async\" class='wp-image-949 avia-img-lazy-loading-not-949 avia_image' src=\"https:\/\/www.bt-uitzendbureau.nl\/wp-content\/uploads\/2024\/02\/IMG_20240221_173748.jpg\" alt='' title='IMG_20240221_173748'  height=\"600\" width=\"680\"  itemprop=\"thumbnailUrl\" srcset=\"https:\/\/www.bt-uitzendbureau.nl\/wp-content\/uploads\/2024\/02\/IMG_20240221_173748.jpg 680w, https:\/\/www.bt-uitzendbureau.nl\/wp-content\/uploads\/2024\/02\/IMG_20240221_173748-300x265.jpg 300w, https:\/\/www.bt-uitzendbureau.nl\/wp-content\/uploads\/2024\/02\/IMG_20240221_173748-14x12.jpg 14w\" sizes=\"(max-width: 680px) 100vw, 680px\" \/><\/div><\/div><\/div><br \/>\n\n<style type=\"text\/css\" data-created_by=\"avia_inline_auto\" id=\"style-css-av-q7ba-020a1f54489130d226df1a7ba7df00d0\">\n#top .av_textblock_section.av-q7ba-020a1f54489130d226df1a7ba7df00d0 .avia_textblock{\nfont-size:18px;\n}\n<\/style>\n<section  class='av_textblock_section av-q7ba-020a1f54489130d226df1a7ba7df00d0'  itemscope=\"itemscope\" itemtype=\"https:\/\/schema.org\/CreativeWork\" ><div class='avia_textblock team-info'  itemprop=\"text\" ><h4>Marc Pleumeekers<\/h4>\n<p><a class=\"tel\" href=\"tel:06-41752751\">06-41752751 <\/a><br \/>\n<a class=\"email\" href=\"mailto:m.pleumeekers@bt-uitzendbureau.nl\">Senden Sie eine E-Mail<\/a><br \/>\n<a class=\"linkedin\" href=\"https:\/\/www.linkedin.com\/in\/marc-pleumeekers-0b522153\/\">LinkedIn-Profil<\/a><\/p>\n<\/div><\/section><\/p><\/div><\/div><!--close column table wrapper. Autoclose: 1 --><div class='flex_column_table av-1ust6-e71078445d5b87c0a04278ef3eac1da2 sc-av_one_fourth av-equal-height-column-flextable'>\n<style type=\"text\/css\" data-created_by=\"avia_inline_auto\" id=\"style-css-av-1ust6-e71078445d5b87c0a04278ef3eac1da2\">\n.flex_column.av-1ust6-e71078445d5b87c0a04278ef3eac1da2{\nwidth:22.75%;\nmargin-left:0;\n-webkit-border-radius:8px 8px 8px 8px;\n-moz-border-radius:8px 8px 8px 8px;\nborder-radius:8px 8px 8px 8px;\nbackground-color:#ffffff;\n}\n#top .flex_column_table.av-equal-height-column-flextable.av-1ust6-e71078445d5b87c0a04278ef3eac1da2 .av-flex-placeholder{\nwidth:3%;\n}\n<\/style>\n<div class='flex_column av-1ust6-e71078445d5b87c0a04278ef3eac1da2 av_one_fourth  avia-builder-el-20  el_after_av_one_fourth  el_before_av_three_fourth  first flex_column_table_cell av-equal-height-column av-align-top column-top-margin'     ><p>\n<style type=\"text\/css\" data-created_by=\"avia_inline_auto\" id=\"style-css-av-lsyr7sqv-a762cc6d8314ebbac68a03dd32c14985\">\n.avia-image-container.av-lsyr7sqv-a762cc6d8314ebbac68a03dd32c14985 img.avia_image{\nbox-shadow:none;\n}\n.avia-image-container.av-lsyr7sqv-a762cc6d8314ebbac68a03dd32c14985 .av-image-caption-overlay-center{\ncolor:#ffffff;\n}\n<\/style>\n<div  class='avia-image-container av-lsyr7sqv-a762cc6d8314ebbac68a03dd32c14985 av-styling-no-styling avia-align-center  avia-builder-el-21  el_before_av_textblock  avia-builder-el-first  team-img'   itemprop=\"image\" itemscope=\"itemscope\" itemtype=\"https:\/\/schema.org\/ImageObject\" ><div class=\"avia-image-container-inner\"><div class=\"avia-image-overlay-wrap\"><img decoding=\"async\" class='wp-image-950 avia-img-lazy-loading-not-950 avia_image' src=\"https:\/\/www.bt-uitzendbureau.nl\/wp-content\/uploads\/2024\/02\/01a-1.jpg\" alt='' title='01a'  height=\"600\" width=\"680\"  itemprop=\"thumbnailUrl\" srcset=\"https:\/\/www.bt-uitzendbureau.nl\/wp-content\/uploads\/2024\/02\/01a-1.jpg 680w, https:\/\/www.bt-uitzendbureau.nl\/wp-content\/uploads\/2024\/02\/01a-1-300x265.jpg 300w, https:\/\/www.bt-uitzendbureau.nl\/wp-content\/uploads\/2024\/02\/01a-1-14x12.jpg 14w\" sizes=\"(max-width: 680px) 100vw, 680px\" \/><\/div><\/div><\/div><br \/>\n\n<style type=\"text\/css\" data-created_by=\"avia_inline_auto\" id=\"style-css-av-lqapajrc-ecbaeb819d4cff8ab9f7a22d11b099c4\">\n#top .av_textblock_section.av-lqapajrc-ecbaeb819d4cff8ab9f7a22d11b099c4 .avia_textblock{\nfont-size:18px;\n}\n<\/style>\n<section  class='av_textblock_section av-lqapajrc-ecbaeb819d4cff8ab9f7a22d11b099c4'  itemscope=\"itemscope\" itemtype=\"https:\/\/schema.org\/CreativeWork\" ><div class='avia_textblock team-info'  itemprop=\"text\" ><h4>Sander baltus<\/h4>\n<p><a class=\"tel\" href=\"tel:06-41753663\">06-41753663<\/a><br \/>\n<a class=\"email\" href=\"mailto:s.baltus@bt-uitzendbureau.nl\">Senden Sie eine E-Mail<\/a><\/p>\n<\/div><\/section><\/p><\/div><div class='av-flex-placeholder'><\/div>\n<style type=\"text\/css\" data-created_by=\"avia_inline_auto\" id=\"style-css-av-y3ne-939bcd201336146ac790c65d0f88498c\">\n.flex_column.av-y3ne-939bcd201336146ac790c65d0f88498c{\nwidth:74.25%;\nmargin-left:0;\n}\n#top .flex_column_table.av-equal-height-column-flextable.av-y3ne-939bcd201336146ac790c65d0f88498c .av-flex-placeholder{\nwidth:3%;\n}\n<\/style>\n<div class='flex_column av-y3ne-939bcd201336146ac790c65d0f88498c av_three_fourth  avia-builder-el-23  el_after_av_one_fourth  avia-builder-el-last  flex_column_table_cell av-equal-height-column av-align-top column-top-margin'     ><\/div><\/div><!--close column table wrapper. Autoclose: 1 --><\/div><\/div><\/main><!-- close content main element --><\/div><\/div>\n<style type=\"text\/css\" data-created_by=\"avia_inline_auto\" id=\"style-css-av-lg6im1sb-7b3cfd266e99e9d6ccf377af88c1997c\">\n.avia-section.av-lg6im1sb-7b3cfd266e99e9d6ccf377af88c1997c{\nbackground-color:#060707;\nbackground-image:unset;\n}\n<\/style>\n<div id='av_section_2'  class='avia-section av-lg6im1sb-7b3cfd266e99e9d6ccf377af88c1997c main_color avia-section-large avia-no-border-styling  avia-builder-el-24  el_after_av_section  el_before_av_section  avia-bg-style-scroll container_wrap fullsize'  ><div class='container av-section-cont-open' ><div class='template-page content  av-content-full alpha units'><div class='post-entry post-entry-type-page post-entry-34'><div class='entry-content-wrapper clearfix'>\n<div class='flex_column av-1gz4i-781fe53c9e458f4496e44a0c57f499ed av_one_full  avia-builder-el-25  avia-builder-el-no-sibling  first flex_column_div'     ><style type=\"text\/css\" data-created_by=\"avia_inline_auto\" id=\"style-css-av-lg6ila24-54c6df41b0230203db9d27bcdedeb4b6\">\n#top .av_textblock_section.av-lg6ila24-54c6df41b0230203db9d27bcdedeb4b6 .avia_textblock{\ncolor:#ffffff;\n}\n<\/style>\n<section  class='av_textblock_section av-lg6ila24-54c6df41b0230203db9d27bcdedeb4b6'  itemscope=\"itemscope\" itemtype=\"https:\/\/schema.org\/CreativeWork\" ><div class='avia_textblock av_inherit_color'  itemprop=\"text\" ><h2 style=\"text-align: center;\">Arbeiten Sie bei BT Uitzendbureau<\/h2>\n<\/div><\/section><br \/>\n<div  class='avia-button-wrap av-lg6ilqdq-5ca8bcc6daf83c6d9102aaef8dc8236c-wrap avia-button-center  avia-builder-el-27  el_after_av_textblock  avia-builder-el-last'><a href='\/de\/freie-stellen\/'  class='avia-button av-lg6ilqdq-5ca8bcc6daf83c6d9102aaef8dc8236c avia-icon_select-no avia-size-small avia-position-center avia-color-theme-color-subtle'  ><span class='avia_iconbox_title' >Alle offenen Stellen anzeigen<\/span><\/a><\/div><\/p><\/div>\n<\/p>\n<\/div><\/div><\/div><!-- close content main div --><\/div><\/div><div id='av_section_3'  class='avia-section av-lg6imyv4-18fb4186d63cd9f12501e350af5e7274 main_color avia-section-large avia-no-border-styling  avia-builder-el-28  el_after_av_section  avia-builder-el-last  avia-bg-style-scroll container_wrap fullsize'  ><div class='container av-section-cont-open' ><div class='template-page content  av-content-full alpha units'><div class='post-entry post-entry-type-page post-entry-34'><div class='entry-content-wrapper clearfix'>\n<div class='flex_column av-12mgi-d818787c8ed2c1e74c4910f35c819bc1 av_one_full  avia-builder-el-29  avia-builder-el-no-sibling  first flex_column_div'     ><section  class='av_textblock_section av-lg6imhif-10f2a8600c8ebb3d3e1633ce048a8fe9'  itemscope=\"itemscope\" itemtype=\"https:\/\/schema.org\/CreativeWork\" ><div class='avia_textblock'  itemprop=\"text\" ><h2 style=\"text-align: center;\">Offene Stellen ohne Erfahrung<\/h2>\n<\/div><\/section><br \/>\n\n<style type=\"text\/css\" data-created_by=\"avia_inline_auto\" id=\"style-css-av-vo86-5b1c51c08bb11f82a152b16304616570\">\n#top .hr.hr-invisible.av-vo86-5b1c51c08bb11f82a152b16304616570{\nheight:35px;\n}\n<\/style>\n<div  class='hr av-vo86-5b1c51c08bb11f82a152b16304616570 hr-invisible  avia-builder-el-31  el_after_av_textblock  el_before_av_codeblock'><span class='hr-inner'><span class=\"hr-inner-style\"><\/span><\/span><\/div><br \/>\n<br \/>\n<div  class='avia-button-wrap av-lg6imukz-f07d16d30b75960e580a6bb250956dee-wrap avia-button-center  avia-builder-el-33  el_after_av_codeblock  avia-builder-el-last'><a href='\/de\/freie-stellen\/'  class='avia-button av-lg6imukz-f07d16d30b75960e580a6bb250956dee avia-icon_select-no avia-size-small avia-position-center avia-color-theme-color-subtle'  ><span class='avia_iconbox_title' >Alle offenen Stellen anzeigen<\/span><\/a><\/div><\/p><\/div>","protected":false},"excerpt":{"rendered":"","protected":false},"author":1,"featured_media":0,"parent":0,"menu_order":0,"comment_status":"closed","ping_status":"closed","template":"","meta":{"_acf_changed":false,"_monsterinsights_skip_tracking":false,"_monsterinsights_sitenote_active":false,"_monsterinsights_sitenote_note":"","_monsterinsights_sitenote_category":0,"footnotes":""},"class_list":["post-34","page","type-page","status-publish","hentry"],"acf":[],"_links":{"self":[{"href":"https:\/\/www.bt-uitzendbureau.nl\/de\/wp-json\/wp\/v2\/pages\/34","targetHints":{"allow":["GET"]}}],"collection":[{"href":"https:\/\/www.bt-uitzendbureau.nl\/de\/wp-json\/wp\/v2\/pages"}],"about":[{"href":"https:\/\/www.bt-uitzendbureau.nl\/de\/wp-json\/wp\/v2\/types\/page"}],"author":[{"embeddable":true,"href":"https:\/\/www.bt-uitzendbureau.nl\/de\/wp-json\/wp\/v2\/users\/1"}],"replies":[{"embeddable":true,"href":"https:\/\/www.bt-uitzendbureau.nl\/de\/wp-json\/wp\/v2\/comments?post=34"}],"version-history":[{"count":41,"href":"https:\/\/www.bt-uitzendbureau.nl\/de\/wp-json\/wp\/v2\/pages\/34\/revisions"}],"predecessor-version":[{"id":1033,"href":"https:\/\/www.bt-uitzendbureau.nl\/de\/wp-json\/wp\/v2\/pages\/34\/revisions\/1033"}],"wp:attachment":[{"href":"https:\/\/www.bt-uitzendbureau.nl\/de\/wp-json\/wp\/v2\/media?parent=34"}],"curies":[{"name":"wp","href":"https:\/\/api.w.org\/{rel}","templated":true}]}}