{"id":163,"date":"2023-04-07T14:23:47","date_gmt":"2023-04-07T14:23:47","guid":{"rendered":"https:\/\/bt-uitzendbureau.nl\/nieuw\/?page_id=163"},"modified":"2023-04-26T09:41:10","modified_gmt":"2023-04-26T09:41:10","slug":"unsere-zertifizierungen","status":"publish","type":"page","link":"https:\/\/www.bt-uitzendbureau.nl\/de\/werkgevers\/onze-certificeringen\/","title":{"rendered":"Unsere Zertifizierungen"},"content":{"rendered":"<div id='av_section_1'  class='avia-section av-1u94bn-d64f155bb4ab2c5e01be1ea7d4de7b32 main_color avia-section-default avia-no-border-styling  avia-builder-el-0  el_before_av_section  avia-builder-el-first  avia-bg-style-scroll container_wrap fullsize'  ><div class='container av-section-cont-open' ><main  role=\"main\" itemprop=\"mainContentOfPage\"  class='template-page content  av-content-full alpha units'><div class='post-entry post-entry-type-page post-entry-163'><div class='entry-content-wrapper clearfix'>\n<div class='flex_column av-1rhth7-8165d4ad30093c7670ac44055db8aad2 av_two_third  avia-builder-el-1  el_before_av_one_third  avia-builder-el-first  first flex_column_div'     ><p>\n<style type=\"text\/css\" data-created_by=\"avia_inline_auto\" id=\"style-css-av-av_hr-3cdc9664f29087702913853352eac422\">\n#top .hr.hr-invisible.av-av_hr-3cdc9664f29087702913853352eac422{\nheight:10px;\n}\n<\/style>\n<div  class='hr av-av_hr-3cdc9664f29087702913853352eac422 hr-invisible  avia-builder-el-2  el_before_av_textblock  avia-builder-el-first'><span class='hr-inner'><span class=\"hr-inner-style\"><\/span><\/span><\/div><br \/>\n\n<style type=\"text\/css\" data-created_by=\"avia_inline_auto\" id=\"style-css-av-av_textblock-48d11a9c53109d8dbd0f7dc6794a974b\">\n#top .av_textblock_section.av-av_textblock-48d11a9c53109d8dbd0f7dc6794a974b .avia_textblock{\nfont-size:22px;\n}\n<\/style>\n<section  class='av_textblock_section av-av_textblock-48d11a9c53109d8dbd0f7dc6794a974b'  itemscope=\"itemscope\" itemtype=\"https:\/\/schema.org\/CreativeWork\" ><div class='avia_textblock'  itemprop=\"text\" ><h2>Das SNA-Merkmal<\/h2>\n<p>Das SNA-G\u00fctezeichen ist das G\u00fctezeichen f\u00fcr die Zeitarbeitsbranche und Werkvertragsnehmer und wurde entwickelt, um die Risiken von Entleihern und Auftraggebern zu verringern. Auch Zeitarbeits- und Lohnverrechnungsunternehmen fallen in den Geltungsbereich des G\u00fctesiegels, da sie ebenfalls Arbeitskr\u00e4fte vermitteln.<\/p>\n<\/div><\/section><br \/>\n<section  class='av_textblock_section av-av_textblock-7a1af7d8f9790576b1769c0a9f0449ed'  itemscope=\"itemscope\" itemtype=\"https:\/\/schema.org\/CreativeWork\" ><div class='avia_textblock'  itemprop=\"text\" ><p>Nach geltendem Recht besteht f\u00fcr diese Parteien die Gefahr, dass sie f\u00fcr Arbeitsverpflichtungen haftbar gemacht werden, die der Entleiher oder (Unter-)Auftragnehmer nicht erf\u00fcllt. Unternehmen mit dem SNA-G\u00fctezeichen werden regelm\u00e4\u00dfig auf ihre Arbeitsverpflichtungen hin \u00fcberpr\u00fcft, wodurch das Risiko f\u00fcr Entleiher und Subunternehmer verringert wird.<\/p>\n<p>Seit dem 1. Juli 2012 gilt eine Steuerfreistellung f\u00fcr die Haftung des Entleihers. Das bedeutet, dass Entleiher, die Arbeitnehmer von einem Zeitarbeitsunternehmen mit dem SNA-G\u00fctesiegel entleihen, von einer eventuellen Haftung der Steuerbeh\u00f6rden in Bezug auf nicht gezahlte Lohn- und Umsatzsteuern durch den Entleiher freigestellt werden k\u00f6nnen. Die Bedingungen f\u00fcr die Haftungsfreistellung finden Sie in der '<a href=\"https:\/\/www.bt-uitzendbureau.nl\/wp-content\/uploads\/2023\/04\/wijzigingsleidraad.pdf\" target=\"_blank\" rel=\"noopener\">\u00c4nderung der R\u00fcckforderungsrichtlinien 2008<\/a>' vom 27. Juni 2012.<\/p>\n<p>Unternehmen, die das SNA-G\u00fctesiegel tragen, werden hinsichtlich ihrer arbeitsrechtlichen Verpflichtungen bewertet, n\u00e4mlich:<\/p>\n<ul>\n<li>Identifikation des Unternehmens;<\/li>\n<li>Erkl\u00e4rung und \u00dcberweisung der Lohnsteuer und der (in den Niederlanden) f\u00e4lligen Umsatzsteuer;<\/li>\n<li>Lohnzahlung verst\u00f6\u00dft nicht gegen das Gesetz \u00fcber Mindestlohn und Mindesturlaubsverg\u00fctung;<\/li>\n<li>Durchf\u00fchrung von Identit\u00e4tspr\u00fcfungen und \u00dcberpr\u00fcfung der Berechtigung, in den Niederlanden zu arbeiten;<\/li>\n<li>Vermeidung von Haftungs- und Bu\u00dfgeldrisiken, die sich aus der Vermietung, Weitergabe oder Auslagerung von Arbeiten ergeben.<\/li>\n<\/ul>\n<p>Dazu geh\u00f6rt auch die Verwaltung und Aufbewahrung der erforderlichen Dokumente.<\/p>\n<p>Um zu beurteilen, ob ein Unternehmen die oben genannten Verpflichtungen einh\u00e4lt, wird es in der Regel zweimal im Jahr von einem akkreditierten\u00a0<a href=\"https:\/\/www.normeringarbeid.nl\/snakeurmerk\/inspectie-instellingen\" target=\"_blank\" rel=\"noopener\">Kontrollstelle<\/a>. Wenn es einen Grund f\u00fcr h\u00e4ufigere Kontrollen gibt, k\u00f6nnen diese auf vier Mal pro Jahr ausgedehnt werden. Es besteht auch die M\u00f6glichkeit, gezielte Kontrollen durchzuf\u00fchren, wenn dies gerechtfertigt ist.<\/p>\n<p>Hier finden Sie unsere Brosch\u00fcre, die Ihnen das SNA-G\u00fctesiegel erkl\u00e4rt.<br \/>\n<a href=\"https:\/\/www.bt-uitzendbureau.nl\/wp-content\/uploads\/2023\/04\/sna-a5-folder-web-2018.pdf\" target=\"_blank\" rel=\"noopener\">Merkblatt \"Das SNA-G\u00fctesiegel<\/a><\/p>\n<\/div><\/section><br \/>\n\n<style type=\"text\/css\" data-created_by=\"avia_inline_auto\" id=\"style-css-av-av_hr-3cdc9664f29087702913853352eac422\">\n#top .hr.hr-invisible.av-av_hr-3cdc9664f29087702913853352eac422{\nheight:10px;\n}\n<\/style>\n<div  class='hr av-av_hr-3cdc9664f29087702913853352eac422 hr-invisible  avia-builder-el-5  el_after_av_textblock  el_before_av_textblock'><span class='hr-inner'><span class=\"hr-inner-style\"><\/span><\/span><\/div><br \/>\n\n<style type=\"text\/css\" data-created_by=\"avia_inline_auto\" id=\"style-css-av-lgxiagc3-e70fd57d44244bad1c42c34e129a9902\">\n#top .av_textblock_section.av-lgxiagc3-e70fd57d44244bad1c42c34e129a9902 .avia_textblock{\nfont-size:22px;\n}\n<\/style>\n<section  class='av_textblock_section av-lgxiagc3-e70fd57d44244bad1c42c34e129a9902'  itemscope=\"itemscope\" itemtype=\"https:\/\/schema.org\/CreativeWork\" ><div class='avia_textblock'  itemprop=\"text\" ><h2>G-Konto<\/h2>\n<p>Wenn ein Unternehmen auf dem niederl\u00e4ndischen Markt Personal vermietet, verleiht oder entsendet, kann ein Entleiher einen Teil der Rechnung auf ein g-Konto einzahlen.<\/p>\n<\/div><\/section><br \/>\n<section  class='av_textblock_section av-av_textblock-7a1af7d8f9790576b1769c0a9f0449ed'  itemscope=\"itemscope\" itemtype=\"https:\/\/schema.org\/CreativeWork\" ><div class='avia_textblock'  itemprop=\"text\" ><p>Ein G-Konto ist ein gesperrtes Bankkonto, \u00fcber das ein Zeitarbeitsunternehmen nur die Lohnsteuer und\/oder die Mehrwertsteuer an die Steuerbeh\u00f6rden abf\u00fchrt.<\/p>\n<p>Der Entleiher zahlt 25% der Rechnung auf das g-Konto ein, wobei es sich um den gesch\u00e4tzten Anteil der Lohnsteuer und der Mehrwertsteuer handelt. Wenn ein Zeitarbeitsunternehmen seinen Verpflichtungen in Bezug auf die Mehrwertsteuer oder die Lohnsteuer nicht nachkommt, kann die Steuerbeh\u00f6rde den Entleiher nicht f\u00fcr den Betrag haftbar machen, den der Entleiher auf das g-Konto eingezahlt hat.<\/p>\n<\/div><\/section><br \/>\n\n<style type=\"text\/css\" data-created_by=\"avia_inline_auto\" id=\"style-css-av-1jmxu3-33d3c1d8f583ec8660576b343182e4f2\">\n#top .hr.hr-invisible.av-1jmxu3-33d3c1d8f583ec8660576b343182e4f2{\nheight:10px;\n}\n<\/style>\n<div  class='hr av-1jmxu3-33d3c1d8f583ec8660576b343182e4f2 hr-invisible  avia-builder-el-8  el_after_av_textblock  el_before_av_textblock'><span class='hr-inner'><span class=\"hr-inner-style\"><\/span><\/span><\/div><br \/>\n\n<style type=\"text\/css\" data-created_by=\"avia_inline_auto\" id=\"style-css-av-lgdohu2n-7cc69b14d26993e0884ab581229eddaa\">\n#top .av_textblock_section.av-lgdohu2n-7cc69b14d26993e0884ab581229eddaa .avia_textblock{\nfont-size:22px;\n}\n<\/style>\n<section  class='av_textblock_section av-lgdohu2n-7cc69b14d26993e0884ab581229eddaa'  itemscope=\"itemscope\" itemtype=\"https:\/\/schema.org\/CreativeWork\" ><div class='avia_textblock'  itemprop=\"text\" ><h2>Erkl\u00e4rung zur Zahlungsleistung (WKA)<\/h2>\n<\/div><\/section><br \/>\n<section  class='av_textblock_section av-lgdoj4eu-392dea7c91b3b937009806dbeafce066'  itemscope=\"itemscope\" itemtype=\"https:\/\/schema.org\/CreativeWork\" ><div class='avia_textblock'  itemprop=\"text\" ><p>Das Zeitarbeitsunternehmen BT hat immer eine Bescheinigung \u00fcber das Zahlungsverhalten (WKA). In einer Zahlungsverhaltenserkl\u00e4rung erkl\u00e4rt die Steuerbeh\u00f6rde schriftlich, dass das Zeitarbeitsunternehmen seine Lohn- und Mehrwertsteuer zu diesem Zeitpunkt gezahlt hat.<\/p>\n<\/div><\/section><\/p><\/div><div class='flex_column av-1d93wz-44429d39e33fb80bcc738c720b72d6e2 av_one_third  avia-builder-el-11  el_after_av_two_third  avia-builder-el-last  flex_column_div'     ><style type=\"text\/css\" data-created_by=\"avia_inline_auto\" id=\"style-css-av-4fzdv-faa0b16a5dde8d196c8abbdba4f9c9b2\">\n.avia-image-container.av-4fzdv-faa0b16a5dde8d196c8abbdba4f9c9b2 img.avia_image{\nbox-shadow:none;\n}\n.avia-image-container.av-4fzdv-faa0b16a5dde8d196c8abbdba4f9c9b2 .av-image-caption-overlay-center{\ncolor:#ffffff;\n}\n<\/style>\n<div  class='avia-image-container av-4fzdv-faa0b16a5dde8d196c8abbdba4f9c9b2 av-styling- avia-align-center  avia-builder-el-12  avia-builder-el-no-sibling'   itemprop=\"image\" itemscope=\"itemscope\" itemtype=\"https:\/\/schema.org\/ImageObject\" ><div class=\"avia-image-container-inner\"><div class=\"avia-image-overlay-wrap\"><img decoding=\"async\" class='wp-image-126 avia-img-lazy-loading-not-126 avia_image' src=\"https:\/\/www.bt-uitzendbureau.nl\/wp-content\/uploads\/2023\/04\/Onze-diensten.png\" alt='' title='Unsere Dienstleistungen'  height=\"746\" width=\"746\"  itemprop=\"thumbnailUrl\" srcset=\"https:\/\/www.bt-uitzendbureau.nl\/wp-content\/uploads\/2023\/04\/Onze-diensten.png 746w, https:\/\/www.bt-uitzendbureau.nl\/wp-content\/uploads\/2023\/04\/Onze-diensten-300x300.png 300w, https:\/\/www.bt-uitzendbureau.nl\/wp-content\/uploads\/2023\/04\/Onze-diensten-80x80.png 80w, https:\/\/www.bt-uitzendbureau.nl\/wp-content\/uploads\/2023\/04\/Onze-diensten-36x36.png 36w, https:\/\/www.bt-uitzendbureau.nl\/wp-content\/uploads\/2023\/04\/Onze-diensten-180x180.png 180w, https:\/\/www.bt-uitzendbureau.nl\/wp-content\/uploads\/2023\/04\/Onze-diensten-705x705.png 705w\" sizes=\"(max-width: 746px) 100vw, 746px\" \/><\/div><\/div><\/div><\/div><\/div><\/div><\/main><!-- close content main element --><\/div><\/div><div id='av_section_2'  class='avia-section av-12hct7-9cba564ef806cb5e78e9e32d62b7680b main_color avia-section-large avia-no-border-styling  avia-builder-el-13  el_after_av_section  avia-builder-el-last  avia-bg-style-scroll container_wrap fullsize'  ><div class='container av-section-cont-open' ><div class='template-page content  av-content-full alpha units'><div class='post-entry post-entry-type-page post-entry-163'><div class='entry-content-wrapper clearfix'>\n<div class='flex_column av-yrpur-842bdc44e49b2c77733f5e46d7127a8e av_one_full  avia-builder-el-14  avia-builder-el-no-sibling  first flex_column_div'     ><section  class='av_textblock_section av-tdnqr-275f2ce903a6c50198b2140d23e2ff44'  itemscope=\"itemscope\" itemtype=\"https:\/\/schema.org\/CreativeWork\" ><div class='avia_textblock'  itemprop=\"text\" ><h2 style=\"text-align: center;\">Offene Stellen ohne Erfahrung<\/h2>\n<\/div><\/section><br \/>\n\n<style type=\"text\/css\" data-created_by=\"avia_inline_auto\" id=\"style-css-av-nk5az-50d182db5a8c722e0314c7a320f4c610\">\n#top .hr.hr-invisible.av-nk5az-50d182db5a8c722e0314c7a320f4c610{\nheight:35px;\n}\n<\/style>\n<div  class='hr av-nk5az-50d182db5a8c722e0314c7a320f4c610 hr-invisible  avia-builder-el-16  el_after_av_textblock  el_before_av_codeblock'><span class='hr-inner'><span class=\"hr-inner-style\"><\/span><\/span><\/div><br \/>\n<br \/>\n<div  class='avia-button-wrap av-b2lnv-169da34e4f303b3c0896a23ca0ee33e5-wrap avia-button-center  avia-builder-el-18  el_after_av_codeblock  avia-builder-el-last'><a href='\/de\/freie-stellen\/'  class='avia-button av-b2lnv-169da34e4f303b3c0896a23ca0ee33e5 avia-icon_select-no avia-size-small avia-position-center avia-color-theme-color-subtle'  ><span class='avia_iconbox_title' >Alle offenen Stellen anzeigen<\/span><\/a><\/div><\/p><\/div>\n<\/p>","protected":false},"excerpt":{"rendered":"","protected":false},"author":1,"featured_media":0,"parent":32,"menu_order":0,"comment_status":"closed","ping_status":"closed","template":"","meta":{"_acf_changed":false,"_monsterinsights_skip_tracking":false,"_monsterinsights_sitenote_active":false,"_monsterinsights_sitenote_note":"","_monsterinsights_sitenote_category":0,"footnotes":""},"class_list":["post-163","page","type-page","status-publish","hentry"],"acf":[],"_links":{"self":[{"href":"https:\/\/www.bt-uitzendbureau.nl\/de\/wp-json\/wp\/v2\/pages\/163","targetHints":{"allow":["GET"]}}],"collection":[{"href":"https:\/\/www.bt-uitzendbureau.nl\/de\/wp-json\/wp\/v2\/pages"}],"about":[{"href":"https:\/\/www.bt-uitzendbureau.nl\/de\/wp-json\/wp\/v2\/types\/page"}],"author":[{"embeddable":true,"href":"https:\/\/www.bt-uitzendbureau.nl\/de\/wp-json\/wp\/v2\/users\/1"}],"replies":[{"embeddable":true,"href":"https:\/\/www.bt-uitzendbureau.nl\/de\/wp-json\/wp\/v2\/comments?post=163"}],"version-history":[{"count":4,"href":"https:\/\/www.bt-uitzendbureau.nl\/de\/wp-json\/wp\/v2\/pages\/163\/revisions"}],"predecessor-version":[{"id":229,"href":"https:\/\/www.bt-uitzendbureau.nl\/de\/wp-json\/wp\/v2\/pages\/163\/revisions\/229"}],"up":[{"embeddable":true,"href":"https:\/\/www.bt-uitzendbureau.nl\/de\/wp-json\/wp\/v2\/pages\/32"}],"wp:attachment":[{"href":"https:\/\/www.bt-uitzendbureau.nl\/de\/wp-json\/wp\/v2\/media?parent=163"}],"curies":[{"name":"wp","href":"https:\/\/api.w.org\/{rel}","templated":true}]}}