{"id":161,"date":"2023-04-07T14:23:37","date_gmt":"2023-04-07T14:23:37","guid":{"rendered":"https:\/\/bt-uitzendbureau.nl\/nieuw\/?page_id=161"},"modified":"2023-04-26T09:51:32","modified_gmt":"2023-04-26T09:51:32","slug":"unsere-dienstleistungen","status":"publish","type":"page","link":"https:\/\/www.bt-uitzendbureau.nl\/de\/werkgevers\/onze-diensten\/","title":{"rendered":"Unsere Dienstleistungen"},"content":{"rendered":"<div id='av_section_1'  class='avia-section av-69jorl-a2f323fa3ec159677ae85f48a00e0a1b main_color avia-section-default avia-no-border-styling  avia-builder-el-0  el_before_av_section  avia-builder-el-first  avia-bg-style-scroll container_wrap fullsize'  ><div class='container av-section-cont-open' ><main  role=\"main\" itemprop=\"mainContentOfPage\"  class='template-page content  av-content-full alpha units'><div class='post-entry post-entry-type-page post-entry-161'><div class='entry-content-wrapper clearfix'>\n<div class='flex_column av-60kooh-2328a36f9e62e7687d1abc0bfb126612 av_two_third  avia-builder-el-1  el_before_av_one_third  avia-builder-el-first  first flex_column_div'     ><p>\n<style type=\"text\/css\" data-created_by=\"avia_inline_auto\" id=\"style-css-av-kyzwp-90a3f2f1f4519422e5434236705fa17f\">\n#top .hr.hr-invisible.av-kyzwp-90a3f2f1f4519422e5434236705fa17f{\nheight:10px;\n}\n<\/style>\n<div  class='hr av-kyzwp-90a3f2f1f4519422e5434236705fa17f hr-invisible  avia-builder-el-2  el_before_av_textblock  avia-builder-el-first'><span class='hr-inner'><span class=\"hr-inner-style\"><\/span><\/span><\/div><br \/>\n\n<style type=\"text\/css\" data-created_by=\"avia_inline_auto\" id=\"style-css-av-5q1pxl-d14b22c4136f1ee15486c3fee92eaf49\">\n#top .av_textblock_section.av-5q1pxl-d14b22c4136f1ee15486c3fee92eaf49 .avia_textblock{\nfont-size:22px;\n}\n<\/style>\n<section  class='av_textblock_section av-5q1pxl-d14b22c4136f1ee15486c3fee92eaf49'  itemscope=\"itemscope\" itemtype=\"https:\/\/schema.org\/CreativeWork\" ><div class='avia_textblock'  itemprop=\"text\" ><h2>Sendung<\/h2>\n<p>Personalvermittlung ist unsere gr\u00f6\u00dfte Dienstleistung, aber was bedeutet Personalvermittlung? Bei der Zeitarbeit erhalten Sie einen Vertrag von der BT-Arbeitsvermittlung und beginnen eine T\u00e4tigkeit bei einem unserer Kunden.<\/p>\n<\/div><\/section><br \/>\n<section  class='av_textblock_section av-5me6ld-223763012963520b68041dd7dac4f2c8'  itemscope=\"itemscope\" itemtype=\"https:\/\/schema.org\/CreativeWork\" ><div class='avia_textblock'  itemprop=\"text\" ><p>Wir bieten Ihnen immer eine langfristige Besch\u00e4ftigung. Das bedeutet ein langfristiges Projekt oder einen festen Platz in einem Unternehmen. Endet ein Projekt oder gibt es andere Umst\u00e4nde, die zum Abbruch der Arbeit f\u00fchren, sorgen wir so schnell wie m\u00f6glich f\u00fcr einen neuen geeigneten Arbeitsplatz. Unser Ziel in der Zeitarbeit ist also, dass der Arbeitnehmer zufrieden ist. Wir denken immer aus der Sicht des Mitarbeiters und nicht aus der Sicht des Kunden. Nicht zufrieden? Dann l\u00f6sen wir das Problem! Wenn nicht mit Ihrem aktuellen Kunden, dann mit einem anderen. Unser oberstes Ziel ist es, unseren Mitarbeitern zu helfen, einen festen Arbeitsplatz bei einem Kunden zu finden. Deshalb bieten wir die M\u00f6glichkeit, dass der Kunde dem Arbeitnehmer nach 2080 Arbeitsstunden einen kostenlosen Vertrag anbieten kann.<\/p>\n<\/div><\/section><\/p><\/div><div class='flex_column av-5bw5sp-ab4bdc24f90ab7a48d4c8b6f4b1baf00 av_one_third  avia-builder-el-5  el_after_av_two_third  el_before_av_two_third  flex_column_div'     ><style type=\"text\/css\" data-created_by=\"avia_inline_auto\" id=\"style-css-av-588zkp-9f50debc16466bcb0384c0ec4b20b54e\">\n.avia-image-container.av-588zkp-9f50debc16466bcb0384c0ec4b20b54e img.avia_image{\nbox-shadow:none;\n}\n.avia-image-container.av-588zkp-9f50debc16466bcb0384c0ec4b20b54e .av-image-caption-overlay-center{\ncolor:#ffffff;\n}\n<\/style>\n<div  class='avia-image-container av-588zkp-9f50debc16466bcb0384c0ec4b20b54e av-styling- avia-align-center  avia-builder-el-6  avia-builder-el-no-sibling'   itemprop=\"image\" itemscope=\"itemscope\" itemtype=\"https:\/\/schema.org\/ImageObject\" ><div class=\"avia-image-container-inner\"><div class=\"avia-image-overlay-wrap\"><img decoding=\"async\" class='wp-image-259 avia-img-lazy-loading-not-259 avia_image' src=\"https:\/\/www.bt-uitzendbureau.nl\/wp-content\/uploads\/2023\/04\/Uitzenden.png\" alt='' title='Sendung'  height=\"746\" width=\"746\"  itemprop=\"thumbnailUrl\" srcset=\"https:\/\/www.bt-uitzendbureau.nl\/wp-content\/uploads\/2023\/04\/Uitzenden.png 746w, https:\/\/www.bt-uitzendbureau.nl\/wp-content\/uploads\/2023\/04\/Uitzenden-300x300.png 300w, https:\/\/www.bt-uitzendbureau.nl\/wp-content\/uploads\/2023\/04\/Uitzenden-80x80.png 80w, https:\/\/www.bt-uitzendbureau.nl\/wp-content\/uploads\/2023\/04\/Uitzenden-12x12.png 12w, https:\/\/www.bt-uitzendbureau.nl\/wp-content\/uploads\/2023\/04\/Uitzenden-36x36.png 36w, https:\/\/www.bt-uitzendbureau.nl\/wp-content\/uploads\/2023\/04\/Uitzenden-180x180.png 180w, https:\/\/www.bt-uitzendbureau.nl\/wp-content\/uploads\/2023\/04\/Uitzenden-705x705.png 705w\" sizes=\"(max-width: 746px) 100vw, 746px\" \/><\/div><\/div><\/div><\/div><div class='flex_column av-54hc35-dbd8f894786dc6d34aa4f15ccb4fc158 av_two_third  avia-builder-el-7  el_after_av_one_third  el_before_av_one_third  first flex_column_div column-top-margin'     ><p>\n<style type=\"text\/css\" data-created_by=\"avia_inline_auto\" id=\"style-css-av-4xxz3d-237d0d4e9f59796cf1d6e5a45983b3be\">\n#top .hr.hr-invisible.av-4xxz3d-237d0d4e9f59796cf1d6e5a45983b3be{\nheight:10px;\n}\n<\/style>\n<div  class='hr av-4xxz3d-237d0d4e9f59796cf1d6e5a45983b3be hr-invisible  avia-builder-el-8  el_before_av_textblock  avia-builder-el-first'><span class='hr-inner'><span class=\"hr-inner-style\"><\/span><\/span><\/div><br \/>\n\n<style type=\"text\/css\" data-created_by=\"avia_inline_auto\" id=\"style-css-av-4ndzb5-30bbaf77e46fa231d5d1ec80109b166f\">\n#top .av_textblock_section.av-4ndzb5-30bbaf77e46fa231d5d1ec80109b166f .avia_textblock{\nfont-size:22px;\n}\n<\/style>\n<section  class='av_textblock_section av-4ndzb5-30bbaf77e46fa231d5d1ec80109b166f'  itemscope=\"itemscope\" itemtype=\"https:\/\/schema.org\/CreativeWork\" ><div class='avia_textblock'  itemprop=\"text\" ><h2>Anwerbung und Auswahl<\/h2>\n<p>F\u00fcr bestimmte Kunden arbeiten wir auch auf der Grundlage von Rekrutierung und Auswahl, aber was bedeutet Rekrutierung und Auswahl?<\/p>\n<\/div><\/section><br \/>\n<section  class='av_textblock_section av-4jneeh-2645091e1ee17f574b44814426f09ae7'  itemscope=\"itemscope\" itemtype=\"https:\/\/schema.org\/CreativeWork\" ><div class='avia_textblock'  itemprop=\"text\" ><p>Bei der Personalbeschaffung und -auswahl m\u00f6chte unser Kunde dem Kandidaten sofort einen Vertrag anbieten, findet aber selbst nicht den richtigen Kandidaten. Wir suchen daher nach Kandidaten und w\u00e4hlen sie f\u00fcr unseren Kunden aus. Wenn nach den Vorstellungsgespr\u00e4chen sowohl der Kandidat als auch der Kunde zufrieden mit der Zusammenarbeit sind, wird dem Kandidaten sofort ein Vertrag mit dem Kunden angeboten.<\/p>\n<\/div><\/section><\/p><\/div><div class='flex_column av-4gfgsh-8e25ded7ab97b24696813525030f41de av_one_third  avia-builder-el-11  el_after_av_two_third  el_before_av_two_third  flex_column_div column-top-margin'     ><style type=\"text\/css\" data-created_by=\"avia_inline_auto\" id=\"style-css-av-4a2lld-2b16f1fd2e5dbc7a0a18f62c00c82583\">\n.avia-image-container.av-4a2lld-2b16f1fd2e5dbc7a0a18f62c00c82583 img.avia_image{\nbox-shadow:none;\n}\n.avia-image-container.av-4a2lld-2b16f1fd2e5dbc7a0a18f62c00c82583 .av-image-caption-overlay-center{\ncolor:#ffffff;\n}\n<\/style>\n<div  class='avia-image-container av-4a2lld-2b16f1fd2e5dbc7a0a18f62c00c82583 av-styling- avia-align-center  avia-builder-el-12  avia-builder-el-no-sibling'   itemprop=\"image\" itemscope=\"itemscope\" itemtype=\"https:\/\/schema.org\/ImageObject\" ><div class=\"avia-image-container-inner\"><div class=\"avia-image-overlay-wrap\"><img decoding=\"async\" class='wp-image-260 avia-img-lazy-loading-not-260 avia_image' src=\"https:\/\/www.bt-uitzendbureau.nl\/wp-content\/uploads\/2023\/04\/Werving-en-selectie.png\" alt='' title='Rekrutierung und Auswahl'  height=\"746\" width=\"746\"  itemprop=\"thumbnailUrl\" srcset=\"https:\/\/www.bt-uitzendbureau.nl\/wp-content\/uploads\/2023\/04\/Werving-en-selectie.png 746w, https:\/\/www.bt-uitzendbureau.nl\/wp-content\/uploads\/2023\/04\/Werving-en-selectie-300x300.png 300w, https:\/\/www.bt-uitzendbureau.nl\/wp-content\/uploads\/2023\/04\/Werving-en-selectie-80x80.png 80w, https:\/\/www.bt-uitzendbureau.nl\/wp-content\/uploads\/2023\/04\/Werving-en-selectie-12x12.png 12w, https:\/\/www.bt-uitzendbureau.nl\/wp-content\/uploads\/2023\/04\/Werving-en-selectie-36x36.png 36w, https:\/\/www.bt-uitzendbureau.nl\/wp-content\/uploads\/2023\/04\/Werving-en-selectie-180x180.png 180w, https:\/\/www.bt-uitzendbureau.nl\/wp-content\/uploads\/2023\/04\/Werving-en-selectie-705x705.png 705w\" sizes=\"(max-width: 746px) 100vw, 746px\" \/><\/div><\/div><\/div><\/div><div class='flex_column av-1hac1-8c8fb645195e113ad847b402bfcb7d6e av_two_third  avia-builder-el-13  el_after_av_one_third  el_before_av_one_third  first flex_column_div column-top-margin'     ><p>\n<style type=\"text\/css\" data-created_by=\"avia_inline_auto\" id=\"style-css-av-dsko1-b7704eda2628b60da6778a5999123657\">\n#top .hr.hr-invisible.av-dsko1-b7704eda2628b60da6778a5999123657{\nheight:10px;\n}\n<\/style>\n<div  class='hr av-dsko1-b7704eda2628b60da6778a5999123657 hr-invisible  avia-builder-el-14  el_before_av_textblock  avia-builder-el-first'><span class='hr-inner'><span class=\"hr-inner-style\"><\/span><\/span><\/div><br \/>\n\n<style type=\"text\/css\" data-created_by=\"avia_inline_auto\" id=\"style-css-av-3re59d-33af8d081cc5c391621c442d7d4ed6f7\">\n#top .av_textblock_section.av-3re59d-33af8d081cc5c391621c442d7d4ed6f7 .avia_textblock{\nfont-size:22px;\n}\n<\/style>\n<section  class='av_textblock_section av-3re59d-33af8d081cc5c391621c442d7d4ed6f7'  itemscope=\"itemscope\" itemtype=\"https:\/\/schema.org\/CreativeWork\" ><div class='avia_textblock'  itemprop=\"text\" ><h2>ZZP-Vermittlung<\/h2>\n<p>F\u00fcr Menschen, die ein Unternehmen haben oder es vorziehen, nicht erwerbst\u00e4tig zu sein, bieten wir ZZP-Mediation an, aber was beinhaltet ZZP-Mediation?<\/p>\n<\/div><\/section><br \/>\n<section  class='av_textblock_section av-3jmftd-22e4a343b692d8c71120558354ce141d'  itemscope=\"itemscope\" itemtype=\"https:\/\/schema.org\/CreativeWork\" ><div class='avia_textblock'  itemprop=\"text\" ><p>Bei der ZZP-Vermittlung arbeiten Sie weiterhin als Selbst\u00e4ndiger, aber wir sorgen f\u00fcr die Sicherheit einer festen Anzahl von Arbeitsstunden pro Woche in Verbindung mit einem bestimmten Preis. Wir bieten einem Kunden eine Arbeit an, die Ihren Kenntnissen und F\u00e4higkeiten entspricht. Sie brauchen nur am Ende der Woche die Rechnung zu stellen. Der Tarif wird pro Arbeitsstunde vereinbart, nicht pro Projekt oder pro Meter. Es ist nicht m\u00f6glich, nach einer bestimmten Zeit direkt f\u00fcr unseren Kunden zu arbeiten. Um \u00fcber die BT-Agentur zu arbeiten, m\u00fcssen Sie bei der Handelskammer eingetragen sein und eine Haftpflichtversicherung haben. F\u00fcr Freiberufler haben wir eine eigene Gesellschaft namens BT Diensten B.V.<\/p>\n<\/div><\/section><\/p><\/div><div class='flex_column av-3by521-47006dca9de33ebe4da66c7115cfe71f av_one_third  avia-builder-el-17  el_after_av_two_third  el_before_av_two_third  flex_column_div column-top-margin'     ><style type=\"text\/css\" data-created_by=\"avia_inline_auto\" id=\"style-css-av-bsopd-17deef97f22bde535642f7989af6e856\">\n.avia-image-container.av-bsopd-17deef97f22bde535642f7989af6e856 img.avia_image{\nbox-shadow:none;\n}\n.avia-image-container.av-bsopd-17deef97f22bde535642f7989af6e856 .av-image-caption-overlay-center{\ncolor:#ffffff;\n}\n<\/style>\n<div  class='avia-image-container av-bsopd-17deef97f22bde535642f7989af6e856 av-styling- avia-align-center  avia-builder-el-18  avia-builder-el-no-sibling'   itemprop=\"image\" itemscope=\"itemscope\" itemtype=\"https:\/\/schema.org\/ImageObject\" ><div class=\"avia-image-container-inner\"><div class=\"avia-image-overlay-wrap\"><img decoding=\"async\" class='wp-image-261 avia-img-lazy-loading-not-261 avia_image' src=\"https:\/\/www.bt-uitzendbureau.nl\/wp-content\/uploads\/2023\/04\/ZZP-bemiddeling.png\" alt='' title='ZZP-Vermittlung'  height=\"746\" width=\"746\"  itemprop=\"thumbnailUrl\" srcset=\"https:\/\/www.bt-uitzendbureau.nl\/wp-content\/uploads\/2023\/04\/ZZP-bemiddeling.png 746w, https:\/\/www.bt-uitzendbureau.nl\/wp-content\/uploads\/2023\/04\/ZZP-bemiddeling-300x300.png 300w, https:\/\/www.bt-uitzendbureau.nl\/wp-content\/uploads\/2023\/04\/ZZP-bemiddeling-80x80.png 80w, https:\/\/www.bt-uitzendbureau.nl\/wp-content\/uploads\/2023\/04\/ZZP-bemiddeling-12x12.png 12w, https:\/\/www.bt-uitzendbureau.nl\/wp-content\/uploads\/2023\/04\/ZZP-bemiddeling-36x36.png 36w, https:\/\/www.bt-uitzendbureau.nl\/wp-content\/uploads\/2023\/04\/ZZP-bemiddeling-180x180.png 180w, https:\/\/www.bt-uitzendbureau.nl\/wp-content\/uploads\/2023\/04\/ZZP-bemiddeling-705x705.png 705w\" sizes=\"(max-width: 746px) 100vw, 746px\" \/><\/div><\/div><\/div><\/div><div class='flex_column av-31rdcp-f334c69b38dca1c0fd693e136e90dd68 av_two_third  avia-builder-el-19  el_after_av_one_third  el_before_av_one_third  first flex_column_div column-top-margin'     ><p>\n<style type=\"text\/css\" data-created_by=\"avia_inline_auto\" id=\"style-css-av-2xu9vl-7aa8797a7c4546798bea6bc164c13879\">\n#top .hr.hr-invisible.av-2xu9vl-7aa8797a7c4546798bea6bc164c13879{\nheight:10px;\n}\n<\/style>\n<div  class='hr av-2xu9vl-7aa8797a7c4546798bea6bc164c13879 hr-invisible  avia-builder-el-20  el_before_av_textblock  avia-builder-el-first'><span class='hr-inner'><span class=\"hr-inner-style\"><\/span><\/span><\/div><br \/>\n\n<style type=\"text\/css\" data-created_by=\"avia_inline_auto\" id=\"style-css-av-2sr621-9824ec85aa4e87012433e349714d6781\">\n#top .av_textblock_section.av-2sr621-9824ec85aa4e87012433e349714d6781 .avia_textblock{\nfont-size:22px;\n}\n<\/style>\n<section  class='av_textblock_section av-2sr621-9824ec85aa4e87012433e349714d6781'  itemscope=\"itemscope\" itemtype=\"https:\/\/schema.org\/CreativeWork\" ><div class='avia_textblock'  itemprop=\"text\" ><h2>Ausl\u00e4ndisches Personal<\/h2>\n<p>Es ist auch m\u00f6glich, mit der BT-Arbeitsvermittlung zu arbeiten, wenn Sie in einem anderen EU-Land wohnhaft sind.<\/p>\n<\/div><\/section><br \/>\n<section  class='av_textblock_section av-93ttl-dadb62bb9d3e7eef009508b0e0506a3b'  itemscope=\"itemscope\" itemtype=\"https:\/\/schema.org\/CreativeWork\" ><div class='avia_textblock'  itemprop=\"text\" ><p>F\u00fcr Personen, die keine Wohnung in den Niederlanden haben, k\u00f6nnen wir eine Unterkunft organisieren. Diese Unterk\u00fcnfte k\u00f6nnen sowohl f\u00fcr Wochentags- als auch f\u00fcr Wochenendaufenthalte genutzt werden. Wir haben mehrere Unterk\u00fcnfte, die wir selbst verwalten. Wir sorgen daf\u00fcr, dass es ein Zimmer gibt, das nicht mit anderen Arbeitnehmern geteilt werden muss. Die Unterkunft ist h\u00f6chstens 30 Autominuten von der Arbeitsadresse entfernt.<\/p>\n<\/div><\/section><\/p><\/div><div class='flex_column av-2emrl5-ca4fa5a5ebedc40d5dd1963c0b166275 av_one_third  avia-builder-el-23  el_after_av_two_third  avia-builder-el-last  flex_column_div column-top-margin'     ><style type=\"text\/css\" data-created_by=\"avia_inline_auto\" id=\"style-css-av-28uayh-005b522945b6f79cbdd44b02ec4775b8\">\n.avia-image-container.av-28uayh-005b522945b6f79cbdd44b02ec4775b8 img.avia_image{\nbox-shadow:none;\n}\n.avia-image-container.av-28uayh-005b522945b6f79cbdd44b02ec4775b8 .av-image-caption-overlay-center{\ncolor:#ffffff;\n}\n<\/style>\n<div  class='avia-image-container av-28uayh-005b522945b6f79cbdd44b02ec4775b8 av-styling- avia-align-center  avia-builder-el-24  avia-builder-el-no-sibling'   itemprop=\"image\" itemscope=\"itemscope\" itemtype=\"https:\/\/schema.org\/ImageObject\" ><div class=\"avia-image-container-inner\"><div class=\"avia-image-overlay-wrap\"><img decoding=\"async\" class='wp-image-257 avia-img-lazy-loading-not-257 avia_image' src=\"https:\/\/www.bt-uitzendbureau.nl\/wp-content\/uploads\/2023\/04\/Buitelands-personeel.png\" alt='' title='Ausl\u00e4ndisches Personal'  height=\"746\" width=\"746\"  itemprop=\"thumbnailUrl\" srcset=\"https:\/\/www.bt-uitzendbureau.nl\/wp-content\/uploads\/2023\/04\/Buitelands-personeel.png 746w, https:\/\/www.bt-uitzendbureau.nl\/wp-content\/uploads\/2023\/04\/Buitelands-personeel-300x300.png 300w, https:\/\/www.bt-uitzendbureau.nl\/wp-content\/uploads\/2023\/04\/Buitelands-personeel-80x80.png 80w, https:\/\/www.bt-uitzendbureau.nl\/wp-content\/uploads\/2023\/04\/Buitelands-personeel-12x12.png 12w, https:\/\/www.bt-uitzendbureau.nl\/wp-content\/uploads\/2023\/04\/Buitelands-personeel-36x36.png 36w, https:\/\/www.bt-uitzendbureau.nl\/wp-content\/uploads\/2023\/04\/Buitelands-personeel-180x180.png 180w, https:\/\/www.bt-uitzendbureau.nl\/wp-content\/uploads\/2023\/04\/Buitelands-personeel-705x705.png 705w\" sizes=\"(max-width: 746px) 100vw, 746px\" \/><\/div><\/div><\/div><\/div><\/div><\/div><\/main><!-- close content main element --><\/div><\/div><div id='av_section_2'  class='avia-section av-11sg7d-3d30a8b176cc2f3bfa881c7f56feee46 main_color avia-section-large avia-no-border-styling  avia-builder-el-25  el_after_av_section  avia-builder-el-last  avia-bg-style-scroll container_wrap fullsize'  ><div class='container av-section-cont-open' ><div class='template-page content  av-content-full alpha units'><div class='post-entry post-entry-type-page post-entry-161'><div class='entry-content-wrapper clearfix'>\n<div class='flex_column av-w6ych-13f691cd6e355193428e610cfef69f54 av_one_full  avia-builder-el-26  avia-builder-el-no-sibling  first flex_column_div'     ><section  class='av_textblock_section av-s17wx-d35cf2c95b2cff5f7a7ff0f0dbae4a6c'  itemscope=\"itemscope\" itemtype=\"https:\/\/schema.org\/CreativeWork\" ><div class='avia_textblock'  itemprop=\"text\" ><h2 style=\"text-align: center;\">Offene Stellen ohne Erfahrung<\/h2>\n<\/div><\/section><br \/>\n\n<style type=\"text\/css\" data-created_by=\"avia_inline_auto\" id=\"style-css-av-iu78x-63780bc2cfa23a3aef018bb18ee1c998\">\n#top .hr.hr-invisible.av-iu78x-63780bc2cfa23a3aef018bb18ee1c998{\nheight:35px;\n}\n<\/style>\n<div  class='hr av-iu78x-63780bc2cfa23a3aef018bb18ee1c998 hr-invisible  avia-builder-el-28  el_after_av_textblock  el_before_av_codeblock'><span class='hr-inner'><span class=\"hr-inner-style\"><\/span><\/span><\/div><br \/>\n<br \/>\n<div  class='avia-button-wrap av-augg9-6f5f2741d1bebb46621becf193f096cb-wrap avia-button-center  avia-builder-el-30  el_after_av_codeblock  avia-builder-el-last'><a href='\/de\/freie-stellen\/'  class='avia-button av-augg9-6f5f2741d1bebb46621becf193f096cb avia-icon_select-no avia-size-small avia-position-center avia-color-theme-color-subtle'  ><span class='avia_iconbox_title' >Alle offenen Stellen anzeigen<\/span><\/a><\/div><\/p><\/div>\n<\/p>","protected":false},"excerpt":{"rendered":"","protected":false},"author":1,"featured_media":0,"parent":32,"menu_order":0,"comment_status":"closed","ping_status":"closed","template":"","meta":{"_acf_changed":false,"_monsterinsights_skip_tracking":false,"_monsterinsights_sitenote_active":false,"_monsterinsights_sitenote_note":"","_monsterinsights_sitenote_category":0,"footnotes":""},"class_list":["post-161","page","type-page","status-publish","hentry"],"acf":[],"_links":{"self":[{"href":"https:\/\/www.bt-uitzendbureau.nl\/de\/wp-json\/wp\/v2\/pages\/161","targetHints":{"allow":["GET"]}}],"collection":[{"href":"https:\/\/www.bt-uitzendbureau.nl\/de\/wp-json\/wp\/v2\/pages"}],"about":[{"href":"https:\/\/www.bt-uitzendbureau.nl\/de\/wp-json\/wp\/v2\/types\/page"}],"author":[{"embeddable":true,"href":"https:\/\/www.bt-uitzendbureau.nl\/de\/wp-json\/wp\/v2\/users\/1"}],"replies":[{"embeddable":true,"href":"https:\/\/www.bt-uitzendbureau.nl\/de\/wp-json\/wp\/v2\/comments?post=161"}],"version-history":[{"count":5,"href":"https:\/\/www.bt-uitzendbureau.nl\/de\/wp-json\/wp\/v2\/pages\/161\/revisions"}],"predecessor-version":[{"id":414,"href":"https:\/\/www.bt-uitzendbureau.nl\/de\/wp-json\/wp\/v2\/pages\/161\/revisions\/414"}],"up":[{"embeddable":true,"href":"https:\/\/www.bt-uitzendbureau.nl\/de\/wp-json\/wp\/v2\/pages\/32"}],"wp:attachment":[{"href":"https:\/\/www.bt-uitzendbureau.nl\/de\/wp-json\/wp\/v2\/media?parent=161"}],"curies":[{"name":"wp","href":"https:\/\/api.w.org\/{rel}","templated":true}]}}