{"id":117,"date":"2023-04-07T12:23:22","date_gmt":"2023-04-07T12:23:22","guid":{"rendered":"https:\/\/bt-uitzendbureau.nl\/nieuw\/?page_id=117"},"modified":"2023-04-26T09:35:28","modified_gmt":"2023-04-26T09:35:28","slug":"haufig-gestellte-fragen","status":"publish","type":"page","link":"https:\/\/www.bt-uitzendbureau.nl\/de\/werknemers\/veelgestelde-vragen\/","title":{"rendered":"H\u00e4ufig gestellte Fragen"},"content":{"rendered":"<div id='av_section_1'  class='avia-section av-646551-a322fa596457572d321734b035cba18e main_color avia-section-default avia-no-border-styling  avia-builder-el-0  el_before_av_section  avia-builder-el-first  avia-bg-style-scroll container_wrap fullsize'  ><div class='container av-section-cont-open' ><main  role=\"main\" itemprop=\"mainContentOfPage\"  class='template-page content  av-content-full alpha units'><div class='post-entry post-entry-type-page post-entry-117'><div class='entry-content-wrapper clearfix'>\n<div class='flex_column av-24mkt-42eaeef54392a000bd16c26258eeac6f av_two_third  avia-builder-el-1  el_before_av_one_third  avia-builder-el-first  first flex_column_div'     ><p>\n<style type=\"text\/css\" data-created_by=\"avia_inline_auto\" id=\"style-css-av-5qa8zx-51634ae88bf23680f866b8a1615cc146\">\n#top .hr.hr-invisible.av-5qa8zx-51634ae88bf23680f866b8a1615cc146{\nheight:10px;\n}\n<\/style>\n<div  class='hr av-5qa8zx-51634ae88bf23680f866b8a1615cc146 hr-invisible  avia-builder-el-2  el_before_av_textblock  avia-builder-el-first'><span class='hr-inner'><span class=\"hr-inner-style\"><\/span><\/span><\/div><br \/>\n\n<style type=\"text\/css\" data-created_by=\"avia_inline_auto\" id=\"style-css-av-5hpvx1-a742bb83fef41eda80c928593b62f967\">\n#top .av_textblock_section.av-5hpvx1-a742bb83fef41eda80c928593b62f967 .avia_textblock{\nfont-size:22px;\n}\n<\/style>\n<section  class='av_textblock_section av-5hpvx1-a742bb83fef41eda80c928593b62f967'  itemscope=\"itemscope\" itemtype=\"https:\/\/schema.org\/CreativeWork\" ><div class='avia_textblock'  itemprop=\"text\" ><h2>H\u00e4ufig gestellte Fragen<\/h2>\n<p>Nachstehend finden Sie Antworten auf Fragen, die wir h\u00e4ufig erhalten. Wenn Ihre Frage nicht dabei ist oder Sie sie nicht beantworten k\u00f6nnen, kontaktieren Sie uns bitte!<\/p>\n<\/div><\/section><br \/>\n<div  class='togglecontainer av-lgdmrbu3-45cb56a6392c09e19bda902710697393  avia-builder-el-4  el_after_av_textblock  avia-builder-el-last  toggle_close_all' >\n<section class='av_toggle_section av-lgdmldg6-cb1271a22b636f74fb8c7f6e1ae8dd6f'  itemscope=\"itemscope\" itemtype=\"https:\/\/schema.org\/CreativeWork\" ><div role=\"tablist\" class=\"single_toggle\" data-tags=\"{Alle} \"  ><p data-fake-id='#toggle-id-1' class='toggler'  itemprop=\"headline\"  role='tab' tabindex='0' aria-controls='toggle-id-1'>Zahlen Sie pro Woche oder pro 4 Wochen? <span class=\"toggle_icon\"><span class=\"vert_icon\"><\/span><span class=\"hor_icon\"><\/span><\/span><\/p><div id='toggle-id-1' class='toggle_wrap'  ><div class='toggle_content invers-color'  itemprop=\"text\" ><p>Es ist m\u00f6glich, sowohl w\u00f6chentlich als auch 4-w\u00f6chentlich bezahlt zu werden.<\/p>\n<\/div><\/div><\/div><\/section>\n<section class='av_toggle_section av-lgdmlmaq-f0c5cb34e97899baf6cc7dae730b6c9b'  itemscope=\"itemscope\" itemtype=\"https:\/\/schema.org\/CreativeWork\" ><div role=\"tablist\" class=\"single_toggle\" data-tags=\"{Alle} \"  ><p data-fake-id='#toggle-id-2' class='toggler'  itemprop=\"headline\"  role='tab' tabindex='0' aria-controls='toggle-id-2'>Wann werde ich bezahlt? <span class=\"toggle_icon\"><span class=\"vert_icon\"><\/span><span class=\"hor_icon\"><\/span><\/span><\/p><div id='toggle-id-2' class='toggle_wrap'  ><div class='toggle_content invers-color'  itemprop=\"text\" ><p>Nach Ablauf Ihrer Arbeitswoche werden Sie am Donnerstag der folgenden Woche bezahlt. Aufgrund von St\u00f6rungen oder ausl\u00e4ndischen Banken kann es vorkommen, dass die Zahlung erst am Freitag eingeht.<\/p>\n<\/div><\/div><\/div><\/section>\n<section class='av_toggle_section av-lgdmlmaq-60-32ad48f437752a825df1793779ebedaa'  itemscope=\"itemscope\" itemtype=\"https:\/\/schema.org\/CreativeWork\" ><div role=\"tablist\" class=\"single_toggle\" data-tags=\"{Alle} \"  ><p data-fake-id='#toggle-id-3' class='toggler'  itemprop=\"headline\"  role='tab' tabindex='0' aria-controls='toggle-id-3'>Welche Rente werde ich bekommen? <span class=\"toggle_icon\"><span class=\"vert_icon\"><\/span><span class=\"hor_icon\"><\/span><\/span><\/p><div id='toggle-id-3' class='toggle_wrap'  ><div class='toggle_content invers-color'  itemprop=\"text\" ><p>BPF-Bouw-Rente f\u00fcr Facharbeiter in der CAO bouw en Infra. Stipp-Rente f\u00fcr alle anderen GAVs.<\/p>\n<\/div><\/div><\/div><\/section>\n<section class='av_toggle_section av-lgdmlmaq-59-cfe4a0124c9dee4fa1c9307b00dad62c'  itemscope=\"itemscope\" itemtype=\"https:\/\/schema.org\/CreativeWork\" ><div role=\"tablist\" class=\"single_toggle\" data-tags=\"{Alle} \"  ><p data-fake-id='#toggle-id-4' class='toggler'  itemprop=\"headline\"  role='tab' tabindex='0' aria-controls='toggle-id-4'>Erhalte ich ADV-Tage? <span class=\"toggle_icon\"><span class=\"vert_icon\"><\/span><span class=\"hor_icon\"><\/span><\/span><\/p><div id='toggle-id-4' class='toggle_wrap'  ><div class='toggle_content invers-color'  itemprop=\"text\" ><p>Die ADV-Tage werden gem\u00e4\u00df Ihrem Tarifvertrag angespart. Sie haben die M\u00f6glichkeit, ADV-Tage anzusparen oder sich diese w\u00f6chentlich zusammen mit Ihrem Gehalt auszahlen zu lassen.<\/p>\n<\/div><\/div><\/div><\/section>\n<section class='av_toggle_section av-lgdmlmaq-58-2405b789572ec199cff9a1ade347de13'  itemscope=\"itemscope\" itemtype=\"https:\/\/schema.org\/CreativeWork\" ><div role=\"tablist\" class=\"single_toggle\" data-tags=\"{Alle} \"  ><p data-fake-id='#toggle-id-5' class='toggler'  itemprop=\"headline\"  role='tab' tabindex='0' aria-controls='toggle-id-5'>Bin ich ein alter Hut? <span class=\"toggle_icon\"><span class=\"vert_icon\"><\/span><span class=\"hor_icon\"><\/span><\/span><\/p><div id='toggle-id-5' class='toggle_wrap'  ><div class='toggle_content invers-color'  itemprop=\"text\" ><p>Wenn Sie unter den Tarifvertrag f\u00fcr das Baugewerbe und die Infraindustrie fallen und ein bestimmtes Alter erreicht haben, haben Sie Anspruch auf zus\u00e4tzliche ADV-Tage.<\/p>\n<\/div><\/div><\/div><\/section>\n<section class='av_toggle_section av-lgdmlmaq-57-09ed5bf1fabb24db2d2edf101bc2b730'  itemscope=\"itemscope\" itemtype=\"https:\/\/schema.org\/CreativeWork\" ><div role=\"tablist\" class=\"single_toggle\" data-tags=\"{Alle} \"  ><p data-fake-id='#toggle-id-6' class='toggler'  itemprop=\"headline\"  role='tab' tabindex='0' aria-controls='toggle-id-6'>Wann werden Selbstst\u00e4ndige bezahlt? <span class=\"toggle_icon\"><span class=\"vert_icon\"><\/span><span class=\"hor_icon\"><\/span><\/span><\/p><div id='toggle-id-6' class='toggle_wrap'  ><div class='toggle_content invers-color'  itemprop=\"text\" ><p>ZZP'ler werden 14 Tage nach Versand der Rechnung bezahlt. Wir bezahlen ZZP'ler freitags.<\/p>\n<\/div><\/div><\/div><\/section>\n<section class='av_toggle_section av-lgdmlmaq-56-34261e2c4b1665736f92bb6aa772e866'  itemscope=\"itemscope\" itemtype=\"https:\/\/schema.org\/CreativeWork\" ><div role=\"tablist\" class=\"single_toggle\" data-tags=\"{Alle} \"  ><p data-fake-id='#toggle-id-7' class='toggler'  itemprop=\"headline\"  role='tab' tabindex='0' aria-controls='toggle-id-7'>Kann ich auch nach 17 Uhr noch jemanden von Ihrer Arbeitsagentur erreichen? <span class=\"toggle_icon\"><span class=\"vert_icon\"><\/span><span class=\"hor_icon\"><\/span><\/span><\/p><div id='toggle-id-7' class='toggle_wrap'  ><div class='toggle_content invers-color'  itemprop=\"text\" ><p>In dringenden F\u00e4llen k\u00f6nnen Sie uns jederzeit per Telefon oder WhatsApp erreichen. Bitte beachten Sie, dass die Antwortzeiten etwas l\u00e4nger sein k\u00f6nnen als \u00fcblich.<\/p>\n<\/div><\/div><\/div><\/section>\n<section class='av_toggle_section av-lgdmlmaq-55-e48bbd4ddff584131d752965384a44a8'  itemscope=\"itemscope\" itemtype=\"https:\/\/schema.org\/CreativeWork\" ><div role=\"tablist\" class=\"single_toggle\" data-tags=\"{Alle} \"  ><p data-fake-id='#toggle-id-8' class='toggler'  itemprop=\"headline\"  role='tab' tabindex='0' aria-controls='toggle-id-8'>Wie soll ich meinen Stundenzettel versenden?<span class=\"toggle_icon\"><span class=\"vert_icon\"><\/span><span class=\"hor_icon\"><\/span><\/span><\/p><div id='toggle-id-8' class='toggle_wrap'  ><div class='toggle_content invers-color'  itemprop=\"text\" ><p>Dies kann \u00fcber ein Bild per WhatsApp an Ihren Vermittler oder per E-Mail an <a href=\"mailto:info@www.bt-uitzendbureau.nl\">info@www.bt-uitzendbureau.nl<\/a>.<\/p>\n<\/div><\/div><\/div><\/section>\n<section class='av_toggle_section av-lgdmlmaq-54-d5e48e8907ed87509dfd6d19ceee0e4a'  itemscope=\"itemscope\" itemtype=\"https:\/\/schema.org\/CreativeWork\" ><div role=\"tablist\" class=\"single_toggle\" data-tags=\"{Alle} \"  ><p data-fake-id='#toggle-id-9' class='toggler'  itemprop=\"headline\"  role='tab' tabindex='0' aria-controls='toggle-id-9'>Wann kann ich einen Vertrag mit meinem Kunden abschlie\u00dfen? <span class=\"toggle_icon\"><span class=\"vert_icon\"><\/span><span class=\"hor_icon\"><\/span><\/span><\/p><div id='toggle-id-9' class='toggle_wrap'  ><div class='toggle_content invers-color'  itemprop=\"text\" ><p>Nach 2080 Arbeitsstunden kann ein Kunde Sie kostenlos \u00fcbernehmen. Manchmal werden auch Vereinbarungen getroffen, die eine fr\u00fchere \u00dcbernahme erm\u00f6glichen.<\/p>\n<\/div><\/div><\/div><\/section>\n<section class='av_toggle_section av-lgdmlmaq-53-755cdd66ccc0ff77c270352b217f7ebb'  itemscope=\"itemscope\" itemtype=\"https:\/\/schema.org\/CreativeWork\" ><div role=\"tablist\" class=\"single_toggle\" data-tags=\"{Alle} \"  ><p data-fake-id='#toggle-id-10' class='toggler'  itemprop=\"headline\"  role='tab' tabindex='0' aria-controls='toggle-id-10'>Ich bin krank, wem soll ich mich krank melden? <span class=\"toggle_icon\"><span class=\"vert_icon\"><\/span><span class=\"hor_icon\"><\/span><\/span><\/p><div id='toggle-id-10' class='toggle_wrap'  ><div class='toggle_content invers-color'  itemprop=\"text\" ><p>Melden Sie sich immer bei Ihrem Intercendent und dem Kunden krank. Wenn Krankmeldungen nicht an den Intercendent weitergeleitet werden, k\u00f6nnen sie nicht bearbeitet werden. Melden Sie sich immer am selben Tag krank.<\/p>\n<\/div><\/div><\/div><\/section>\n<section class='av_toggle_section av-lgdmlmaq-52-c4a3d2496b721c26297a4aa728d74fdb'  itemscope=\"itemscope\" itemtype=\"https:\/\/schema.org\/CreativeWork\" ><div role=\"tablist\" class=\"single_toggle\" data-tags=\"{Alle} \"  ><p data-fake-id='#toggle-id-11' class='toggler'  itemprop=\"headline\"  role='tab' tabindex='0' aria-controls='toggle-id-11'>Wann werde ich mein Urlaubsgeld erhalten? <span class=\"toggle_icon\"><span class=\"vert_icon\"><\/span><span class=\"hor_icon\"><\/span><\/span><\/p><div id='toggle-id-11' class='toggle_wrap'  ><div class='toggle_content invers-color'  itemprop=\"text\" ><p>Im Monat Juni.<\/p>\n<\/div><\/div><\/div><\/section>\n<section class='av_toggle_section av-lgdmlmaq-51-f93c78eb7f31332ae5a3c8b32ec49742'  itemscope=\"itemscope\" itemtype=\"https:\/\/schema.org\/CreativeWork\" ><div role=\"tablist\" class=\"single_toggle\" data-tags=\"{Alle} \"  ><p data-fake-id='#toggle-id-12' class='toggler'  itemprop=\"headline\"  role='tab' tabindex='0' aria-controls='toggle-id-12'>Wo kann ich meine Gehaltsabrechnungen und Jahresabrechnungen finden? <span class=\"toggle_icon\"><span class=\"vert_icon\"><\/span><span class=\"hor_icon\"><\/span><\/span><\/p><div id='toggle-id-12' class='toggle_wrap'  ><div class='toggle_content invers-color'  itemprop=\"text\" ><p>BT Uitzendbureau arbeitet mit dem Stundenportal von E UUR. In diesem Softwaresystem erh\u00e4lt jeder Mitarbeiter sein eigenes Portal, das mit einem Passwort versehen ist. Dieses enth\u00e4lt alle ben\u00f6tigten Dokumente wie Vertrag, Gehaltsabrechnungen, Jahresabrechnung usw. E-hours kann \u00fcber unsere Website aufgerufen werden, indem Sie oben rechts auf 'e-hours' klicken.<\/p>\n<\/div><\/div><\/div><\/section>\n<section class='av_toggle_section av-lgdmlmaq-50-e340ea114d4261c04a5c5c86badddf5f'  itemscope=\"itemscope\" itemtype=\"https:\/\/schema.org\/CreativeWork\" ><div role=\"tablist\" class=\"single_toggle\" data-tags=\"{Alle} \"  ><p data-fake-id='#toggle-id-13' class='toggler'  itemprop=\"headline\"  role='tab' tabindex='0' aria-controls='toggle-id-13'>Werde ich an Feiertagen bezahlt? <span class=\"toggle_icon\"><span class=\"vert_icon\"><\/span><span class=\"hor_icon\"><\/span><\/span><\/p><div id='toggle-id-13' class='toggle_wrap'  ><div class='toggle_content invers-color'  itemprop=\"text\" ><p>Ja! Wir schauen uns Ihre durchschnittlichen Arbeitsstunden der vorangegangenen Wochen an. Wenn der Feiertag zum Beispiel auf einen Mittwoch f\u00e4llt, schauen wir uns an, wie viele Stunden Sie an diesem Mittwoch durchschnittlich gearbeitet haben.<\/p>\n<\/div><\/div><\/div><\/section>\n<section class='av_toggle_section av-lgdmlmaq-49-30e4991ed5f66b7d553d3c8bad938fdb'  itemscope=\"itemscope\" itemtype=\"https:\/\/schema.org\/CreativeWork\" ><div role=\"tablist\" class=\"single_toggle\" data-tags=\"{Alle} \"  ><p data-fake-id='#toggle-id-14' class='toggler'  itemprop=\"headline\"  role='tab' tabindex='0' aria-controls='toggle-id-14'>Kann ich einen festen Arbeitsplatz bekommen? <span class=\"toggle_icon\"><span class=\"vert_icon\"><\/span><span class=\"hor_icon\"><\/span><\/span><\/p><div id='toggle-id-14' class='toggle_wrap'  ><div class='toggle_content invers-color'  itemprop=\"text\" ><p>Sicher! 81% unserer Mitarbeiter erhalten nach 1,5 Jahren einen Vertrag mit unserem Kunden.<\/p>\n<\/div><\/div><\/div><\/section>\n<section class='av_toggle_section av-lgdmlmaq-48-b20bb3eb737f55a154965a323a824783'  itemscope=\"itemscope\" itemtype=\"https:\/\/schema.org\/CreativeWork\" ><div role=\"tablist\" class=\"single_toggle\" data-tags=\"{Alle} \"  ><p data-fake-id='#toggle-id-15' class='toggler'  itemprop=\"headline\"  role='tab' tabindex='0' aria-controls='toggle-id-15'>Kann ich eine Ausbildung oder einen Kurs \u00fcber die BT-Arbeitsagentur absolvieren? <span class=\"toggle_icon\"><span class=\"vert_icon\"><\/span><span class=\"hor_icon\"><\/span><\/span><\/p><div id='toggle-id-15' class='toggle_wrap'  ><div class='toggle_content invers-color'  itemprop=\"text\" ><p>Ja, das k\u00f6nnen Sie! Informieren Sie sich bei Ihrem Vermittler \u00fcber alle M\u00f6glichkeiten.<\/p>\n<\/div><\/div><\/div><\/section>\n<section class='av_toggle_section av-lgdmlmaq-47-707d3ea7f2622e7f0c07a445b508a692'  itemscope=\"itemscope\" itemtype=\"https:\/\/schema.org\/CreativeWork\" ><div role=\"tablist\" class=\"single_toggle\" data-tags=\"{Alle} \"  ><p data-fake-id='#toggle-id-16' class='toggler'  itemprop=\"headline\"  role='tab' tabindex='0' aria-controls='toggle-id-16'>Ich habe eine Beschwerde \u00fcber meinen Kollegen, den Entleiher oder die BT-Arbeitsvermittlung. Wo kann ich das melden? <span class=\"toggle_icon\"><span class=\"vert_icon\"><\/span><span class=\"hor_icon\"><\/span><\/span><\/p><div id='toggle-id-16' class='toggle_wrap'  ><div class='toggle_content invers-color'  itemprop=\"text\" ><p>Dann senden Sie uns eine E-Mail an <a href=\"mailto:info@www.bt-uitzendbureau.nl\">info@www.bt-uitzendbureau.nl<\/a> und wir werden sie innerhalb von 1 Arbeitstag beantworten.<\/p>\n<\/div><\/div><\/div><\/section>\n<\/div><\/p><\/div><div class='flex_column av-5dvx3h-54ae9f9c66cbc1df25670cf0fc892fe7 av_one_third  avia-builder-el-5  el_after_av_two_third  avia-builder-el-last  flex_column_div'     ><style type=\"text\/css\" data-created_by=\"avia_inline_auto\" id=\"style-css-av-591h05-b471cdd5e8eb866eef3cee05f116eb95\">\n.avia-image-container.av-591h05-b471cdd5e8eb866eef3cee05f116eb95 img.avia_image{\nbox-shadow:none;\n}\n.avia-image-container.av-591h05-b471cdd5e8eb866eef3cee05f116eb95 .av-image-caption-overlay-center{\ncolor:#ffffff;\n}\n<\/style>\n<div  class='avia-image-container av-591h05-b471cdd5e8eb866eef3cee05f116eb95 av-styling- avia-align-center  avia-builder-el-6  avia-builder-el-no-sibling'   itemprop=\"image\" itemscope=\"itemscope\" itemtype=\"https:\/\/schema.org\/ImageObject\" ><div class=\"avia-image-container-inner\"><div class=\"avia-image-overlay-wrap\"><img decoding=\"async\" class='wp-image-126 avia-img-lazy-loading-not-126 avia_image' src=\"https:\/\/www.bt-uitzendbureau.nl\/wp-content\/uploads\/2023\/04\/Onze-diensten.png\" alt='' title='Unsere Dienstleistungen'  height=\"746\" width=\"746\"  itemprop=\"thumbnailUrl\" srcset=\"https:\/\/www.bt-uitzendbureau.nl\/wp-content\/uploads\/2023\/04\/Onze-diensten.png 746w, https:\/\/www.bt-uitzendbureau.nl\/wp-content\/uploads\/2023\/04\/Onze-diensten-300x300.png 300w, https:\/\/www.bt-uitzendbureau.nl\/wp-content\/uploads\/2023\/04\/Onze-diensten-80x80.png 80w, https:\/\/www.bt-uitzendbureau.nl\/wp-content\/uploads\/2023\/04\/Onze-diensten-36x36.png 36w, https:\/\/www.bt-uitzendbureau.nl\/wp-content\/uploads\/2023\/04\/Onze-diensten-180x180.png 180w, https:\/\/www.bt-uitzendbureau.nl\/wp-content\/uploads\/2023\/04\/Onze-diensten-705x705.png 705w\" sizes=\"(max-width: 746px) 100vw, 746px\" \/><\/div><\/div><\/div><\/div><\/div><\/div><\/main><!-- close content main element --><\/div><\/div><div id='av_section_2'  class='avia-section av-111jt1-d07feb32323c2fcf1f2237b76419d37d main_color avia-section-large avia-no-border-styling  avia-builder-el-7  el_after_av_section  avia-builder-el-last  avia-bg-style-scroll container_wrap fullsize'  ><div class='container av-section-cont-open' ><div class='template-page content  av-content-full alpha units'><div class='post-entry post-entry-type-page post-entry-117'><div class='entry-content-wrapper clearfix'>\n<div class='flex_column av-x3j5h-97d36f3ab1feb5315f1a32d08dff5cc8 av_one_full  avia-builder-el-8  avia-builder-el-no-sibling  first flex_column_div'     ><section  class='av_textblock_section av-2jsvh-a83e7c1542f79670695e48f78bcb7ef4'  itemscope=\"itemscope\" itemtype=\"https:\/\/schema.org\/CreativeWork\" ><div class='avia_textblock'  itemprop=\"text\" ><h2 style=\"text-align: center;\">Offene Stellen ohne Erfahrung<\/h2>\n<\/div><\/section><br \/>\n\n<style type=\"text\/css\" data-created_by=\"avia_inline_auto\" id=\"style-css-av-nlbph-0530467c37138363104b8adc1a231a3d\">\n#top .hr.hr-invisible.av-nlbph-0530467c37138363104b8adc1a231a3d{\nheight:35px;\n}\n<\/style>\n<div  class='hr av-nlbph-0530467c37138363104b8adc1a231a3d hr-invisible  avia-builder-el-10  el_after_av_textblock  el_before_av_codeblock'><span class='hr-inner'><span class=\"hr-inner-style\"><\/span><\/span><\/div><br \/>\n<br \/>\n<div  class='avia-button-wrap av-7n1bp-1c5428e272329a77a97ab5a0277fe770-wrap avia-button-center  avia-builder-el-12  el_after_av_codeblock  avia-builder-el-last'><a href='\/de\/freie-stellen\/'  class='avia-button av-7n1bp-1c5428e272329a77a97ab5a0277fe770 avia-icon_select-no avia-size-small avia-position-center avia-color-theme-color-subtle'  ><span class='avia_iconbox_title' >Alle offenen Stellen anzeigen<\/span><\/a><\/div><\/p><\/div>\n<\/p>","protected":false},"excerpt":{"rendered":"","protected":false},"author":1,"featured_media":0,"parent":30,"menu_order":0,"comment_status":"closed","ping_status":"closed","template":"","meta":{"_acf_changed":false,"_monsterinsights_skip_tracking":false,"_monsterinsights_sitenote_active":false,"_monsterinsights_sitenote_note":"","_monsterinsights_sitenote_category":0,"footnotes":""},"class_list":["post-117","page","type-page","status-publish","hentry"],"acf":[],"_links":{"self":[{"href":"https:\/\/www.bt-uitzendbureau.nl\/de\/wp-json\/wp\/v2\/pages\/117","targetHints":{"allow":["GET"]}}],"collection":[{"href":"https:\/\/www.bt-uitzendbureau.nl\/de\/wp-json\/wp\/v2\/pages"}],"about":[{"href":"https:\/\/www.bt-uitzendbureau.nl\/de\/wp-json\/wp\/v2\/types\/page"}],"author":[{"embeddable":true,"href":"https:\/\/www.bt-uitzendbureau.nl\/de\/wp-json\/wp\/v2\/users\/1"}],"replies":[{"embeddable":true,"href":"https:\/\/www.bt-uitzendbureau.nl\/de\/wp-json\/wp\/v2\/comments?post=117"}],"version-history":[{"count":5,"href":"https:\/\/www.bt-uitzendbureau.nl\/de\/wp-json\/wp\/v2\/pages\/117\/revisions"}],"predecessor-version":[{"id":382,"href":"https:\/\/www.bt-uitzendbureau.nl\/de\/wp-json\/wp\/v2\/pages\/117\/revisions\/382"}],"up":[{"embeddable":true,"href":"https:\/\/www.bt-uitzendbureau.nl\/de\/wp-json\/wp\/v2\/pages\/30"}],"wp:attachment":[{"href":"https:\/\/www.bt-uitzendbureau.nl\/de\/wp-json\/wp\/v2\/media?parent=117"}],"curies":[{"name":"wp","href":"https:\/\/api.w.org\/{rel}","templated":true}]}}