{"id":111,"date":"2023-04-07T12:22:52","date_gmt":"2023-04-07T12:22:52","guid":{"rendered":"https:\/\/bt-uitzendbureau.nl\/nieuw\/?page_id=111"},"modified":"2023-04-19T10:38:37","modified_gmt":"2023-04-19T10:38:37","slug":"unsere-dienstleistungen","status":"publish","type":"page","link":"https:\/\/www.bt-uitzendbureau.nl\/de\/werknemers\/onze-diensten\/","title":{"rendered":"Unsere Dienstleistungen"},"content":{"rendered":"<div id='av_section_1'  class='avia-section av-3gtcvz-241ac80be7aaf2ee063d12330bb080c4 main_color avia-section-default avia-no-border-styling  avia-builder-el-0  el_before_av_section  avia-builder-el-first  avia-bg-style-scroll container_wrap fullsize'  ><div class='container av-section-cont-open' ><main  role=\"main\" itemprop=\"mainContentOfPage\"  class='template-page content  av-content-full alpha units'><div class='post-entry post-entry-type-page post-entry-111'><div class='entry-content-wrapper clearfix'>\n<div class='flex_column_table av-3b1jen-fb7d073a48f5436c3e3d2a55f87c6eec sc-av_two_third av-equal-height-column-flextable'><div class='flex_column av-3b1jen-fb7d073a48f5436c3e3d2a55f87c6eec av_two_third  avia-builder-el-1  el_before_av_one_third  avia-builder-el-first  first flex_column_table_cell av-equal-height-column av-align-middle'     id=\"uitzenden\"  ><style type=\"text\/css\" data-created_by=\"avia_inline_auto\" id=\"style-css-av-lg6ivqd7-e007d59ab0a7afbcf8cea9148ce06ebe\">\n#top .av_textblock_section.av-lg6ivqd7-e007d59ab0a7afbcf8cea9148ce06ebe .avia_textblock{\nfont-size:22px;\n}\n<\/style>\n<section  class='av_textblock_section av-lg6ivqd7-e007d59ab0a7afbcf8cea9148ce06ebe'  itemscope=\"itemscope\" itemtype=\"https:\/\/schema.org\/CreativeWork\" ><div class='avia_textblock'  itemprop=\"text\" ><h2>Sendung<\/h2>\n<p>Personalvermittlung ist unsere gr\u00f6\u00dfte Dienstleistung, aber was bedeutet Personalvermittlung? Bei der Zeitarbeit erhalten Sie einen Vertrag von der BT-Arbeitsvermittlung und beginnen eine T\u00e4tigkeit bei einem unserer Kunden.<\/p>\n<\/div><\/section><br \/>\n<section  class='av_textblock_section av-lg6ivzjx-7d2ad343de9c87d1e6a0c9213f59667c'  itemscope=\"itemscope\" itemtype=\"https:\/\/schema.org\/CreativeWork\" ><div class='avia_textblock'  itemprop=\"text\" ><p>Wir bieten Ihnen immer eine langfristige Besch\u00e4ftigung. Das bedeutet ein langfristiges Projekt oder einen festen Platz in einem Unternehmen. Endet ein Projekt oder gibt es andere Umst\u00e4nde, die zum Abbruch der Arbeit f\u00fchren, sorgen wir so schnell wie m\u00f6glich f\u00fcr einen neuen geeigneten Arbeitsplatz. Unser Ziel in der Zeitarbeit ist also, dass der Arbeitnehmer zufrieden ist. Wir denken immer aus der Sicht des Mitarbeiters und nicht aus der Sicht des Kunden. Nicht zufrieden? Dann l\u00f6sen wir das Problem! Wenn nicht mit Ihrem aktuellen Kunden, dann mit einem anderen. Unser oberstes Ziel ist es, unseren Mitarbeitern zu helfen, einen festen Arbeitsplatz bei einem Kunden zu finden. Deshalb bieten wir die M\u00f6glichkeit, dass der Kunde dem Arbeitnehmer nach 2080 Arbeitsstunden einen kostenlosen Vertrag anbieten kann.<\/p>\n<\/div><\/section><\/p><\/div><div class='av-flex-placeholder'><\/div><div class='flex_column av-34i7yf-89288d564c88713fa23926b7e90ac0ce av_one_third  avia-builder-el-4  el_after_av_two_third  el_before_av_two_third  flex_column_table_cell av-equal-height-column av-align-middle'     ><style type=\"text\/css\" data-created_by=\"avia_inline_auto\" id=\"style-css-av-lg6iwh2n-0866af2cc7ef0f06fc02826f7ff7dd82\">\n.avia-image-container.av-lg6iwh2n-0866af2cc7ef0f06fc02826f7ff7dd82 img.avia_image{\nbox-shadow:none;\n}\n.avia-image-container.av-lg6iwh2n-0866af2cc7ef0f06fc02826f7ff7dd82 .av-image-caption-overlay-center{\ncolor:#ffffff;\n}\n<\/style>\n<div  class='avia-image-container av-lg6iwh2n-0866af2cc7ef0f06fc02826f7ff7dd82 av-styling- avia-align-center  avia-builder-el-5  avia-builder-el-no-sibling'   itemprop=\"image\" itemscope=\"itemscope\" itemtype=\"https:\/\/schema.org\/ImageObject\" ><div class=\"avia-image-container-inner\"><div class=\"avia-image-overlay-wrap\"><img decoding=\"async\" class='wp-image-259 avia-img-lazy-loading-not-259 avia_image' src=\"https:\/\/www.bt-uitzendbureau.nl\/wp-content\/uploads\/2023\/04\/Uitzenden.png\" alt='' title='Sendung'  height=\"746\" width=\"746\"  itemprop=\"thumbnailUrl\" srcset=\"https:\/\/www.bt-uitzendbureau.nl\/wp-content\/uploads\/2023\/04\/Uitzenden.png 746w, https:\/\/www.bt-uitzendbureau.nl\/wp-content\/uploads\/2023\/04\/Uitzenden-300x300.png 300w, https:\/\/www.bt-uitzendbureau.nl\/wp-content\/uploads\/2023\/04\/Uitzenden-80x80.png 80w, https:\/\/www.bt-uitzendbureau.nl\/wp-content\/uploads\/2023\/04\/Uitzenden-12x12.png 12w, https:\/\/www.bt-uitzendbureau.nl\/wp-content\/uploads\/2023\/04\/Uitzenden-36x36.png 36w, https:\/\/www.bt-uitzendbureau.nl\/wp-content\/uploads\/2023\/04\/Uitzenden-180x180.png 180w, https:\/\/www.bt-uitzendbureau.nl\/wp-content\/uploads\/2023\/04\/Uitzenden-705x705.png 705w\" sizes=\"(max-width: 746px) 100vw, 746px\" \/><\/div><\/div><\/div><\/div><\/div><!--close column table wrapper. Autoclose: 1 --><div class='flex_column_table av-2wx3e7-5b2748f911588c8cfb6333cb95a6de75 sc-av_two_third av-equal-height-column-flextable'><div class='flex_column av-2wx3e7-5b2748f911588c8cfb6333cb95a6de75 av_two_third  avia-builder-el-6  el_after_av_one_third  el_before_av_one_third  first flex_column_table_cell av-equal-height-column av-align-middle column-top-margin'     id=\"werving-selectie\"  ><style type=\"text\/css\" data-created_by=\"avia_inline_auto\" id=\"style-css-av-lg6iydb0-dbb62224615d448f342359eb7e1c74f4\">\n#top .av_textblock_section.av-lg6iydb0-dbb62224615d448f342359eb7e1c74f4 .avia_textblock{\nfont-size:22px;\n}\n<\/style>\n<section  class='av_textblock_section av-lg6iydb0-dbb62224615d448f342359eb7e1c74f4'  itemscope=\"itemscope\" itemtype=\"https:\/\/schema.org\/CreativeWork\" ><div class='avia_textblock'  itemprop=\"text\" ><h2>Anwerbung und Auswahl<\/h2>\n<p>F\u00fcr bestimmte Kunden arbeiten wir auch auf der Grundlage von Rekrutierung und Auswahl, aber was bedeutet Rekrutierung und Auswahl?<\/p>\n<\/div><\/section><br \/>\n<section  class='av_textblock_section av-lg6iyjv8-728a5dea376f5df9e5e9602722733f29'  itemscope=\"itemscope\" itemtype=\"https:\/\/schema.org\/CreativeWork\" ><div class='avia_textblock'  itemprop=\"text\" ><p>Bei der Personalbeschaffung und -auswahl m\u00f6chte unser Kunde dem Kandidaten sofort einen Vertrag anbieten, findet aber selbst nicht den richtigen Kandidaten. Wir suchen daher nach Kandidaten und w\u00e4hlen sie f\u00fcr unseren Kunden aus. Wenn nach den Vorstellungsgespr\u00e4chen sowohl der Kandidat als auch der Kunde zufrieden mit der Zusammenarbeit sind, wird dem Kandidaten sofort ein Vertrag mit dem Kunden angeboten.<\/p>\n<\/div><\/section><\/p><\/div><div class='av-flex-placeholder'><\/div><div class='flex_column av-2pcniv-300769e9a630ab33cfb2b6abbaff0708 av_one_third  avia-builder-el-9  el_after_av_two_third  el_before_av_two_third  flex_column_table_cell av-equal-height-column av-align-middle column-top-margin'     ><style type=\"text\/css\" data-created_by=\"avia_inline_auto\" id=\"style-css-av-2kqe6n-a2143a6be95df129fdea226d3c2beb43\">\n.avia-image-container.av-2kqe6n-a2143a6be95df129fdea226d3c2beb43 img.avia_image{\nbox-shadow:none;\n}\n.avia-image-container.av-2kqe6n-a2143a6be95df129fdea226d3c2beb43 .av-image-caption-overlay-center{\ncolor:#ffffff;\n}\n<\/style>\n<div  class='avia-image-container av-2kqe6n-a2143a6be95df129fdea226d3c2beb43 av-styling- avia-align-center  avia-builder-el-10  avia-builder-el-no-sibling'   itemprop=\"image\" itemscope=\"itemscope\" itemtype=\"https:\/\/schema.org\/ImageObject\" ><div class=\"avia-image-container-inner\"><div class=\"avia-image-overlay-wrap\"><img decoding=\"async\" class='wp-image-260 avia-img-lazy-loading-not-260 avia_image' src=\"https:\/\/www.bt-uitzendbureau.nl\/wp-content\/uploads\/2023\/04\/Werving-en-selectie.png\" alt='' title='Rekrutierung und Auswahl'  height=\"746\" width=\"746\"  itemprop=\"thumbnailUrl\" srcset=\"https:\/\/www.bt-uitzendbureau.nl\/wp-content\/uploads\/2023\/04\/Werving-en-selectie.png 746w, https:\/\/www.bt-uitzendbureau.nl\/wp-content\/uploads\/2023\/04\/Werving-en-selectie-300x300.png 300w, https:\/\/www.bt-uitzendbureau.nl\/wp-content\/uploads\/2023\/04\/Werving-en-selectie-80x80.png 80w, https:\/\/www.bt-uitzendbureau.nl\/wp-content\/uploads\/2023\/04\/Werving-en-selectie-12x12.png 12w, https:\/\/www.bt-uitzendbureau.nl\/wp-content\/uploads\/2023\/04\/Werving-en-selectie-36x36.png 36w, https:\/\/www.bt-uitzendbureau.nl\/wp-content\/uploads\/2023\/04\/Werving-en-selectie-180x180.png 180w, https:\/\/www.bt-uitzendbureau.nl\/wp-content\/uploads\/2023\/04\/Werving-en-selectie-705x705.png 705w\" sizes=\"(max-width: 746px) 100vw, 746px\" \/><\/div><\/div><\/div><\/div><\/div><!--close column table wrapper. Autoclose: 1 --><div class='flex_column_table av-2edxnb-d343beea83021d347fe38f11d58b3157 sc-av_two_third av-equal-height-column-flextable'><div class='flex_column av-2edxnb-d343beea83021d347fe38f11d58b3157 av_two_third  avia-builder-el-11  el_after_av_one_third  el_before_av_one_third  first flex_column_table_cell av-equal-height-column av-align-middle column-top-margin'     ><style type=\"text\/css\" data-created_by=\"avia_inline_auto\" id=\"style-css-av-lg6iz0x1-a39c935d893780daf7f445305ba81e8b\">\n#top .av_textblock_section.av-lg6iz0x1-a39c935d893780daf7f445305ba81e8b .avia_textblock{\nfont-size:22px;\n}\n<\/style>\n<section  class='av_textblock_section av-lg6iz0x1-a39c935d893780daf7f445305ba81e8b'  itemscope=\"itemscope\" itemtype=\"https:\/\/schema.org\/CreativeWork\" ><div class='avia_textblock'  itemprop=\"text\" ><h2>ZZP-Vermittlung<\/h2>\n<p>F\u00fcr Menschen, die ein Unternehmen haben oder es vorziehen, nicht erwerbst\u00e4tig zu sein, bieten wir ZZP-Mediation an, aber was beinhaltet ZZP-Mediation?<\/p>\n<\/div><\/section><br \/>\n<section  class='av_textblock_section av-26z35z-bfc9ba79de30711a6a52813ac44b5051'  itemscope=\"itemscope\" itemtype=\"https:\/\/schema.org\/CreativeWork\" ><div class='avia_textblock'  itemprop=\"text\" ><p>Bei der ZZP-Vermittlung arbeiten Sie weiterhin als Selbst\u00e4ndiger, aber wir sorgen f\u00fcr die Sicherheit einer festen Anzahl von Arbeitsstunden pro Woche in Verbindung mit einem bestimmten Preis. Wir bieten einem Kunden eine Arbeit an, die Ihren Kenntnissen und F\u00e4higkeiten entspricht. Sie brauchen nur am Ende der Woche die Rechnung zu stellen. Der Tarif wird pro Arbeitsstunde vereinbart, nicht pro Projekt oder pro Meter. Es ist nicht m\u00f6glich, nach einer bestimmten Zeit direkt f\u00fcr unseren Kunden zu arbeiten. Um \u00fcber die BT-Agentur zu arbeiten, m\u00fcssen Sie bei der Handelskammer eingetragen sein und eine Haftpflichtversicherung haben. F\u00fcr Freiberufler haben wir eine eigene Gesellschaft namens BT Diensten B.V.<\/p>\n<\/div><\/section><\/p><\/div><div class='av-flex-placeholder'><\/div><div class='flex_column av-23qnt3-16f77b7784c4427b16b691fed65d4eeb av_one_third  avia-builder-el-14  el_after_av_two_third  el_before_av_two_third  flex_column_table_cell av-equal-height-column av-align-middle column-top-margin'     ><style type=\"text\/css\" data-created_by=\"avia_inline_auto\" id=\"style-css-av-1x7ph3-f82549396b7829b62133854c5f917624\">\n.avia-image-container.av-1x7ph3-f82549396b7829b62133854c5f917624 img.avia_image{\nbox-shadow:none;\n}\n.avia-image-container.av-1x7ph3-f82549396b7829b62133854c5f917624 .av-image-caption-overlay-center{\ncolor:#ffffff;\n}\n<\/style>\n<div  class='avia-image-container av-1x7ph3-f82549396b7829b62133854c5f917624 av-styling- avia-align-center  avia-builder-el-15  avia-builder-el-no-sibling'   itemprop=\"image\" itemscope=\"itemscope\" itemtype=\"https:\/\/schema.org\/ImageObject\" ><div class=\"avia-image-container-inner\"><div class=\"avia-image-overlay-wrap\"><img decoding=\"async\" class='wp-image-261 avia-img-lazy-loading-not-261 avia_image' src=\"https:\/\/www.bt-uitzendbureau.nl\/wp-content\/uploads\/2023\/04\/ZZP-bemiddeling.png\" alt='' title='ZZP-Vermittlung'  height=\"746\" width=\"746\"  itemprop=\"thumbnailUrl\" srcset=\"https:\/\/www.bt-uitzendbureau.nl\/wp-content\/uploads\/2023\/04\/ZZP-bemiddeling.png 746w, https:\/\/www.bt-uitzendbureau.nl\/wp-content\/uploads\/2023\/04\/ZZP-bemiddeling-300x300.png 300w, https:\/\/www.bt-uitzendbureau.nl\/wp-content\/uploads\/2023\/04\/ZZP-bemiddeling-80x80.png 80w, https:\/\/www.bt-uitzendbureau.nl\/wp-content\/uploads\/2023\/04\/ZZP-bemiddeling-12x12.png 12w, https:\/\/www.bt-uitzendbureau.nl\/wp-content\/uploads\/2023\/04\/ZZP-bemiddeling-36x36.png 36w, https:\/\/www.bt-uitzendbureau.nl\/wp-content\/uploads\/2023\/04\/ZZP-bemiddeling-180x180.png 180w, https:\/\/www.bt-uitzendbureau.nl\/wp-content\/uploads\/2023\/04\/ZZP-bemiddeling-705x705.png 705w\" sizes=\"(max-width: 746px) 100vw, 746px\" \/><\/div><\/div><\/div><\/div><\/div><!--close column table wrapper. Autoclose: 1 --><div class='flex_column_table av-1p3b8n-82bece8693886b79a5c9a8b873f82d50 sc-av_two_third av-equal-height-column-flextable'><div class='flex_column av-1p3b8n-82bece8693886b79a5c9a8b873f82d50 av_two_third  avia-builder-el-16  el_after_av_one_third  el_before_av_one_third  first flex_column_table_cell av-equal-height-column av-align-middle column-top-margin'     ><style type=\"text\/css\" data-created_by=\"avia_inline_auto\" id=\"style-css-av-1lw3v3-484d3975791c2ca3c728781d54bc3d30\">\n#top .av_textblock_section.av-1lw3v3-484d3975791c2ca3c728781d54bc3d30 .avia_textblock{\nfont-size:22px;\n}\n<\/style>\n<section  class='av_textblock_section av-1lw3v3-484d3975791c2ca3c728781d54bc3d30'  itemscope=\"itemscope\" itemtype=\"https:\/\/schema.org\/CreativeWork\" ><div class='avia_textblock'  itemprop=\"text\" ><h2>Ausl\u00e4ndisches Personal<\/h2>\n<p>Es ist auch m\u00f6glich, mit der BT-Arbeitsvermittlung zu arbeiten, wenn Sie in einem anderen EU-Land wohnhaft sind.<\/p>\n<\/div><\/section><br \/>\n<section  class='av_textblock_section av-1frenb-e85ee97d0d73b19d8faa38537030985c'  itemscope=\"itemscope\" itemtype=\"https:\/\/schema.org\/CreativeWork\" ><div class='avia_textblock'  itemprop=\"text\" ><p>F\u00fcr Personen, die keine Wohnung in den Niederlanden haben, k\u00f6nnen wir eine Unterkunft organisieren. Diese Unterk\u00fcnfte k\u00f6nnen sowohl f\u00fcr Wochentags- als auch f\u00fcr Wochenendaufenthalte genutzt werden. Wir haben mehrere Unterk\u00fcnfte, die wir selbst verwalten. Wir sorgen daf\u00fcr, dass es ein Zimmer gibt, das nicht mit anderen Arbeitnehmern geteilt werden muss. Die Unterkunft ist h\u00f6chstens 30 Autominuten von der Arbeitsadresse entfernt.<\/p>\n<\/div><\/section><\/p><\/div><div class='av-flex-placeholder'><\/div><div class='flex_column av-18av7j-01b6a8731efdc580a1b6dff368f1dacd av_one_third  avia-builder-el-19  el_after_av_two_third  el_before_av_two_third  flex_column_table_cell av-equal-height-column av-align-middle column-top-margin'     ><style type=\"text\/css\" data-created_by=\"avia_inline_auto\" id=\"style-css-av-13yehr-ae2c94492b7fe6adadb657b2e23f1769\">\n.avia-image-container.av-13yehr-ae2c94492b7fe6adadb657b2e23f1769 img.avia_image{\nbox-shadow:none;\n}\n.avia-image-container.av-13yehr-ae2c94492b7fe6adadb657b2e23f1769 .av-image-caption-overlay-center{\ncolor:#ffffff;\n}\n<\/style>\n<div  class='avia-image-container av-13yehr-ae2c94492b7fe6adadb657b2e23f1769 av-styling- avia-align-center  avia-builder-el-20  avia-builder-el-no-sibling'   itemprop=\"image\" itemscope=\"itemscope\" itemtype=\"https:\/\/schema.org\/ImageObject\" ><div class=\"avia-image-container-inner\"><div class=\"avia-image-overlay-wrap\"><img decoding=\"async\" class='wp-image-257 avia-img-lazy-loading-not-257 avia_image' src=\"https:\/\/www.bt-uitzendbureau.nl\/wp-content\/uploads\/2023\/04\/Buitelands-personeel.png\" alt='' title='Ausl\u00e4ndisches Personal'  height=\"746\" width=\"746\"  itemprop=\"thumbnailUrl\" srcset=\"https:\/\/www.bt-uitzendbureau.nl\/wp-content\/uploads\/2023\/04\/Buitelands-personeel.png 746w, https:\/\/www.bt-uitzendbureau.nl\/wp-content\/uploads\/2023\/04\/Buitelands-personeel-300x300.png 300w, https:\/\/www.bt-uitzendbureau.nl\/wp-content\/uploads\/2023\/04\/Buitelands-personeel-80x80.png 80w, https:\/\/www.bt-uitzendbureau.nl\/wp-content\/uploads\/2023\/04\/Buitelands-personeel-12x12.png 12w, https:\/\/www.bt-uitzendbureau.nl\/wp-content\/uploads\/2023\/04\/Buitelands-personeel-36x36.png 36w, https:\/\/www.bt-uitzendbureau.nl\/wp-content\/uploads\/2023\/04\/Buitelands-personeel-180x180.png 180w, https:\/\/www.bt-uitzendbureau.nl\/wp-content\/uploads\/2023\/04\/Buitelands-personeel-705x705.png 705w\" sizes=\"(max-width: 746px) 100vw, 746px\" \/><\/div><\/div><\/div><\/div><\/div><!--close column table wrapper. Autoclose: 1 --><div class='flex_column_table av-z84v3-3c99534639ab3ed1b54a2832b4276acd sc-av_two_third av-equal-height-column-flextable'><div class='flex_column av-z84v3-3c99534639ab3ed1b54a2832b4276acd av_two_third  avia-builder-el-21  el_after_av_one_third  el_before_av_one_third  first flex_column_table_cell av-equal-height-column av-align-middle column-top-margin'     ><style type=\"text\/css\" data-created_by=\"avia_inline_auto\" id=\"style-css-av-q6zm7-bba325ab8a05d42cc5fdcabd6ec81e10\">\n#top .av_textblock_section.av-q6zm7-bba325ab8a05d42cc5fdcabd6ec81e10 .avia_textblock{\nfont-size:22px;\n}\n<\/style>\n<section  class='av_textblock_section av-q6zm7-bba325ab8a05d42cc5fdcabd6ec81e10'  itemscope=\"itemscope\" itemtype=\"https:\/\/schema.org\/CreativeWork\" ><div class='avia_textblock'  itemprop=\"text\" ><h2>Ausbildung ohne Erfahrung<\/h2>\n<p>F\u00fcr Menschen, die noch keine Berufserfahrung haben, aber einen Beruf erlernen wollen, bieten wir Lehrstellen an.<\/p>\n<\/div><\/section><br \/>\n<section  class='av_textblock_section av-meran-ba206c6209d487564e8a35afdeb63a21'  itemscope=\"itemscope\" itemtype=\"https:\/\/schema.org\/CreativeWork\" ><div class='avia_textblock'  itemprop=\"text\" ><p>Das ist m\u00f6glich, wenn Sie Schulabg\u00e4nger sind, aber auch, wenn Sie sich beruflich ver\u00e4ndern wollen, weil Ihnen z. B. Ihre jetzige T\u00e4tigkeit nicht mehr gef\u00e4llt. Eine Lehre ohne Berufserfahrung ist f\u00fcr Jung und Alt, eine gute Portion Engagement ist alles, was man braucht.<\/p>\n<\/div><\/section><\/p><\/div><div class='av-flex-placeholder'><\/div><div class='flex_column av-flk4v-294ba2da25d92548bd0f835edbd00eba av_one_third  avia-builder-el-24  el_after_av_two_third  avia-builder-el-last  flex_column_table_cell av-equal-height-column av-align-middle column-top-margin'     ><style type=\"text\/css\" data-created_by=\"avia_inline_auto\" id=\"style-css-av-agxj3-0af9d3d9de441b4b21078146b2fceac3\">\n.avia-image-container.av-agxj3-0af9d3d9de441b4b21078146b2fceac3 img.avia_image{\nbox-shadow:none;\n}\n.avia-image-container.av-agxj3-0af9d3d9de441b4b21078146b2fceac3 .av-image-caption-overlay-center{\ncolor:#ffffff;\n}\n<\/style>\n<div  class='avia-image-container av-agxj3-0af9d3d9de441b4b21078146b2fceac3 av-styling- avia-align-center  avia-builder-el-25  avia-builder-el-no-sibling'   itemprop=\"image\" itemscope=\"itemscope\" itemtype=\"https:\/\/schema.org\/ImageObject\" ><div class=\"avia-image-container-inner\"><div class=\"avia-image-overlay-wrap\"><img decoding=\"async\" class='wp-image-258 avia-img-lazy-loading-not-258 avia_image' src=\"https:\/\/www.bt-uitzendbureau.nl\/wp-content\/uploads\/2023\/04\/Leerbaan-zonder-ervaring.png\" alt='' title='Ausbildung ohne Erfahrung'  height=\"746\" width=\"746\"  itemprop=\"thumbnailUrl\" srcset=\"https:\/\/www.bt-uitzendbureau.nl\/wp-content\/uploads\/2023\/04\/Leerbaan-zonder-ervaring.png 746w, https:\/\/www.bt-uitzendbureau.nl\/wp-content\/uploads\/2023\/04\/Leerbaan-zonder-ervaring-300x300.png 300w, https:\/\/www.bt-uitzendbureau.nl\/wp-content\/uploads\/2023\/04\/Leerbaan-zonder-ervaring-80x80.png 80w, https:\/\/www.bt-uitzendbureau.nl\/wp-content\/uploads\/2023\/04\/Leerbaan-zonder-ervaring-12x12.png 12w, https:\/\/www.bt-uitzendbureau.nl\/wp-content\/uploads\/2023\/04\/Leerbaan-zonder-ervaring-36x36.png 36w, https:\/\/www.bt-uitzendbureau.nl\/wp-content\/uploads\/2023\/04\/Leerbaan-zonder-ervaring-180x180.png 180w, https:\/\/www.bt-uitzendbureau.nl\/wp-content\/uploads\/2023\/04\/Leerbaan-zonder-ervaring-705x705.png 705w\" sizes=\"(max-width: 746px) 100vw, 746px\" \/><\/div><\/div><\/div><\/div><\/div><!--close column table wrapper. Autoclose: 1 --><\/div><\/div><\/main><!-- close content main element --><\/div><\/div><div id='av_section_2'  class='avia-section av-t7j0v-83c16381ff0f84f0078c93c160c2fd53 main_color avia-section-large avia-no-border-styling  avia-builder-el-26  el_after_av_section  avia-builder-el-last  avia-bg-style-scroll container_wrap fullsize'  ><div class='container av-section-cont-open' ><div class='template-page content  av-content-full alpha units'><div class='post-entry post-entry-type-page post-entry-111'><div class='entry-content-wrapper clearfix'>\n<div class='flex_column av-27ka7-4be89e27e1d48a61b0eb792fd87c6919 av_one_full  avia-builder-el-27  avia-builder-el-no-sibling  first flex_column_div'     ><section  class='av_textblock_section av-h9p9b-1fa2dafae1ffaf4a6fd7071643705ca4'  itemscope=\"itemscope\" itemtype=\"https:\/\/schema.org\/CreativeWork\" ><div class='avia_textblock'  itemprop=\"text\" ><h2 style=\"text-align: center;\">Offene Stellen ohne Erfahrung<\/h2>\n<\/div><\/section><br \/>\n\n<style type=\"text\/css\" data-created_by=\"avia_inline_auto\" id=\"style-css-av-lgdl6l47-99cb2a918c629a094264fa3e68a77441\">\n#top .hr.hr-invisible.av-lgdl6l47-99cb2a918c629a094264fa3e68a77441{\nheight:35px;\n}\n<\/style>\n<div  class='hr av-lgdl6l47-99cb2a918c629a094264fa3e68a77441 hr-invisible  avia-builder-el-29  el_after_av_textblock  el_before_av_codeblock'><span class='hr-inner'><span class=\"hr-inner-style\"><\/span><\/span><\/div><br \/>\n<br \/>\n<div  class='avia-button-wrap av-9sspb-6c37bf6f54e54a2bfe96110e838fd99d-wrap avia-button-center  avia-builder-el-31  el_after_av_codeblock  avia-builder-el-last'><a href='\/de\/freie-stellen\/'  class='avia-button av-9sspb-6c37bf6f54e54a2bfe96110e838fd99d avia-icon_select-no avia-size-small avia-position-center avia-color-theme-color-subtle'  ><span class='avia_iconbox_title' >Alle offenen Stellen anzeigen<\/span><\/a><\/div><\/p><\/div>\n<\/p>","protected":false},"excerpt":{"rendered":"","protected":false},"author":1,"featured_media":0,"parent":30,"menu_order":0,"comment_status":"closed","ping_status":"closed","template":"","meta":{"_acf_changed":false,"_monsterinsights_skip_tracking":false,"_monsterinsights_sitenote_active":false,"_monsterinsights_sitenote_note":"","_monsterinsights_sitenote_category":0,"footnotes":""},"class_list":["post-111","page","type-page","status-publish","hentry"],"acf":[],"_links":{"self":[{"href":"https:\/\/www.bt-uitzendbureau.nl\/de\/wp-json\/wp\/v2\/pages\/111","targetHints":{"allow":["GET"]}}],"collection":[{"href":"https:\/\/www.bt-uitzendbureau.nl\/de\/wp-json\/wp\/v2\/pages"}],"about":[{"href":"https:\/\/www.bt-uitzendbureau.nl\/de\/wp-json\/wp\/v2\/types\/page"}],"author":[{"embeddable":true,"href":"https:\/\/www.bt-uitzendbureau.nl\/de\/wp-json\/wp\/v2\/users\/1"}],"replies":[{"embeddable":true,"href":"https:\/\/www.bt-uitzendbureau.nl\/de\/wp-json\/wp\/v2\/comments?post=111"}],"version-history":[{"count":12,"href":"https:\/\/www.bt-uitzendbureau.nl\/de\/wp-json\/wp\/v2\/pages\/111\/revisions"}],"predecessor-version":[{"id":332,"href":"https:\/\/www.bt-uitzendbureau.nl\/de\/wp-json\/wp\/v2\/pages\/111\/revisions\/332"}],"up":[{"embeddable":true,"href":"https:\/\/www.bt-uitzendbureau.nl\/de\/wp-json\/wp\/v2\/pages\/30"}],"wp:attachment":[{"href":"https:\/\/www.bt-uitzendbureau.nl\/de\/wp-json\/wp\/v2\/media?parent=111"}],"curies":[{"name":"wp","href":"https:\/\/api.w.org\/{rel}","templated":true}]}}